{"id":37567,"date":"2025-12-05T07:28:18","date_gmt":"2025-12-05T07:28:18","guid":{"rendered":"https:labin.net\/producto\/labin-16-8-24\/"},"modified":"2025-12-05T07:28:18","modified_gmt":"2025-12-05T07:28:18","slug":"labin-16-8-24","status":"publish","type":"product","link":"https:\/\/labin.net\/it\/producto\/labin-16-8-24\/","title":{"rendered":"LABIN 16-8-24"},"content":{"rendered":"<p>Prodotto in forma di polvere cristallina rosa, specialmente per l&#8217;applicazione nella FERTIRRIGAZIONE, in tutte le sue varianti: gocciolamento, microspruzzatura, essudazione, ecc.<\/p>\n<p>La selezione delle migliori materie prime garantisce un&#8217;elevata solubilit\u00e0 e l&#8217;assenza di impurit\u00e0. Inoltre, il suo speciale processo di produzione assicura la fluidit\u00e0 del prodotto ed evita la formazione di croste. <\/p>\n<p>LABIN 16-8-24 \u00e8 arricchito con MICROELEMENTI CHELATI per garantire l&#8217;assenza di carenze e il corretto sviluppo delle colture, con un pH acido per evitare blocchi e ostruzioni. Il suo contenuto zero di UREA garantisce una crescita equilibrata durante tutto il ciclo colturale. <\/p>\n<p>Pu\u00f2 essere applicato in floricoltura, vivai, alberi da frutto, orticoltura, vigneti, colture tropicali, ecc.<\/p>\n","protected":false},"excerpt":{"rendered":"<ul>\n<li><strong>Alta solubilit\u00e0<\/strong><\/li>\n<li><strong>Assorbimento rapido<\/strong><\/li>\n<li><strong>Con microelementi<\/strong><\/li>\n<li><strong>Nessun appannamento<\/strong><\/li>\n<\/ul>\n","protected":false},"featured_media":35578,"comment_status":"open","ping_status":"closed","template":"","meta":{"_acf_changed":false},"cultivo":[339,376,407,442,475,505,340,379,413,443,476,345,380,414,444,477,346,381,415,449,478,347,382,416,450,479,351,386,417,451,485,352,387,422,452,486,353,388,423,458,487,357,392,424,459,488,358,393,425,460,489,359,394,426,461,495,362,395,432,465,496,366,400,433,466,497,367,401,434,467,498,368,402,435,468,503,337,372,403,441,469,504],"ecologico":[829],"medioambiente":[844],"solucion":[861,866,856],"tipo-de-aplicacion":[506],"product_brand":[],"product_cat":[979],"product_tag":[],"class_list":{"0":"post-37567","1":"product","2":"type-product","3":"status-publish","4":"has-post-thumbnail","6":"cultivo-tropicale","7":"cultivo-banana-pianta","8":"cultivo-pompelmo","9":"cultivo-bietola","10":"cultivo-lattuga","11":"cultivo-fiori","12":"cultivo-orticoltura","13":"cultivo-cacao","14":"cultivo-vite","15":"cultivo-aglio","16":"cultivo-melone","17":"cultivo-parchi-e-giardini","18":"cultivo-caffe","19":"cultivo-canna-da-zucchero","20":"cultivo-melanzana","21":"cultivo-rapa","22":"cultivo-albicocca","23":"cultivo-carambola","24":"cultivo-crema-pasticcera-alla-mela","25":"cultivo-patata-dolce","26":"cultivo-patata","27":"cultivo-mandorlo","28":"cultivo-lima","29":"cultivo-coco","30":"cultivo-broccoli","31":"cultivo-cetriolo","32":"cultivo-nocciola","33":"cultivo-mandarino","34":"cultivo-frutti-rossi-bacche","35":"cultivo-zucchina","36":"cultivo-pepe","37":"cultivo-khaki","38":"cultivo-manzano","39":"cultivo-guava","40":"cultivo-zucca","41":"cultivo-porro","42":"cultivo-castagno","43":"cultivo-pesca","44":"cultivo-litchi","45":"cultivo-cipolla","46":"cultivo-ravanello","47":"cultivo-ciliegia","48":"cultivo-membrillero","49":"cultivo-maniglia","50":"cultivo-col","51":"cultivo-barbabietola","52":"cultivo-prugna","53":"cultivo-albero-darancio","54":"cultivo-frutto-della-passione","55":"cultivo-cavoletti-di-bruxelles","56":"cultivo-rucola","57":"cultivo-clementino","58":"cultivo-nettarina","59":"cultivo-papaya","60":"cultivo-cavolfiore","61":"cultivo-anguria","62":"cultivo-melograno","63":"cultivo-noce","64":"cultivo-ananas","65":"cultivo-indivia","66":"cultivo-soia-verde","67":"cultivo-higuera","68":"cultivo-lulivo","69":"cultivo-pitahaya","70":"cultivo-spinaci","71":"cultivo-pomodoro","72":"cultivo-kiwi","73":"cultivo-vite-ornamentale","74":"cultivo-tamarindo","75":"cultivo-pisello","76":"cultivo-carota","77":"cultivo-albero-di-limone","78":"cultivo-peral","79":"cultivo-te","80":"cultivo-fagiolino","81":"cultivo-alberi-ornamentali","82":"cultivo-alberi-da-frutto","83":"cultivo-avocado","84":"cultivo-pistacchio","85":"cultivo-cassava","86":"cultivo-fagiolo-verde","87":"cultivo-cespedes","88":"ecologico-no","89":"medioambiente-efficienza-nelluso-dei-nutrienti","90":"solucion-carenza-di-p","91":"solucion-carenza-di-k","92":"solucion-carenza-di-n","93":"tipo-de-aplicacion-fertirrigazione","94":"product_cat-npk-idrosolubile","96":"first","97":"instock","98":"shipping-taxable","99":"product-type-simple"},"acf":[],"_links":{"self":[{"href":"https:\/\/labin.net\/it\/wp-json\/wp\/v2\/product\/37567","targetHints":{"allow":["GET"]}}],"collection":[{"href":"https:\/\/labin.net\/it\/wp-json\/wp\/v2\/product"}],"about":[{"href":"https:\/\/labin.net\/it\/wp-json\/wp\/v2\/types\/product"}],"replies":[{"embeddable":true,"href":"https:\/\/labin.net\/it\/wp-json\/wp\/v2\/comments?post=37567"}],"wp:featuredmedia":[{"embeddable":true,"href":"https:\/\/labin.net\/it\/wp-json\/wp\/v2\/media\/35578"}],"wp:attachment":[{"href":"https:\/\/labin.net\/it\/wp-json\/wp\/v2\/media?parent=37567"}],"wp:term":[{"taxonomy":"cultivo","embeddable":true,"href":"https:\/\/labin.net\/it\/wp-json\/wp\/v2\/cultivo?post=37567"},{"taxonomy":"ecologico","embeddable":true,"href":"https:\/\/labin.net\/it\/wp-json\/wp\/v2\/ecologico?post=37567"},{"taxonomy":"medioambiente","embeddable":true,"href":"https:\/\/labin.net\/it\/wp-json\/wp\/v2\/medioambiente?post=37567"},{"taxonomy":"solucion","embeddable":true,"href":"https:\/\/labin.net\/it\/wp-json\/wp\/v2\/solucion?post=37567"},{"taxonomy":"tipo-de-aplicacion","embeddable":true,"href":"https:\/\/labin.net\/it\/wp-json\/wp\/v2\/tipo-de-aplicacion?post=37567"},{"taxonomy":"product_brand","embeddable":true,"href":"https:\/\/labin.net\/it\/wp-json\/wp\/v2\/product_brand?post=37567"},{"taxonomy":"product_cat","embeddable":true,"href":"https:\/\/labin.net\/it\/wp-json\/wp\/v2\/product_cat?post=37567"},{"taxonomy":"product_tag","embeddable":true,"href":"https:\/\/labin.net\/it\/wp-json\/wp\/v2\/product_tag?post=37567"}],"curies":[{"name":"wp","href":"https:\/\/api.w.org\/{rel}","templated":true}]}}