{"id":37560,"date":"2025-12-04T16:41:16","date_gmt":"2025-12-04T16:41:16","guid":{"rendered":"https:labin.net\/producto\/labipack-crescita-dellolivo\/"},"modified":"2026-01-19T13:12:07","modified_gmt":"2026-01-19T13:12:07","slug":"labipack-olivo-crecimiento","status":"publish","type":"product","link":"https:\/\/labin.net\/it\/producto\/labipack-olivo-crecimiento\/","title":{"rendered":"LABIPACK OLIVO CRECIMIENTO"},"content":{"rendered":"<p>Fertilizzante fogliare che fornisce i macro, meso e microelementi necessari per lo sviluppo dell&#8217;olivo durante la fase di crescita vegetativa. Inoltre, l&#8217;incorporazione di aminoacidi liberi provoca una stimolazione generale nel corpo dell&#8217;albero, in modo che assimili e trasporti meglio i nutrienti che forniamo nella concimazione. Si tratta di un prodotto <b>COMPLETO <\/b>che integra in un&#8217;unica formula i nutrienti che di solito vengono applicati separatamente nel mondo dell&#8217;olivicoltura. Con <b>LABIPACK OLIVO CRECIMIENTO <\/b><b>otteniamo una forte sinergia tra loro, ottenendo risultati migliori. <\/b>Inoltre, guadagniamo in praticit\u00e0. Aggiungiamo un unico prodotto ai trattamenti, riducendo cos\u00ec i costi economici.<\/p>\n<p>Guadagniamo anche in efficienza. <b>La formulazione del prodotto realizza una sinergia molto importante dei suoi componenti, per cui i risultati sono migliori rispetto a quelli ottenuti applicando i prodotti separatamente. <\/b>D&#8217;altra parte, l&#8217;olivo \u00e8 una coltura che sfrutta molto bene i nutrienti applicati per via fogliare. Possiamo sfruttare questa qualit\u00e0 per ottenere rendimenti migliori, soprattutto <b>nei periodi di siccit\u00e0<\/b>.<\/p>\n","protected":false},"excerpt":{"rendered":"<ul>\n<li><b>Applicazione fogliare completa<\/b><\/li>\n<li><b>Tutto in un prodotto<\/b><\/li>\n<li><b>Arricchito con aminoacidi e microelementi<\/b><\/li>\n<li><b>Completamente solubile<\/b><\/li>\n<li><b>Maggiore sinergia nell&#8217;albero <\/b><\/li>\n<\/ul>\n","protected":false},"featured_media":35535,"comment_status":"open","ping_status":"closed","template":"","meta":{"_acf_changed":false},"cultivo":[400],"ecologico":[829],"medioambiente":[844],"solucion":[856,861,866,881],"tipo-de-aplicacion":[506,808],"product_brand":[],"product_cat":[1011],"product_tag":[],"class_list":{"0":"post-37560","1":"product","2":"type-product","3":"status-publish","4":"has-post-thumbnail","6":"cultivo-lulivo","7":"ecologico-no","8":"medioambiente-efficienza-nelluso-dei-nutrienti","9":"solucion-carenza-di-n","10":"solucion-carenza-di-p","11":"solucion-carenza-di-k","12":"solucion-carenza-di-micros","13":"tipo-de-aplicacion-fertirrigazione","14":"tipo-de-aplicacion-fogliare","15":"product_cat-specialita","17":"first","18":"instock","19":"shipping-taxable","20":"product-type-simple"},"acf":[],"_links":{"self":[{"href":"https:\/\/labin.net\/it\/wp-json\/wp\/v2\/product\/37560","targetHints":{"allow":["GET"]}}],"collection":[{"href":"https:\/\/labin.net\/it\/wp-json\/wp\/v2\/product"}],"about":[{"href":"https:\/\/labin.net\/it\/wp-json\/wp\/v2\/types\/product"}],"replies":[{"embeddable":true,"href":"https:\/\/labin.net\/it\/wp-json\/wp\/v2\/comments?post=37560"}],"wp:featuredmedia":[{"embeddable":true,"href":"https:\/\/labin.net\/it\/wp-json\/wp\/v2\/media\/35535"}],"wp:attachment":[{"href":"https:\/\/labin.net\/it\/wp-json\/wp\/v2\/media?parent=37560"}],"wp:term":[{"taxonomy":"cultivo","embeddable":true,"href":"https:\/\/labin.net\/it\/wp-json\/wp\/v2\/cultivo?post=37560"},{"taxonomy":"ecologico","embeddable":true,"href":"https:\/\/labin.net\/it\/wp-json\/wp\/v2\/ecologico?post=37560"},{"taxonomy":"medioambiente","embeddable":true,"href":"https:\/\/labin.net\/it\/wp-json\/wp\/v2\/medioambiente?post=37560"},{"taxonomy":"solucion","embeddable":true,"href":"https:\/\/labin.net\/it\/wp-json\/wp\/v2\/solucion?post=37560"},{"taxonomy":"tipo-de-aplicacion","embeddable":true,"href":"https:\/\/labin.net\/it\/wp-json\/wp\/v2\/tipo-de-aplicacion?post=37560"},{"taxonomy":"product_brand","embeddable":true,"href":"https:\/\/labin.net\/it\/wp-json\/wp\/v2\/product_brand?post=37560"},{"taxonomy":"product_cat","embeddable":true,"href":"https:\/\/labin.net\/it\/wp-json\/wp\/v2\/product_cat?post=37560"},{"taxonomy":"product_tag","embeddable":true,"href":"https:\/\/labin.net\/it\/wp-json\/wp\/v2\/product_tag?post=37560"}],"curies":[{"name":"wp","href":"https:\/\/api.w.org\/{rel}","templated":true}]}}