{"id":37520,"date":"2025-12-05T11:01:18","date_gmt":"2025-12-05T11:01:18","guid":{"rendered":"https:labin.net\/producto\/labifol-10-10-40\/"},"modified":"2025-12-05T11:01:18","modified_gmt":"2025-12-05T11:01:18","slug":"labifol-10-10-40","status":"publish","type":"product","link":"https:\/\/labin.net\/it\/producto\/labifol-10-10-40\/","title":{"rendered":"LABIFOL 10-10-40"},"content":{"rendered":"<p>Concime solido cristallino solubile, appositamente studiato per la fertirrigazione. La selezione delle migliori materie prime garantisce un&#8217;elevata solubilit\u00e0 e l&#8217;assenza di impurit\u00e0. Inoltre, il suo speciale processo di produzione assicura la fluidit\u00e0 del prodotto ed evita il fenomeno del caking.<br \/>\nLABIN 10-10-40 \u00e8 arricchito con microelementi chelati per garantire l&#8217;assenza di carenze e il corretto sviluppo delle colture. Il suo pH \u00e8 leggermente acido per evitare blocchi e ostruzioni.  <\/p>\n<p>Consigliato per tutti i tipi di colture e i periodi in cui \u00e8 necessario un apporto significativo di potassio, come l&#8217;ingrasso e la maturazione della frutta. Vale a dire, in tutti quei periodi in cui \u00e8 richiesto un bilancio NPK di 1-1-4.<br \/>\nPu\u00f2 essere applicato in floricoltura, vivai, alberi da frutto, orticoltura, vigneti, colture tropicali, ecc. <\/p>\n","protected":false},"excerpt":{"rendered":"<ul>\n<li>Alta solubilit\u00e0<\/li>\n<li>Assorbimento rapido<\/li>\n<li>Con microelementi<\/li>\n<li>Nessun appannamento<\/li>\n<\/ul>\n","protected":false},"featured_media":36124,"comment_status":"closed","ping_status":"closed","template":"","meta":{"_acf_changed":false},"cultivo":[337,368,402,435,468,499,339,372,403,441,469,500,340,376,407,442,475,501,341,379,413,443,476,502,345,380,414,444,477,503,346,381,415,449,478,504,347,382,416,450,479,505,351,386,417,451,485,352,387,422,452,486,353,388,423,458,487,357,392,424,459,488,358,393,425,460,489,359,394,426,461,495,362,395,432,465,496,366,400,433,466,497,367,401,434,467,498],"ecologico":[829],"medioambiente":[844],"solucion":[856,861,866],"tipo-de-aplicacion":[506,808],"product_brand":[],"product_cat":[1003],"product_tag":[],"class_list":{"0":"post-37520","1":"product","2":"type-product","3":"status-publish","4":"has-post-thumbnail","6":"cultivo-alberi-da-frutto","7":"cultivo-albero-di-limone","8":"cultivo-peral","9":"cultivo-te","10":"cultivo-fagiolino","11":"cultivo-cereali","12":"cultivo-tropicale","13":"cultivo-avocado","14":"cultivo-pistacchio","15":"cultivo-cassava","16":"cultivo-fagiolo-verde","17":"cultivo-foraggio-e-pascolo","18":"cultivo-orticoltura","19":"cultivo-banana-pianta","20":"cultivo-pompelmo","21":"cultivo-bietola","22":"cultivo-lattuga","23":"cultivo-legumi-estensivi","24":"cultivo-estensivi","25":"cultivo-cacao","26":"cultivo-vite","27":"cultivo-aglio","28":"cultivo-melone","29":"cultivo-semi-oleosi","30":"cultivo-parchi-e-giardini","31":"cultivo-caffe","32":"cultivo-canna-da-zucchero","33":"cultivo-melanzana","34":"cultivo-rapa","35":"cultivo-alberi-ornamentali","36":"cultivo-albicocca","37":"cultivo-carambola","38":"cultivo-crema-pasticcera-alla-mela","39":"cultivo-patata-dolce","40":"cultivo-patata","41":"cultivo-cespedes","42":"cultivo-mandorlo","43":"cultivo-lima","44":"cultivo-coco","45":"cultivo-broccoli","46":"cultivo-cetriolo","47":"cultivo-fiori","48":"cultivo-nocciola","49":"cultivo-mandarino","50":"cultivo-frutti-rossi-bacche","51":"cultivo-zucchina","52":"cultivo-pepe","53":"cultivo-khaki","54":"cultivo-manzano","55":"cultivo-guava","56":"cultivo-zucca","57":"cultivo-porro","58":"cultivo-castagno","59":"cultivo-pesca","60":"cultivo-litchi","61":"cultivo-cipolla","62":"cultivo-ravanello","63":"cultivo-ciliegia","64":"cultivo-membrillero","65":"cultivo-maniglia","66":"cultivo-col","67":"cultivo-barbabietola","68":"cultivo-prugna","69":"cultivo-albero-darancio","70":"cultivo-frutto-della-passione","71":"cultivo-cavoletti-di-bruxelles","72":"cultivo-rucola","73":"cultivo-clementino","74":"cultivo-nettarina","75":"cultivo-papaya","76":"cultivo-cavolfiore","77":"cultivo-anguria","78":"cultivo-melograno","79":"cultivo-noce","80":"cultivo-ananas","81":"cultivo-indivia","82":"cultivo-soia-verde","83":"cultivo-higuera","84":"cultivo-lulivo","85":"cultivo-pitahaya","86":"cultivo-spinaci","87":"cultivo-pomodoro","88":"cultivo-kiwi","89":"cultivo-vite-ornamentale","90":"cultivo-tamarindo","91":"cultivo-pisello","92":"cultivo-carota","93":"ecologico-no","94":"medioambiente-efficienza-nelluso-dei-nutrienti","95":"solucion-carenza-di-n","96":"solucion-carenza-di-p","97":"solucion-carenza-di-k","98":"tipo-de-aplicacion-fertirrigazione","99":"tipo-de-aplicacion-fogliare","100":"product_cat-npk-fogliari","102":"first","103":"instock","104":"shipping-taxable","105":"product-type-simple"},"acf":[],"_links":{"self":[{"href":"https:\/\/labin.net\/it\/wp-json\/wp\/v2\/product\/37520","targetHints":{"allow":["GET"]}}],"collection":[{"href":"https:\/\/labin.net\/it\/wp-json\/wp\/v2\/product"}],"about":[{"href":"https:\/\/labin.net\/it\/wp-json\/wp\/v2\/types\/product"}],"replies":[{"embeddable":true,"href":"https:\/\/labin.net\/it\/wp-json\/wp\/v2\/comments?post=37520"}],"wp:featuredmedia":[{"embeddable":true,"href":"https:\/\/labin.net\/it\/wp-json\/wp\/v2\/media\/36124"}],"wp:attachment":[{"href":"https:\/\/labin.net\/it\/wp-json\/wp\/v2\/media?parent=37520"}],"wp:term":[{"taxonomy":"cultivo","embeddable":true,"href":"https:\/\/labin.net\/it\/wp-json\/wp\/v2\/cultivo?post=37520"},{"taxonomy":"ecologico","embeddable":true,"href":"https:\/\/labin.net\/it\/wp-json\/wp\/v2\/ecologico?post=37520"},{"taxonomy":"medioambiente","embeddable":true,"href":"https:\/\/labin.net\/it\/wp-json\/wp\/v2\/medioambiente?post=37520"},{"taxonomy":"solucion","embeddable":true,"href":"https:\/\/labin.net\/it\/wp-json\/wp\/v2\/solucion?post=37520"},{"taxonomy":"tipo-de-aplicacion","embeddable":true,"href":"https:\/\/labin.net\/it\/wp-json\/wp\/v2\/tipo-de-aplicacion?post=37520"},{"taxonomy":"product_brand","embeddable":true,"href":"https:\/\/labin.net\/it\/wp-json\/wp\/v2\/product_brand?post=37520"},{"taxonomy":"product_cat","embeddable":true,"href":"https:\/\/labin.net\/it\/wp-json\/wp\/v2\/product_cat?post=37520"},{"taxonomy":"product_tag","embeddable":true,"href":"https:\/\/labin.net\/it\/wp-json\/wp\/v2\/product_tag?post=37520"}],"curies":[{"name":"wp","href":"https:\/\/api.w.org\/{rel}","templated":true}]}}