{"id":37515,"date":"2025-12-05T11:01:18","date_gmt":"2025-12-05T11:01:18","guid":{"rendered":"https:labin.net\/producto\/labin-10-40-10\/"},"modified":"2025-12-05T11:01:18","modified_gmt":"2025-12-05T11:01:18","slug":"labin-10-40-10","status":"publish","type":"product","link":"https:\/\/labin.net\/it\/producto\/labin-10-40-10\/","title":{"rendered":"LABIN 10-40-10"},"content":{"rendered":"<p>Prodotto sotto forma di polvere cristallina rosa, specialmente per la fertirrigazione.<br \/>\nLa selezione delle migliori materie prime garantisce un&#8217;elevata solubilit\u00e0 e l&#8217;assenza di impurit\u00e0. Inoltre, il suo speciale processo di produzione assicura la fluidit\u00e0 del prodotto ed evita la formazione di croste.<br \/>\n<strong>LABIN 10-40-10<\/strong> \u00e8 arricchito con microelementi chelati per garantire l&#8217;assenza di carenze e il corretto sviluppo delle colture. Il suo pH \u00e8 leggermente acido per evitare blocchi e ostruzioni.<br \/>\nConsigliato per tutti i tipi di colture durante i periodi di fioritura e allegagione, quando \u00e8 necessario un apporto significativo di fosforo. Anche in situazioni in cui lo sviluppo delle radici deve essere potenziato.<br \/>\nPu\u00f2 essere applicato in floricoltura, vivai, alberi da frutto, colture orticole, vigneti, colture tropicali, ecc. <\/p>\n","protected":false},"excerpt":{"rendered":"<ul>\n<li>Alta solubilit\u00e0<\/li>\n<li>Assorbimento rapido<\/li>\n<li>Con microelementi<\/li>\n<li>Nessun appannamento<\/li>\n<\/ul>\n","protected":false},"featured_media":35578,"comment_status":"closed","ping_status":"closed","template":"","meta":{"_acf_changed":false},"cultivo":[346,381,415,449,478,347,382,416,450,479,351,386,417,451,485,352,387,422,452,486,353,388,423,458,487,357,392,424,459,488,358,393,425,460,489,359,394,426,461,495,362,395,432,465,496,366,400,433,466,497,367,401,434,467,498,368,402,435,468,503,337,372,403,441,469,504,339,376,407,442,475,505,340,379,413,443,476,345,380,414,444,477],"ecologico":[829],"medioambiente":[852],"solucion":[856,861,866],"tipo-de-aplicacion":[506],"product_brand":[],"product_cat":[979],"product_tag":[],"class_list":{"0":"post-37515","1":"product","2":"type-product","3":"status-publish","4":"has-post-thumbnail","6":"cultivo-albicocca","7":"cultivo-carambola","8":"cultivo-crema-pasticcera-alla-mela","9":"cultivo-patata-dolce","10":"cultivo-patata","11":"cultivo-mandorlo","12":"cultivo-lima","13":"cultivo-coco","14":"cultivo-broccoli","15":"cultivo-cetriolo","16":"cultivo-nocciola","17":"cultivo-mandarino","18":"cultivo-frutti-rossi-bacche","19":"cultivo-zucchina","20":"cultivo-pepe","21":"cultivo-khaki","22":"cultivo-manzano","23":"cultivo-guava","24":"cultivo-zucca","25":"cultivo-porro","26":"cultivo-castagno","27":"cultivo-pesca","28":"cultivo-litchi","29":"cultivo-cipolla","30":"cultivo-ravanello","31":"cultivo-ciliegia","32":"cultivo-membrillero","33":"cultivo-maniglia","34":"cultivo-col","35":"cultivo-barbabietola","36":"cultivo-prugna","37":"cultivo-albero-darancio","38":"cultivo-frutto-della-passione","39":"cultivo-cavoletti-di-bruxelles","40":"cultivo-rucola","41":"cultivo-clementino","42":"cultivo-nettarina","43":"cultivo-papaya","44":"cultivo-cavolfiore","45":"cultivo-anguria","46":"cultivo-melograno","47":"cultivo-noce","48":"cultivo-ananas","49":"cultivo-indivia","50":"cultivo-soia-verde","51":"cultivo-higuera","52":"cultivo-lulivo","53":"cultivo-pitahaya","54":"cultivo-spinaci","55":"cultivo-pomodoro","56":"cultivo-kiwi","57":"cultivo-vite-ornamentale","58":"cultivo-tamarindo","59":"cultivo-pisello","60":"cultivo-carota","61":"cultivo-albero-di-limone","62":"cultivo-peral","63":"cultivo-te","64":"cultivo-fagiolino","65":"cultivo-alberi-ornamentali","66":"cultivo-alberi-da-frutto","67":"cultivo-avocado","68":"cultivo-pistacchio","69":"cultivo-cassava","70":"cultivo-fagiolo-verde","71":"cultivo-cespedes","72":"cultivo-tropicale","73":"cultivo-banana-pianta","74":"cultivo-pompelmo","75":"cultivo-bietola","76":"cultivo-lattuga","77":"cultivo-fiori","78":"cultivo-orticoltura","79":"cultivo-cacao","80":"cultivo-vite","81":"cultivo-aglio","82":"cultivo-melone","83":"cultivo-parchi-e-giardini","84":"cultivo-caffe","85":"cultivo-canna-da-zucchero","86":"cultivo-melanzana","87":"cultivo-rapa","88":"ecologico-no","89":"medioambiente-niente","90":"solucion-carenza-di-n","91":"solucion-carenza-di-p","92":"solucion-carenza-di-k","93":"tipo-de-aplicacion-fertirrigazione","94":"product_cat-npk-idrosolubile","96":"first","97":"instock","98":"shipping-taxable","99":"product-type-simple"},"acf":[],"_links":{"self":[{"href":"https:\/\/labin.net\/it\/wp-json\/wp\/v2\/product\/37515","targetHints":{"allow":["GET"]}}],"collection":[{"href":"https:\/\/labin.net\/it\/wp-json\/wp\/v2\/product"}],"about":[{"href":"https:\/\/labin.net\/it\/wp-json\/wp\/v2\/types\/product"}],"replies":[{"embeddable":true,"href":"https:\/\/labin.net\/it\/wp-json\/wp\/v2\/comments?post=37515"}],"wp:featuredmedia":[{"embeddable":true,"href":"https:\/\/labin.net\/it\/wp-json\/wp\/v2\/media\/35578"}],"wp:attachment":[{"href":"https:\/\/labin.net\/it\/wp-json\/wp\/v2\/media?parent=37515"}],"wp:term":[{"taxonomy":"cultivo","embeddable":true,"href":"https:\/\/labin.net\/it\/wp-json\/wp\/v2\/cultivo?post=37515"},{"taxonomy":"ecologico","embeddable":true,"href":"https:\/\/labin.net\/it\/wp-json\/wp\/v2\/ecologico?post=37515"},{"taxonomy":"medioambiente","embeddable":true,"href":"https:\/\/labin.net\/it\/wp-json\/wp\/v2\/medioambiente?post=37515"},{"taxonomy":"solucion","embeddable":true,"href":"https:\/\/labin.net\/it\/wp-json\/wp\/v2\/solucion?post=37515"},{"taxonomy":"tipo-de-aplicacion","embeddable":true,"href":"https:\/\/labin.net\/it\/wp-json\/wp\/v2\/tipo-de-aplicacion?post=37515"},{"taxonomy":"product_brand","embeddable":true,"href":"https:\/\/labin.net\/it\/wp-json\/wp\/v2\/product_brand?post=37515"},{"taxonomy":"product_cat","embeddable":true,"href":"https:\/\/labin.net\/it\/wp-json\/wp\/v2\/product_cat?post=37515"},{"taxonomy":"product_tag","embeddable":true,"href":"https:\/\/labin.net\/it\/wp-json\/wp\/v2\/product_tag?post=37515"}],"curies":[{"name":"wp","href":"https:\/\/api.w.org\/{rel}","templated":true}]}}