{"id":37511,"date":"2025-12-05T11:01:18","date_gmt":"2025-12-05T11:01:18","guid":{"rendered":"https:labin.net\/producto\/zucchero-labifol-k\/"},"modified":"2026-01-19T13:31:52","modified_gmt":"2026-01-19T13:31:52","slug":"labifol-sugar-k","status":"publish","type":"product","link":"https:\/\/labin.net\/it\/producto\/labifol-sugar-k\/","title":{"rendered":"LABIFOL SUGAR K"},"content":{"rendered":"<p><strong>LABIFOL SUGAR K<\/strong> \u00e8 un prodotto che fornisce potassio, aminoacidi, microelementi e zuccheri altamente assimilabili per promuovere la maturazione dei frutti. La sinergia del potassio con gli altri componenti della formulazione determina una maggiore attivit\u00e0 di questo elemento che migliora la maturazione dei frutti: contenuto zuccherino, colorazione, dimensione e uniformit\u00e0, precocit\u00e0, consistenza, ecc. Il suo pH neutro lo rende eccezionalmente compatibile con la maggior parte dei trattamenti agrochimici.<\/p>\n<p><strong>LABIFOL SUGAR K<\/strong> pu\u00f2 essere utilizzato su tutti i tipi di colture. Anche nelle piantagioni di banane, dove si possono ottenere risultati eccellenti in termini di qualit\u00e0 dei frutti, se applicato durante la fase di riempimento.<\/p>\n","protected":false},"excerpt":{"rendered":"<ul>\n<li>Favorisce l&#8217;ingrassamento<\/li>\n<li>Miglioramento della colorazione, del calibro, del contenuto di zuccheri e della consistenza<\/li>\n<li>Nelle piantagioni di banane, la qualit\u00e0 migliora durante il riempimento.<\/li>\n<\/ul>\n","protected":false},"featured_media":36251,"comment_status":"closed","ping_status":"closed","template":"","meta":{"_acf_changed":false},"cultivo":[357,392,424,459,488,358,393,425,460,489,359,394,426,461,495,362,395,432,465,496,366,400,433,466,497,367,401,434,467,498,337,368,402,435,468,499,339,372,403,441,469,500,340,376,407,442,475,501,341,379,413,443,476,502,345,380,414,444,477,503,346,381,415,449,478,504,347,382,416,450,479,505,351,386,417,451,485,352,387,422,452,486,353,388,423,458,487],"ecologico":[829],"medioambiente":[844],"solucion":[866,920,946],"tipo-de-aplicacion":[506,808,812,813],"product_brand":[],"product_cat":[973],"product_tag":[],"class_list":{"0":"post-37511","1":"product","2":"type-product","3":"status-publish","4":"has-post-thumbnail","6":"cultivo-ciliegia","7":"cultivo-membrillero","8":"cultivo-maniglia","9":"cultivo-col","10":"cultivo-barbabietola","11":"cultivo-prugna","12":"cultivo-albero-darancio","13":"cultivo-frutto-della-passione","14":"cultivo-cavoletti-di-bruxelles","15":"cultivo-rucola","16":"cultivo-clementino","17":"cultivo-nettarina","18":"cultivo-papaya","19":"cultivo-cavolfiore","20":"cultivo-anguria","21":"cultivo-melograno","22":"cultivo-noce","23":"cultivo-ananas","24":"cultivo-indivia","25":"cultivo-soia-verde","26":"cultivo-higuera","27":"cultivo-lulivo","28":"cultivo-pitahaya","29":"cultivo-spinaci","30":"cultivo-pomodoro","31":"cultivo-kiwi","32":"cultivo-vite-ornamentale","33":"cultivo-tamarindo","34":"cultivo-pisello","35":"cultivo-carota","36":"cultivo-alberi-da-frutto","37":"cultivo-albero-di-limone","38":"cultivo-peral","39":"cultivo-te","40":"cultivo-fagiolino","41":"cultivo-cereali","42":"cultivo-tropicale","43":"cultivo-avocado","44":"cultivo-pistacchio","45":"cultivo-cassava","46":"cultivo-fagiolo-verde","47":"cultivo-foraggio-e-pascolo","48":"cultivo-orticoltura","49":"cultivo-banana-pianta","50":"cultivo-pompelmo","51":"cultivo-bietola","52":"cultivo-lattuga","53":"cultivo-legumi-estensivi","54":"cultivo-estensivi","55":"cultivo-cacao","56":"cultivo-vite","57":"cultivo-aglio","58":"cultivo-melone","59":"cultivo-semi-oleosi","60":"cultivo-parchi-e-giardini","61":"cultivo-caffe","62":"cultivo-canna-da-zucchero","63":"cultivo-melanzana","64":"cultivo-rapa","65":"cultivo-alberi-ornamentali","66":"cultivo-albicocca","67":"cultivo-carambola","68":"cultivo-crema-pasticcera-alla-mela","69":"cultivo-patata-dolce","70":"cultivo-patata","71":"cultivo-cespedes","72":"cultivo-mandorlo","73":"cultivo-lima","74":"cultivo-coco","75":"cultivo-broccoli","76":"cultivo-cetriolo","77":"cultivo-fiori","78":"cultivo-nocciola","79":"cultivo-mandarino","80":"cultivo-frutti-rossi-bacche","81":"cultivo-zucchina","82":"cultivo-pepe","83":"cultivo-khaki","84":"cultivo-manzano","85":"cultivo-guava","86":"cultivo-zucca","87":"cultivo-porro","88":"cultivo-castagno","89":"cultivo-pesca","90":"cultivo-litchi","91":"cultivo-cipolla","92":"cultivo-ravanello","93":"ecologico-no","94":"medioambiente-efficienza-nelluso-dei-nutrienti","95":"solucion-carenza-di-k","96":"solucion-ingrossamento-dei-frutti","97":"solucion-aumento-della-qualita-dei-frutti","98":"tipo-de-aplicacion-fertirrigazione","99":"tipo-de-aplicacion-fogliare","100":"tipo-de-aplicacion-dron","101":"tipo-de-aplicacion-aerei-leggeri","102":"product_cat-correttore-di-carenze","104":"first","105":"instock","106":"shipping-taxable","107":"product-type-simple"},"acf":[],"_links":{"self":[{"href":"https:\/\/labin.net\/it\/wp-json\/wp\/v2\/product\/37511","targetHints":{"allow":["GET"]}}],"collection":[{"href":"https:\/\/labin.net\/it\/wp-json\/wp\/v2\/product"}],"about":[{"href":"https:\/\/labin.net\/it\/wp-json\/wp\/v2\/types\/product"}],"replies":[{"embeddable":true,"href":"https:\/\/labin.net\/it\/wp-json\/wp\/v2\/comments?post=37511"}],"wp:featuredmedia":[{"embeddable":true,"href":"https:\/\/labin.net\/it\/wp-json\/wp\/v2\/media\/36251"}],"wp:attachment":[{"href":"https:\/\/labin.net\/it\/wp-json\/wp\/v2\/media?parent=37511"}],"wp:term":[{"taxonomy":"cultivo","embeddable":true,"href":"https:\/\/labin.net\/it\/wp-json\/wp\/v2\/cultivo?post=37511"},{"taxonomy":"ecologico","embeddable":true,"href":"https:\/\/labin.net\/it\/wp-json\/wp\/v2\/ecologico?post=37511"},{"taxonomy":"medioambiente","embeddable":true,"href":"https:\/\/labin.net\/it\/wp-json\/wp\/v2\/medioambiente?post=37511"},{"taxonomy":"solucion","embeddable":true,"href":"https:\/\/labin.net\/it\/wp-json\/wp\/v2\/solucion?post=37511"},{"taxonomy":"tipo-de-aplicacion","embeddable":true,"href":"https:\/\/labin.net\/it\/wp-json\/wp\/v2\/tipo-de-aplicacion?post=37511"},{"taxonomy":"product_brand","embeddable":true,"href":"https:\/\/labin.net\/it\/wp-json\/wp\/v2\/product_brand?post=37511"},{"taxonomy":"product_cat","embeddable":true,"href":"https:\/\/labin.net\/it\/wp-json\/wp\/v2\/product_cat?post=37511"},{"taxonomy":"product_tag","embeddable":true,"href":"https:\/\/labin.net\/it\/wp-json\/wp\/v2\/product_tag?post=37511"}],"curies":[{"name":"wp","href":"https:\/\/api.w.org\/{rel}","templated":true}]}}