{"id":37460,"date":"2025-12-05T11:01:18","date_gmt":"2025-12-05T11:01:18","guid":{"rendered":"https:labin.net\/producto\/labin-micromix-12\/"},"modified":"2025-12-05T11:01:18","modified_gmt":"2025-12-05T11:01:18","slug":"labin-micromix-12","status":"publish","type":"product","link":"https:\/\/labin.net\/it\/producto\/labin-micromix-12\/","title":{"rendered":"LABIN MICROMIX 12"},"content":{"rendered":"<p>La gamma LABIN Micros offre una serie di prodotti che forniscono microelementi chelati in forma solida, per l&#8217;applicazione fogliare e radicale.<\/p>\n<p>La loro speciale formulazione garantisce una perfetta solubilit\u00e0, assimilazione e compatibilit\u00e0 con altri prodotti agrochimici. Questi prodotti offrono diverse combinazioni e ricchezze per adattarsi alle diverse esigenze delle colture, dei tipi di terreno, ecc. \u00c8 importante utilizzarli come complemento alla fertirrigazione nelle colture intensive, dove i rendimenti elevati richiedono un apporto significativo di microelementi. Sebbene possano essere utilizzati come curativi per le carenze gi\u00e0 visibili, \u00e8 consigliabile utilizzarli come misura preventiva, prima che compaiano i sintomi. Quando ci\u00f2 accade, i danni alla coltura possono gi\u00e0 essere molto gravi.    <\/p>\n","protected":false},"excerpt":{"rendered":"<ul>\n<li>Una formulazione altamente ricca di sostanze e assimilabile.<\/li>\n<li>Fertirrigazione e applicazione fogliare<\/li>\n<li>Per tutti i tipi di colture intensive<\/li>\n<li>Prodotto utilizzabile in agricoltura biologica<\/li>\n<\/ul>\n","protected":false},"featured_media":36305,"comment_status":"closed","ping_status":"closed","template":"","meta":{"_acf_changed":false},"cultivo":[359,394,426,461,495,362,395,432,465,496,366,400,433,466,497,367,401,434,467,498,337,368,402,435,468,499,339,372,403,441,469,500,340,376,407,442,475,501,341,379,413,443,476,502,345,380,414,444,477,503,346,381,415,449,478,504,347,382,416,450,479,505,351,386,417,451,485,352,387,422,452,486,353,388,423,458,487,357,392,424,459,488,358,393,425,460,489],"ecologico":[824],"medioambiente":[844],"solucion":[881,886],"tipo-de-aplicacion":[506,808],"product_brand":[],"product_cat":[973],"product_tag":[],"class_list":{"0":"post-37460","1":"product","2":"type-product","3":"status-publish","4":"has-post-thumbnail","6":"cultivo-clementino","7":"cultivo-nettarina","8":"cultivo-papaya","9":"cultivo-cavolfiore","10":"cultivo-anguria","11":"cultivo-melograno","12":"cultivo-noce","13":"cultivo-ananas","14":"cultivo-indivia","15":"cultivo-soia-verde","16":"cultivo-higuera","17":"cultivo-lulivo","18":"cultivo-pitahaya","19":"cultivo-spinaci","20":"cultivo-pomodoro","21":"cultivo-kiwi","22":"cultivo-vite-ornamentale","23":"cultivo-tamarindo","24":"cultivo-pisello","25":"cultivo-carota","26":"cultivo-alberi-da-frutto","27":"cultivo-albero-di-limone","28":"cultivo-peral","29":"cultivo-te","30":"cultivo-fagiolino","31":"cultivo-cereali","32":"cultivo-tropicale","33":"cultivo-avocado","34":"cultivo-pistacchio","35":"cultivo-cassava","36":"cultivo-fagiolo-verde","37":"cultivo-foraggio-e-pascolo","38":"cultivo-orticoltura","39":"cultivo-banana-pianta","40":"cultivo-pompelmo","41":"cultivo-bietola","42":"cultivo-lattuga","43":"cultivo-legumi-estensivi","44":"cultivo-estensivi","45":"cultivo-cacao","46":"cultivo-vite","47":"cultivo-aglio","48":"cultivo-melone","49":"cultivo-semi-oleosi","50":"cultivo-parchi-e-giardini","51":"cultivo-caffe","52":"cultivo-canna-da-zucchero","53":"cultivo-melanzana","54":"cultivo-rapa","55":"cultivo-alberi-ornamentali","56":"cultivo-albicocca","57":"cultivo-carambola","58":"cultivo-crema-pasticcera-alla-mela","59":"cultivo-patata-dolce","60":"cultivo-patata","61":"cultivo-cespedes","62":"cultivo-mandorlo","63":"cultivo-lima","64":"cultivo-coco","65":"cultivo-broccoli","66":"cultivo-cetriolo","67":"cultivo-fiori","68":"cultivo-nocciola","69":"cultivo-mandarino","70":"cultivo-frutti-rossi-bacche","71":"cultivo-zucchina","72":"cultivo-pepe","73":"cultivo-khaki","74":"cultivo-manzano","75":"cultivo-guava","76":"cultivo-zucca","77":"cultivo-porro","78":"cultivo-castagno","79":"cultivo-pesca","80":"cultivo-litchi","81":"cultivo-cipolla","82":"cultivo-ravanello","83":"cultivo-ciliegia","84":"cultivo-membrillero","85":"cultivo-maniglia","86":"cultivo-col","87":"cultivo-barbabietola","88":"cultivo-prugna","89":"cultivo-albero-darancio","90":"cultivo-frutto-della-passione","91":"cultivo-cavoletti-di-bruxelles","92":"cultivo-rucola","93":"ecologico-si","94":"medioambiente-efficienza-nelluso-dei-nutrienti","95":"solucion-carenza-di-micros","96":"solucion-carenza-di-fe","97":"tipo-de-aplicacion-fertirrigazione","98":"tipo-de-aplicacion-fogliare","99":"product_cat-correttore-di-carenze","101":"first","102":"instock","103":"shipping-taxable","104":"product-type-simple"},"acf":[],"_links":{"self":[{"href":"https:\/\/labin.net\/it\/wp-json\/wp\/v2\/product\/37460","targetHints":{"allow":["GET"]}}],"collection":[{"href":"https:\/\/labin.net\/it\/wp-json\/wp\/v2\/product"}],"about":[{"href":"https:\/\/labin.net\/it\/wp-json\/wp\/v2\/types\/product"}],"replies":[{"embeddable":true,"href":"https:\/\/labin.net\/it\/wp-json\/wp\/v2\/comments?post=37460"}],"wp:featuredmedia":[{"embeddable":true,"href":"https:\/\/labin.net\/it\/wp-json\/wp\/v2\/media\/36305"}],"wp:attachment":[{"href":"https:\/\/labin.net\/it\/wp-json\/wp\/v2\/media?parent=37460"}],"wp:term":[{"taxonomy":"cultivo","embeddable":true,"href":"https:\/\/labin.net\/it\/wp-json\/wp\/v2\/cultivo?post=37460"},{"taxonomy":"ecologico","embeddable":true,"href":"https:\/\/labin.net\/it\/wp-json\/wp\/v2\/ecologico?post=37460"},{"taxonomy":"medioambiente","embeddable":true,"href":"https:\/\/labin.net\/it\/wp-json\/wp\/v2\/medioambiente?post=37460"},{"taxonomy":"solucion","embeddable":true,"href":"https:\/\/labin.net\/it\/wp-json\/wp\/v2\/solucion?post=37460"},{"taxonomy":"tipo-de-aplicacion","embeddable":true,"href":"https:\/\/labin.net\/it\/wp-json\/wp\/v2\/tipo-de-aplicacion?post=37460"},{"taxonomy":"product_brand","embeddable":true,"href":"https:\/\/labin.net\/it\/wp-json\/wp\/v2\/product_brand?post=37460"},{"taxonomy":"product_cat","embeddable":true,"href":"https:\/\/labin.net\/it\/wp-json\/wp\/v2\/product_cat?post=37460"},{"taxonomy":"product_tag","embeddable":true,"href":"https:\/\/labin.net\/it\/wp-json\/wp\/v2\/product_tag?post=37460"}],"curies":[{"name":"wp","href":"https:\/\/api.w.org\/{rel}","templated":true}]}}