{"id":38189,"date":"2026-01-20T07:49:55","date_gmt":"2026-01-20T07:49:55","guid":{"rendered":"https:labin.net\/avviso-legale\/"},"modified":"2026-01-22T08:14:43","modified_gmt":"2026-01-22T08:14:43","slug":"avviso-legale","status":"publish","type":"page","link":"https:\/\/labin.net\/it\/avviso-legale\/","title":{"rendered":"Avviso legale"},"content":{"rendered":"\t\t<div data-elementor-type=\"wp-page\" data-elementor-id=\"38189\" class=\"elementor elementor-38189 elementor-38075\" data-elementor-post-type=\"page\">\n\t\t\t\t<div class=\"elementor-element elementor-element-24c4057 e-flex e-con-boxed kitify-col-width-auto-no ignore-docs-style-no kitify-disable-relative-no e-root-container elementor-top-section e-con e-parent\" data-id=\"24c4057\" data-element_type=\"container\">\n\t\t\t\t\t<div class=\"e-con-inner\">\n\t\t\t\t<div class=\"elementor-element elementor-element-ccccce9 elementor-invisible kitify-has-entrance-animation elementor-widget elementor-widget-heading\" data-id=\"ccccce9\" data-element_type=\"widget\" data-settings=\"{&quot;_animation&quot;:&quot;kitifyShortFadeInUp&quot;}\" data-widget_type=\"heading.default\">\n\t\t\t\t<div class=\"elementor-widget-container\">\n\t\t\t\t\t<h2 class=\"elementor-heading-title elementor-size-default\">Avviso legale<\/h2>\t\t\t\t<\/div>\n\t\t\t\t<\/div>\n\t\t\t\t\t<\/div>\n\t\t\t\t<\/div>\n\t\t<div class=\"elementor-element elementor-element-8c3a5aa e-flex e-con-boxed kitify-col-width-auto-no ignore-docs-style-no kitify-disable-relative-no e-root-container elementor-top-section e-con e-parent\" data-id=\"8c3a5aa\" data-element_type=\"container\">\n\t\t\t\t\t<div class=\"e-con-inner\">\n\t\t<div class=\"elementor-element elementor-element-2ed0096 e-con-full e-flex kitify-col-width-auto-no ignore-docs-style-no kitify-disable-relative-no e-con e-child\" data-id=\"2ed0096\" data-element_type=\"container\">\n\t\t\t\t<div class=\"elementor-element elementor-element-10c3a28 elementor-widget elementor-widget-text-editor\" data-id=\"10c3a28\" data-element_type=\"widget\" data-widget_type=\"text-editor.default\">\n\t\t\t\t<div class=\"elementor-widget-container\">\n\t\t\t\t\t\t\t\t\t<p><strong>LEGGE SUI SERVIZI DELLA SOCIET\u00c0 DELL&#8217;INFORMAZIONE (LSSI)<\/strong><\/p><p>PRODUCTOS LABIN, SL, responsabile del sito web, d&#8217;ora in poi RESPONSABILE, mette a disposizione degli utenti il presente documento, con il quale intende adempiere agli obblighi previsti dalla Legge 34\/2002, dell&#8217;11 luglio, sui Servizi della Societ\u00e0 dell&#8217;Informazione e del Commercio Elettronico (LSSICE), BOE n. 166, oltre a informare tutti gli utenti del sito web sulle condizioni di utilizzo.<\/p><p>Chiunque acceda a questo sito web assume il ruolo di utente, impegnandosi all&#8217;osservanza e al rigoroso rispetto delle disposizioni qui contenute, nonch\u00e9 di qualsiasi altra disposizione legale applicabile.<\/p><p>PRODUCTOS LABIN, SL si riserva il diritto di modificare qualsiasi tipo di informazione che possa apparire sul sito web, senza alcun obbligo di preavviso o di informazione agli utenti, intendendo come sufficiente la pubblicazione sul sito web di PRODUCTOS LABIN, SL.<\/p><p><strong>1. DATI DI IDENTIFICAZIONE<\/strong><\/p><p>Nome del dominio: www.labin.net<\/p><p>Nome commerciale: Labin<\/p><p>Nome dell&#8217;azienda: PRODUCTOS LABIN, SL<\/p><p>PARTITA IVA: B60016219<\/p><p>Sede legale: Alemanya, 10 08700 - IGUALADA (Barcellona)<\/p><p>Telefono: 938031966<\/p><p>e-mail: administracio@labin.net<\/p><p>Registrato nel Registro (Mercantile \/ Pubblico): Barcerlona, Folio 51, Volume 21987, Pagina B-30538, Iscrizione 1\u00aa.<\/p><p><strong>2. DIRITTI DI PROPRIET\u00c0 INTELLETTUALE E INDUSTRIALE<\/strong><\/p><p>Il sito web, compresi, ma non solo, la programmazione, la redazione, la compilazione e gli altri elementi necessari al suo funzionamento, i disegni, i loghi, i testi e\/o la grafica, sono di propriet\u00e0 della PARTE RESPONSABILE o, se del caso, dispone di una licenza o di un&#8217;autorizzazione espressa da parte degli autori. Tutti i contenuti del sito web sono debitamente protetti dalle normative sulla propriet\u00e0 intellettuale e industriale, nonch\u00e9 registrati nei corrispondenti registri pubblici. <\/p><p>Indipendentemente dallo scopo per cui sono stati destinati, la riproduzione totale o parziale, l&#8217;uso, lo sfruttamento, la distribuzione e la commercializzazione richiedono in ogni caso l&#8217;autorizzazione scritta preventiva della PARTE RESPONSABILE. Qualsiasi uso non autorizzato \u00e8 considerato una grave violazione dei diritti di propriet\u00e0 intellettuale o industriale dell&#8217;autore. <\/p><p>I disegni, i loghi, i testi e\/o i grafici che non appartengono al RESPONSABILE e che possono apparire sul sito web appartengono ai rispettivi proprietari, i quali sono responsabili di qualsiasi possibile controversia che possa sorgere in relazione ad essi. Il RESPONSABILE autorizza espressamente i terzi a reindirizzare direttamente ai contenuti specifici del sito web, e in ogni caso a reindirizzare al sito web principale di www.labin.net. <\/p><p>Il RESPONSABILE riconosce i corrispondenti diritti di propriet\u00e0 intellettuale e industriale a favore dei loro proprietari, e la loro semplice menzione o apparizione sul sito web non implica l&#8217;esistenza di alcun diritto o responsabilit\u00e0 su di essi, n\u00e9 alcun avallo, sponsorizzazione o raccomandazione da parte dello stesso.<\/p><p>  Per fare commenti su eventuali violazioni dei diritti di propriet\u00e0 intellettuale o industriale, nonch\u00e9 su qualsiasi contenuto del sito web, pu\u00f2 farlo inviando un&#8217;e-mail a administracio@labin.net.<\/p><p><strong>3. ESENZIONE DI RESPONSABILIT\u00c0<\/strong><\/p><p>Il RESPONSABILE declina ogni responsabilit\u00e0 per le informazioni pubblicate sul suo sito web, a condizione che tali informazioni siano state manipolate o introdotte da una terza parte esterna allo stesso.<\/p><p><strong>Uso dei cookie<\/strong><\/p><p>Questo sito web pu\u00f2 utilizzare cookie tecnici (piccoli file di informazioni che il server invia al computer della persona che accede alla pagina) per svolgere alcune funzioni ritenute essenziali per il corretto funzionamento e la visualizzazione del sito. I cookie utilizzati sono, in ogni caso, di natura temporanea, al solo scopo di rendere pi\u00f9 efficiente la navigazione, e scompaiono al termine della sessione dell&#8217;utente. In nessun caso questi cookie forniscono di per s\u00e9 dati di natura personale e non saranno utilizzati per raccogliere tali dati.  <\/p><p>Attraverso l&#8217;uso dei cookie \u00e8 anche possibile che il server in cui si trova il sito web riconosca il browser utilizzato dall&#8217;utente per facilitare la navigazione, consentendo, ad esempio, agli utenti che si sono precedentemente registrati di accedere alle aree, ai servizi, alle promozioni o ai concorsi riservati esclusivamente a loro, senza doversi registrare ad ogni visita. Possono anche essere utilizzati per misurare l&#8217;audience, i parametri di traffico, controllare l&#8217;andamento e il numero di iscrizioni, eccetera, essendo in questi casi cookie tecnicamente dispensabili, ma vantaggiosi per l&#8217;utente. Questo sito web non installer\u00e0 cookie dispensabili senza il previo consenso dell&#8217;utente.  <\/p><p>L&#8217;utente ha la possibilit\u00e0 di configurare il proprio browser per essere avvisato della ricezione dei cookie e per impedirne l&#8217;installazione sul proprio computer. Per ulteriori informazioni, consulti le istruzioni del suo browser. <\/p><p><strong>Politica di collegamento<\/strong><\/p><p>Dal sito web, pu\u00f2 essere reindirizzato a contenuti di siti web di terzi. Dato che il RESPONSABILE non pu\u00f2 sempre controllare i contenuti introdotti da terzi sui rispettivi siti web, non si assume alcun tipo di responsabilit\u00e0 rispetto a tali contenuti. In ogni caso, proceder\u00e0 alla rimozione immediata di qualsiasi contenuto che possa contravvenire alla legislazione nazionale o internazionale, alla morale o all&#8217;ordine pubblico, procedendo al ritiro immediato del reindirizzamento a tale sito web, informando le autorit\u00e0 competenti del contenuto in questione.  <\/p><p>Il RESPONSABILE non \u00e8 responsabile delle informazioni e dei contenuti memorizzati, inclusi, a titolo esemplificativo ma non esaustivo, nei forum, nelle chat, nei generatori di blog, nei commenti, nei social network o in qualsiasi altro mezzo che permetta a terzi di pubblicare contenuti in modo indipendente sul sito web del RESPONSABILE. Tuttavia, e in conformit\u00e0 con le disposizioni degli articoli 11 e 16 della LSSICE, si mette a disposizione di tutti gli utenti, delle autorit\u00e0 e delle forze di sicurezza, collaborando attivamente alla rimozione o, se del caso, al blocco di tutti i contenuti che possono influire o contravvenire alla legislazione nazionale o internazionale, ai diritti di terzi o alla morale e all&#8217;ordine pubblico. Nel caso in cui l&#8217;utente ritenga che sul sito web siano presenti contenuti che potrebbero essere suscettibili di questa classificazione, \u00e8 pregato di informare immediatamente l&#8217;amministratore del sito web.  <\/p><p>Questo sito web \u00e8 stato controllato e testato per garantirne il corretto funzionamento. In linea di massima, si pu\u00f2 garantire che funzioni correttamente 365 giorni all&#8217;anno, 24 ore al giorno. Tuttavia, il RESPONSABILE non esclude la possibilit\u00e0 di alcuni errori di programmazione, o il verificarsi di cause di forza maggiore, disastri naturali, scioperi o circostanze simili che rendano impossibile l&#8217;accesso al sito web.  <\/p><p><strong>Indirizzi IP<\/strong><\/p><p>I server del sito web possono rilevare automaticamente l&#8217;indirizzo IP e il nome di dominio utilizzati dall&#8217;utente. L&#8217;indirizzo IP \u00e8 un numero assegnato automaticamente a un computer quando si connette a Internet. Tutte queste informazioni vengono registrate in un file di attivit\u00e0 del server debitamente registrato che consente la successiva elaborazione dei dati per ottenere misurazioni puramente statistiche che permettono di conoscere il numero di impressioni di pagina, il numero di visite effettuate ai server web, l&#8217;ordine delle visite, il punto di accesso, ecc.  <\/p><p><strong>4. LEGGE APPLICABILE E GIURISDIZIONE<\/strong><\/p><p>Per la risoluzione di tutte le controversie o questioni relative a questo sito web o alle attivit\u00e0 in esso svolte, si applicher\u00e0 la legislazione spagnola, alla quale le parti si sottomettono espressamente, e le Corti e i Tribunali pi\u00f9 vicini a IGUALADA saranno competenti per la risoluzione di tutte le controversie derivanti da o relative al suo utilizzo.<\/p>\t\t\t\t\t\t\t\t<\/div>\n\t\t\t\t<\/div>\n\t\t\t\t<\/div>\n\t\t\t\t\t<\/div>\n\t\t\t\t<\/div>\n\t\t\t\t<\/div>\n\t\t","protected":false},"excerpt":{"rendered":"<p>Avviso legale LEGGE SUI SERVIZI DELLA SOCIET\u00c0 DELL&#8217;INFORMAZIONE (LSSI) PRODUCTOS LABIN, SL, responsabile del sito web, d&#8217;ora in poi RESPONSABILE, mette a disposizione degli utenti il presente documento, con il quale intende adempiere agli obblighi previsti dalla Legge 34\/2002, dell&#8217;11 luglio, sui Servizi della Societ\u00e0 dell&#8217;Informazione e del Commercio Elettronico (LSSICE), BOE n. 166, oltre a informare tutti gli utenti\u2026<\/p>\n","protected":false},"author":1,"featured_media":0,"parent":0,"menu_order":0,"comment_status":"closed","ping_status":"closed","template":"","meta":{"_acf_changed":false,"footnotes":""},"class_list":["post-38189","page","type-page","status-publish","hentry"],"acf":[],"_links":{"self":[{"href":"https:\/\/labin.net\/it\/wp-json\/wp\/v2\/pages\/38189","targetHints":{"allow":["GET"]}}],"collection":[{"href":"https:\/\/labin.net\/it\/wp-json\/wp\/v2\/pages"}],"about":[{"href":"https:\/\/labin.net\/it\/wp-json\/wp\/v2\/types\/page"}],"author":[{"embeddable":true,"href":"https:\/\/labin.net\/it\/wp-json\/wp\/v2\/users\/1"}],"replies":[{"embeddable":true,"href":"https:\/\/labin.net\/it\/wp-json\/wp\/v2\/comments?post=38189"}],"version-history":[{"count":1,"href":"https:\/\/labin.net\/it\/wp-json\/wp\/v2\/pages\/38189\/revisions"}],"predecessor-version":[{"id":38191,"href":"https:\/\/labin.net\/it\/wp-json\/wp\/v2\/pages\/38189\/revisions\/38191"}],"wp:attachment":[{"href":"https:\/\/labin.net\/it\/wp-json\/wp\/v2\/media?parent=38189"}],"curies":[{"name":"wp","href":"https:\/\/api.w.org\/{rel}","templated":true}]}}