{"id":38183,"date":"2026-01-20T07:56:48","date_gmt":"2026-01-20T07:56:48","guid":{"rendered":"https:labin.net\/informativa-sulla-privacy-del-web\/"},"modified":"2026-01-22T08:14:30","modified_gmt":"2026-01-22T08:14:30","slug":"informativa-sulla-privacy-del-web","status":"publish","type":"page","link":"https:\/\/labin.net\/it\/informativa-sulla-privacy-del-web\/","title":{"rendered":"Informativa sulla privacy del web"},"content":{"rendered":"\t\t<div data-elementor-type=\"wp-page\" data-elementor-id=\"38183\" class=\"elementor elementor-38183 elementor-38104\" data-elementor-post-type=\"page\">\n\t\t\t\t<div class=\"elementor-element elementor-element-24c4057 e-flex e-con-boxed kitify-col-width-auto-no ignore-docs-style-no kitify-disable-relative-no e-root-container elementor-top-section e-con e-parent\" data-id=\"24c4057\" data-element_type=\"container\">\n\t\t\t\t\t<div class=\"e-con-inner\">\n\t\t\t\t<div class=\"elementor-element elementor-element-ccccce9 elementor-invisible kitify-has-entrance-animation elementor-widget elementor-widget-heading\" data-id=\"ccccce9\" data-element_type=\"widget\" data-settings=\"{&quot;_animation&quot;:&quot;kitifyShortFadeInUp&quot;}\" data-widget_type=\"heading.default\">\n\t\t\t\t<div class=\"elementor-widget-container\">\n\t\t\t\t\t<h2 class=\"elementor-heading-title elementor-size-default\">Informativa sulla privacy del web<\/h2>\t\t\t\t<\/div>\n\t\t\t\t<\/div>\n\t\t\t\t\t<\/div>\n\t\t\t\t<\/div>\n\t\t<div class=\"elementor-element elementor-element-8c3a5aa e-flex e-con-boxed kitify-col-width-auto-no ignore-docs-style-no kitify-disable-relative-no e-root-container elementor-top-section e-con e-parent\" data-id=\"8c3a5aa\" data-element_type=\"container\">\n\t\t\t\t\t<div class=\"e-con-inner\">\n\t\t<div class=\"elementor-element elementor-element-2ed0096 e-con-full e-flex kitify-col-width-auto-no ignore-docs-style-no kitify-disable-relative-no e-con e-child\" data-id=\"2ed0096\" data-element_type=\"container\">\n\t\t\t\t<div class=\"elementor-element elementor-element-10c3a28 elementor-widget elementor-widget-text-editor\" data-id=\"10c3a28\" data-element_type=\"widget\" data-widget_type=\"text-editor.default\">\n\t\t\t\t<div class=\"elementor-widget-container\">\n\t\t\t\t\t\t\t\t\t<p><strong>Titolare del trattamento dei dati<\/strong><\/p><p>La societ\u00e0 responsabile del trattamento dei suoi dati ai sensi della presente Informativa sulla privacy \u00e8:<\/p><p>PRODOTTI LABIN, SL<\/p><p>PARTITA IVA: B60016219  <\/p><p>Indirizzo: C\/ Alemanya, 10 - 08700 IGUALADA (Barcellona)<\/p><p>Indirizzo e-mail: administracio@macasa.es<\/p><p>Web: www.labin.net www.macasajardin.com www.labin-nutrition.fr<\/p><p>Telefono: 938031966<\/p><p>Registrato nel Registro Mercantile di Barcellona, Folio 51, Volume 21987, Pagina B-30538, 1a Iscrizione.<\/p><p>Noi di PRODUCTOS LABIN, SL, riconosciamo l&#8217;importanza di proteggere le sue informazioni personali e ci impegniamo a trattarle in modo responsabile e in conformit\u00e0 alle leggi sulla protezione dei dati.<\/p><p>Questa politica sulla privacy mira a regolare tutti gli aspetti relativi al trattamento dei dati dei diversi utenti che navigano o forniscono i loro dati personali attraverso i diversi moduli presenti sul sito web.<\/p><p><strong>Dati personali<\/strong><\/p><p>I dati personali sono informazioni che la identificano o la rendono identificabile. Attraverso il sito web, nelle caselle previste a tale scopo, raccogliamo i dati personali che l&#8217;utente ci comunica: nome, cognome, indirizzo e-mail, numero di telefono, indirizzo postale, citt\u00e0, ecc. <\/p><p>La visita dell&#8217;utente al sito web non implica l&#8217;obbligo di fornire informazioni sui suoi dati personali. Tuttavia, nel caso in cui li fornisca, i dati saranno trattati in modo lecito e sempre nel rispetto dei principi e dei diritti stabiliti dal RGPD 2016\/679 del 27 aprile 2016 e dal LOPDGDD 3\/2018 del 5 dicembre. <\/p><p><strong>Scopo, durata e legittimit\u00e0 del trattamento<\/strong>:<\/p><p>I dati forniti dall&#8217;utente saranno trattati da noi per i seguenti scopi:<\/p><ul><li>Per gestire la richiesta o la domanda fatta dall&#8217;utente attraverso il <strong>modulo di contatto <\/strong>presente sul sito web. Raccogliamo e trattiamo i dati personali dell&#8217;utente al fine di elaborare e gestire la sua richiesta, la sua domanda o qualsiasi richiesta fatta attraverso questo modulo. Conserveremo questi dati per il tempo necessario a soddisfare la richiesta dell&#8217;utente e per il tempo stabilito dalla legge, con una durata minima di 3 anni.  <\/li><\/ul><p>La base di legittimit\u00e0 del trattamento dei dati sar\u00e0 il consenso dato dall&#8217;utente selezionando la casella di accettazione della nostra politica sulla privacy prima di inviare la richiesta. L&#8217;utente ha il diritto di revocare il proprio consenso in qualsiasi momento, senza che ci\u00f2 influisca sulla legittimit\u00e0 del trattamento basato sul consenso precedente alla sua revoca. <\/p><ul><li>Inviare <strong>bollettini e newsletter<\/strong> sui prodotti di PRODUCTOS LABIN, SL. Con il consenso dell&#8217;utente, raccogliamo e trattiamo i suoi dati personali per inviargli informazioni sui nostri prodotti e servizi. Conserveremo questi dati finch\u00e9 l&#8217;utente non revocher\u00e0 il suo consenso al trattamento degli stessi e per il tempo stabilito dalla legge, con una durata minima di 3 anni. <\/li><\/ul><p>La base di legittimit\u00e0 del trattamento dei dati sar\u00e0 il consenso dato dall&#8217;utente quando seleziona la casella di accettazione della nostra politica sulla privacy prima di iscriversi alla newsletter nel modulo previsto a tale scopo sul sito web. L&#8217;utente ha il diritto di revocare il proprio consenso in qualsiasi momento, senza che ci\u00f2 influisca sulla legittimit\u00e0 del trattamento basato sul consenso precedente alla sua revoca. <\/p><ul><li>Registrarsi come \"utente registrato\" attraverso <strong>il modulo di registrazione<\/strong> presente sul sito web, che consentir\u00e0 all&#8217;utente di accedere alla sua area privata di servizi e di informarlo sulle nostre attivit\u00e0, e potr\u00e0 inviargli comunicazioni commerciali con qualsiasi mezzo elettronico riguardanti nuovi sviluppi dei nostri servizi. Conserveremo questi dati fino a quando l&#8217;utente non richieder\u00e0 la cancellazione della registrazione e per il tempo stabilito dalla legge, con una durata minima di 3 anni. <\/li><\/ul><p>La base di legittimit\u00e0 del trattamento dei dati sar\u00e0 il consenso dato dall&#8217;utente al momento della registrazione attraverso il modulo di registrazione e selezionando la casella di accettazione della nostra politica sulla privacy prima di inviare la richiesta. L&#8217;utente ha il diritto di revocare il proprio consenso in qualsiasi momento, senza che ci\u00f2 influisca sulla legittimit\u00e0 del trattamento basato sul consenso precedente alla sua revoca. <\/p><ul><li>Gestire le <strong>esperienze o le opinioni<\/strong> relative ai prodotti e\/o ai servizi attraverso le testimonianze degli utenti che saranno pubblicate sul sito web e quindi essere in grado di aiutare altri utenti. I dati personali che saranno pubblicati nella testimonianza saranno il nome, il cognome e la citt\u00e0 dell&#8217;utente. Conserveremo i dati forniti fino a quando l&#8217;utente non ne richieder\u00e0 la revoca e per il tempo stabilito dalla legge, con una durata minima di 3 anni.  <\/li><\/ul><p>La base di legittimit\u00e0 del trattamento dei dati sar\u00e0 il consenso dato dall&#8217;utente al momento della registrazione attraverso il modulo previsto a tale scopo sul sito web e selezionando la casella di accettazione della nostra politica sulla privacy prima di inviare la richiesta.<\/p><ul><li>Per migliorare la sua esperienza di navigazione sul sito web. Conserveremo questi dati fino a quando l&#8217;utente non revocher\u00e0 il suo consenso al trattamento degli stessi cancellando i cookie e per il tempo stabilito dalla legge con una durata minima di 3 anni. <\/li><\/ul><p>La base legittima per migliorare la sua esperienza di navigazione sul sito web \u00e8 il consenso dato dall&#8217;utente al momento dell&#8217;accettazione dei cookie. L&#8217;utente ha il diritto di revocare il proprio consenso in qualsiasi momento, senza che ci\u00f2 influisca sulla liceit\u00e0 del trattamento basato sul consenso prima della sua revoca. <\/p><ul><li>Gestire i nostri <strong>social network<\/strong> e inviarle informazioni sulle nostre attivit\u00e0 e prodotti. Conserveremo questi dati finch\u00e9 l&#8217;utente non revocher\u00e0 il suo consenso al trattamento degli stessi e per il tempo stabilito dalla legge con una durata minima di 3 anni. <\/li><\/ul><p>La base legittima per la gestione dei nostri social network e per l&#8217;invio delle nostre attivit\u00e0 e notizie \u00e8 il consenso che lei ci d\u00e0 per farlo. Lei ha il diritto di revocare il suo consenso in qualsiasi momento, senza che ci\u00f2 influisca sulla legittimit\u00e0 del trattamento basato sul consenso precedente alla sua revoca. <\/p><p><strong>Trasferimento o comunicazione di dati personali e trasferimenti internazionali:<\/strong><\/p><p>I suoi dati non saranno comunicati o divulgati a terzi, a meno che non vi sia un obbligo legale o che i fornitori collegati al Titolare del trattamento agiscano come responsabili del trattamento.<\/p><p>Non vengono effettuati trasferimenti internazionali, ma nel caso in cui vengano effettuati, lei verr\u00e0 informato per ottenere il suo consenso.<\/p><p><strong>Aggiornamento dei dati<\/strong><\/p><p>Per noi \u00e8 importante che i dati personali siano aggiornati e che l&#8217;utente ci informi ogni volta che c&#8217;\u00e8 stato un cambiamento, altrimenti non siamo responsabili della veridicit\u00e0 dei dati.<\/p><p>L&#8217;utente garantisce che i dati personali forniti siano veritieri, assicurando che tutte le informazioni fornite corrispondano alla situazione reale, che siano aggiornate e precise, essendo obbligato a comunicare qualsiasi modifica.<\/p><p><strong>Dati di terze parti<\/strong><\/p><p>Se l&#8217;utente fornisce a PRODUCTOS LABIN, SL dati di terzi per qualsiasi scopo, garantisce di aver ottenuto questi dati in modo lecito, di aver preventivamente informato le parti interessate, ottenendo il loro consenso alla comunicazione e che le informazioni fornite sono accurate e veritiere.<\/p><p><strong>Natura obbligatoria delle informazioni richieste<\/strong><\/p><p>Tutti i nostri moduli hanno un asterisco (*) nei dati obbligatori. Se l&#8217;utente non fornisce questi campi, o non spunta la casella per accettare l&#8217;informativa sulla privacy, le informazioni non potranno essere inviate.   <\/p><p><strong>Diritti degli interessati<\/strong>:<\/p><p>Ha il diritto di accedere ai suoi dati e di ottenere la conferma del loro trattamento, nonch\u00e9 una copia dei dati personali oggetto del trattamento. Ha il diritto di aggiornarli e di richiedere la rettifica dei dati inesatti o di richiederne la cancellazione quando i dati non sono necessari per le finalit\u00e0 per cui sono stati raccolti. Pu\u00f2 richiedere la limitazione del trattamento dei suoi dati e opporsi al trattamento dei suoi dati revocando il suo consenso, nonch\u00e9 esercitare il suo diritto alla portabilit\u00e0 dei dati. Allo stesso modo, ha il diritto di non essere sottoposto a decisioni basate esclusivamente sul trattamento automatizzato dei suoi dati personali. Pu\u00f2 esercitare i suoi diritti contattandoci all&#8217;indirizzo C\/ Alemanya, 10 - 08700 IGUALADA (Barcellona). Email: administracio@macasa.es       <\/p><p>Se ritiene che i suoi diritti non siano stati adeguatamente rispettati, ha il diritto di presentare un reclamo all&#8217;Agenzia spagnola per la protezione dei dati personali <a href=\"http:\/\/www.aepd.es\/\">www.aepd.es.<\/a><\/p><p><strong>Trattamento dei dati dei minori<\/strong><\/p><p>Chiunque fornisca dati attraverso i moduli di questo sito web e ne accetti il trattamento dichiara di avere pi\u00f9 di 14 anni, e l&#8217;accesso e l&#8217;utilizzo del portale da parte di minori di tale et\u00e0 sono vietati. Se in qualsiasi momento il Titolare del trattamento rileva che un minore di 14 anni ha fornito dati personali, procederemo alla loro cancellazione. Allo stesso modo, i genitori o i tutori possono, in ogni caso, contattare PRODUCTOS LABIN, SL per bloccare l&#8217;account di accesso dei minori a loro affidati che si sono registrati falsificando la loro identit\u00e0.  <\/p><p><strong>Trattamento dei cookie:<\/strong><\/p><p>Un cookie \u00e8 un piccolo file che viene scaricato e memorizzato sul computer dell&#8217;utente quando questi accede a un sito web. I cookie consentono al sito web, tra l&#8217;altro, di memorizzare e recuperare informazioni sulle abitudini di navigazione dell&#8217;utente o del suo computer e, a seconda delle informazioni contenute e del modo in cui l&#8217;utente utilizza il computer, possono essere utilizzati per riconoscere l&#8217;utente. <\/p><p>L&#8217;utente ha la possibilit\u00e0 di impedire la generazione di cookie selezionando l&#8217;opzione corrispondente nel proprio browser. Pu\u00f2 ottenere maggiori informazioni leggendo la nostra <a href=\"https:\/\/labin.net\/politica-de-cookies\/\">Politica sui cookie<\/a>. <\/p>\t\t\t\t\t\t\t\t<\/div>\n\t\t\t\t<\/div>\n\t\t\t\t<\/div>\n\t\t\t\t\t<\/div>\n\t\t\t\t<\/div>\n\t\t\t\t<\/div>\n\t\t","protected":false},"excerpt":{"rendered":"<p>Informativa sulla privacy del web Titolare del trattamento dei dati La societ\u00e0 responsabile del trattamento dei suoi dati ai sensi della presente Informativa sulla privacy \u00e8: PRODOTTI LABIN, SL PARTITA IVA: B60016219 Indirizzo: C\/ Alemanya, 10 - 08700 IGUALADA (Barcellona) Indirizzo e-mail: administracio@macasa.es Web: www.labin.net www.macasajardin.com www.labin-nutrition.fr Telefono: 938031966 Registrato nel Registro Mercantile di Barcellona, Folio 51, Volume 21987, Pagina\u2026<\/p>\n","protected":false},"author":1,"featured_media":0,"parent":0,"menu_order":0,"comment_status":"closed","ping_status":"closed","template":"","meta":{"_acf_changed":false,"footnotes":""},"class_list":["post-38183","page","type-page","status-publish","hentry"],"acf":[],"_links":{"self":[{"href":"https:\/\/labin.net\/it\/wp-json\/wp\/v2\/pages\/38183","targetHints":{"allow":["GET"]}}],"collection":[{"href":"https:\/\/labin.net\/it\/wp-json\/wp\/v2\/pages"}],"about":[{"href":"https:\/\/labin.net\/it\/wp-json\/wp\/v2\/types\/page"}],"author":[{"embeddable":true,"href":"https:\/\/labin.net\/it\/wp-json\/wp\/v2\/users\/1"}],"replies":[{"embeddable":true,"href":"https:\/\/labin.net\/it\/wp-json\/wp\/v2\/comments?post=38183"}],"version-history":[{"count":1,"href":"https:\/\/labin.net\/it\/wp-json\/wp\/v2\/pages\/38183\/revisions"}],"predecessor-version":[{"id":38184,"href":"https:\/\/labin.net\/it\/wp-json\/wp\/v2\/pages\/38183\/revisions\/38184"}],"wp:attachment":[{"href":"https:\/\/labin.net\/it\/wp-json\/wp\/v2\/media?parent=38183"}],"curies":[{"name":"wp","href":"https:\/\/api.w.org\/{rel}","templated":true}]}}