{"id":38170,"date":"2026-01-20T07:56:19","date_gmt":"2026-01-20T07:56:19","guid":{"rendered":"https:labin.net\/politica-sui-social-media\/"},"modified":"2026-01-22T08:14:30","modified_gmt":"2026-01-22T08:14:30","slug":"politica-sui-social-media","status":"publish","type":"page","link":"https:\/\/labin.net\/it\/politica-sui-social-media\/","title":{"rendered":"Politica sui social media"},"content":{"rendered":"\t\t<div data-elementor-type=\"wp-page\" data-elementor-id=\"38170\" class=\"elementor elementor-38170 elementor-38102\" data-elementor-post-type=\"page\">\n\t\t\t\t<div class=\"elementor-element elementor-element-24c4057 e-flex e-con-boxed kitify-col-width-auto-no ignore-docs-style-no kitify-disable-relative-no e-root-container elementor-top-section e-con e-parent\" data-id=\"24c4057\" data-element_type=\"container\">\n\t\t\t\t\t<div class=\"e-con-inner\">\n\t\t\t\t<div class=\"elementor-element elementor-element-ccccce9 elementor-invisible kitify-has-entrance-animation elementor-widget elementor-widget-heading\" data-id=\"ccccce9\" data-element_type=\"widget\" data-settings=\"{&quot;_animation&quot;:&quot;kitifyShortFadeInUp&quot;}\" data-widget_type=\"heading.default\">\n\t\t\t\t<div class=\"elementor-widget-container\">\n\t\t\t\t\t<h2 class=\"elementor-heading-title elementor-size-default\">Politica sui social media<\/h2>\t\t\t\t<\/div>\n\t\t\t\t<\/div>\n\t\t\t\t\t<\/div>\n\t\t\t\t<\/div>\n\t\t<div class=\"elementor-element elementor-element-8c3a5aa e-flex e-con-boxed kitify-col-width-auto-no ignore-docs-style-no kitify-disable-relative-no e-root-container elementor-top-section e-con e-parent\" data-id=\"8c3a5aa\" data-element_type=\"container\">\n\t\t\t\t\t<div class=\"e-con-inner\">\n\t\t<div class=\"elementor-element elementor-element-2ed0096 e-con-full e-flex kitify-col-width-auto-no ignore-docs-style-no kitify-disable-relative-no e-con e-child\" data-id=\"2ed0096\" data-element_type=\"container\">\n\t\t\t\t<div class=\"elementor-element elementor-element-10c3a28 elementor-widget elementor-widget-text-editor\" data-id=\"10c3a28\" data-element_type=\"widget\" data-widget_type=\"text-editor.default\">\n\t\t\t\t<div class=\"elementor-widget-container\">\n\t\t\t\t\t\t\t\t\t<p><strong>1. Informazioni sulla persona responsabile del trattamento dei dati memorizzati sulla pagina ufficiale di PRODUCTOS AGR\u00cdCOLAS MACASA, SL, sul social network<\/strong><\/p><p>In conformit\u00e0 con l&#8217;obbligo di informazione stabilito dal Regolamento (UE) 2016\/679 del 27 aprile (GDPR) e dalla Legge Organica 3\/2018, del 5 dicembre (LOPDGDD) <strong>PRODUCTOS AGR\u00cdCOLAS MACASA, SL,<\/strong> di seguito il Titolare del trattamento, desidera informare gli utenti di questa rete sociale della politica relativa al trattamento e alla protezione dei dati personali delle persone che accedono e utilizzano volontariamente la pagina ufficiale del<strong> RESPONSABILE,<\/strong> nella stessa. Accedendo e utilizzando questa pagina ufficiale del<strong> RESPONSABILE,<\/strong> gli utenti accettano espressamente questa politica sulla privacy e acconsentono al trattamento dei loro dati personali in conformit\u00e0 con le disposizioni della stessa. <\/p><p><strong>2. Dati di minori o persone incapaci<\/strong><\/p><p>L&#8217;accesso e la registrazione su questo social network sono vietati ai minori di quattordici (14) anni, per cui \u00e8 vietato anche l&#8217;accesso e l&#8217;utilizzo da parte dei minori di quattordici (14) anni alla pagina ufficiale<strong> del RESPONSABILE<\/strong> sullo stesso. Da parte sua, se l&#8217;utente \u00e8 incapace, il <strong>RESPONSABILE<\/strong> avverte che per l&#8217;accesso e l&#8217;utilizzo di questo sito web ufficiale del <strong>RESPONSABILE<\/strong> sar\u00e0 necessaria l&#8217;assistenza consenziente del titolare della potest\u00e0 genitoriale o della tutela dell&#8217;utente o del suo rappresentante legale, e quest&#8217;ultimo sar\u00e0 espressamente esonerato da qualsiasi responsabilit\u00e0 che possa derivare dall&#8217;utilizzo del suo sito web ufficiale da parte di minori e persone incapaci, essendo tale responsabilit\u00e0 a carico dei loro rappresentanti legali in ogni caso.  <\/p><p><strong>3. Identificazione del nome del responsabile del trattamento<\/strong><\/p><p>L&#8217;utente \u00e8 informato che il <strong>RESPONSABILE,<\/strong> con sede legale in <strong>C\/ Alemanya, 10 - 08700 IGUALADA (Barcellona)<\/strong>, \u00e8 responsabile dei file e dei trattamenti attraverso i quali vengono raccolti e conservati i dati personali dell&#8217;utente in seguito alla registrazione e all&#8217;utilizzo della pagina ufficiale<strong> del RESPONSABILE<\/strong> su questo social network, senza pregiudicare il trattamento di cui \u00e8 responsabile il proprietario del social network su cui si trova la nostra pagina ufficiale.<\/p><p><strong>4. Finalit\u00e0 di utilizzo dei dati personali, informazione e consenso<\/strong><\/p><p>I dati personali forniti volontariamente dall&#8217;utente al <strong>RESPONSABILE,<\/strong> attraverso il suo sito web ufficiale, faranno parte di un trattamento di dati sotto la responsabilit\u00e0 del <strong>RESPONSABILE,<\/strong> con lo scopo di offrire informazioni da parte del <strong>RESPONSABILE,<\/strong> tramite e-mail, fax, SMS, MMS, comunit\u00e0 sociali o qualsiasi altro mezzo elettronico o fisico, presente o futuro, che permetta la comunicazione commerciale, l&#8217;invio di newsletter agli utenti che si iscrivono, lo scambio di informazioni con il <strong>RESPONSABILE<\/strong> e altri utenti e la creazione di comunicazioni con terzi.<\/p><p>Dal momento in cui l&#8217;utente utilizza questo sito web ufficiale, d\u00e0 il suo consenso libero, inequivocabile, specifico, informato ed espresso al trattamento dei suoi dati personali da parte del <strong>RESPONSABILE,<\/strong> per la corretta fornitura di tali servizi in conformit\u00e0 con le disposizioni della presente politica.<\/p><p>L&#8217;utente \u00e8 libero di utilizzare la pagina ufficiale del <strong>RESPONSABILE,<\/strong> in questa rete sociale, quindi nel caso in cui l&#8217;utente non sia d&#8217;accordo con il trattamento dei suoi dati per tali scopi, non deve utilizzarla o fornire i suoi dati personali.<\/p><p>Attraverso questa pagina ufficiale del <strong>RESPONSABILE, l<\/strong> &#8216;utente pu\u00f2 condividere testi, foto, video e altri tipi di informazioni e\/o contenuti che saranno soggetti sia alla presente politica che alle Regole e Condizioni della Piattaforma. L&#8217;utente \u00e8 responsabile di garantire che tutti i contenuti da lui pubblicati siano conformi alla legislazione vigente, a questa politica e alle Regole della Piattaforma. <\/p><p>L&#8217;utente pu\u00f2 pubblicare su questo sito web ufficiale del <strong>RESPONSABILE<\/strong> solo dati personali, fotografie e informazioni o altri contenuti la cui propriet\u00e0 e possesso gli appartengono o per i quali ha l&#8217;autorizzazione di terzi.<\/p><p>Il <strong>RESPONSABILE<\/strong> avr\u00e0 il diritto di rimuovere da questo sito web ufficiale - unilateralmente e senza alcuna comunicazione o autorizzazione preventiva da parte dell&#8217;utente - qualsiasi contenuto pubblicato dall&#8217;utente che infranga o violi la legislazione vigente, le norme stabilite in questa politica e il Regolamento della piattaforma.<\/p><p><strong>5. Identificazione dei destinatari rispetto ai quali il RESPONSABILE intende trasferire o comunicare i dati.<\/strong><\/p><p>L&#8217;utente \u00e8 avvertito che tutte le informazioni e i contenuti pubblicati sulla pagina ufficiale <strong>del RESPONSABILE<\/strong> sul social network possono essere conosciuti da altri utenti della pagina ufficiale e della piattaforma del social network. Di conseguenza, tutte le informazioni e i contenuti pubblicati dall&#8217;utente sulla pagina ufficiale del <strong>RESPONSABILE<\/strong> su questo social network saranno comunicati al resto degli utenti a causa della natura stessa del servizio. <\/p><p>Il <strong>RESPONSABILE<\/strong> intende effettuare solo trasferimenti o comunicazioni di dati che, in conformit\u00e0 alle normative vigenti, devono essere effettuati a giudici, tribunali, amministrazioni pubbliche e autorit\u00e0 competenti di natura amministrativa.<\/p><p><strong>6. Altri fornitori di servizi di terze parti<\/strong><\/p><p>Il <strong>RESPONSABILE,<\/strong> avverte l&#8217;utente che questa entit\u00e0 \u00e8 unicamente responsabile e garantisce la riservatezza, la sicurezza e il trattamento dei dati in conformit\u00e0 con la presente politica, per quanto riguarda i dati personali raccolti dall&#8217;utente attraverso questa pagina ufficiale su questo social network, non avr\u00e0 alcuna responsabilit\u00e0 per il trattamento e il successivo utilizzo dei dati personali che possono essere effettuati sia dal proprietario del social network che da terzi fornitori di servizi della societ\u00e0 dell&#8217;informazione che possono accedere a tali dati come risultato della fornitura dei loro servizi o dell&#8217;esercizio della loro attivit\u00e0, da terzi che stabiliscono collegamenti ipertestuali al social network, o dai responsabili a cui, attraverso collegamenti ipertestuali, il <strong>RESPONSABILE<\/strong> rimanda gli utenti che sono membri di questa pagina ufficiale.  <\/p><p><strong>7. Qualit\u00e0 dei dati<\/strong><\/p><p>Il <strong>RESPONSABILE<\/strong> avverte l&#8217;utente che, salvo l&#8217;esistenza di una rappresentanza legalmente costituita, nessun utente pu\u00f2 utilizzare l&#8217;identit\u00e0 di un&#8217;altra persona e comunicare i suoi dati personali,<\/p><p>Pertanto, l&#8217;utente deve sempre tenere presente che pu\u00f2 fornire solo i dati personali corrispondenti alla propria identit\u00e0 e che sono adeguati, pertinenti, attuali, accurati e veritieri. In ogni caso, l&#8217;utente deve rispettare la privacy di terzi, che siano o meno utenti del social network o della pagina ufficiale di <strong>RESPONSABILITY<\/strong> sullo stesso. <\/p><p><strong>8<\/strong>. <strong>Diritti della Parte interessata:<\/strong><\/p><ul><li>Diritto di ritirare il consenso in qualsiasi momento.<\/li><li>Il diritto di accesso, rettifica, portabilit\u00e0 e cancellazione dei suoi dati e il diritto di limitare o opporsi al loro trattamento.<\/li><li>Il diritto di presentare un reclamo all&#8217;autorit\u00e0 di vigilanza (www.aepd.es.) se ritiene che il trattamento non sia conforme alla normativa vigente.  <\/li><\/ul><p><strong>9. Altre informazioni rilevanti<\/strong><\/p><p>Il <strong>RESPONSABILE,<\/strong> pu\u00f2 modificare e\/o sostituire questa politica in qualsiasi momento, il che, a seconda dei casi, sostituir\u00e0, completer\u00e0 e\/o modificher\u00e0 la politica attualmente pubblicata qui. Pertanto, l&#8217;utente deve accedervi periodicamente per tenersi aggiornato.   <\/p><p>L&#8217;utente pu\u00f2 contattare il <strong>RESPONSABILE,<\/strong> tramite il servizio di messaggistica interna del social network o tramite i seguenti indirizzi e recapiti:<\/p><p><strong>PRODOTTI AGRICOLI MACASA, SL<\/strong><\/p><p>C\/ Alemanya, 10 - 08700 IGUALADA (Barcellona)<\/p><p>administracio@macasa.es<\/p><p>L&#8217;utente pu\u00f2 anche consultare le regole e le politiche pubblicate dal proprietario del social network per l&#8217;utilizzo dello stesso.<\/p>\t\t\t\t\t\t\t\t<\/div>\n\t\t\t\t<\/div>\n\t\t\t\t<\/div>\n\t\t\t\t\t<\/div>\n\t\t\t\t<\/div>\n\t\t\t\t<\/div>\n\t\t","protected":false},"excerpt":{"rendered":"<p>Politica sui social media 1. Informazioni sulla persona responsabile del trattamento dei dati memorizzati sulla pagina ufficiale di PRODUCTOS AGR\u00cdCOLAS MACASA, SL, sul social network In conformit\u00e0 con l&#8217;obbligo di informazione stabilito dal Regolamento (UE) 2016\/679 del 27 aprile (GDPR) e dalla Legge Organica 3\/2018, del 5 dicembre (LOPDGDD) PRODUCTOS AGR\u00cdCOLAS MACASA, SL, di seguito il Titolare del trattamento, desidera\u2026<\/p>\n","protected":false},"author":1,"featured_media":0,"parent":0,"menu_order":0,"comment_status":"closed","ping_status":"closed","template":"","meta":{"_acf_changed":false,"footnotes":""},"class_list":["post-38170","page","type-page","status-publish","hentry"],"acf":[],"_links":{"self":[{"href":"https:\/\/labin.net\/it\/wp-json\/wp\/v2\/pages\/38170","targetHints":{"allow":["GET"]}}],"collection":[{"href":"https:\/\/labin.net\/it\/wp-json\/wp\/v2\/pages"}],"about":[{"href":"https:\/\/labin.net\/it\/wp-json\/wp\/v2\/types\/page"}],"author":[{"embeddable":true,"href":"https:\/\/labin.net\/it\/wp-json\/wp\/v2\/users\/1"}],"replies":[{"embeddable":true,"href":"https:\/\/labin.net\/it\/wp-json\/wp\/v2\/comments?post=38170"}],"version-history":[{"count":1,"href":"https:\/\/labin.net\/it\/wp-json\/wp\/v2\/pages\/38170\/revisions"}],"predecessor-version":[{"id":38171,"href":"https:\/\/labin.net\/it\/wp-json\/wp\/v2\/pages\/38170\/revisions\/38171"}],"wp:attachment":[{"href":"https:\/\/labin.net\/it\/wp-json\/wp\/v2\/media?parent=38170"}],"curies":[{"name":"wp","href":"https:\/\/api.w.org\/{rel}","templated":true}]}}