{"id":37093,"date":"2023-10-06T04:13:39","date_gmt":"2023-10-06T04:13:39","guid":{"rendered":"https:labin.net\/domande-frequenti\/"},"modified":"2026-01-08T15:03:46","modified_gmt":"2026-01-08T15:03:46","slug":"domande-frequenti","status":"publish","type":"page","link":"https:\/\/labin.net\/it\/domande-frequenti\/","title":{"rendered":"Domande frequenti"},"content":{"rendered":"\t\t<div data-elementor-type=\"wp-page\" data-elementor-id=\"37093\" class=\"elementor elementor-37093 elementor-7031\" data-elementor-post-type=\"page\">\n\t\t\t\t<div class=\"elementor-element elementor-element-d233192 e-con-full e-flex kitify-col-width-auto-no ignore-docs-style-no kitify-disable-relative-no e-root-container elementor-top-section e-con e-parent\" data-id=\"d233192\" data-element_type=\"container\" data-settings=\"{&quot;background_background&quot;:&quot;classic&quot;}\">\n\t\t\t\t<div class=\"elementor-element elementor-element-7b3fbd4 kitify-breadcrumbs-page-title-yes kitify-breadcrumbs-align-center elementor-widget kitify elementor-kitify-breadcrumbs\" data-id=\"7b3fbd4\" data-element_type=\"widget\" data-widget_type=\"kitify-breadcrumbs.default\">\n\t\t\t\t<div class=\"elementor-widget-container\">\n\t\t\t\t\t\n\t\t<div class=\"kitify-breadcrumbs\">\n\t\t<div class=\"kitify-breadcrumbs__content\">\n\t\t<div class=\"kitify-breadcrumbs__wrap\"><div class=\"kitify-breadcrumbs__item\"><a href=\"https:\/\/labin.net\/it\/\" class=\"kitify-breadcrumbs__item-link is-home\" rel=\"home\" title=\"Casa\">Casa<\/a><\/div>\n\t\t<\/div>\n\t\t<\/div>\n\t\t<\/div>\t\t\t\t<\/div>\n\t\t\t\t<\/div>\n\t\t\t\t<\/div>\n\t\t<div class=\"elementor-element elementor-element-be9da2e e-flex e-con-boxed kitify-col-width-auto-no ignore-docs-style-no kitify-disable-relative-no e-root-container elementor-top-section e-con e-parent\" data-id=\"be9da2e\" data-element_type=\"container\">\n\t\t\t\t\t<div class=\"e-con-inner\">\n\t\t<div class=\"elementor-element elementor-element-dc33317 e-con-full e-flex kitify-col-width-auto-no ignore-docs-style-no kitify-disable-relative-no e-con e-child\" data-id=\"dc33317\" data-element_type=\"container\">\n\t\t\t\t<div class=\"elementor-element elementor-element-585d227 elementor-widget elementor-widget-accordion\" data-id=\"585d227\" data-element_type=\"widget\" data-widget_type=\"accordion.default\">\n\t\t\t\t<div class=\"elementor-widget-container\">\n\t\t\t\t\t\t\t<div class=\"elementor-accordion\">\n\t\t\t\t\t\t\t<div class=\"elementor-accordion-item\">\n\t\t\t\t\t<div id=\"elementor-tab-title-9261\" class=\"elementor-tab-title\" data-tab=\"1\" role=\"button\" aria-controls=\"elementor-tab-content-9261\" aria-expanded=\"false\">\n\t\t\t\t\t\t\t\t\t\t\t\t\t<span class=\"elementor-accordion-icon elementor-accordion-icon-right\" aria-hidden=\"true\">\n\t\t\t\t\t\t\t\t\t\t\t\t\t\t\t<span class=\"elementor-accordion-icon-closed\"><i class=\"dlicon ui-1_simple-add\"><\/i><\/span>\n\t\t\t\t\t\t\t\t<span class=\"elementor-accordion-icon-opened\"><i class=\"dlicon ui-1_simple-delete\"><\/i><\/span>\n\t\t\t\t\t\t\t\t\t\t\t\t\t\t<\/span>\n\t\t\t\t\t\t\t\t\t\t\t\t<a class=\"elementor-accordion-title\" tabindex=\"0\">Qual \u00e8 la sua politica di restituzione?<\/a>\n\t\t\t\t\t<\/div>\n\t\t\t\t\t<div id=\"elementor-tab-content-9261\" class=\"elementor-tab-content elementor-clearfix\" data-tab=\"1\" role=\"region\" aria-labelledby=\"elementor-tab-title-9261\"><p>Offriamo una politica di restituzione senza problemi. Se non \u00e8 soddisfatto del suo acquisto, pu\u00f2 restituirlo entro 30 giorni per un rimborso completo o un cambio. Per istruzioni dettagliate, consulti la nostra pagina Resi e Cambi.  <\/p>\n<\/div>\n\t\t\t\t<\/div>\n\t\t\t\t\t\t\t<div class=\"elementor-accordion-item\">\n\t\t\t\t\t<div id=\"elementor-tab-title-9262\" class=\"elementor-tab-title\" data-tab=\"2\" role=\"button\" aria-controls=\"elementor-tab-content-9262\" aria-expanded=\"false\">\n\t\t\t\t\t\t\t\t\t\t\t\t\t<span class=\"elementor-accordion-icon elementor-accordion-icon-right\" aria-hidden=\"true\">\n\t\t\t\t\t\t\t\t\t\t\t\t\t\t\t<span class=\"elementor-accordion-icon-closed\"><i class=\"dlicon ui-1_simple-add\"><\/i><\/span>\n\t\t\t\t\t\t\t\t<span class=\"elementor-accordion-icon-opened\"><i class=\"dlicon ui-1_simple-delete\"><\/i><\/span>\n\t\t\t\t\t\t\t\t\t\t\t\t\t\t<\/span>\n\t\t\t\t\t\t\t\t\t\t\t\t<a class=\"elementor-accordion-title\" tabindex=\"0\">Come posso seguire il mio ordine?<\/a>\n\t\t\t\t\t<\/div>\n\t\t\t\t\t<div id=\"elementor-tab-content-9262\" class=\"elementor-tab-content elementor-clearfix\" data-tab=\"2\" role=\"region\" aria-labelledby=\"elementor-tab-title-9262\"><p>Tracciare il suo ordine \u00e8 facile! Una volta spedito il suo ordine, le invieremo un&#8217;e-mail di conferma con un numero di tracciamento. Potr\u00e0 utilizzare questo numero per seguire lo stato del suo ordine sulla nostra pagina di monitoraggio dell&#8217;ordine.  <\/p>\n<\/div>\n\t\t\t\t<\/div>\n\t\t\t\t\t\t\t<div class=\"elementor-accordion-item\">\n\t\t\t\t\t<div id=\"elementor-tab-title-9263\" class=\"elementor-tab-title\" data-tab=\"3\" role=\"button\" aria-controls=\"elementor-tab-content-9263\" aria-expanded=\"false\">\n\t\t\t\t\t\t\t\t\t\t\t\t\t<span class=\"elementor-accordion-icon elementor-accordion-icon-right\" aria-hidden=\"true\">\n\t\t\t\t\t\t\t\t\t\t\t\t\t\t\t<span class=\"elementor-accordion-icon-closed\"><i class=\"dlicon ui-1_simple-add\"><\/i><\/span>\n\t\t\t\t\t\t\t\t<span class=\"elementor-accordion-icon-opened\"><i class=\"dlicon ui-1_simple-delete\"><\/i><\/span>\n\t\t\t\t\t\t\t\t\t\t\t\t\t\t<\/span>\n\t\t\t\t\t\t\t\t\t\t\t\t<a class=\"elementor-accordion-title\" tabindex=\"0\">Quali metodi di pagamento accetta?<\/a>\n\t\t\t\t\t<\/div>\n\t\t\t\t\t<div id=\"elementor-tab-content-9263\" class=\"elementor-tab-content elementor-clearfix\" data-tab=\"3\" role=\"region\" aria-labelledby=\"elementor-tab-title-9263\"><p>Accettiamo le principali carte di credito (Visa, MasterCard, American Express) e PayPal per pagamenti sicuri e convenienti.<\/p>\n<\/div>\n\t\t\t\t<\/div>\n\t\t\t\t\t\t\t<div class=\"elementor-accordion-item\">\n\t\t\t\t\t<div id=\"elementor-tab-title-9264\" class=\"elementor-tab-title\" data-tab=\"4\" role=\"button\" aria-controls=\"elementor-tab-content-9264\" aria-expanded=\"false\">\n\t\t\t\t\t\t\t\t\t\t\t\t\t<span class=\"elementor-accordion-icon elementor-accordion-icon-right\" aria-hidden=\"true\">\n\t\t\t\t\t\t\t\t\t\t\t\t\t\t\t<span class=\"elementor-accordion-icon-closed\"><i class=\"dlicon ui-1_simple-add\"><\/i><\/span>\n\t\t\t\t\t\t\t\t<span class=\"elementor-accordion-icon-opened\"><i class=\"dlicon ui-1_simple-delete\"><\/i><\/span>\n\t\t\t\t\t\t\t\t\t\t\t\t\t\t<\/span>\n\t\t\t\t\t\t\t\t\t\t\t\t<a class=\"elementor-accordion-title\" tabindex=\"0\">Offre spedizioni internazionali?<\/a>\n\t\t\t\t\t<\/div>\n\t\t\t\t\t<div id=\"elementor-tab-content-9264\" class=\"elementor-tab-content elementor-clearfix\" data-tab=\"4\" role=\"region\" aria-labelledby=\"elementor-tab-title-9264\"><p>S\u00ec, offriamo la spedizione internazionale nella maggior parte dei Paesi. Le spese di spedizione e i tempi di consegna possono variare in base alla sua localit\u00e0. Per maggiori dettagli, consulti la nostra pagina Informazioni sulla spedizione.  <\/p>\n<\/div>\n\t\t\t\t<\/div>\n\t\t\t\t\t\t\t<div class=\"elementor-accordion-item\">\n\t\t\t\t\t<div id=\"elementor-tab-title-9265\" class=\"elementor-tab-title\" data-tab=\"5\" role=\"button\" aria-controls=\"elementor-tab-content-9265\" aria-expanded=\"false\">\n\t\t\t\t\t\t\t\t\t\t\t\t\t<span class=\"elementor-accordion-icon elementor-accordion-icon-right\" aria-hidden=\"true\">\n\t\t\t\t\t\t\t\t\t\t\t\t\t\t\t<span class=\"elementor-accordion-icon-closed\"><i class=\"dlicon ui-1_simple-add\"><\/i><\/span>\n\t\t\t\t\t\t\t\t<span class=\"elementor-accordion-icon-opened\"><i class=\"dlicon ui-1_simple-delete\"><\/i><\/span>\n\t\t\t\t\t\t\t\t\t\t\t\t\t\t<\/span>\n\t\t\t\t\t\t\t\t\t\t\t\t<a class=\"elementor-accordion-title\" tabindex=\"0\">Come posso contattare l'assistenza clienti?<\/a>\n\t\t\t\t\t<\/div>\n\t\t\t\t\t<div id=\"elementor-tab-content-9265\" class=\"elementor-tab-content elementor-clearfix\" data-tab=\"5\" role=\"region\" aria-labelledby=\"elementor-tab-title-9265\"><p>Pu\u00f2 raggiungere il nostro cordiale team di assistenza clienti attraverso la nostra pagina Contatti, dove trover\u00e0 un modulo di contatto e il nostro indirizzo e-mail. Siamo qui per assisterla in caso di domande o dubbi. <\/p>\n<\/div>\n\t\t\t\t<\/div>\n\t\t\t\t\t\t\t<div class=\"elementor-accordion-item\">\n\t\t\t\t\t<div id=\"elementor-tab-title-9266\" class=\"elementor-tab-title\" data-tab=\"6\" role=\"button\" aria-controls=\"elementor-tab-content-9266\" aria-expanded=\"false\">\n\t\t\t\t\t\t\t\t\t\t\t\t\t<span class=\"elementor-accordion-icon elementor-accordion-icon-right\" aria-hidden=\"true\">\n\t\t\t\t\t\t\t\t\t\t\t\t\t\t\t<span class=\"elementor-accordion-icon-closed\"><i class=\"dlicon ui-1_simple-add\"><\/i><\/span>\n\t\t\t\t\t\t\t\t<span class=\"elementor-accordion-icon-opened\"><i class=\"dlicon ui-1_simple-delete\"><\/i><\/span>\n\t\t\t\t\t\t\t\t\t\t\t\t\t\t<\/span>\n\t\t\t\t\t\t\t\t\t\t\t\t<a class=\"elementor-accordion-title\" tabindex=\"0\">Le taglie sono fedeli alle misure?<\/a>\n\t\t\t\t\t<\/div>\n\t\t\t\t\t<div id=\"elementor-tab-content-9266\" class=\"elementor-tab-content elementor-clearfix\" data-tab=\"6\" role=\"region\" aria-labelledby=\"elementor-tab-title-9266\"><p>Forniamo tabelle dettagliate delle taglie per ogni prodotto, per aiutarla a trovare la vestibilit\u00e0 perfetta. La preghiamo di consultare la tabella delle taglie sulla pagina del prodotto per assicurarsi di scegliere la taglia giusta. <\/p>\n<\/div>\n\t\t\t\t<\/div>\n\t\t\t\t\t\t\t<div class=\"elementor-accordion-item\">\n\t\t\t\t\t<div id=\"elementor-tab-title-9267\" class=\"elementor-tab-title\" data-tab=\"7\" role=\"button\" aria-controls=\"elementor-tab-content-9267\" aria-expanded=\"false\">\n\t\t\t\t\t\t\t\t\t\t\t\t\t<span class=\"elementor-accordion-icon elementor-accordion-icon-right\" aria-hidden=\"true\">\n\t\t\t\t\t\t\t\t\t\t\t\t\t\t\t<span class=\"elementor-accordion-icon-closed\"><i class=\"dlicon ui-1_simple-add\"><\/i><\/span>\n\t\t\t\t\t\t\t\t<span class=\"elementor-accordion-icon-opened\"><i class=\"dlicon ui-1_simple-delete\"><\/i><\/span>\n\t\t\t\t\t\t\t\t\t\t\t\t\t\t<\/span>\n\t\t\t\t\t\t\t\t\t\t\t\t<a class=\"elementor-accordion-title\" tabindex=\"0\">Posso modificare o cancellare il mio ordine dopo che \u00e8 stato effettuato?<\/a>\n\t\t\t\t\t<\/div>\n\t\t\t\t\t<div id=\"elementor-tab-content-9267\" class=\"elementor-tab-content elementor-clearfix\" data-tab=\"7\" role=\"region\" aria-labelledby=\"elementor-tab-title-9267\"><p>Elaboriamo gli ordini rapidamente per garantire una consegna rapida, quindi le modifiche o le cancellazioni potrebbero essere limitate. Contatti il nostro servizio clienti il prima possibile e faremo del nostro meglio per assisterla. <\/p>\n<\/div>\n\t\t\t\t<\/div>\n\t\t\t\t\t\t\t\t\t\t<script type=\"application\/ld+json\">{\"@context\":\"https:\\\/\\\/schema.org\",\"@type\":\"FAQPage\",\"mainEntity\":[{\"@type\":\"Question\",\"name\":\"Qual \\u00e8 la sua politica di restituzione?\",\"acceptedAnswer\":{\"@type\":\"Answer\",\"text\":\"<p>Offriamo una politica di restituzione senza problemi. Se non \\u00e8 soddisfatto del suo acquisto, pu\\u00f2 restituirlo entro 30 giorni per un rimborso completo o un cambio. Per istruzioni dettagliate, consulti la nostra pagina Resi e Cambi.  <\\\/p>\\n\"}},{\"@type\":\"Question\",\"name\":\"Come posso seguire il mio ordine?\",\"acceptedAnswer\":{\"@type\":\"Answer\",\"text\":\"<p>Tracciare il suo ordine \\u00e8 facile! Una volta spedito il suo ordine, le invieremo un&#8217;e-mail di conferma con un numero di tracciamento. Potr\\u00e0 utilizzare questo numero per seguire lo stato del suo ordine sulla nostra pagina di monitoraggio dell&#8217;ordine.  <\\\/p>\\n\"}},{\"@type\":\"Question\",\"name\":\"Quali metodi di pagamento accetta?\",\"acceptedAnswer\":{\"@type\":\"Answer\",\"text\":\"<p>Accettiamo le principali carte di credito (Visa, MasterCard, American Express) e PayPal per pagamenti sicuri e convenienti.<\\\/p>\\n\"}},{\"@type\":\"Question\",\"name\":\"Offre spedizioni internazionali?\",\"acceptedAnswer\":{\"@type\":\"Answer\",\"text\":\"<p>S\\u00ec, offriamo la spedizione internazionale nella maggior parte dei Paesi. Le spese di spedizione e i tempi di consegna possono variare in base alla sua localit\\u00e0. Per maggiori dettagli, consulti la nostra pagina Informazioni sulla spedizione.  <\\\/p>\\n\"}},{\"@type\":\"Question\",\"name\":\"Come posso contattare l'assistenza clienti?\",\"acceptedAnswer\":{\"@type\":\"Answer\",\"text\":\"<p>Pu\\u00f2 raggiungere il nostro cordiale team di assistenza clienti attraverso la nostra pagina Contatti, dove trover\\u00e0 un modulo di contatto e il nostro indirizzo e-mail. Siamo qui per assisterla in caso di domande o dubbi. <\\\/p>\\n\"}},{\"@type\":\"Question\",\"name\":\"Le taglie sono fedeli alle misure?\",\"acceptedAnswer\":{\"@type\":\"Answer\",\"text\":\"<p>Forniamo tabelle dettagliate delle taglie per ogni prodotto, per aiutarla a trovare la vestibilit\\u00e0 perfetta. La preghiamo di consultare la tabella delle taglie sulla pagina del prodotto per assicurarsi di scegliere la taglia giusta. <\\\/p>\\n\"}},{\"@type\":\"Question\",\"name\":\"Posso modificare o cancellare il mio ordine dopo che \\u00e8 stato effettuato?\",\"acceptedAnswer\":{\"@type\":\"Answer\",\"text\":\"<p>Elaboriamo gli ordini rapidamente per garantire una consegna rapida, quindi le modifiche o le cancellazioni potrebbero essere limitate. Contatti il nostro servizio clienti il prima possibile e faremo del nostro meglio per assisterla. <\\\/p>\\n\"}}]}<\/script>\n\t\t\t\t\t<\/div>\n\t\t\t\t\t\t<\/div>\n\t\t\t\t<\/div>\n\t\t\t\t<\/div>\n\t\t<div class=\"elementor-element elementor-element-85ed140 e-con-full e-flex kitify-col-width-auto-no ignore-docs-style-no kitify-disable-relative-no e-con e-child\" data-id=\"85ed140\" data-element_type=\"container\">\n\t\t\t\t<div class=\"elementor-element elementor-element-feeb9c4 elementor-widget elementor-widget-accordion\" data-id=\"feeb9c4\" data-element_type=\"widget\" data-widget_type=\"accordion.default\">\n\t\t\t\t<div class=\"elementor-widget-container\">\n\t\t\t\t\t\t\t<div class=\"elementor-accordion\">\n\t\t\t\t\t\t\t<div class=\"elementor-accordion-item\">\n\t\t\t\t\t<div id=\"elementor-tab-title-2671\" class=\"elementor-tab-title\" data-tab=\"1\" role=\"button\" aria-controls=\"elementor-tab-content-2671\" aria-expanded=\"false\">\n\t\t\t\t\t\t\t\t\t\t\t\t\t<span class=\"elementor-accordion-icon elementor-accordion-icon-right\" aria-hidden=\"true\">\n\t\t\t\t\t\t\t\t\t\t\t\t\t\t\t<span class=\"elementor-accordion-icon-closed\"><i class=\"dlicon ui-1_simple-add\"><\/i><\/span>\n\t\t\t\t\t\t\t\t<span class=\"elementor-accordion-icon-opened\"><i class=\"dlicon ui-1_simple-delete\"><\/i><\/span>\n\t\t\t\t\t\t\t\t\t\t\t\t\t\t<\/span>\n\t\t\t\t\t\t\t\t\t\t\t\t<a class=\"elementor-accordion-title\" tabindex=\"0\">Offre servizi di confezioni regalo?<\/a>\n\t\t\t\t\t<\/div>\n\t\t\t\t\t<div id=\"elementor-tab-content-2671\" class=\"elementor-tab-content elementor-clearfix\" data-tab=\"1\" role=\"region\" aria-labelledby=\"elementor-tab-title-2671\"><p>S\u00ec, offriamo il servizio di confezione regalo con un piccolo supplemento. Pu\u00f2 selezionare questa opzione durante il processo di acquisto. <\/p>\n<\/div>\n\t\t\t\t<\/div>\n\t\t\t\t\t\t\t<div class=\"elementor-accordion-item\">\n\t\t\t\t\t<div id=\"elementor-tab-title-2672\" class=\"elementor-tab-title\" data-tab=\"2\" role=\"button\" aria-controls=\"elementor-tab-content-2672\" aria-expanded=\"false\">\n\t\t\t\t\t\t\t\t\t\t\t\t\t<span class=\"elementor-accordion-icon elementor-accordion-icon-right\" aria-hidden=\"true\">\n\t\t\t\t\t\t\t\t\t\t\t\t\t\t\t<span class=\"elementor-accordion-icon-closed\"><i class=\"dlicon ui-1_simple-add\"><\/i><\/span>\n\t\t\t\t\t\t\t\t<span class=\"elementor-accordion-icon-opened\"><i class=\"dlicon ui-1_simple-delete\"><\/i><\/span>\n\t\t\t\t\t\t\t\t\t\t\t\t\t\t<\/span>\n\t\t\t\t\t\t\t\t\t\t\t\t<a class=\"elementor-accordion-title\" tabindex=\"0\">Come posso prendermi cura dei miei capi?<\/a>\n\t\t\t\t\t<\/div>\n\t\t\t\t\t<div id=\"elementor-tab-content-2672\" class=\"elementor-tab-content elementor-clearfix\" data-tab=\"2\" role=\"region\" aria-labelledby=\"elementor-tab-title-2672\"><p>Le istruzioni per la cura si trovano solitamente sull&#8217;etichetta del prodotto o sulla pagina del prodotto stesso. Raccomandiamo di seguire le linee guida fornite per garantire la longevit\u00e0 e la qualit\u00e0 dei suoi articoli. <\/p>\n<\/div>\n\t\t\t\t<\/div>\n\t\t\t\t\t\t\t<div class=\"elementor-accordion-item\">\n\t\t\t\t\t<div id=\"elementor-tab-title-2673\" class=\"elementor-tab-title\" data-tab=\"3\" role=\"button\" aria-controls=\"elementor-tab-content-2673\" aria-expanded=\"false\">\n\t\t\t\t\t\t\t\t\t\t\t\t\t<span class=\"elementor-accordion-icon elementor-accordion-icon-right\" aria-hidden=\"true\">\n\t\t\t\t\t\t\t\t\t\t\t\t\t\t\t<span class=\"elementor-accordion-icon-closed\"><i class=\"dlicon ui-1_simple-add\"><\/i><\/span>\n\t\t\t\t\t\t\t\t<span class=\"elementor-accordion-icon-opened\"><i class=\"dlicon ui-1_simple-delete\"><\/i><\/span>\n\t\t\t\t\t\t\t\t\t\t\t\t\t\t<\/span>\n\t\t\t\t\t\t\t\t\t\t\t\t<a class=\"elementor-accordion-title\" tabindex=\"0\">Offre la possibilit\u00e0 di ordinare e spedire online?<\/a>\n\t\t\t\t\t<\/div>\n\t\t\t\t\t<div id=\"elementor-tab-content-2673\" class=\"elementor-tab-content elementor-clearfix\" data-tab=\"3\" role=\"region\" aria-labelledby=\"elementor-tab-title-2673\"><p>S\u00ec, offriamo la possibilit\u00e0 di ordinare online con opzioni di spedizione. Ci contatti per maggiori informazioni. <\/p>\n<\/div>\n\t\t\t\t<\/div>\n\t\t\t\t\t\t\t<div class=\"elementor-accordion-item\">\n\t\t\t\t\t<div id=\"elementor-tab-title-2674\" class=\"elementor-tab-title\" data-tab=\"4\" role=\"button\" aria-controls=\"elementor-tab-content-2674\" aria-expanded=\"false\">\n\t\t\t\t\t\t\t\t\t\t\t\t\t<span class=\"elementor-accordion-icon elementor-accordion-icon-right\" aria-hidden=\"true\">\n\t\t\t\t\t\t\t\t\t\t\t\t\t\t\t<span class=\"elementor-accordion-icon-closed\"><i class=\"dlicon ui-1_simple-add\"><\/i><\/span>\n\t\t\t\t\t\t\t\t<span class=\"elementor-accordion-icon-opened\"><i class=\"dlicon ui-1_simple-delete\"><\/i><\/span>\n\t\t\t\t\t\t\t\t\t\t\t\t\t\t<\/span>\n\t\t\t\t\t\t\t\t\t\t\t\t<a class=\"elementor-accordion-title\" tabindex=\"0\">Posso iscrivermi per ricevere offerte e aggiornamenti esclusivi?<\/a>\n\t\t\t\t\t<\/div>\n\t\t\t\t\t<div id=\"elementor-tab-content-2674\" class=\"elementor-tab-content elementor-clearfix\" data-tab=\"4\" role=\"region\" aria-labelledby=\"elementor-tab-title-2674\"><p>Assolutamente! Si iscriva alla nostra newsletter per ricevere offerte esclusive, promozioni e aggiornamenti sulle ultime tendenze della moda. Pu\u00f2 iscriversi in fondo alla nostra homepage.  <\/p>\n<\/div>\n\t\t\t\t<\/div>\n\t\t\t\t\t\t\t<div class=\"elementor-accordion-item\">\n\t\t\t\t\t<div id=\"elementor-tab-title-2675\" class=\"elementor-tab-title\" data-tab=\"5\" role=\"button\" aria-controls=\"elementor-tab-content-2675\" aria-expanded=\"false\">\n\t\t\t\t\t\t\t\t\t\t\t\t\t<span class=\"elementor-accordion-icon elementor-accordion-icon-right\" aria-hidden=\"true\">\n\t\t\t\t\t\t\t\t\t\t\t\t\t\t\t<span class=\"elementor-accordion-icon-closed\"><i class=\"dlicon ui-1_simple-add\"><\/i><\/span>\n\t\t\t\t\t\t\t\t<span class=\"elementor-accordion-icon-opened\"><i class=\"dlicon ui-1_simple-delete\"><\/i><\/span>\n\t\t\t\t\t\t\t\t\t\t\t\t\t\t<\/span>\n\t\t\t\t\t\t\t\t\t\t\t\t<a class=\"elementor-accordion-title\" tabindex=\"0\">Come si crea un account?<\/a>\n\t\t\t\t\t<\/div>\n\t\t\t\t\t<div id=\"elementor-tab-content-2675\" class=\"elementor-tab-content elementor-clearfix\" data-tab=\"5\" role=\"region\" aria-labelledby=\"elementor-tab-title-2675\"><p>Creare un account \u00e8 facile! Basta cliccare sul link \"Iscriviti\" nella parte superiore della pagina e seguire le istruzioni per inserire i suoi dati. Avr\u00e0 cos\u00ec accesso alla cronologia degli ordini, alle liste dei desideri e ad un checkout pi\u00f9 rapido.  <\/p>\n<\/div>\n\t\t\t\t<\/div>\n\t\t\t\t\t\t\t<div class=\"elementor-accordion-item\">\n\t\t\t\t\t<div id=\"elementor-tab-title-2676\" class=\"elementor-tab-title\" data-tab=\"6\" role=\"button\" aria-controls=\"elementor-tab-content-2676\" aria-expanded=\"false\">\n\t\t\t\t\t\t\t\t\t\t\t\t\t<span class=\"elementor-accordion-icon elementor-accordion-icon-right\" aria-hidden=\"true\">\n\t\t\t\t\t\t\t\t\t\t\t\t\t\t\t<span class=\"elementor-accordion-icon-closed\"><i class=\"dlicon ui-1_simple-add\"><\/i><\/span>\n\t\t\t\t\t\t\t\t<span class=\"elementor-accordion-icon-opened\"><i class=\"dlicon ui-1_simple-delete\"><\/i><\/span>\n\t\t\t\t\t\t\t\t\t\t\t\t\t\t<\/span>\n\t\t\t\t\t\t\t\t\t\t\t\t<a class=\"elementor-accordion-title\" tabindex=\"0\">Cosa succede se un articolo che desidero \u00e8 esaurito?<\/a>\n\t\t\t\t\t<\/div>\n\t\t\t\t\t<div id=\"elementor-tab-content-2676\" class=\"elementor-tab-content elementor-clearfix\" data-tab=\"6\" role=\"region\" aria-labelledby=\"elementor-tab-title-2676\"><p>Se un articolo di suo interesse \u00e8 attualmente esaurito, pu\u00f2 iscriversi alle notifiche per essere avvisato quando sar\u00e0 nuovamente disponibile. Basta inserire il suo indirizzo e-mail nella pagina del prodotto e la informeremo non appena sar\u00e0 di nuovo disponibile. <\/p>\n<\/div>\n\t\t\t\t<\/div>\n\t\t\t\t\t\t\t<div class=\"elementor-accordion-item\">\n\t\t\t\t\t<div id=\"elementor-tab-title-2677\" class=\"elementor-tab-title\" data-tab=\"7\" role=\"button\" aria-controls=\"elementor-tab-content-2677\" aria-expanded=\"false\">\n\t\t\t\t\t\t\t\t\t\t\t\t\t<span class=\"elementor-accordion-icon elementor-accordion-icon-right\" aria-hidden=\"true\">\n\t\t\t\t\t\t\t\t\t\t\t\t\t\t\t<span class=\"elementor-accordion-icon-closed\"><i class=\"dlicon ui-1_simple-add\"><\/i><\/span>\n\t\t\t\t\t\t\t\t<span class=\"elementor-accordion-icon-opened\"><i class=\"dlicon ui-1_simple-delete\"><\/i><\/span>\n\t\t\t\t\t\t\t\t\t\t\t\t\t\t<\/span>\n\t\t\t\t\t\t\t\t\t\t\t\t<a class=\"elementor-accordion-title\" tabindex=\"0\">Posso cambiare il mio indirizzo di spedizione dopo aver effettuato un ordine?<\/a>\n\t\t\t\t\t<\/div>\n\t\t\t\t\t<div id=\"elementor-tab-content-2677\" class=\"elementor-tab-content elementor-clearfix\" data-tab=\"7\" role=\"region\" aria-labelledby=\"elementor-tab-title-2677\"><p>La preghiamo di contattare il nostro team di assistenza clienti il prima possibile se ha bisogno di modificare il suo indirizzo di spedizione dopo aver effettuato un ordine. Faremo del nostro meglio per assisterla, anche se le modifiche potrebbero essere soggette alla fase di elaborazione dell&#8217;ordine. <\/p>\n<\/div>\n\t\t\t\t<\/div>\n\t\t\t\t\t\t\t\t\t\t<script type=\"application\/ld+json\">{\"@context\":\"https:\\\/\\\/schema.org\",\"@type\":\"FAQPage\",\"mainEntity\":[{\"@type\":\"Question\",\"name\":\"Offre servizi di confezioni regalo?\",\"acceptedAnswer\":{\"@type\":\"Answer\",\"text\":\"<p>S\\u00ec, offriamo il servizio di confezione regalo con un piccolo supplemento. Pu\\u00f2 selezionare questa opzione durante il processo di acquisto. <\\\/p>\\n\"}},{\"@type\":\"Question\",\"name\":\"Come posso prendermi cura dei miei capi?\",\"acceptedAnswer\":{\"@type\":\"Answer\",\"text\":\"<p>Le istruzioni per la cura si trovano solitamente sull&#8217;etichetta del prodotto o sulla pagina del prodotto stesso. Raccomandiamo di seguire le linee guida fornite per garantire la longevit\\u00e0 e la qualit\\u00e0 dei suoi articoli. <\\\/p>\\n\"}},{\"@type\":\"Question\",\"name\":\"Offre la possibilit\\u00e0 di ordinare e spedire online?\",\"acceptedAnswer\":{\"@type\":\"Answer\",\"text\":\"<p>S\\u00ec, offriamo la possibilit\\u00e0 di ordinare online con opzioni di spedizione. Ci contatti per maggiori informazioni. <\\\/p>\\n\"}},{\"@type\":\"Question\",\"name\":\"Posso iscrivermi per ricevere offerte e aggiornamenti esclusivi?\",\"acceptedAnswer\":{\"@type\":\"Answer\",\"text\":\"<p>Assolutamente! Si iscriva alla nostra newsletter per ricevere offerte esclusive, promozioni e aggiornamenti sulle ultime tendenze della moda. Pu\\u00f2 iscriversi in fondo alla nostra homepage.  <\\\/p>\\n\"}},{\"@type\":\"Question\",\"name\":\"Come si crea un account?\",\"acceptedAnswer\":{\"@type\":\"Answer\",\"text\":\"<p>Creare un account \\u00e8 facile! Basta cliccare sul link \\\"Iscriviti\\\" nella parte superiore della pagina e seguire le istruzioni per inserire i suoi dati. Avr\\u00e0 cos\\u00ec accesso alla cronologia degli ordini, alle liste dei desideri e ad un checkout pi\\u00f9 rapido.  <\\\/p>\\n\"}},{\"@type\":\"Question\",\"name\":\"Cosa succede se un articolo che desidero \\u00e8 esaurito?\",\"acceptedAnswer\":{\"@type\":\"Answer\",\"text\":\"<p>Se un articolo di suo interesse \\u00e8 attualmente esaurito, pu\\u00f2 iscriversi alle notifiche per essere avvisato quando sar\\u00e0 nuovamente disponibile. Basta inserire il suo indirizzo e-mail nella pagina del prodotto e la informeremo non appena sar\\u00e0 di nuovo disponibile. <\\\/p>\\n\"}},{\"@type\":\"Question\",\"name\":\"Posso cambiare il mio indirizzo di spedizione dopo aver effettuato un ordine?\",\"acceptedAnswer\":{\"@type\":\"Answer\",\"text\":\"<p>La preghiamo di contattare il nostro team di assistenza clienti il prima possibile se ha bisogno di modificare il suo indirizzo di spedizione dopo aver effettuato un ordine. Faremo del nostro meglio per assisterla, anche se le modifiche potrebbero essere soggette alla fase di elaborazione dell&#8217;ordine. <\\\/p>\\n\"}}]}<\/script>\n\t\t\t\t\t<\/div>\n\t\t\t\t\t\t<\/div>\n\t\t\t\t<\/div>\n\t\t\t\t<\/div>\n\t\t\t\t\t<\/div>\n\t\t\t\t<\/div>\n\t\t\t\t<\/div>\n\t\t","protected":false},"excerpt":{"rendered":"<p>Inicio Qual \u00e8 la sua politica di restituzione? Offriamo una politica di restituzione senza problemi. Se non \u00e8 soddisfatto del suo acquisto, pu\u00f2 restituirlo entro 30 giorni per un rimborso completo o un cambio. Per istruzioni dettagliate, consulti la nostra pagina Resi e Cambi. Come posso seguire il mio ordine? Tracciare il suo ordine \u00e8 facile! Una volta spedito il\u2026<\/p>\n","protected":false},"author":1,"featured_media":0,"parent":0,"menu_order":0,"comment_status":"closed","ping_status":"closed","template":"","meta":{"_acf_changed":false,"footnotes":""},"class_list":["post-37093","page","type-page","status-publish","hentry"],"acf":[],"_links":{"self":[{"href":"https:\/\/labin.net\/it\/wp-json\/wp\/v2\/pages\/37093","targetHints":{"allow":["GET"]}}],"collection":[{"href":"https:\/\/labin.net\/it\/wp-json\/wp\/v2\/pages"}],"about":[{"href":"https:\/\/labin.net\/it\/wp-json\/wp\/v2\/types\/page"}],"author":[{"embeddable":true,"href":"https:\/\/labin.net\/it\/wp-json\/wp\/v2\/users\/1"}],"replies":[{"embeddable":true,"href":"https:\/\/labin.net\/it\/wp-json\/wp\/v2\/comments?post=37093"}],"version-history":[{"count":1,"href":"https:\/\/labin.net\/it\/wp-json\/wp\/v2\/pages\/37093\/revisions"}],"predecessor-version":[{"id":37094,"href":"https:\/\/labin.net\/it\/wp-json\/wp\/v2\/pages\/37093\/revisions\/37094"}],"wp:attachment":[{"href":"https:\/\/labin.net\/it\/wp-json\/wp\/v2\/media?parent=37093"}],"curies":[{"name":"wp","href":"https:\/\/api.w.org\/{rel}","templated":true}]}}