{"id":38464,"date":"2026-02-03T10:39:43","date_gmt":"2026-02-03T10:39:43","guid":{"rendered":"https:\/\/labin.net\/?post_type=product&#038;p=38464"},"modified":"2026-02-03T10:53:04","modified_gmt":"2026-02-03T10:53:04","slug":"labicuper-evo","status":"publish","type":"product","link":"https:\/\/labin.net\/fr\/producto\/labicuper-evo\/","title":{"rendered":"LABICUPER EVO"},"content":{"rendered":"<p><strong>Le LABICUPER EVO est une solution nutritive a base de cuivre.<\/strong><\/p>\n<p>L\u2019action syst\u00e9mique du <b>LABICUPER EVO<\/b> permet une r\u00e9partition\u00a0\u00a0\u00a0\u00a0 r\u00e9guli\u00e8re dans toutes les parties de la plante. Sa formulation (s\u00e9lection rigoureuse des mati\u00e8res premi\u00e8res) lui conf\u00e8re une\u00a0\u00a0\u00a0\u00a0\u00a0 capacit\u00e9 d\u2019assimilation optimale en application foliaire, comme en application racinaire.<\/p>\n<p><strong>Le cuivre contribue \u00e0 la constitution de plusieurs enzymes et des\u00a0\u00a0 parois cellulaires de la plante. Il fortifie ces parois pour les renforcer face aux al\u00e9as ext\u00e9rieurs.<\/strong><\/p>\n<p>&nbsp;<\/p>\n","protected":false},"excerpt":{"rendered":"<ul>\n<li><b>Haute assimilabilit\u00e9<\/b><\/li>\n<li><b>Fortifie les parois cellulaires<\/b><\/li>\n<li><b>Stimule le m\u00e9tabolisme g\u00e9n\u00e9ral de la plante<\/b><\/li>\n<\/ul>\n","protected":false},"featured_media":38477,"comment_status":"closed","ping_status":"closed","template":"","meta":{"_acf_changed":false},"cultivo":[342,371,404,431,463,518,343,373,405,436,464,519,344,374,406,437,470,524,348,375,408,438,471,525,349,377,409,439,472,526,350,378,410,440,473,354,383,411,445,474,355,384,412,446,480,356,385,418,447,481,360,389,419,448,482,361,390,420,453,483,363,391,421,454,484,364,396,427,455,490,365,397,428,456,491,336,369,398,429,457,492,338,370,399,430,462,493],"ecologico":[825],"medioambiente":[843],"solucion":[928,945,957,896,916],"tipo-de-aplicacion":[815,527,809],"product_brand":[],"product_cat":[968,1012],"product_tag":[],"class_list":{"0":"post-38464","1":"product","2":"type-product","3":"status-publish","4":"has-post-thumbnail","6":"cultivo-horticulture","7":"cultivo-cacao","8":"cultivo-vigne","9":"cultivo-ail","10":"cultivo-melon","11":"cultivo-extensions","12":"cultivo-parcs-et-jardins","13":"cultivo-cafe","14":"cultivo-canne-a-sucre","15":"cultivo-aubergine","16":"cultivo-navet","17":"cultivo-cereales","18":"cultivo-abricot","19":"cultivo-carambole","20":"cultivo-pomme-a-la-creme","21":"cultivo-patate-douce","22":"cultivo-pommes-de-terre","23":"cultivo-fourrages-et-paturages","24":"cultivo-amandier","25":"cultivo-lima","26":"cultivo-coco","27":"cultivo-brocoli","28":"cultivo-concombre","29":"cultivo-legumineuses-extensives","30":"cultivo-noisette","31":"cultivo-mandarino","32":"cultivo-fruits-rouges-baies","33":"cultivo-courgette","34":"cultivo-poivre","35":"cultivo-graines-oleagineuses","36":"cultivo-kaki","37":"cultivo-manzano","38":"cultivo-goyave","39":"cultivo-citrouille","40":"cultivo-poireau","41":"cultivo-marron","42":"cultivo-peche","43":"cultivo-litchi","44":"cultivo-oignon","45":"cultivo-radis","46":"cultivo-cerise","47":"cultivo-membrillero","48":"cultivo-poignee","49":"cultivo-col","50":"cultivo-betterave","51":"cultivo-prune","52":"cultivo-oranger","53":"cultivo-fruit-de-la-passion","54":"cultivo-choux-de-bruxelles","55":"cultivo-roquette","56":"cultivo-clementino","57":"cultivo-nectarine","58":"cultivo-papaye","59":"cultivo-chou-fleur","60":"cultivo-pasteque","61":"cultivo-grenade","62":"cultivo-noyer","63":"cultivo-ananas","64":"cultivo-endive","65":"cultivo-soja-vert","66":"cultivo-higuera","67":"cultivo-olivier","68":"cultivo-pitahaya","69":"cultivo-epinards","70":"cultivo-tomate","71":"cultivo-kiwi","72":"cultivo-vigne-ornementale","73":"cultivo-tamarin","74":"cultivo-pois","75":"cultivo-carotte","76":"cultivo-citronnier","77":"cultivo-peral","78":"cultivo-the","79":"cultivo-petit-haricot","80":"cultivo-arbres-dornement","81":"cultivo-arbres-fruitiers","82":"cultivo-avocat","83":"cultivo-pistache","84":"cultivo-manioc","85":"cultivo-haricot-vert","86":"cultivo-cespedes","87":"cultivo-tropical","88":"cultivo-banane-plantain","89":"cultivo-pamplemousse","90":"cultivo-bette-a-carde","91":"cultivo-laitue","92":"cultivo-fleurs","93":"ecologico-si","94":"medioambiente-efficacite-de-lutilisation-des-nutriments","95":"solucion-stress-abiotique","96":"solucion-amelioration-de-la-qualite-des-fruits","97":"solucion-prevencion","98":"solucion-carence-en-cu","99":"solucion-vigueur-verdure-et-sante","100":"tipo-de-aplicacion-dron","101":"tipo-de-aplicacion-fertigation","102":"tipo-de-aplicacion-foliaire","103":"product_cat-biostimulant","104":"product_cat-specialites","106":"first","107":"instock","108":"shipping-taxable","109":"product-type-simple"},"acf":[],"_links":{"self":[{"href":"https:\/\/labin.net\/fr\/wp-json\/wp\/v2\/product\/38464","targetHints":{"allow":["GET"]}}],"collection":[{"href":"https:\/\/labin.net\/fr\/wp-json\/wp\/v2\/product"}],"about":[{"href":"https:\/\/labin.net\/fr\/wp-json\/wp\/v2\/types\/product"}],"replies":[{"embeddable":true,"href":"https:\/\/labin.net\/fr\/wp-json\/wp\/v2\/comments?post=38464"}],"wp:featuredmedia":[{"embeddable":true,"href":"https:\/\/labin.net\/fr\/wp-json\/wp\/v2\/media\/38477"}],"wp:attachment":[{"href":"https:\/\/labin.net\/fr\/wp-json\/wp\/v2\/media?parent=38464"}],"wp:term":[{"taxonomy":"cultivo","embeddable":true,"href":"https:\/\/labin.net\/fr\/wp-json\/wp\/v2\/cultivo?post=38464"},{"taxonomy":"ecologico","embeddable":true,"href":"https:\/\/labin.net\/fr\/wp-json\/wp\/v2\/ecologico?post=38464"},{"taxonomy":"medioambiente","embeddable":true,"href":"https:\/\/labin.net\/fr\/wp-json\/wp\/v2\/medioambiente?post=38464"},{"taxonomy":"solucion","embeddable":true,"href":"https:\/\/labin.net\/fr\/wp-json\/wp\/v2\/solucion?post=38464"},{"taxonomy":"tipo-de-aplicacion","embeddable":true,"href":"https:\/\/labin.net\/fr\/wp-json\/wp\/v2\/tipo-de-aplicacion?post=38464"},{"taxonomy":"product_brand","embeddable":true,"href":"https:\/\/labin.net\/fr\/wp-json\/wp\/v2\/product_brand?post=38464"},{"taxonomy":"product_cat","embeddable":true,"href":"https:\/\/labin.net\/fr\/wp-json\/wp\/v2\/product_cat?post=38464"},{"taxonomy":"product_tag","embeddable":true,"href":"https:\/\/labin.net\/fr\/wp-json\/wp\/v2\/product_tag?post=38464"}],"curies":[{"name":"wp","href":"https:\/\/api.w.org\/{rel}","templated":true}]}}