{"id":38224,"date":"2026-01-26T10:08:04","date_gmt":"2026-01-26T10:08:04","guid":{"rendered":"https:labin.net\/?post_type=product&#038;p=38224"},"modified":"2026-01-26T10:14:43","modified_gmt":"2026-01-26T10:14:43","slug":"orgamax-60","status":"publish","type":"product","link":"https:\/\/labin.net\/fr\/producto\/orgamax-60\/","title":{"rendered":"ORGAMAX 60"},"content":{"rendered":"<p><b>ORGAMAX 60 <\/b>est un amendement organique issu de fientes de poules sp\u00e9ciaux soigneusement s\u00e9lectionn\u00e9s et trait\u00e9s.<\/p>\n<p><b>Par sa richesse en MATI\u00c8RE ORGANIQUE et en SUBSTANCES\u00a0 HUMIQUES, il modifie les propri\u00e9t\u00e9s chimiques du sol<\/b>, en\u00a0\u00a0\u00a0\u00a0\u00a0\u00a0 am\u00e9liorant sa capacit\u00e9 d\u2019\u00e9change cationique (complexe\u00a0\u00a0\u00a0\u00a0\u00a0\u00a0\u00a0\u00a0\u00a0\u00a0\u00a0\u00a0\u00a0\u00a0 argilo-humique) et <b>en d\u00e9bloquant les nutriments pr\u00e9sents dans le sol, facilitant ainsi une meilleure assimilation<\/b>.<\/p>\n<p>Produit d\u2019origine naturelle, sans germes pathog\u00e8nes ni m\u00e9taux lourds. <b>Stable et bien pr\u00e9sent\u00e9, sans mauvaises odeurs ni\u00a0\u00a0\u00a0\u00a0\u00a0\u00a0\u00a0 d\u00e9compositions<\/b>. Soumis \u00e0 un processus de fabrication rigoureux, cet engrais ne pr\u00e9sente aucun danger de fermentation ni de r\u00e9actions incontr\u00f4l\u00e9es. <b>Peut \u00eatre applique \u00e0 l\u2019aide de n\u2019importe quel distributeur d\u2019engrais. <\/b><\/p>\n","protected":false},"excerpt":{"rendered":"<ul>\n<li><b>Meilleure assimilation des nutriments<\/b><\/li>\n<li><b>Mati\u00e8re organique totalement stable<\/b><\/li>\n<li><b>Am\u00e9lioration de la fertilit\u00e9 du sol <\/b><\/li>\n<li><b>Effet catalysateur<\/b><\/li>\n<li><b>Engrais sous forme granul\u00e9s<\/b><\/li>\n<li><b>Utilisable en Agriculture Biologique<\/b><\/li>\n<\/ul>\n","protected":false},"featured_media":35464,"comment_status":"closed","ping_status":"closed","template":"","meta":{"_acf_changed":false},"cultivo":[427,455,490,364,396,428,456,491,365,397,429,457,492,336,369,398,430,462,493,338,370,399,431,463,518,342,371,404,436,464,519,343,373,405,437,470,524,344,374,406,438,471,525,348,375,408,439,472,526,349,377,409,440,473,350,378,410,445,474,354,383,411,446,480,355,384,412,447,481,356,385,418,448,482,360,389,419,453,483,361,390,420,454,484,363,391,421],"ecologico":[825],"medioambiente":[833,843],"solucion":[942],"tipo-de-aplicacion":[494],"product_brand":[],"product_cat":[988],"product_tag":[],"class_list":{"0":"post-38224","1":"product","2":"type-product","3":"status-publish","4":"has-post-thumbnail","6":"cultivo-tamarin","7":"cultivo-pois","8":"cultivo-carotte","9":"cultivo-kiwi","10":"cultivo-vigne-ornementale","11":"cultivo-the","12":"cultivo-petit-haricot","13":"cultivo-arbres-dornement","14":"cultivo-citronnier","15":"cultivo-peral","16":"cultivo-manioc","17":"cultivo-haricot-vert","18":"cultivo-cespedes","19":"cultivo-arbres-fruitiers","20":"cultivo-avocat","21":"cultivo-pistache","22":"cultivo-bette-a-carde","23":"cultivo-laitue","24":"cultivo-fleurs","25":"cultivo-tropical","26":"cultivo-banane-plantain","27":"cultivo-pamplemousse","28":"cultivo-ail","29":"cultivo-melon","30":"cultivo-extensions","31":"cultivo-horticulture","32":"cultivo-cacao","33":"cultivo-vigne","34":"cultivo-aubergine","35":"cultivo-navet","36":"cultivo-cereales","37":"cultivo-parcs-et-jardins","38":"cultivo-cafe","39":"cultivo-canne-a-sucre","40":"cultivo-patate-douce","41":"cultivo-pommes-de-terre","42":"cultivo-fourrages-et-paturages","43":"cultivo-abricot","44":"cultivo-carambole","45":"cultivo-pomme-a-la-creme","46":"cultivo-brocoli","47":"cultivo-concombre","48":"cultivo-legumineuses-extensives","49":"cultivo-amandier","50":"cultivo-lima","51":"cultivo-coco","52":"cultivo-courgette","53":"cultivo-poivre","54":"cultivo-graines-oleagineuses","55":"cultivo-noisette","56":"cultivo-mandarino","57":"cultivo-fruits-rouges-baies","58":"cultivo-citrouille","59":"cultivo-poireau","60":"cultivo-kaki","61":"cultivo-manzano","62":"cultivo-goyave","63":"cultivo-oignon","64":"cultivo-radis","65":"cultivo-marron","66":"cultivo-peche","67":"cultivo-litchi","68":"cultivo-col","69":"cultivo-betterave","70":"cultivo-cerise","71":"cultivo-membrillero","72":"cultivo-poignee","73":"cultivo-choux-de-bruxelles","74":"cultivo-roquette","75":"cultivo-prune","76":"cultivo-oranger","77":"cultivo-fruit-de-la-passion","78":"cultivo-chou-fleur","79":"cultivo-pasteque","80":"cultivo-clementino","81":"cultivo-nectarine","82":"cultivo-papaye","83":"cultivo-endive","84":"cultivo-soja-vert","85":"cultivo-grenade","86":"cultivo-noyer","87":"cultivo-ananas","88":"cultivo-epinards","89":"cultivo-tomate","90":"cultivo-higuera","91":"cultivo-olivier","92":"cultivo-pitahaya","93":"ecologico-si","94":"medioambiente-reduction-de-lempreinte-carbone","95":"medioambiente-efficacite-de-lutilisation-des-nutriments","96":"solucion-ameliorer-sante-des-sols","97":"tipo-de-aplicacion-epandage-sur-le-sol","98":"product_cat-amendements","100":"first","101":"instock","102":"shipping-taxable","103":"product-type-simple"},"acf":[],"_links":{"self":[{"href":"https:\/\/labin.net\/fr\/wp-json\/wp\/v2\/product\/38224","targetHints":{"allow":["GET"]}}],"collection":[{"href":"https:\/\/labin.net\/fr\/wp-json\/wp\/v2\/product"}],"about":[{"href":"https:\/\/labin.net\/fr\/wp-json\/wp\/v2\/types\/product"}],"replies":[{"embeddable":true,"href":"https:\/\/labin.net\/fr\/wp-json\/wp\/v2\/comments?post=38224"}],"wp:featuredmedia":[{"embeddable":true,"href":"https:\/\/labin.net\/fr\/wp-json\/wp\/v2\/media\/35464"}],"wp:attachment":[{"href":"https:\/\/labin.net\/fr\/wp-json\/wp\/v2\/media?parent=38224"}],"wp:term":[{"taxonomy":"cultivo","embeddable":true,"href":"https:\/\/labin.net\/fr\/wp-json\/wp\/v2\/cultivo?post=38224"},{"taxonomy":"ecologico","embeddable":true,"href":"https:\/\/labin.net\/fr\/wp-json\/wp\/v2\/ecologico?post=38224"},{"taxonomy":"medioambiente","embeddable":true,"href":"https:\/\/labin.net\/fr\/wp-json\/wp\/v2\/medioambiente?post=38224"},{"taxonomy":"solucion","embeddable":true,"href":"https:\/\/labin.net\/fr\/wp-json\/wp\/v2\/solucion?post=38224"},{"taxonomy":"tipo-de-aplicacion","embeddable":true,"href":"https:\/\/labin.net\/fr\/wp-json\/wp\/v2\/tipo-de-aplicacion?post=38224"},{"taxonomy":"product_brand","embeddable":true,"href":"https:\/\/labin.net\/fr\/wp-json\/wp\/v2\/product_brand?post=38224"},{"taxonomy":"product_cat","embeddable":true,"href":"https:\/\/labin.net\/fr\/wp-json\/wp\/v2\/product_cat?post=38224"},{"taxonomy":"product_tag","embeddable":true,"href":"https:\/\/labin.net\/fr\/wp-json\/wp\/v2\/product_tag?post=38224"}],"curies":[{"name":"wp","href":"https:\/\/api.w.org\/{rel}","templated":true}]}}