{"id":37784,"date":"2025-12-05T11:01:08","date_gmt":"2025-12-05T11:01:08","guid":{"rendered":"https:labin.net\/producto\/labinor-biochar\/"},"modified":"2025-12-05T11:01:08","modified_gmt":"2025-12-05T11:01:08","slug":"labinor-biochar","status":"publish","type":"product","link":"https:\/\/labin.net\/fr\/producto\/labinor-biochar\/","title":{"rendered":"LABINOR BIOCHAR"},"content":{"rendered":"<p><strong>LABINOR BIOCHAR<\/strong>, d\u00e9velopp\u00e9 avec du charbon d&rsquo;argile, approuv\u00e9 comme substance de base, a un effet protecteur contre l&rsquo;amadou. En outre, le charbon d&rsquo;argile a la capacit\u00e9 de d\u00e9toxifier le sol des m\u00e9taux lourds et autres polluants, et a un effet positif sur le r\u00e9chauffement climatique, \u00e9tant donn\u00e9 sa capacit\u00e9 \u00e0 fixer le<sub>CO2<\/sub> dans le sol. <\/p>\n<p><strong>LABINOR BIOCHAR <\/strong>limite la sporulation des champignons responsables de l&rsquo;amidonnage et pi\u00e8ge leurs toxines. Comme il s&rsquo;agit d&rsquo;un produit granul\u00e9, il peut \u00eatre appliqu\u00e9 avec n&rsquo;importe quel type d&rsquo;\u00e9pandeur d&rsquo;engrais et peut \u00eatre appliqu\u00e9 directement sur le sol ou par enfouissement. Au d\u00e9but de la croissance v\u00e9g\u00e9tative pour b\u00e9n\u00e9ficier de tous ses avantages dans le contr\u00f4le de la maladie.  <\/p>\n","protected":false},"excerpt":{"rendered":"<ul>\n<li>Argile granul\u00e9e charbon de bois<\/li>\n<li>Substance de base pour le contr\u00f4le de l&rsquo;amadou<\/li>\n<li>Stimulation du m\u00e9tabolisme des plantes<\/li>\n<\/ul>\n","protected":false},"featured_media":10080,"comment_status":"closed","ping_status":"closed","template":"","meta":{"_acf_changed":false},"cultivo":[336,369,398,429,457,492,338,370,399,430,462,493,342,371,404,431,463,518,343,373,405,436,464,519,344,374,406,437,470,524,348,375,408,438,471,525,349,377,409,439,472,526,350,378,410,440,473,354,383,411,445,474,355,384,412,446,480,356,385,418,447,481,360,389,419,448,482,361,390,420,453,483,363,391,421,454,484,364,396,427,455,490,365,397,428,456,491],"ecologico":[828],"medioambiente":[833,843],"solucion":[942,957],"tipo-de-aplicacion":[494],"product_brand":[],"product_cat":[983,994],"product_tag":[],"class_list":{"0":"post-37784","1":"product","2":"type-product","3":"status-publish","4":"has-post-thumbnail","6":"cultivo-arbres-fruitiers","7":"cultivo-avocat","8":"cultivo-pistache","9":"cultivo-manioc","10":"cultivo-haricot-vert","11":"cultivo-cespedes","12":"cultivo-tropical","13":"cultivo-banane-plantain","14":"cultivo-pamplemousse","15":"cultivo-bette-a-carde","16":"cultivo-laitue","17":"cultivo-fleurs","18":"cultivo-horticulture","19":"cultivo-cacao","20":"cultivo-vigne","21":"cultivo-ail","22":"cultivo-melon","23":"cultivo-extensions","24":"cultivo-parcs-et-jardins","25":"cultivo-cafe","26":"cultivo-canne-a-sucre","27":"cultivo-aubergine","28":"cultivo-navet","29":"cultivo-cereales","30":"cultivo-abricot","31":"cultivo-carambole","32":"cultivo-pomme-a-la-creme","33":"cultivo-patate-douce","34":"cultivo-pommes-de-terre","35":"cultivo-fourrages-et-paturages","36":"cultivo-amandier","37":"cultivo-lima","38":"cultivo-coco","39":"cultivo-brocoli","40":"cultivo-concombre","41":"cultivo-legumineuses-extensives","42":"cultivo-noisette","43":"cultivo-mandarino","44":"cultivo-fruits-rouges-baies","45":"cultivo-courgette","46":"cultivo-poivre","47":"cultivo-graines-oleagineuses","48":"cultivo-kaki","49":"cultivo-manzano","50":"cultivo-goyave","51":"cultivo-citrouille","52":"cultivo-poireau","53":"cultivo-marron","54":"cultivo-peche","55":"cultivo-litchi","56":"cultivo-oignon","57":"cultivo-radis","58":"cultivo-cerise","59":"cultivo-membrillero","60":"cultivo-poignee","61":"cultivo-col","62":"cultivo-betterave","63":"cultivo-prune","64":"cultivo-oranger","65":"cultivo-fruit-de-la-passion","66":"cultivo-choux-de-bruxelles","67":"cultivo-roquette","68":"cultivo-clementino","69":"cultivo-nectarine","70":"cultivo-papaye","71":"cultivo-chou-fleur","72":"cultivo-pasteque","73":"cultivo-grenade","74":"cultivo-noyer","75":"cultivo-ananas","76":"cultivo-endive","77":"cultivo-soja-vert","78":"cultivo-higuera","79":"cultivo-olivier","80":"cultivo-pitahaya","81":"cultivo-epinards","82":"cultivo-tomate","83":"cultivo-kiwi","84":"cultivo-vigne-ornementale","85":"cultivo-tamarin","86":"cultivo-pois","87":"cultivo-carotte","88":"cultivo-citronnier","89":"cultivo-peral","90":"cultivo-the","91":"cultivo-petit-haricot","92":"cultivo-arbres-dornement","93":"ecologico-no","94":"medioambiente-reduction-de-lempreinte-carbone","95":"medioambiente-efficacite-de-lutilisation-des-nutriments","96":"solucion-ameliorer-sante-des-sols","97":"solucion-prevencion","98":"tipo-de-aplicacion-epandage-sur-le-sol","99":"product_cat-engrais-granules-et-microgranules","100":"product_cat-substances-de-base","102":"first","103":"instock","104":"shipping-taxable","105":"product-type-simple"},"acf":[],"_links":{"self":[{"href":"https:\/\/labin.net\/fr\/wp-json\/wp\/v2\/product\/37784","targetHints":{"allow":["GET"]}}],"collection":[{"href":"https:\/\/labin.net\/fr\/wp-json\/wp\/v2\/product"}],"about":[{"href":"https:\/\/labin.net\/fr\/wp-json\/wp\/v2\/types\/product"}],"replies":[{"embeddable":true,"href":"https:\/\/labin.net\/fr\/wp-json\/wp\/v2\/comments?post=37784"}],"wp:featuredmedia":[{"embeddable":true,"href":"https:\/\/labin.net\/fr\/wp-json\/wp\/v2\/media\/10080"}],"wp:attachment":[{"href":"https:\/\/labin.net\/fr\/wp-json\/wp\/v2\/media?parent=37784"}],"wp:term":[{"taxonomy":"cultivo","embeddable":true,"href":"https:\/\/labin.net\/fr\/wp-json\/wp\/v2\/cultivo?post=37784"},{"taxonomy":"ecologico","embeddable":true,"href":"https:\/\/labin.net\/fr\/wp-json\/wp\/v2\/ecologico?post=37784"},{"taxonomy":"medioambiente","embeddable":true,"href":"https:\/\/labin.net\/fr\/wp-json\/wp\/v2\/medioambiente?post=37784"},{"taxonomy":"solucion","embeddable":true,"href":"https:\/\/labin.net\/fr\/wp-json\/wp\/v2\/solucion?post=37784"},{"taxonomy":"tipo-de-aplicacion","embeddable":true,"href":"https:\/\/labin.net\/fr\/wp-json\/wp\/v2\/tipo-de-aplicacion?post=37784"},{"taxonomy":"product_brand","embeddable":true,"href":"https:\/\/labin.net\/fr\/wp-json\/wp\/v2\/product_brand?post=37784"},{"taxonomy":"product_cat","embeddable":true,"href":"https:\/\/labin.net\/fr\/wp-json\/wp\/v2\/product_cat?post=37784"},{"taxonomy":"product_tag","embeddable":true,"href":"https:\/\/labin.net\/fr\/wp-json\/wp\/v2\/product_tag?post=37784"}],"curies":[{"name":"wp","href":"https:\/\/api.w.org\/{rel}","templated":true}]}}