{"id":37777,"date":"2025-12-05T11:00:56","date_gmt":"2025-12-05T11:00:56","guid":{"rendered":"https:labin.net\/producto\/labin-humipower\/"},"modified":"2025-12-05T11:00:56","modified_gmt":"2025-12-05T11:00:56","slug":"labin-humipower","status":"publish","type":"product","link":"https:\/\/labin.net\/fr\/producto\/labin-humipower\/","title":{"rendered":"LABIN HUMIPOWER"},"content":{"rendered":"<p>Produit solide \u00e0 base d&rsquo;un concentr\u00e9 d&rsquo;acides humiques extraits de jeunes l\u00e9onardites actives.<\/p>\n<p>Il a l&rsquo;avantage de r\u00e9sister \u00e0 l&rsquo;eau dure, de contr\u00f4ler l&rsquo;apparition de flocs et de d\u00e9p\u00f4ts dans la solution nutritive. Son faible poids mol\u00e9culaire favorise sa capacit\u00e9 \u00e0 former des complexes et son absorption par la plante. <\/p>\n<p>Gr\u00e2ce \u00e0 cette teneur en substances humiques, il est particuli\u00e8rement adapt\u00e9 \u00e0 l&rsquo;am\u00e9lioration de la fertilit\u00e9 des sols pour tous les types de cultures.<\/p>\n","protected":false},"excerpt":{"rendered":"<ul>\n<li>Grande solubilit\u00e9<\/li>\n<li>Am\u00e9liore la fertilit\u00e9 des sols<\/li>\n<li>Augmentation du r\u00e9servoir de nutriments et de la capacit\u00e9 d&rsquo;\u00e9change cationique<\/li>\n<\/ul>\n","protected":false},"featured_media":36123,"comment_status":"closed","ping_status":"closed","template":"","meta":{"_acf_changed":false},"cultivo":[377,409,439,472,526,349,378,410,440,473,350,383,411,445,474,354,384,412,446,480,355,385,418,447,481,356,389,419,448,482,360,390,420,453,483,361,391,421,454,484,363,396,427,455,490,364,397,428,456,491,365,398,429,457,492,336,369,399,430,462,493,338,370,404,431,463,518,342,371,405,436,464,519,343,373,406,437,470,524,344,374,408,438,471,525,348,375],"ecologico":[825],"medioambiente":[843],"solucion":[942,945],"tipo-de-aplicacion":[527],"product_brand":[],"product_cat":[1000],"product_tag":[],"class_list":{"0":"post-37777","1":"product","2":"type-product","3":"status-publish","4":"has-post-thumbnail","6":"cultivo-mandarino","7":"cultivo-fruits-rouges-baies","8":"cultivo-courgette","9":"cultivo-poivre","10":"cultivo-graines-oleagineuses","11":"cultivo-noisette","12":"cultivo-manzano","13":"cultivo-goyave","14":"cultivo-citrouille","15":"cultivo-poireau","16":"cultivo-kaki","17":"cultivo-peche","18":"cultivo-litchi","19":"cultivo-oignon","20":"cultivo-radis","21":"cultivo-marron","22":"cultivo-membrillero","23":"cultivo-poignee","24":"cultivo-col","25":"cultivo-betterave","26":"cultivo-cerise","27":"cultivo-oranger","28":"cultivo-fruit-de-la-passion","29":"cultivo-choux-de-bruxelles","30":"cultivo-roquette","31":"cultivo-prune","32":"cultivo-nectarine","33":"cultivo-papaye","34":"cultivo-chou-fleur","35":"cultivo-pasteque","36":"cultivo-clementino","37":"cultivo-noyer","38":"cultivo-ananas","39":"cultivo-endive","40":"cultivo-soja-vert","41":"cultivo-grenade","42":"cultivo-olivier","43":"cultivo-pitahaya","44":"cultivo-epinards","45":"cultivo-tomate","46":"cultivo-higuera","47":"cultivo-vigne-ornementale","48":"cultivo-tamarin","49":"cultivo-pois","50":"cultivo-carotte","51":"cultivo-kiwi","52":"cultivo-peral","53":"cultivo-the","54":"cultivo-petit-haricot","55":"cultivo-arbres-dornement","56":"cultivo-citronnier","57":"cultivo-pistache","58":"cultivo-manioc","59":"cultivo-haricot-vert","60":"cultivo-cespedes","61":"cultivo-arbres-fruitiers","62":"cultivo-avocat","63":"cultivo-pamplemousse","64":"cultivo-bette-a-carde","65":"cultivo-laitue","66":"cultivo-fleurs","67":"cultivo-tropical","68":"cultivo-banane-plantain","69":"cultivo-vigne","70":"cultivo-ail","71":"cultivo-melon","72":"cultivo-extensions","73":"cultivo-horticulture","74":"cultivo-cacao","75":"cultivo-canne-a-sucre","76":"cultivo-aubergine","77":"cultivo-navet","78":"cultivo-cereales","79":"cultivo-parcs-et-jardins","80":"cultivo-cafe","81":"cultivo-pomme-a-la-creme","82":"cultivo-patate-douce","83":"cultivo-pommes-de-terre","84":"cultivo-fourrages-et-paturages","85":"cultivo-abricot","86":"cultivo-carambole","87":"cultivo-coco","88":"cultivo-brocoli","89":"cultivo-concombre","90":"cultivo-legumineuses-extensives","91":"cultivo-amandier","92":"cultivo-lima","93":"ecologico-si","94":"medioambiente-efficacite-de-lutilisation-des-nutriments","95":"solucion-ameliorer-sante-des-sols","96":"solucion-amelioration-de-la-qualite-des-fruits","97":"tipo-de-aplicacion-fertigation","98":"product_cat-conditionneurs-de-sol","100":"first","101":"instock","102":"shipping-taxable","103":"product-type-simple"},"acf":[],"_links":{"self":[{"href":"https:\/\/labin.net\/fr\/wp-json\/wp\/v2\/product\/37777","targetHints":{"allow":["GET"]}}],"collection":[{"href":"https:\/\/labin.net\/fr\/wp-json\/wp\/v2\/product"}],"about":[{"href":"https:\/\/labin.net\/fr\/wp-json\/wp\/v2\/types\/product"}],"replies":[{"embeddable":true,"href":"https:\/\/labin.net\/fr\/wp-json\/wp\/v2\/comments?post=37777"}],"wp:featuredmedia":[{"embeddable":true,"href":"https:\/\/labin.net\/fr\/wp-json\/wp\/v2\/media\/36123"}],"wp:attachment":[{"href":"https:\/\/labin.net\/fr\/wp-json\/wp\/v2\/media?parent=37777"}],"wp:term":[{"taxonomy":"cultivo","embeddable":true,"href":"https:\/\/labin.net\/fr\/wp-json\/wp\/v2\/cultivo?post=37777"},{"taxonomy":"ecologico","embeddable":true,"href":"https:\/\/labin.net\/fr\/wp-json\/wp\/v2\/ecologico?post=37777"},{"taxonomy":"medioambiente","embeddable":true,"href":"https:\/\/labin.net\/fr\/wp-json\/wp\/v2\/medioambiente?post=37777"},{"taxonomy":"solucion","embeddable":true,"href":"https:\/\/labin.net\/fr\/wp-json\/wp\/v2\/solucion?post=37777"},{"taxonomy":"tipo-de-aplicacion","embeddable":true,"href":"https:\/\/labin.net\/fr\/wp-json\/wp\/v2\/tipo-de-aplicacion?post=37777"},{"taxonomy":"product_brand","embeddable":true,"href":"https:\/\/labin.net\/fr\/wp-json\/wp\/v2\/product_brand?post=37777"},{"taxonomy":"product_cat","embeddable":true,"href":"https:\/\/labin.net\/fr\/wp-json\/wp\/v2\/product_cat?post=37777"},{"taxonomy":"product_tag","embeddable":true,"href":"https:\/\/labin.net\/fr\/wp-json\/wp\/v2\/product_tag?post=37777"}],"curies":[{"name":"wp","href":"https:\/\/api.w.org\/{rel}","templated":true}]}}