{"id":37773,"date":"2025-12-05T11:00:56","date_gmt":"2025-12-05T11:00:56","guid":{"rendered":"https:labin.net\/producto\/labiforce-bmo\/"},"modified":"2025-12-05T11:00:56","modified_gmt":"2025-12-05T11:00:56","slug":"labiforce-bmo","status":"publish","type":"product","link":"https:\/\/labin.net\/fr\/producto\/labiforce-bmo\/","title":{"rendered":"LABIFORCE BMo"},"content":{"rendered":"<p><strong>LABIFORCE BMo<\/strong> est un engrais pour application foliaire, qui apporte du bore et du molybd\u00e8ne, formul\u00e9 avec des substances organiques hautement stimulantes.<\/p>\n<p>Il contient du molybd\u00e8ne qui est directement impliqu\u00e9 dans l&rsquo;assimilation de l&rsquo;azote et du phosphore, il contient \u00e9galement du bore qui active les m\u00e9canismes de r\u00e9sistance, ainsi que la floraison et la nouaison.<br \/>\nC&rsquo;est la synergie parfaite de micro\u00e9l\u00e9ments avec des extraits de plantes.<\/p>\n","protected":false},"excerpt":{"rendered":"<ul>\n<li>Stimulant de la vigueur des plantes<\/li>\n<li>Une \u00e9nergie suppl\u00e9mentaire en p\u00e9riode de stress<\/li>\n<li>Protection des cultures dans l&rsquo;agriculture biologique<\/li>\n<\/ul>\n","protected":false},"featured_media":36280,"comment_status":"closed","ping_status":"closed","template":"","meta":{"_acf_changed":false},"cultivo":[349,377,409,439,472,526,350,378,410,440,473,354,383,411,445,474,355,384,412,446,480,356,385,418,447,481,360,389,419,448,482,361,390,420,453,483,363,391,421,454,484,364,396,427,455,490,365,397,428,456,491,336,369,398,429,457,492,338,370,399,430,462,493,342,371,404,431,463,518,343,373,405,436,464,519,344,374,406,437,470,524,348,375,408,438,471,525],"ecologico":[825],"medioambiente":[843],"solucion":[890,910,945],"tipo-de-aplicacion":[809,815,816],"product_brand":[],"product_cat":[974],"product_tag":[],"class_list":{"0":"post-37773","1":"product","2":"type-product","3":"status-publish","4":"has-post-thumbnail","6":"cultivo-noisette","7":"cultivo-mandarino","8":"cultivo-fruits-rouges-baies","9":"cultivo-courgette","10":"cultivo-poivre","11":"cultivo-graines-oleagineuses","12":"cultivo-kaki","13":"cultivo-manzano","14":"cultivo-goyave","15":"cultivo-citrouille","16":"cultivo-poireau","17":"cultivo-marron","18":"cultivo-peche","19":"cultivo-litchi","20":"cultivo-oignon","21":"cultivo-radis","22":"cultivo-cerise","23":"cultivo-membrillero","24":"cultivo-poignee","25":"cultivo-col","26":"cultivo-betterave","27":"cultivo-prune","28":"cultivo-oranger","29":"cultivo-fruit-de-la-passion","30":"cultivo-choux-de-bruxelles","31":"cultivo-roquette","32":"cultivo-clementino","33":"cultivo-nectarine","34":"cultivo-papaye","35":"cultivo-chou-fleur","36":"cultivo-pasteque","37":"cultivo-grenade","38":"cultivo-noyer","39":"cultivo-ananas","40":"cultivo-endive","41":"cultivo-soja-vert","42":"cultivo-higuera","43":"cultivo-olivier","44":"cultivo-pitahaya","45":"cultivo-epinards","46":"cultivo-tomate","47":"cultivo-kiwi","48":"cultivo-vigne-ornementale","49":"cultivo-tamarin","50":"cultivo-pois","51":"cultivo-carotte","52":"cultivo-citronnier","53":"cultivo-peral","54":"cultivo-the","55":"cultivo-petit-haricot","56":"cultivo-arbres-dornement","57":"cultivo-arbres-fruitiers","58":"cultivo-avocat","59":"cultivo-pistache","60":"cultivo-manioc","61":"cultivo-haricot-vert","62":"cultivo-cespedes","63":"cultivo-tropical","64":"cultivo-banane-plantain","65":"cultivo-pamplemousse","66":"cultivo-bette-a-carde","67":"cultivo-laitue","68":"cultivo-fleurs","69":"cultivo-horticulture","70":"cultivo-cacao","71":"cultivo-vigne","72":"cultivo-ail","73":"cultivo-melon","74":"cultivo-extensions","75":"cultivo-parcs-et-jardins","76":"cultivo-cafe","77":"cultivo-canne-a-sucre","78":"cultivo-aubergine","79":"cultivo-navet","80":"cultivo-cereales","81":"cultivo-abricot","82":"cultivo-carambole","83":"cultivo-pomme-a-la-creme","84":"cultivo-patate-douce","85":"cultivo-pommes-de-terre","86":"cultivo-fourrages-et-paturages","87":"cultivo-amandier","88":"cultivo-lima","89":"cultivo-coco","90":"cultivo-brocoli","91":"cultivo-concombre","92":"cultivo-legumineuses-extensives","93":"ecologico-si","94":"medioambiente-efficacite-de-lutilisation-des-nutriments","95":"solucion-carence-en-b","96":"solucion-carence-en-mo","97":"solucion-amelioration-de-la-qualite-des-fruits","98":"tipo-de-aplicacion-foliaire","99":"tipo-de-aplicacion-dron","100":"tipo-de-aplicacion-aeronefs-legers","101":"product_cat-correcteur-de-carences","103":"first","104":"instock","105":"shipping-taxable","106":"product-type-simple"},"acf":[],"_links":{"self":[{"href":"https:\/\/labin.net\/fr\/wp-json\/wp\/v2\/product\/37773","targetHints":{"allow":["GET"]}}],"collection":[{"href":"https:\/\/labin.net\/fr\/wp-json\/wp\/v2\/product"}],"about":[{"href":"https:\/\/labin.net\/fr\/wp-json\/wp\/v2\/types\/product"}],"replies":[{"embeddable":true,"href":"https:\/\/labin.net\/fr\/wp-json\/wp\/v2\/comments?post=37773"}],"wp:featuredmedia":[{"embeddable":true,"href":"https:\/\/labin.net\/fr\/wp-json\/wp\/v2\/media\/36280"}],"wp:attachment":[{"href":"https:\/\/labin.net\/fr\/wp-json\/wp\/v2\/media?parent=37773"}],"wp:term":[{"taxonomy":"cultivo","embeddable":true,"href":"https:\/\/labin.net\/fr\/wp-json\/wp\/v2\/cultivo?post=37773"},{"taxonomy":"ecologico","embeddable":true,"href":"https:\/\/labin.net\/fr\/wp-json\/wp\/v2\/ecologico?post=37773"},{"taxonomy":"medioambiente","embeddable":true,"href":"https:\/\/labin.net\/fr\/wp-json\/wp\/v2\/medioambiente?post=37773"},{"taxonomy":"solucion","embeddable":true,"href":"https:\/\/labin.net\/fr\/wp-json\/wp\/v2\/solucion?post=37773"},{"taxonomy":"tipo-de-aplicacion","embeddable":true,"href":"https:\/\/labin.net\/fr\/wp-json\/wp\/v2\/tipo-de-aplicacion?post=37773"},{"taxonomy":"product_brand","embeddable":true,"href":"https:\/\/labin.net\/fr\/wp-json\/wp\/v2\/product_brand?post=37773"},{"taxonomy":"product_cat","embeddable":true,"href":"https:\/\/labin.net\/fr\/wp-json\/wp\/v2\/product_cat?post=37773"},{"taxonomy":"product_tag","embeddable":true,"href":"https:\/\/labin.net\/fr\/wp-json\/wp\/v2\/product_tag?post=37773"}],"curies":[{"name":"wp","href":"https:\/\/api.w.org\/{rel}","templated":true}]}}