{"id":37767,"date":"2025-12-05T11:00:56","date_gmt":"2025-12-05T11:00:56","guid":{"rendered":"https:labin.net\/producto\/labine-humique-16\/"},"modified":"2026-01-19T12:59:47","modified_gmt":"2026-01-19T12:59:47","slug":"labin-humico-16","status":"publish","type":"product","link":"https:\/\/labin.net\/fr\/producto\/labin-humico-16\/","title":{"rendered":"LABIN HUMICO 16%"},"content":{"rendered":"<p>Produit liquide \u00e0 haute teneur en acides humiques et fulviques provenant de la l\u00e9onardite.<\/p>\n<p>Produit stable, compl\u00e8tement soluble, inodore, facile et pratique \u00e0 utiliser en fertigation.<\/p>\n<p>Les substances humiques am\u00e9liorent directement la fertilit\u00e9 des sols, notamment en ce qui concerne leur capacit\u00e9 d&rsquo;\u00e9change cationique et donc la lib\u00e9ration des \u00e9l\u00e9ments nutritifs.<\/p>\n","protected":false},"excerpt":{"rendered":"<ul>\n<li>Am\u00e9liore la fertilit\u00e9 des sols<\/li>\n<li>Capacit\u00e9 d&rsquo;\u00e9change cationique accrue<\/li>\n<li>Augmentation des r\u00e9serves de nutriments<\/li>\n<\/ul>\n","protected":false},"featured_media":36111,"comment_status":"closed","ping_status":"closed","template":"","meta":{"_acf_changed":false},"cultivo":[338,370,399,430,462,493,342,371,404,431,463,518,343,373,405,436,464,519,344,374,406,437,470,524,348,375,408,438,471,525,349,377,409,439,472,526,350,378,410,440,473,354,383,411,445,474,355,384,412,446,480,356,385,418,447,481,360,389,419,448,482,361,390,420,453,483,363,391,421,454,484,364,396,427,455,490,365,397,428,456,491,336,369,398,429,457,492],"ecologico":[828],"medioambiente":[843],"solucion":[945,942],"tipo-de-aplicacion":[527],"product_brand":[],"product_cat":[1000],"product_tag":[],"class_list":{"0":"post-37767","1":"product","2":"type-product","3":"status-publish","4":"has-post-thumbnail","6":"cultivo-tropical","7":"cultivo-banane-plantain","8":"cultivo-pamplemousse","9":"cultivo-bette-a-carde","10":"cultivo-laitue","11":"cultivo-fleurs","12":"cultivo-horticulture","13":"cultivo-cacao","14":"cultivo-vigne","15":"cultivo-ail","16":"cultivo-melon","17":"cultivo-extensions","18":"cultivo-parcs-et-jardins","19":"cultivo-cafe","20":"cultivo-canne-a-sucre","21":"cultivo-aubergine","22":"cultivo-navet","23":"cultivo-cereales","24":"cultivo-abricot","25":"cultivo-carambole","26":"cultivo-pomme-a-la-creme","27":"cultivo-patate-douce","28":"cultivo-pommes-de-terre","29":"cultivo-fourrages-et-paturages","30":"cultivo-amandier","31":"cultivo-lima","32":"cultivo-coco","33":"cultivo-brocoli","34":"cultivo-concombre","35":"cultivo-legumineuses-extensives","36":"cultivo-noisette","37":"cultivo-mandarino","38":"cultivo-fruits-rouges-baies","39":"cultivo-courgette","40":"cultivo-poivre","41":"cultivo-graines-oleagineuses","42":"cultivo-kaki","43":"cultivo-manzano","44":"cultivo-goyave","45":"cultivo-citrouille","46":"cultivo-poireau","47":"cultivo-marron","48":"cultivo-peche","49":"cultivo-litchi","50":"cultivo-oignon","51":"cultivo-radis","52":"cultivo-cerise","53":"cultivo-membrillero","54":"cultivo-poignee","55":"cultivo-col","56":"cultivo-betterave","57":"cultivo-prune","58":"cultivo-oranger","59":"cultivo-fruit-de-la-passion","60":"cultivo-choux-de-bruxelles","61":"cultivo-roquette","62":"cultivo-clementino","63":"cultivo-nectarine","64":"cultivo-papaye","65":"cultivo-chou-fleur","66":"cultivo-pasteque","67":"cultivo-grenade","68":"cultivo-noyer","69":"cultivo-ananas","70":"cultivo-endive","71":"cultivo-soja-vert","72":"cultivo-higuera","73":"cultivo-olivier","74":"cultivo-pitahaya","75":"cultivo-epinards","76":"cultivo-tomate","77":"cultivo-kiwi","78":"cultivo-vigne-ornementale","79":"cultivo-tamarin","80":"cultivo-pois","81":"cultivo-carotte","82":"cultivo-citronnier","83":"cultivo-peral","84":"cultivo-the","85":"cultivo-petit-haricot","86":"cultivo-arbres-dornement","87":"cultivo-arbres-fruitiers","88":"cultivo-avocat","89":"cultivo-pistache","90":"cultivo-manioc","91":"cultivo-haricot-vert","92":"cultivo-cespedes","93":"ecologico-no","94":"medioambiente-efficacite-de-lutilisation-des-nutriments","95":"solucion-amelioration-de-la-qualite-des-fruits","96":"solucion-ameliorer-sante-des-sols","97":"tipo-de-aplicacion-fertigation","98":"product_cat-conditionneurs-de-sol","100":"first","101":"instock","102":"shipping-taxable","103":"product-type-simple"},"acf":[],"_links":{"self":[{"href":"https:\/\/labin.net\/fr\/wp-json\/wp\/v2\/product\/37767","targetHints":{"allow":["GET"]}}],"collection":[{"href":"https:\/\/labin.net\/fr\/wp-json\/wp\/v2\/product"}],"about":[{"href":"https:\/\/labin.net\/fr\/wp-json\/wp\/v2\/types\/product"}],"replies":[{"embeddable":true,"href":"https:\/\/labin.net\/fr\/wp-json\/wp\/v2\/comments?post=37767"}],"wp:featuredmedia":[{"embeddable":true,"href":"https:\/\/labin.net\/fr\/wp-json\/wp\/v2\/media\/36111"}],"wp:attachment":[{"href":"https:\/\/labin.net\/fr\/wp-json\/wp\/v2\/media?parent=37767"}],"wp:term":[{"taxonomy":"cultivo","embeddable":true,"href":"https:\/\/labin.net\/fr\/wp-json\/wp\/v2\/cultivo?post=37767"},{"taxonomy":"ecologico","embeddable":true,"href":"https:\/\/labin.net\/fr\/wp-json\/wp\/v2\/ecologico?post=37767"},{"taxonomy":"medioambiente","embeddable":true,"href":"https:\/\/labin.net\/fr\/wp-json\/wp\/v2\/medioambiente?post=37767"},{"taxonomy":"solucion","embeddable":true,"href":"https:\/\/labin.net\/fr\/wp-json\/wp\/v2\/solucion?post=37767"},{"taxonomy":"tipo-de-aplicacion","embeddable":true,"href":"https:\/\/labin.net\/fr\/wp-json\/wp\/v2\/tipo-de-aplicacion?post=37767"},{"taxonomy":"product_brand","embeddable":true,"href":"https:\/\/labin.net\/fr\/wp-json\/wp\/v2\/product_brand?post=37767"},{"taxonomy":"product_cat","embeddable":true,"href":"https:\/\/labin.net\/fr\/wp-json\/wp\/v2\/product_cat?post=37767"},{"taxonomy":"product_tag","embeddable":true,"href":"https:\/\/labin.net\/fr\/wp-json\/wp\/v2\/product_tag?post=37767"}],"curies":[{"name":"wp","href":"https:\/\/api.w.org\/{rel}","templated":true}]}}