{"id":37764,"date":"2025-12-04T16:21:44","date_gmt":"2025-12-04T16:21:44","guid":{"rendered":"https:labin.net\/producto\/quelabine-zn\/"},"modified":"2026-01-19T13:27:56","modified_gmt":"2026-01-19T13:27:56","slug":"quelabin-zn","status":"publish","type":"product","link":"https:\/\/labin.net\/fr\/producto\/quelabin-zn\/","title":{"rendered":"QUELABIN Zn"},"content":{"rendered":"<p>La gamme <b>QUELABIN<\/b> propose des micro-\u00e9l\u00e9ments ch\u00e9lat\u00e9s et complex\u00e9s sous forme liquide, pour une application foliaire et racinaire. Sa formulation sp\u00e9ciale garantit une assimilation et une solubilit\u00e9 parfaites.<\/p>\n<p><b>QUELABIN<\/b><b> Zn <\/b>est utilis\u00e9 pour apporter du zinc sous une forme totalement assimilable, r\u00e9sistant \u00e0 tout type de blocage, pour pr\u00e9venir et gu\u00e9rir toute carence en cet \u00e9l\u00e9ment.<\/p>\n<p>Le zinc facilite la respiration des plantes, r\u00e9gule la formation des phytohormones (hormones de croissance), stimule le d\u00e9veloppement des racines, active la formation de l&rsquo;amidon et des prot\u00e9ines, etc.<\/p>\n","protected":false},"excerpt":{"rendered":"<ul>\n<li><b>Zinc ch\u00e9lat\u00e9<\/b><\/li>\n<li><b> Assimilation et efficacit\u00e9 \u00e9lev\u00e9es<\/b><\/li>\n<li><b> Pr\u00e9ventif et curatif des carences<\/b><\/li>\n<\/ul>\n","protected":false},"featured_media":35519,"comment_status":"open","ping_status":"closed","template":"","meta":{"_acf_changed":false},"cultivo":[343,373,405,436,464,519,344,374,406,437,470,524,348,375,408,438,471,525,349,377,409,439,472,526,350,378,410,440,473,354,383,411,445,474,355,384,412,446,480,356,385,418,447,481,360,389,419,448,482,361,390,420,453,483,363,391,421,454,484,364,396,427,455,490,365,397,428,456,491,336,369,398,429,457,492,338,370,399,430,462,493,342,371,404,431,463,518],"ecologico":[828],"medioambiente":[843],"solucion":[903],"tipo-de-aplicacion":[809,815,816],"product_brand":[],"product_cat":[1020],"product_tag":[],"class_list":{"0":"post-37764","1":"product","2":"type-product","3":"status-publish","4":"has-post-thumbnail","6":"cultivo-parcs-et-jardins","7":"cultivo-cafe","8":"cultivo-canne-a-sucre","9":"cultivo-aubergine","10":"cultivo-navet","11":"cultivo-cereales","12":"cultivo-abricot","13":"cultivo-carambole","14":"cultivo-pomme-a-la-creme","15":"cultivo-patate-douce","16":"cultivo-pommes-de-terre","17":"cultivo-fourrages-et-paturages","18":"cultivo-amandier","19":"cultivo-lima","20":"cultivo-coco","21":"cultivo-brocoli","22":"cultivo-concombre","23":"cultivo-legumineuses-extensives","24":"cultivo-noisette","25":"cultivo-mandarino","26":"cultivo-fruits-rouges-baies","27":"cultivo-courgette","28":"cultivo-poivre","29":"cultivo-graines-oleagineuses","30":"cultivo-kaki","31":"cultivo-manzano","32":"cultivo-goyave","33":"cultivo-citrouille","34":"cultivo-poireau","35":"cultivo-marron","36":"cultivo-peche","37":"cultivo-litchi","38":"cultivo-oignon","39":"cultivo-radis","40":"cultivo-cerise","41":"cultivo-membrillero","42":"cultivo-poignee","43":"cultivo-col","44":"cultivo-betterave","45":"cultivo-prune","46":"cultivo-oranger","47":"cultivo-fruit-de-la-passion","48":"cultivo-choux-de-bruxelles","49":"cultivo-roquette","50":"cultivo-clementino","51":"cultivo-nectarine","52":"cultivo-papaye","53":"cultivo-chou-fleur","54":"cultivo-pasteque","55":"cultivo-grenade","56":"cultivo-noyer","57":"cultivo-ananas","58":"cultivo-endive","59":"cultivo-soja-vert","60":"cultivo-higuera","61":"cultivo-olivier","62":"cultivo-pitahaya","63":"cultivo-epinards","64":"cultivo-tomate","65":"cultivo-kiwi","66":"cultivo-vigne-ornementale","67":"cultivo-tamarin","68":"cultivo-pois","69":"cultivo-carotte","70":"cultivo-citronnier","71":"cultivo-peral","72":"cultivo-the","73":"cultivo-petit-haricot","74":"cultivo-arbres-dornement","75":"cultivo-arbres-fruitiers","76":"cultivo-avocat","77":"cultivo-pistache","78":"cultivo-manioc","79":"cultivo-haricot-vert","80":"cultivo-cespedes","81":"cultivo-tropical","82":"cultivo-banane-plantain","83":"cultivo-pamplemousse","84":"cultivo-bette-a-carde","85":"cultivo-laitue","86":"cultivo-fleurs","87":"cultivo-horticulture","88":"cultivo-cacao","89":"cultivo-vigne","90":"cultivo-ail","91":"cultivo-melon","92":"cultivo-extensions","93":"ecologico-no","94":"medioambiente-efficacite-de-lutilisation-des-nutriments","95":"solucion-carence-en-zn","96":"tipo-de-aplicacion-foliaire","97":"tipo-de-aplicacion-dron","98":"tipo-de-aplicacion-aeronefs-legers","99":"product_cat-chelates","101":"first","102":"instock","103":"shipping-taxable","104":"product-type-simple"},"acf":[],"_links":{"self":[{"href":"https:\/\/labin.net\/fr\/wp-json\/wp\/v2\/product\/37764","targetHints":{"allow":["GET"]}}],"collection":[{"href":"https:\/\/labin.net\/fr\/wp-json\/wp\/v2\/product"}],"about":[{"href":"https:\/\/labin.net\/fr\/wp-json\/wp\/v2\/types\/product"}],"replies":[{"embeddable":true,"href":"https:\/\/labin.net\/fr\/wp-json\/wp\/v2\/comments?post=37764"}],"wp:featuredmedia":[{"embeddable":true,"href":"https:\/\/labin.net\/fr\/wp-json\/wp\/v2\/media\/35519"}],"wp:attachment":[{"href":"https:\/\/labin.net\/fr\/wp-json\/wp\/v2\/media?parent=37764"}],"wp:term":[{"taxonomy":"cultivo","embeddable":true,"href":"https:\/\/labin.net\/fr\/wp-json\/wp\/v2\/cultivo?post=37764"},{"taxonomy":"ecologico","embeddable":true,"href":"https:\/\/labin.net\/fr\/wp-json\/wp\/v2\/ecologico?post=37764"},{"taxonomy":"medioambiente","embeddable":true,"href":"https:\/\/labin.net\/fr\/wp-json\/wp\/v2\/medioambiente?post=37764"},{"taxonomy":"solucion","embeddable":true,"href":"https:\/\/labin.net\/fr\/wp-json\/wp\/v2\/solucion?post=37764"},{"taxonomy":"tipo-de-aplicacion","embeddable":true,"href":"https:\/\/labin.net\/fr\/wp-json\/wp\/v2\/tipo-de-aplicacion?post=37764"},{"taxonomy":"product_brand","embeddable":true,"href":"https:\/\/labin.net\/fr\/wp-json\/wp\/v2\/product_brand?post=37764"},{"taxonomy":"product_cat","embeddable":true,"href":"https:\/\/labin.net\/fr\/wp-json\/wp\/v2\/product_cat?post=37764"},{"taxonomy":"product_tag","embeddable":true,"href":"https:\/\/labin.net\/fr\/wp-json\/wp\/v2\/product_tag?post=37764"}],"curies":[{"name":"wp","href":"https:\/\/api.w.org\/{rel}","templated":true}]}}