{"id":37742,"date":"2025-12-05T11:01:08","date_gmt":"2025-12-05T11:01:08","guid":{"rendered":"https:labin.net\/producto\/micro-10-43-0\/"},"modified":"2025-12-05T11:01:08","modified_gmt":"2025-12-05T11:01:08","slug":"micro-10-43-0","status":"publish","type":"product","link":"https:\/\/labin.net\/fr\/producto\/micro-10-43-0\/","title":{"rendered":"MICRO 10-43-0"},"content":{"rendered":"<p><strong>LABIN MICRO 10-43-0 <\/strong>est un engrais complexe micro-granul\u00e9 avec une granulom\u00e9trie de 1 \u00e0 1,5 mm, sp\u00e9cialement indiqu\u00e9 pour obtenir un rendement \u00e9lev\u00e9 dans la fertilisation du sol au moment du semis.<\/p>\n<p>Sa forme micro-granul\u00e9e permet une distribution plus uniforme et ultra-localis\u00e9e des nutriments, ce qui se traduit par une plus grande efficacit\u00e9 dans le d\u00e9veloppement de l&rsquo;ensemble du syst\u00e8me racinaire et de la germination de la culture. La forme totalement soluble du phosphore fournie avec le produit garantit son assimilation compl\u00e8te par la plante. Il est id\u00e9al pour les cultures sensibles aux carences en zinc. En outre, l&rsquo;apport de fer donne \u00e0 la plante un aspect vigoureux.   <\/p>\n","protected":false},"excerpt":{"rendered":"<ul>\n<li>Engrais NP microgranul\u00e9 \u00e0 haute teneur en phosphore<\/li>\n<li>Convient pour l&rsquo;engrais de fond et le d\u00e9marrage des semences<\/li>\n<li>D\u00e9veloppement accru du syst\u00e8me racinaire de la plante<\/li>\n<li>Avec du fer et du zinc<\/li>\n<\/ul>\n","protected":false},"featured_media":36178,"comment_status":"closed","ping_status":"closed","template":"","meta":{"_acf_changed":false},"cultivo":[343,491,492,493,518,519,524,525,526],"ecologico":[828],"medioambiente":[843],"solucion":[942],"tipo-de-aplicacion":[494],"product_brand":[],"product_cat":[983],"product_tag":[],"class_list":{"0":"post-37742","1":"product","2":"type-product","3":"status-publish","4":"has-post-thumbnail","6":"cultivo-parcs-et-jardins","7":"cultivo-arbres-dornement","8":"cultivo-cespedes","9":"cultivo-fleurs","10":"cultivo-extensions","11":"cultivo-cereales","12":"cultivo-fourrages-et-paturages","13":"cultivo-legumineuses-extensives","14":"cultivo-graines-oleagineuses","15":"ecologico-no","16":"medioambiente-efficacite-de-lutilisation-des-nutriments","17":"solucion-ameliorer-sante-des-sols","18":"tipo-de-aplicacion-epandage-sur-le-sol","19":"product_cat-engrais-granules-et-microgranules","21":"first","22":"instock","23":"shipping-taxable","24":"product-type-simple"},"acf":[],"_links":{"self":[{"href":"https:\/\/labin.net\/fr\/wp-json\/wp\/v2\/product\/37742","targetHints":{"allow":["GET"]}}],"collection":[{"href":"https:\/\/labin.net\/fr\/wp-json\/wp\/v2\/product"}],"about":[{"href":"https:\/\/labin.net\/fr\/wp-json\/wp\/v2\/types\/product"}],"replies":[{"embeddable":true,"href":"https:\/\/labin.net\/fr\/wp-json\/wp\/v2\/comments?post=37742"}],"wp:featuredmedia":[{"embeddable":true,"href":"https:\/\/labin.net\/fr\/wp-json\/wp\/v2\/media\/36178"}],"wp:attachment":[{"href":"https:\/\/labin.net\/fr\/wp-json\/wp\/v2\/media?parent=37742"}],"wp:term":[{"taxonomy":"cultivo","embeddable":true,"href":"https:\/\/labin.net\/fr\/wp-json\/wp\/v2\/cultivo?post=37742"},{"taxonomy":"ecologico","embeddable":true,"href":"https:\/\/labin.net\/fr\/wp-json\/wp\/v2\/ecologico?post=37742"},{"taxonomy":"medioambiente","embeddable":true,"href":"https:\/\/labin.net\/fr\/wp-json\/wp\/v2\/medioambiente?post=37742"},{"taxonomy":"solucion","embeddable":true,"href":"https:\/\/labin.net\/fr\/wp-json\/wp\/v2\/solucion?post=37742"},{"taxonomy":"tipo-de-aplicacion","embeddable":true,"href":"https:\/\/labin.net\/fr\/wp-json\/wp\/v2\/tipo-de-aplicacion?post=37742"},{"taxonomy":"product_brand","embeddable":true,"href":"https:\/\/labin.net\/fr\/wp-json\/wp\/v2\/product_brand?post=37742"},{"taxonomy":"product_cat","embeddable":true,"href":"https:\/\/labin.net\/fr\/wp-json\/wp\/v2\/product_cat?post=37742"},{"taxonomy":"product_tag","embeddable":true,"href":"https:\/\/labin.net\/fr\/wp-json\/wp\/v2\/product_tag?post=37742"}],"curies":[{"name":"wp","href":"https:\/\/api.w.org\/{rel}","templated":true}]}}