{"id":37734,"date":"2025-12-05T11:01:08","date_gmt":"2025-12-05T11:01:08","guid":{"rendered":"https:labin.net\/producto\/labin-18-9-9\/"},"modified":"2025-12-05T11:01:08","modified_gmt":"2025-12-05T11:01:08","slug":"labin-18-9-9","status":"publish","type":"product","link":"https:\/\/labin.net\/fr\/producto\/labin-18-9-9\/","title":{"rendered":"LABIN 18-9-9"},"content":{"rendered":"<p>Produit sous forme de poudre cristalline rose sp\u00e9cialement pour la fertigation.<br \/>\nLa s\u00e9lection des meilleures mati\u00e8res premi\u00e8res garantit une grande solubilit\u00e9 et l&rsquo;absence d&rsquo;impuret\u00e9s. De plus, son processus de fabrication sp\u00e9cial assure la fluidit\u00e9 du produit et \u00e9vite les ph\u00e9nom\u00e8nes de mottage.<br \/>\nLABIN 18-9-9 est enrichi en micro-\u00e9l\u00e9ments ch\u00e9lat\u00e9s pour garantir l&rsquo;absence de carences et le bon d\u00e9veloppement des cultures. Son pH est l\u00e9g\u00e8rement acide pour \u00e9viter les blocages et les engorgements.<br \/>\nIl est recommand\u00e9 pour tous les types de cultures pendant les p\u00e9riodes de croissance v\u00e9g\u00e9tative o\u00f9 un apport important d&rsquo;azote est n\u00e9cessaire.<br \/>\nIl peut \u00eatre appliqu\u00e9 en floriculture, p\u00e9pini\u00e8res, arbres fruitiers, cultures horticoles, vignobles, cultures tropicales, etc. <\/p>\n","protected":false},"excerpt":{"rendered":"<ul>\n<li>Grande solubilit\u00e9<\/li>\n<li>Absorption rapide<\/li>\n<li>Avec des micro-\u00e9l\u00e9ments<\/li>\n<li>Pas d&rsquo;agglutination<\/li>\n<\/ul>\n","protected":false},"featured_media":35592,"comment_status":"closed","ping_status":"closed","template":"","meta":{"_acf_changed":false},"cultivo":[363,391,421,454,484,364,396,427,455,490,365,397,428,456,491,336,369,398,429,457,492,338,370,399,430,462,493,342,371,404,431,463,343,373,405,436,464,344,374,406,437,470,348,375,408,438,471,349,377,409,439,472,350,378,410,440,473,354,383,411,445,474,355,384,412,446,480,356,385,418,447,481,360,389,419,448,482,361,390,420,453,483],"ecologico":[828],"medioambiente":[849],"solucion":[853,858,863],"tipo-de-aplicacion":[527],"product_brand":[],"product_cat":[980],"product_tag":[],"class_list":{"0":"post-37734","1":"product","2":"type-product","3":"status-publish","4":"has-post-thumbnail","6":"cultivo-higuera","7":"cultivo-olivier","8":"cultivo-pitahaya","9":"cultivo-epinards","10":"cultivo-tomate","11":"cultivo-kiwi","12":"cultivo-vigne-ornementale","13":"cultivo-tamarin","14":"cultivo-pois","15":"cultivo-carotte","16":"cultivo-citronnier","17":"cultivo-peral","18":"cultivo-the","19":"cultivo-petit-haricot","20":"cultivo-arbres-dornement","21":"cultivo-arbres-fruitiers","22":"cultivo-avocat","23":"cultivo-pistache","24":"cultivo-manioc","25":"cultivo-haricot-vert","26":"cultivo-cespedes","27":"cultivo-tropical","28":"cultivo-banane-plantain","29":"cultivo-pamplemousse","30":"cultivo-bette-a-carde","31":"cultivo-laitue","32":"cultivo-fleurs","33":"cultivo-horticulture","34":"cultivo-cacao","35":"cultivo-vigne","36":"cultivo-ail","37":"cultivo-melon","38":"cultivo-parcs-et-jardins","39":"cultivo-cafe","40":"cultivo-canne-a-sucre","41":"cultivo-aubergine","42":"cultivo-navet","43":"cultivo-abricot","44":"cultivo-carambole","45":"cultivo-pomme-a-la-creme","46":"cultivo-patate-douce","47":"cultivo-pommes-de-terre","48":"cultivo-amandier","49":"cultivo-lima","50":"cultivo-coco","51":"cultivo-brocoli","52":"cultivo-concombre","53":"cultivo-noisette","54":"cultivo-mandarino","55":"cultivo-fruits-rouges-baies","56":"cultivo-courgette","57":"cultivo-poivre","58":"cultivo-kaki","59":"cultivo-manzano","60":"cultivo-goyave","61":"cultivo-citrouille","62":"cultivo-poireau","63":"cultivo-marron","64":"cultivo-peche","65":"cultivo-litchi","66":"cultivo-oignon","67":"cultivo-radis","68":"cultivo-cerise","69":"cultivo-membrillero","70":"cultivo-poignee","71":"cultivo-col","72":"cultivo-betterave","73":"cultivo-prune","74":"cultivo-oranger","75":"cultivo-fruit-de-la-passion","76":"cultivo-choux-de-bruxelles","77":"cultivo-roquette","78":"cultivo-clementino","79":"cultivo-nectarine","80":"cultivo-papaye","81":"cultivo-chou-fleur","82":"cultivo-pasteque","83":"cultivo-grenade","84":"cultivo-noyer","85":"cultivo-ananas","86":"cultivo-endive","87":"cultivo-soja-vert","88":"ecologico-no","89":"medioambiente-rien","90":"solucion-carence-en-n","91":"solucion-carence-en-p","92":"solucion-carence-en-k","93":"tipo-de-aplicacion-fertigation","94":"product_cat-npk-hydrosoluble","96":"first","97":"instock","98":"shipping-taxable","99":"product-type-simple"},"acf":[],"_links":{"self":[{"href":"https:\/\/labin.net\/fr\/wp-json\/wp\/v2\/product\/37734","targetHints":{"allow":["GET"]}}],"collection":[{"href":"https:\/\/labin.net\/fr\/wp-json\/wp\/v2\/product"}],"about":[{"href":"https:\/\/labin.net\/fr\/wp-json\/wp\/v2\/types\/product"}],"replies":[{"embeddable":true,"href":"https:\/\/labin.net\/fr\/wp-json\/wp\/v2\/comments?post=37734"}],"wp:featuredmedia":[{"embeddable":true,"href":"https:\/\/labin.net\/fr\/wp-json\/wp\/v2\/media\/35592"}],"wp:attachment":[{"href":"https:\/\/labin.net\/fr\/wp-json\/wp\/v2\/media?parent=37734"}],"wp:term":[{"taxonomy":"cultivo","embeddable":true,"href":"https:\/\/labin.net\/fr\/wp-json\/wp\/v2\/cultivo?post=37734"},{"taxonomy":"ecologico","embeddable":true,"href":"https:\/\/labin.net\/fr\/wp-json\/wp\/v2\/ecologico?post=37734"},{"taxonomy":"medioambiente","embeddable":true,"href":"https:\/\/labin.net\/fr\/wp-json\/wp\/v2\/medioambiente?post=37734"},{"taxonomy":"solucion","embeddable":true,"href":"https:\/\/labin.net\/fr\/wp-json\/wp\/v2\/solucion?post=37734"},{"taxonomy":"tipo-de-aplicacion","embeddable":true,"href":"https:\/\/labin.net\/fr\/wp-json\/wp\/v2\/tipo-de-aplicacion?post=37734"},{"taxonomy":"product_brand","embeddable":true,"href":"https:\/\/labin.net\/fr\/wp-json\/wp\/v2\/product_brand?post=37734"},{"taxonomy":"product_cat","embeddable":true,"href":"https:\/\/labin.net\/fr\/wp-json\/wp\/v2\/product_cat?post=37734"},{"taxonomy":"product_tag","embeddable":true,"href":"https:\/\/labin.net\/fr\/wp-json\/wp\/v2\/product_tag?post=37734"}],"curies":[{"name":"wp","href":"https:\/\/api.w.org\/{rel}","templated":true}]}}