{"id":37706,"date":"2025-12-05T11:01:18","date_gmt":"2025-12-05T11:01:18","guid":{"rendered":"https:labin.net\/producto\/labin-energy-fruit\/"},"modified":"2025-12-05T11:01:18","modified_gmt":"2025-12-05T11:01:18","slug":"labin-energy-fruit","status":"publish","type":"product","link":"https:\/\/labin.net\/fr\/producto\/labin-energy-fruit\/","title":{"rendered":"LABIN ENERGY FRUIT"},"content":{"rendered":"<p>Engrais NPK foliaire riche en potassium, indiqu\u00e9 pour la croissance et l&rsquo;engraissement des fruits. Ce produit incorpore l&rsquo;effet LABIN ENERGY qui renforce et prolonge l&rsquo;efficacit\u00e9 du traitement foliaire.<\/p>\n<p><strong>LABIN ENERGY FRUIT<\/strong> comprend un groupe de substances stimulantes, dont le principal composant est la BETAINE, et qui comprend des acides amin\u00e9s et des micro-\u00e9l\u00e9ments. Les conditions environnementales d\u00e9favorables ont une influence importante sur le d\u00e9veloppement, la croissance et la productivit\u00e9 d&rsquo;une culture. Elles peuvent provoquer ce que l&rsquo;on appelle un stress abiotique, lorsqu&rsquo;elles sont caus\u00e9es par un d\u00e9ficit hydrique, la salinit\u00e9, le froid, la chaleur, l&rsquo;irradiation lumineuse, etc. Les BETAINS agissent en produisant un effet osmoprotecteur au niveau cellulaire de la plante et r\u00e9duisent ce stress.   <\/p>\n","protected":false},"excerpt":{"rendered":"<ul>\n<li>Pour la phase de croissance et d&rsquo;engraissement du fruit<\/li>\n<li>Avec des acides amin\u00e9s, des micro-\u00e9l\u00e9ments et des BETAINES<\/li>\n<li>Agit comme un protecteur osmotique<\/li>\n<\/ul>\n","protected":false},"featured_media":36166,"comment_status":"closed","ping_status":"closed","template":"","meta":{"_acf_changed":false},"cultivo":[356,385,418,447,481,360,389,419,448,482,361,390,420,453,483,363,391,421,454,484,364,396,427,455,490,365,397,428,456,491,336,369,398,429,457,492,338,370,399,430,462,493,342,371,404,431,463,518,343,373,405,436,464,519,344,374,406,437,470,524,348,375,408,438,471,525,349,377,409,439,472,526,350,378,410,440,473,354,383,411,445,474,355,384,412,446,480],"ecologico":[828],"medioambiente":[843],"solucion":[853,858,863],"tipo-de-aplicacion":[527,809,815,816],"product_brand":[],"product_cat":[1004,1012],"product_tag":[],"class_list":{"0":"post-37706","1":"product","2":"type-product","3":"status-publish","4":"has-post-thumbnail","6":"cultivo-prune","7":"cultivo-oranger","8":"cultivo-fruit-de-la-passion","9":"cultivo-choux-de-bruxelles","10":"cultivo-roquette","11":"cultivo-clementino","12":"cultivo-nectarine","13":"cultivo-papaye","14":"cultivo-chou-fleur","15":"cultivo-pasteque","16":"cultivo-grenade","17":"cultivo-noyer","18":"cultivo-ananas","19":"cultivo-endive","20":"cultivo-soja-vert","21":"cultivo-higuera","22":"cultivo-olivier","23":"cultivo-pitahaya","24":"cultivo-epinards","25":"cultivo-tomate","26":"cultivo-kiwi","27":"cultivo-vigne-ornementale","28":"cultivo-tamarin","29":"cultivo-pois","30":"cultivo-carotte","31":"cultivo-citronnier","32":"cultivo-peral","33":"cultivo-the","34":"cultivo-petit-haricot","35":"cultivo-arbres-dornement","36":"cultivo-arbres-fruitiers","37":"cultivo-avocat","38":"cultivo-pistache","39":"cultivo-manioc","40":"cultivo-haricot-vert","41":"cultivo-cespedes","42":"cultivo-tropical","43":"cultivo-banane-plantain","44":"cultivo-pamplemousse","45":"cultivo-bette-a-carde","46":"cultivo-laitue","47":"cultivo-fleurs","48":"cultivo-horticulture","49":"cultivo-cacao","50":"cultivo-vigne","51":"cultivo-ail","52":"cultivo-melon","53":"cultivo-extensions","54":"cultivo-parcs-et-jardins","55":"cultivo-cafe","56":"cultivo-canne-a-sucre","57":"cultivo-aubergine","58":"cultivo-navet","59":"cultivo-cereales","60":"cultivo-abricot","61":"cultivo-carambole","62":"cultivo-pomme-a-la-creme","63":"cultivo-patate-douce","64":"cultivo-pommes-de-terre","65":"cultivo-fourrages-et-paturages","66":"cultivo-amandier","67":"cultivo-lima","68":"cultivo-coco","69":"cultivo-brocoli","70":"cultivo-concombre","71":"cultivo-legumineuses-extensives","72":"cultivo-noisette","73":"cultivo-mandarino","74":"cultivo-fruits-rouges-baies","75":"cultivo-courgette","76":"cultivo-poivre","77":"cultivo-graines-oleagineuses","78":"cultivo-kaki","79":"cultivo-manzano","80":"cultivo-goyave","81":"cultivo-citrouille","82":"cultivo-poireau","83":"cultivo-marron","84":"cultivo-peche","85":"cultivo-litchi","86":"cultivo-oignon","87":"cultivo-radis","88":"cultivo-cerise","89":"cultivo-membrillero","90":"cultivo-poignee","91":"cultivo-col","92":"cultivo-betterave","93":"ecologico-no","94":"medioambiente-efficacite-de-lutilisation-des-nutriments","95":"solucion-carence-en-n","96":"solucion-carence-en-p","97":"solucion-carence-en-k","98":"tipo-de-aplicacion-fertigation","99":"tipo-de-aplicacion-foliaire","100":"tipo-de-aplicacion-dron","101":"tipo-de-aplicacion-aeronefs-legers","102":"product_cat-npk-foliaires","103":"product_cat-specialites","105":"first","106":"instock","107":"shipping-taxable","108":"product-type-simple"},"acf":[],"_links":{"self":[{"href":"https:\/\/labin.net\/fr\/wp-json\/wp\/v2\/product\/37706","targetHints":{"allow":["GET"]}}],"collection":[{"href":"https:\/\/labin.net\/fr\/wp-json\/wp\/v2\/product"}],"about":[{"href":"https:\/\/labin.net\/fr\/wp-json\/wp\/v2\/types\/product"}],"replies":[{"embeddable":true,"href":"https:\/\/labin.net\/fr\/wp-json\/wp\/v2\/comments?post=37706"}],"wp:featuredmedia":[{"embeddable":true,"href":"https:\/\/labin.net\/fr\/wp-json\/wp\/v2\/media\/36166"}],"wp:attachment":[{"href":"https:\/\/labin.net\/fr\/wp-json\/wp\/v2\/media?parent=37706"}],"wp:term":[{"taxonomy":"cultivo","embeddable":true,"href":"https:\/\/labin.net\/fr\/wp-json\/wp\/v2\/cultivo?post=37706"},{"taxonomy":"ecologico","embeddable":true,"href":"https:\/\/labin.net\/fr\/wp-json\/wp\/v2\/ecologico?post=37706"},{"taxonomy":"medioambiente","embeddable":true,"href":"https:\/\/labin.net\/fr\/wp-json\/wp\/v2\/medioambiente?post=37706"},{"taxonomy":"solucion","embeddable":true,"href":"https:\/\/labin.net\/fr\/wp-json\/wp\/v2\/solucion?post=37706"},{"taxonomy":"tipo-de-aplicacion","embeddable":true,"href":"https:\/\/labin.net\/fr\/wp-json\/wp\/v2\/tipo-de-aplicacion?post=37706"},{"taxonomy":"product_brand","embeddable":true,"href":"https:\/\/labin.net\/fr\/wp-json\/wp\/v2\/product_brand?post=37706"},{"taxonomy":"product_cat","embeddable":true,"href":"https:\/\/labin.net\/fr\/wp-json\/wp\/v2\/product_cat?post=37706"},{"taxonomy":"product_tag","embeddable":true,"href":"https:\/\/labin.net\/fr\/wp-json\/wp\/v2\/product_tag?post=37706"}],"curies":[{"name":"wp","href":"https:\/\/api.w.org\/{rel}","templated":true}]}}