{"id":37705,"date":"2025-12-05T11:01:08","date_gmt":"2025-12-05T11:01:08","guid":{"rendered":"https:labin.net\/producto\/labin-ferrico\/"},"modified":"2025-12-05T11:01:08","modified_gmt":"2025-12-05T11:01:08","slug":"labin-ferrico","status":"publish","type":"product","link":"https:\/\/labin.net\/fr\/producto\/labin-ferrico\/","title":{"rendered":"LABIN FERRICO"},"content":{"rendered":"<p>Correcteur de fer granul\u00e9 de haute qualit\u00e9 et efficace. Le produit \u00e9quivaut \u00e0 50 % de sulfate de fer soluble (exprim\u00e9 en SO4Fe*7H2O), associ\u00e9 \u00e0 de la mati\u00e8re organique-humique, ce qui le rend parfaitement assimilable et non bloquant. Son absorption par la plante est rapide (engrais de fond) et totale. Sa fabrication sp\u00e9ciale lui permet de se pr\u00e9senter sous une forme granul\u00e9e, maniable et s\u00e8che. Convient aux op\u00e9rations de m\u00e9lange, gr\u00e2ce \u00e0 la duret\u00e9 de ses granul\u00e9s.    <\/p>\n<p>Produit pr\u00e9ventif pour l&rsquo;application en surface et l&rsquo;enfouissement l\u00e9ger. Peut \u00eatre appliqu\u00e9 dans n&rsquo;importe quel type d&rsquo;\u00e9pandeur d&rsquo;engrais, en tant que fumure de fond. <\/p>\n","protected":false},"excerpt":{"rendered":"<ul>\n<li>Fer avec mati\u00e8re organique<\/li>\n<li>Rendement \u00e9lev\u00e9 du fer<\/li>\n<li>Fer naturellement complex\u00e9<\/li>\n<\/ul>\n","protected":false},"featured_media":35606,"comment_status":"closed","ping_status":"closed","template":"","meta":{"_acf_changed":false},"cultivo":[349,377,409,439,472,526,350,378,410,440,473,354,383,411,445,474,355,384,412,446,480,356,385,418,447,481,360,389,419,448,482,361,390,420,453,483,363,391,421,454,484,364,396,427,455,490,365,397,428,456,491,336,369,398,429,457,492,338,370,399,430,462,493,342,371,404,431,463,518,343,373,405,436,464,519,344,374,406,437,470,524,348,375,408,438,471,525],"ecologico":[828],"medioambiente":[833,843],"solucion":[942],"tipo-de-aplicacion":[494],"product_brand":[],"product_cat":[988],"product_tag":[],"class_list":{"0":"post-37705","1":"product","2":"type-product","3":"status-publish","4":"has-post-thumbnail","6":"cultivo-noisette","7":"cultivo-mandarino","8":"cultivo-fruits-rouges-baies","9":"cultivo-courgette","10":"cultivo-poivre","11":"cultivo-graines-oleagineuses","12":"cultivo-kaki","13":"cultivo-manzano","14":"cultivo-goyave","15":"cultivo-citrouille","16":"cultivo-poireau","17":"cultivo-marron","18":"cultivo-peche","19":"cultivo-litchi","20":"cultivo-oignon","21":"cultivo-radis","22":"cultivo-cerise","23":"cultivo-membrillero","24":"cultivo-poignee","25":"cultivo-col","26":"cultivo-betterave","27":"cultivo-prune","28":"cultivo-oranger","29":"cultivo-fruit-de-la-passion","30":"cultivo-choux-de-bruxelles","31":"cultivo-roquette","32":"cultivo-clementino","33":"cultivo-nectarine","34":"cultivo-papaye","35":"cultivo-chou-fleur","36":"cultivo-pasteque","37":"cultivo-grenade","38":"cultivo-noyer","39":"cultivo-ananas","40":"cultivo-endive","41":"cultivo-soja-vert","42":"cultivo-higuera","43":"cultivo-olivier","44":"cultivo-pitahaya","45":"cultivo-epinards","46":"cultivo-tomate","47":"cultivo-kiwi","48":"cultivo-vigne-ornementale","49":"cultivo-tamarin","50":"cultivo-pois","51":"cultivo-carotte","52":"cultivo-citronnier","53":"cultivo-peral","54":"cultivo-the","55":"cultivo-petit-haricot","56":"cultivo-arbres-dornement","57":"cultivo-arbres-fruitiers","58":"cultivo-avocat","59":"cultivo-pistache","60":"cultivo-manioc","61":"cultivo-haricot-vert","62":"cultivo-cespedes","63":"cultivo-tropical","64":"cultivo-banane-plantain","65":"cultivo-pamplemousse","66":"cultivo-bette-a-carde","67":"cultivo-laitue","68":"cultivo-fleurs","69":"cultivo-horticulture","70":"cultivo-cacao","71":"cultivo-vigne","72":"cultivo-ail","73":"cultivo-melon","74":"cultivo-extensions","75":"cultivo-parcs-et-jardins","76":"cultivo-cafe","77":"cultivo-canne-a-sucre","78":"cultivo-aubergine","79":"cultivo-navet","80":"cultivo-cereales","81":"cultivo-abricot","82":"cultivo-carambole","83":"cultivo-pomme-a-la-creme","84":"cultivo-patate-douce","85":"cultivo-pommes-de-terre","86":"cultivo-fourrages-et-paturages","87":"cultivo-amandier","88":"cultivo-lima","89":"cultivo-coco","90":"cultivo-brocoli","91":"cultivo-concombre","92":"cultivo-legumineuses-extensives","93":"ecologico-no","94":"medioambiente-reduction-de-lempreinte-carbone","95":"medioambiente-efficacite-de-lutilisation-des-nutriments","96":"solucion-ameliorer-sante-des-sols","97":"tipo-de-aplicacion-epandage-sur-le-sol","98":"product_cat-amendements","100":"first","101":"instock","102":"shipping-taxable","103":"product-type-simple"},"acf":[],"_links":{"self":[{"href":"https:\/\/labin.net\/fr\/wp-json\/wp\/v2\/product\/37705","targetHints":{"allow":["GET"]}}],"collection":[{"href":"https:\/\/labin.net\/fr\/wp-json\/wp\/v2\/product"}],"about":[{"href":"https:\/\/labin.net\/fr\/wp-json\/wp\/v2\/types\/product"}],"replies":[{"embeddable":true,"href":"https:\/\/labin.net\/fr\/wp-json\/wp\/v2\/comments?post=37705"}],"wp:featuredmedia":[{"embeddable":true,"href":"https:\/\/labin.net\/fr\/wp-json\/wp\/v2\/media\/35606"}],"wp:attachment":[{"href":"https:\/\/labin.net\/fr\/wp-json\/wp\/v2\/media?parent=37705"}],"wp:term":[{"taxonomy":"cultivo","embeddable":true,"href":"https:\/\/labin.net\/fr\/wp-json\/wp\/v2\/cultivo?post=37705"},{"taxonomy":"ecologico","embeddable":true,"href":"https:\/\/labin.net\/fr\/wp-json\/wp\/v2\/ecologico?post=37705"},{"taxonomy":"medioambiente","embeddable":true,"href":"https:\/\/labin.net\/fr\/wp-json\/wp\/v2\/medioambiente?post=37705"},{"taxonomy":"solucion","embeddable":true,"href":"https:\/\/labin.net\/fr\/wp-json\/wp\/v2\/solucion?post=37705"},{"taxonomy":"tipo-de-aplicacion","embeddable":true,"href":"https:\/\/labin.net\/fr\/wp-json\/wp\/v2\/tipo-de-aplicacion?post=37705"},{"taxonomy":"product_brand","embeddable":true,"href":"https:\/\/labin.net\/fr\/wp-json\/wp\/v2\/product_brand?post=37705"},{"taxonomy":"product_cat","embeddable":true,"href":"https:\/\/labin.net\/fr\/wp-json\/wp\/v2\/product_cat?post=37705"},{"taxonomy":"product_tag","embeddable":true,"href":"https:\/\/labin.net\/fr\/wp-json\/wp\/v2\/product_tag?post=37705"}],"curies":[{"name":"wp","href":"https:\/\/api.w.org\/{rel}","templated":true}]}}