{"id":37701,"date":"2025-12-05T11:01:08","date_gmt":"2025-12-05T11:01:08","guid":{"rendered":"https:labin.net\/producto\/labin-20-20-20\/"},"modified":"2025-12-05T11:01:08","modified_gmt":"2025-12-05T11:01:08","slug":"labin-20-20-20","status":"publish","type":"product","link":"https:\/\/labin.net\/fr\/producto\/labin-20-20-20\/","title":{"rendered":"LABIN 20-20-20"},"content":{"rendered":"<p>Produit sous forme de poudre cristalline rose sp\u00e9cialement con\u00e7u pour la fertirrigation, parfaitement soluble dans l&rsquo;eau et contenant des macro, m\u00e9so et micro\u00e9l\u00e9ments. La s\u00e9lection des meilleures mati\u00e8res premi\u00e8res garantit une grande solubilit\u00e9 et l&rsquo;absence d&rsquo;impuret\u00e9s. De plus, son processus de fabrication sp\u00e9cial assure la fluidit\u00e9 du produit et \u00e9vite la formation de grumeaux.<br \/>\nLABIN 20-20-20 est enrichi en micro-\u00e9l\u00e9ments ch\u00e9lat\u00e9s pour garantir l&rsquo;absence de carences et le bon d\u00e9veloppement des cultures. Son pH est l\u00e9g\u00e8rement acide pour \u00e9viter les blocages et les engorgements. Comme il s&rsquo;agit d&rsquo;un engrais pauvre en chlore, il augmente l&rsquo;absorption et l&rsquo;assimilation des nutriments par la plante.<br \/>\nParticuli\u00e8rement recommand\u00e9 pour les p\u00e9pini\u00e8res, la floriculture, l&rsquo;horticulture, les arbres fruitiers, les vignobles, etc., principalement \u00e0 des moments de plus grand d\u00e9veloppement v\u00e9g\u00e9tatif, o\u00f9 un apport complet et \u00e9quilibr\u00e9 facilite le d\u00e9veloppement int\u00e9gral de la plante.   <\/p>\n","protected":false},"excerpt":{"rendered":"<ul>\n<li>Grande solubilit\u00e9<\/li>\n<li>Absorption rapide<\/li>\n<li>Avec des micro-\u00e9l\u00e9ments<\/li>\n<li>Pas d&rsquo;agglutination<\/li>\n<\/ul>\n","protected":false},"featured_media":35592,"comment_status":"closed","ping_status":"closed","template":"","meta":{"_acf_changed":false},"cultivo":[336,369,398,429,457,492,338,370,399,430,462,493,342,371,404,431,463,343,373,405,436,464,344,374,406,437,470,348,375,408,438,471,349,377,409,439,472,350,378,410,440,473,354,383,411,445,474,355,384,412,446,480,356,385,418,447,481,360,389,419,448,482,361,390,420,453,483,363,391,421,454,484,364,396,427,455,490,365,397,428,456,491],"ecologico":[828],"medioambiente":[849],"solucion":[853,858,863],"tipo-de-aplicacion":[527],"product_brand":[],"product_cat":[980],"product_tag":[],"class_list":{"0":"post-37701","1":"product","2":"type-product","3":"status-publish","4":"has-post-thumbnail","6":"cultivo-arbres-fruitiers","7":"cultivo-avocat","8":"cultivo-pistache","9":"cultivo-manioc","10":"cultivo-haricot-vert","11":"cultivo-cespedes","12":"cultivo-tropical","13":"cultivo-banane-plantain","14":"cultivo-pamplemousse","15":"cultivo-bette-a-carde","16":"cultivo-laitue","17":"cultivo-fleurs","18":"cultivo-horticulture","19":"cultivo-cacao","20":"cultivo-vigne","21":"cultivo-ail","22":"cultivo-melon","23":"cultivo-parcs-et-jardins","24":"cultivo-cafe","25":"cultivo-canne-a-sucre","26":"cultivo-aubergine","27":"cultivo-navet","28":"cultivo-abricot","29":"cultivo-carambole","30":"cultivo-pomme-a-la-creme","31":"cultivo-patate-douce","32":"cultivo-pommes-de-terre","33":"cultivo-amandier","34":"cultivo-lima","35":"cultivo-coco","36":"cultivo-brocoli","37":"cultivo-concombre","38":"cultivo-noisette","39":"cultivo-mandarino","40":"cultivo-fruits-rouges-baies","41":"cultivo-courgette","42":"cultivo-poivre","43":"cultivo-kaki","44":"cultivo-manzano","45":"cultivo-goyave","46":"cultivo-citrouille","47":"cultivo-poireau","48":"cultivo-marron","49":"cultivo-peche","50":"cultivo-litchi","51":"cultivo-oignon","52":"cultivo-radis","53":"cultivo-cerise","54":"cultivo-membrillero","55":"cultivo-poignee","56":"cultivo-col","57":"cultivo-betterave","58":"cultivo-prune","59":"cultivo-oranger","60":"cultivo-fruit-de-la-passion","61":"cultivo-choux-de-bruxelles","62":"cultivo-roquette","63":"cultivo-clementino","64":"cultivo-nectarine","65":"cultivo-papaye","66":"cultivo-chou-fleur","67":"cultivo-pasteque","68":"cultivo-grenade","69":"cultivo-noyer","70":"cultivo-ananas","71":"cultivo-endive","72":"cultivo-soja-vert","73":"cultivo-higuera","74":"cultivo-olivier","75":"cultivo-pitahaya","76":"cultivo-epinards","77":"cultivo-tomate","78":"cultivo-kiwi","79":"cultivo-vigne-ornementale","80":"cultivo-tamarin","81":"cultivo-pois","82":"cultivo-carotte","83":"cultivo-citronnier","84":"cultivo-peral","85":"cultivo-the","86":"cultivo-petit-haricot","87":"cultivo-arbres-dornement","88":"ecologico-no","89":"medioambiente-rien","90":"solucion-carence-en-n","91":"solucion-carence-en-p","92":"solucion-carence-en-k","93":"tipo-de-aplicacion-fertigation","94":"product_cat-npk-hydrosoluble","96":"first","97":"instock","98":"shipping-taxable","99":"product-type-simple"},"acf":[],"_links":{"self":[{"href":"https:\/\/labin.net\/fr\/wp-json\/wp\/v2\/product\/37701","targetHints":{"allow":["GET"]}}],"collection":[{"href":"https:\/\/labin.net\/fr\/wp-json\/wp\/v2\/product"}],"about":[{"href":"https:\/\/labin.net\/fr\/wp-json\/wp\/v2\/types\/product"}],"replies":[{"embeddable":true,"href":"https:\/\/labin.net\/fr\/wp-json\/wp\/v2\/comments?post=37701"}],"wp:featuredmedia":[{"embeddable":true,"href":"https:\/\/labin.net\/fr\/wp-json\/wp\/v2\/media\/35592"}],"wp:attachment":[{"href":"https:\/\/labin.net\/fr\/wp-json\/wp\/v2\/media?parent=37701"}],"wp:term":[{"taxonomy":"cultivo","embeddable":true,"href":"https:\/\/labin.net\/fr\/wp-json\/wp\/v2\/cultivo?post=37701"},{"taxonomy":"ecologico","embeddable":true,"href":"https:\/\/labin.net\/fr\/wp-json\/wp\/v2\/ecologico?post=37701"},{"taxonomy":"medioambiente","embeddable":true,"href":"https:\/\/labin.net\/fr\/wp-json\/wp\/v2\/medioambiente?post=37701"},{"taxonomy":"solucion","embeddable":true,"href":"https:\/\/labin.net\/fr\/wp-json\/wp\/v2\/solucion?post=37701"},{"taxonomy":"tipo-de-aplicacion","embeddable":true,"href":"https:\/\/labin.net\/fr\/wp-json\/wp\/v2\/tipo-de-aplicacion?post=37701"},{"taxonomy":"product_brand","embeddable":true,"href":"https:\/\/labin.net\/fr\/wp-json\/wp\/v2\/product_brand?post=37701"},{"taxonomy":"product_cat","embeddable":true,"href":"https:\/\/labin.net\/fr\/wp-json\/wp\/v2\/product_cat?post=37701"},{"taxonomy":"product_tag","embeddable":true,"href":"https:\/\/labin.net\/fr\/wp-json\/wp\/v2\/product_tag?post=37701"}],"curies":[{"name":"wp","href":"https:\/\/api.w.org\/{rel}","templated":true}]}}