{"id":37690,"date":"2025-12-05T11:01:08","date_gmt":"2025-12-05T11:01:08","guid":{"rendered":"https:labin.net\/producto\/laboratoire-p-25\/"},"modified":"2026-01-19T13:19:48","modified_gmt":"2026-01-19T13:19:48","slug":"labinor-p25","status":"publish","type":"product","link":"https:\/\/labin.net\/fr\/producto\/labinor-p25\/","title":{"rendered":"LABINOR P25"},"content":{"rendered":"<p class=\"Default\"><b><span style=\"font-size: 11.0pt; color: #00755b;\">LABINOR P25 <\/span><\/b><span style=\"font-size: 11.0pt;\">est un <b>engrais organique granul\u00e9 <\/b>qui apporte du <b>phosphore et du calcium <\/b>et qui est particuli\u00e8rement adapt\u00e9 pour r\u00e9pondre aux besoins de fertilisation de fond des <b>cultures biologiques.<\/b><\/span><\/p>\n<p class=\"Default\"><span style=\"font-size: 11.0pt;\">Gr\u00e2ce \u00e0 sa teneur \u00e9lev\u00e9e en <b>calcium <\/b>, il favorise le d\u00e9veloppement des racines et l&rsquo;am\u00e9lioration de la qualit\u00e9 des cultures, ainsi que l&rsquo;absorption des nutriments gr\u00e2ce \u00e0 sa teneur \u00e9lev\u00e9e en <b>phosphore<\/b>. Sa formulation granul\u00e9e permet de l&rsquo;<b>appliquer avec n&rsquo;importe quel type d&rsquo;\u00e9pandeur d&rsquo;engrais<\/b>. Id\u00e9al en compl\u00e9ment d&rsquo;autres engrais \u00e0 faible teneur en phosphore et\/ou en calcium, ou en combinaison avec nos engrais <b>Labinor N10 <\/b>et <b>Labinor K30, <\/b>\u00e9galement adapt\u00e9s \u00e0 l&rsquo;agriculture biologique. Il peut \u00eatre appliqu\u00e9 \u00e0 tout type de culture, <b>comme engrais de base ou pour apporter des amendements<\/b>. <\/span><\/p>\n","protected":false},"excerpt":{"rendered":"<ul>\n<li>Lib\u00e9ration naturelle prolong\u00e9e<\/li>\n<li>Engrais organique granul\u00e9 destin\u00e9 \u00e0 l&rsquo;agriculture biologique<\/li>\n<li>En compl\u00e9ment des autres engrais LABIN ; LABINOR N-10 et LABINOR K-30<\/li>\n<\/ul>\n","protected":false},"featured_media":36184,"comment_status":"closed","ping_status":"closed","template":"","meta":{"_acf_changed":false},"cultivo":[348,375,408,438,471,525,349,377,409,439,472,526,350,378,410,440,473,354,383,411,445,474,355,384,412,446,480,356,385,418,447,481,360,389,419,448,482,361,390,420,453,483,363,391,421,454,484,364,396,427,455,490,365,397,428,456,491,336,369,398,429,457,492,338,370,399,430,462,493,342,371,404,431,463,518,343,373,405,436,464,519,344,374,406,437,470,524],"ecologico":[825],"medioambiente":[833,843],"solucion":[942],"tipo-de-aplicacion":[494],"product_brand":[],"product_cat":[983],"product_tag":[],"class_list":{"0":"post-37690","1":"product","2":"type-product","3":"status-publish","4":"has-post-thumbnail","6":"cultivo-amandier","7":"cultivo-lima","8":"cultivo-coco","9":"cultivo-brocoli","10":"cultivo-concombre","11":"cultivo-legumineuses-extensives","12":"cultivo-noisette","13":"cultivo-mandarino","14":"cultivo-fruits-rouges-baies","15":"cultivo-courgette","16":"cultivo-poivre","17":"cultivo-graines-oleagineuses","18":"cultivo-kaki","19":"cultivo-manzano","20":"cultivo-goyave","21":"cultivo-citrouille","22":"cultivo-poireau","23":"cultivo-marron","24":"cultivo-peche","25":"cultivo-litchi","26":"cultivo-oignon","27":"cultivo-radis","28":"cultivo-cerise","29":"cultivo-membrillero","30":"cultivo-poignee","31":"cultivo-col","32":"cultivo-betterave","33":"cultivo-prune","34":"cultivo-oranger","35":"cultivo-fruit-de-la-passion","36":"cultivo-choux-de-bruxelles","37":"cultivo-roquette","38":"cultivo-clementino","39":"cultivo-nectarine","40":"cultivo-papaye","41":"cultivo-chou-fleur","42":"cultivo-pasteque","43":"cultivo-grenade","44":"cultivo-noyer","45":"cultivo-ananas","46":"cultivo-endive","47":"cultivo-soja-vert","48":"cultivo-higuera","49":"cultivo-olivier","50":"cultivo-pitahaya","51":"cultivo-epinards","52":"cultivo-tomate","53":"cultivo-kiwi","54":"cultivo-vigne-ornementale","55":"cultivo-tamarin","56":"cultivo-pois","57":"cultivo-carotte","58":"cultivo-citronnier","59":"cultivo-peral","60":"cultivo-the","61":"cultivo-petit-haricot","62":"cultivo-arbres-dornement","63":"cultivo-arbres-fruitiers","64":"cultivo-avocat","65":"cultivo-pistache","66":"cultivo-manioc","67":"cultivo-haricot-vert","68":"cultivo-cespedes","69":"cultivo-tropical","70":"cultivo-banane-plantain","71":"cultivo-pamplemousse","72":"cultivo-bette-a-carde","73":"cultivo-laitue","74":"cultivo-fleurs","75":"cultivo-horticulture","76":"cultivo-cacao","77":"cultivo-vigne","78":"cultivo-ail","79":"cultivo-melon","80":"cultivo-extensions","81":"cultivo-parcs-et-jardins","82":"cultivo-cafe","83":"cultivo-canne-a-sucre","84":"cultivo-aubergine","85":"cultivo-navet","86":"cultivo-cereales","87":"cultivo-abricot","88":"cultivo-carambole","89":"cultivo-pomme-a-la-creme","90":"cultivo-patate-douce","91":"cultivo-pommes-de-terre","92":"cultivo-fourrages-et-paturages","93":"ecologico-si","94":"medioambiente-reduction-de-lempreinte-carbone","95":"medioambiente-efficacite-de-lutilisation-des-nutriments","96":"solucion-ameliorer-sante-des-sols","97":"tipo-de-aplicacion-epandage-sur-le-sol","98":"product_cat-engrais-granules-et-microgranules","100":"first","101":"instock","102":"shipping-taxable","103":"product-type-simple"},"acf":[],"_links":{"self":[{"href":"https:\/\/labin.net\/fr\/wp-json\/wp\/v2\/product\/37690","targetHints":{"allow":["GET"]}}],"collection":[{"href":"https:\/\/labin.net\/fr\/wp-json\/wp\/v2\/product"}],"about":[{"href":"https:\/\/labin.net\/fr\/wp-json\/wp\/v2\/types\/product"}],"replies":[{"embeddable":true,"href":"https:\/\/labin.net\/fr\/wp-json\/wp\/v2\/comments?post=37690"}],"wp:featuredmedia":[{"embeddable":true,"href":"https:\/\/labin.net\/fr\/wp-json\/wp\/v2\/media\/36184"}],"wp:attachment":[{"href":"https:\/\/labin.net\/fr\/wp-json\/wp\/v2\/media?parent=37690"}],"wp:term":[{"taxonomy":"cultivo","embeddable":true,"href":"https:\/\/labin.net\/fr\/wp-json\/wp\/v2\/cultivo?post=37690"},{"taxonomy":"ecologico","embeddable":true,"href":"https:\/\/labin.net\/fr\/wp-json\/wp\/v2\/ecologico?post=37690"},{"taxonomy":"medioambiente","embeddable":true,"href":"https:\/\/labin.net\/fr\/wp-json\/wp\/v2\/medioambiente?post=37690"},{"taxonomy":"solucion","embeddable":true,"href":"https:\/\/labin.net\/fr\/wp-json\/wp\/v2\/solucion?post=37690"},{"taxonomy":"tipo-de-aplicacion","embeddable":true,"href":"https:\/\/labin.net\/fr\/wp-json\/wp\/v2\/tipo-de-aplicacion?post=37690"},{"taxonomy":"product_brand","embeddable":true,"href":"https:\/\/labin.net\/fr\/wp-json\/wp\/v2\/product_brand?post=37690"},{"taxonomy":"product_cat","embeddable":true,"href":"https:\/\/labin.net\/fr\/wp-json\/wp\/v2\/product_cat?post=37690"},{"taxonomy":"product_tag","embeddable":true,"href":"https:\/\/labin.net\/fr\/wp-json\/wp\/v2\/product_tag?post=37690"}],"curies":[{"name":"wp","href":"https:\/\/api.w.org\/{rel}","templated":true}]}}