{"id":37673,"date":"2025-12-05T11:01:08","date_gmt":"2025-12-05T11:01:08","guid":{"rendered":"https:labin.net\/producto\/labifer\/"},"modified":"2025-12-05T11:01:08","modified_gmt":"2025-12-05T11:01:08","slug":"labifer","status":"publish","type":"product","link":"https:\/\/labin.net\/fr\/producto\/labifer\/","title":{"rendered":"LABIFER"},"content":{"rendered":"<p>Ch\u00e9late de fer microgranul\u00e9, totalement soluble dans l&rsquo;eau et le plus r\u00e9sistant aux pH alcalins.<br \/>\nLABIFER est un produit \u00e0 action rapide et efficace contre les carences en fer (jaunissement ou chlorose ferrique des plantes), pour tous les types de sols.<br \/>\nSon agent ch\u00e9lateur (les isom\u00e8res EDDHA les plus int\u00e9ressants du point de vue agronomique) lui conf\u00e8re une grande stabilit\u00e9 et persistance.<br \/>\nPour pr\u00e9venir ou gu\u00e9rir les carences en FER (jaunissement) dans toutes les cultures. Particuli\u00e8rement int\u00e9ressant pour les FRUITS, les AGRUMES, les VIGNERONS, les L\u00c9GUMES et les ORNAMENTAUX,&#8230; <\/p>\n","protected":false},"excerpt":{"rendered":"<ul>\n<li>Fer ch\u00e9lat\u00e9 par EDDHA totalement soluble dans l&rsquo;eau<\/li>\n<li>Utilisable dans l&rsquo;agriculture biologique<\/li>\n<li>Stable sur une large gamme de pH du sol<\/li>\n<li>R\u00e9sout les situations de chlorose ferreuse s\u00e9v\u00e8re<\/li>\n<\/ul>\n","protected":false},"featured_media":36298,"comment_status":"closed","ping_status":"closed","template":"","meta":{"_acf_changed":false},"cultivo":[355,384,412,446,480,356,385,418,447,481,360,389,419,448,482,361,390,420,453,483,363,391,421,454,484,364,396,427,455,490,365,397,428,456,491,336,369,398,429,457,492,338,370,399,430,462,493,342,371,404,431,463,343,373,405,436,464,344,374,406,437,470,348,375,408,438,471,349,377,409,439,472,350,378,410,440,473,354,383,411,445,474],"ecologico":[825],"medioambiente":[843],"solucion":[887],"tipo-de-aplicacion":[527],"product_brand":[],"product_cat":[974],"product_tag":[],"class_list":{"0":"post-37673","1":"product","2":"type-product","3":"status-publish","4":"has-post-thumbnail","6":"cultivo-cerise","7":"cultivo-membrillero","8":"cultivo-poignee","9":"cultivo-col","10":"cultivo-betterave","11":"cultivo-prune","12":"cultivo-oranger","13":"cultivo-fruit-de-la-passion","14":"cultivo-choux-de-bruxelles","15":"cultivo-roquette","16":"cultivo-clementino","17":"cultivo-nectarine","18":"cultivo-papaye","19":"cultivo-chou-fleur","20":"cultivo-pasteque","21":"cultivo-grenade","22":"cultivo-noyer","23":"cultivo-ananas","24":"cultivo-endive","25":"cultivo-soja-vert","26":"cultivo-higuera","27":"cultivo-olivier","28":"cultivo-pitahaya","29":"cultivo-epinards","30":"cultivo-tomate","31":"cultivo-kiwi","32":"cultivo-vigne-ornementale","33":"cultivo-tamarin","34":"cultivo-pois","35":"cultivo-carotte","36":"cultivo-citronnier","37":"cultivo-peral","38":"cultivo-the","39":"cultivo-petit-haricot","40":"cultivo-arbres-dornement","41":"cultivo-arbres-fruitiers","42":"cultivo-avocat","43":"cultivo-pistache","44":"cultivo-manioc","45":"cultivo-haricot-vert","46":"cultivo-cespedes","47":"cultivo-tropical","48":"cultivo-banane-plantain","49":"cultivo-pamplemousse","50":"cultivo-bette-a-carde","51":"cultivo-laitue","52":"cultivo-fleurs","53":"cultivo-horticulture","54":"cultivo-cacao","55":"cultivo-vigne","56":"cultivo-ail","57":"cultivo-melon","58":"cultivo-parcs-et-jardins","59":"cultivo-cafe","60":"cultivo-canne-a-sucre","61":"cultivo-aubergine","62":"cultivo-navet","63":"cultivo-abricot","64":"cultivo-carambole","65":"cultivo-pomme-a-la-creme","66":"cultivo-patate-douce","67":"cultivo-pommes-de-terre","68":"cultivo-amandier","69":"cultivo-lima","70":"cultivo-coco","71":"cultivo-brocoli","72":"cultivo-concombre","73":"cultivo-noisette","74":"cultivo-mandarino","75":"cultivo-fruits-rouges-baies","76":"cultivo-courgette","77":"cultivo-poivre","78":"cultivo-kaki","79":"cultivo-manzano","80":"cultivo-goyave","81":"cultivo-citrouille","82":"cultivo-poireau","83":"cultivo-marron","84":"cultivo-peche","85":"cultivo-litchi","86":"cultivo-oignon","87":"cultivo-radis","88":"ecologico-si","89":"medioambiente-efficacite-de-lutilisation-des-nutriments","90":"solucion-carence-en-fe","91":"tipo-de-aplicacion-fertigation","92":"product_cat-correcteur-de-carences","94":"first","95":"instock","96":"shipping-taxable","97":"product-type-simple"},"acf":[],"_links":{"self":[{"href":"https:\/\/labin.net\/fr\/wp-json\/wp\/v2\/product\/37673","targetHints":{"allow":["GET"]}}],"collection":[{"href":"https:\/\/labin.net\/fr\/wp-json\/wp\/v2\/product"}],"about":[{"href":"https:\/\/labin.net\/fr\/wp-json\/wp\/v2\/types\/product"}],"replies":[{"embeddable":true,"href":"https:\/\/labin.net\/fr\/wp-json\/wp\/v2\/comments?post=37673"}],"wp:featuredmedia":[{"embeddable":true,"href":"https:\/\/labin.net\/fr\/wp-json\/wp\/v2\/media\/36298"}],"wp:attachment":[{"href":"https:\/\/labin.net\/fr\/wp-json\/wp\/v2\/media?parent=37673"}],"wp:term":[{"taxonomy":"cultivo","embeddable":true,"href":"https:\/\/labin.net\/fr\/wp-json\/wp\/v2\/cultivo?post=37673"},{"taxonomy":"ecologico","embeddable":true,"href":"https:\/\/labin.net\/fr\/wp-json\/wp\/v2\/ecologico?post=37673"},{"taxonomy":"medioambiente","embeddable":true,"href":"https:\/\/labin.net\/fr\/wp-json\/wp\/v2\/medioambiente?post=37673"},{"taxonomy":"solucion","embeddable":true,"href":"https:\/\/labin.net\/fr\/wp-json\/wp\/v2\/solucion?post=37673"},{"taxonomy":"tipo-de-aplicacion","embeddable":true,"href":"https:\/\/labin.net\/fr\/wp-json\/wp\/v2\/tipo-de-aplicacion?post=37673"},{"taxonomy":"product_brand","embeddable":true,"href":"https:\/\/labin.net\/fr\/wp-json\/wp\/v2\/product_brand?post=37673"},{"taxonomy":"product_cat","embeddable":true,"href":"https:\/\/labin.net\/fr\/wp-json\/wp\/v2\/product_cat?post=37673"},{"taxonomy":"product_tag","embeddable":true,"href":"https:\/\/labin.net\/fr\/wp-json\/wp\/v2\/product_tag?post=37673"}],"curies":[{"name":"wp","href":"https:\/\/api.w.org\/{rel}","templated":true}]}}