{"id":37672,"date":"2025-12-05T11:01:08","date_gmt":"2025-12-05T11:01:08","guid":{"rendered":"https:labin.net\/producto\/labifol-bore-magnesium\/"},"modified":"2026-01-19T13:22:07","modified_gmt":"2026-01-19T13:22:07","slug":"labifol-boro-magnesico","status":"publish","type":"product","link":"https:\/\/labin.net\/fr\/producto\/labifol-boro-magnesico\/","title":{"rendered":"LABIFOL BORO MAGNESICO"},"content":{"rendered":"<p>Engrais foliaire hautement soluble, d\u00e9velopp\u00e9 pour obtenir une compatibilit\u00e9 maximale entre le bore et le magn\u00e9sium dans un seul produit et une assimilation rapide.<\/p>\n<p>La combinaison de bore et de magn\u00e9sium est adapt\u00e9e \u00e0 l&rsquo;application avant et apr\u00e8s la floraison, am\u00e9liorant ainsi la nouaison et obtenant un rendement plus \u00e9lev\u00e9 en quantit\u00e9 et en qualit\u00e9. Le bore et le magn\u00e9sium sont deux nutriments qui, bien que n\u00e9cessaires en petites quantit\u00e9s, sont strat\u00e9giques et permettent d&rsquo;obtenir une augmentation significative de la production.<\/p>\n<p><strong>LABIFOL BORO MAGNESICO<\/strong> est un engrais foliaire pour pr\u00e9venir ou traiter les carences en magn\u00e9sium et en bore avec une grande efficacit\u00e9 et, en m\u00eame temps, revitaliser les plantes.<\/p>\n","protected":false},"excerpt":{"rendered":"<ul>\n<li>Bore et magn\u00e9sium en un seul produit<\/li>\n<li>Assimilation et translocation rapides<\/li>\n<li>R\u00e9sultats visibles en quelques jours<\/li>\n<\/ul>\n","protected":false},"featured_media":36123,"comment_status":"closed","ping_status":"closed","template":"","meta":{"_acf_changed":false},"cultivo":[361,390,420,453,483,363,391,421,454,484,364,396,427,455,490,365,397,428,456,491,336,369,398,429,457,492,338,370,399,430,462,493,342,371,404,431,463,518,343,373,405,436,464,519,344,374,406,437,470,524,348,375,408,438,471,525,349,377,409,439,472,526,350,378,410,440,473,354,383,411,445,474,355,384,412,446,480,356,385,418,447,481,360,389,419,448,482],"ecologico":[828],"medioambiente":[843],"solucion":[874,890,924,945],"tipo-de-aplicacion":[809],"product_brand":[],"product_cat":[974],"product_tag":[],"class_list":{"0":"post-37672","1":"product","2":"type-product","3":"status-publish","4":"has-post-thumbnail","6":"cultivo-grenade","7":"cultivo-noyer","8":"cultivo-ananas","9":"cultivo-endive","10":"cultivo-soja-vert","11":"cultivo-higuera","12":"cultivo-olivier","13":"cultivo-pitahaya","14":"cultivo-epinards","15":"cultivo-tomate","16":"cultivo-kiwi","17":"cultivo-vigne-ornementale","18":"cultivo-tamarin","19":"cultivo-pois","20":"cultivo-carotte","21":"cultivo-citronnier","22":"cultivo-peral","23":"cultivo-the","24":"cultivo-petit-haricot","25":"cultivo-arbres-dornement","26":"cultivo-arbres-fruitiers","27":"cultivo-avocat","28":"cultivo-pistache","29":"cultivo-manioc","30":"cultivo-haricot-vert","31":"cultivo-cespedes","32":"cultivo-tropical","33":"cultivo-banane-plantain","34":"cultivo-pamplemousse","35":"cultivo-bette-a-carde","36":"cultivo-laitue","37":"cultivo-fleurs","38":"cultivo-horticulture","39":"cultivo-cacao","40":"cultivo-vigne","41":"cultivo-ail","42":"cultivo-melon","43":"cultivo-extensions","44":"cultivo-parcs-et-jardins","45":"cultivo-cafe","46":"cultivo-canne-a-sucre","47":"cultivo-aubergine","48":"cultivo-navet","49":"cultivo-cereales","50":"cultivo-abricot","51":"cultivo-carambole","52":"cultivo-pomme-a-la-creme","53":"cultivo-patate-douce","54":"cultivo-pommes-de-terre","55":"cultivo-fourrages-et-paturages","56":"cultivo-amandier","57":"cultivo-lima","58":"cultivo-coco","59":"cultivo-brocoli","60":"cultivo-concombre","61":"cultivo-legumineuses-extensives","62":"cultivo-noisette","63":"cultivo-mandarino","64":"cultivo-fruits-rouges-baies","65":"cultivo-courgette","66":"cultivo-poivre","67":"cultivo-graines-oleagineuses","68":"cultivo-kaki","69":"cultivo-manzano","70":"cultivo-goyave","71":"cultivo-citrouille","72":"cultivo-poireau","73":"cultivo-marron","74":"cultivo-peche","75":"cultivo-litchi","76":"cultivo-oignon","77":"cultivo-radis","78":"cultivo-cerise","79":"cultivo-membrillero","80":"cultivo-poignee","81":"cultivo-col","82":"cultivo-betterave","83":"cultivo-prune","84":"cultivo-oranger","85":"cultivo-fruit-de-la-passion","86":"cultivo-choux-de-bruxelles","87":"cultivo-roquette","88":"cultivo-clementino","89":"cultivo-nectarine","90":"cultivo-papaye","91":"cultivo-chou-fleur","92":"cultivo-pasteque","93":"ecologico-no","94":"medioambiente-efficacite-de-lutilisation-des-nutriments","95":"solucion-carence-en-mg","96":"solucion-carence-en-b","97":"solucion-floraison-et-nouaison","98":"solucion-amelioration-de-la-qualite-des-fruits","99":"tipo-de-aplicacion-foliaire","100":"product_cat-correcteur-de-carences","102":"first","103":"instock","104":"shipping-taxable","105":"product-type-simple"},"acf":[],"_links":{"self":[{"href":"https:\/\/labin.net\/fr\/wp-json\/wp\/v2\/product\/37672","targetHints":{"allow":["GET"]}}],"collection":[{"href":"https:\/\/labin.net\/fr\/wp-json\/wp\/v2\/product"}],"about":[{"href":"https:\/\/labin.net\/fr\/wp-json\/wp\/v2\/types\/product"}],"replies":[{"embeddable":true,"href":"https:\/\/labin.net\/fr\/wp-json\/wp\/v2\/comments?post=37672"}],"wp:featuredmedia":[{"embeddable":true,"href":"https:\/\/labin.net\/fr\/wp-json\/wp\/v2\/media\/36123"}],"wp:attachment":[{"href":"https:\/\/labin.net\/fr\/wp-json\/wp\/v2\/media?parent=37672"}],"wp:term":[{"taxonomy":"cultivo","embeddable":true,"href":"https:\/\/labin.net\/fr\/wp-json\/wp\/v2\/cultivo?post=37672"},{"taxonomy":"ecologico","embeddable":true,"href":"https:\/\/labin.net\/fr\/wp-json\/wp\/v2\/ecologico?post=37672"},{"taxonomy":"medioambiente","embeddable":true,"href":"https:\/\/labin.net\/fr\/wp-json\/wp\/v2\/medioambiente?post=37672"},{"taxonomy":"solucion","embeddable":true,"href":"https:\/\/labin.net\/fr\/wp-json\/wp\/v2\/solucion?post=37672"},{"taxonomy":"tipo-de-aplicacion","embeddable":true,"href":"https:\/\/labin.net\/fr\/wp-json\/wp\/v2\/tipo-de-aplicacion?post=37672"},{"taxonomy":"product_brand","embeddable":true,"href":"https:\/\/labin.net\/fr\/wp-json\/wp\/v2\/product_brand?post=37672"},{"taxonomy":"product_cat","embeddable":true,"href":"https:\/\/labin.net\/fr\/wp-json\/wp\/v2\/product_cat?post=37672"},{"taxonomy":"product_tag","embeddable":true,"href":"https:\/\/labin.net\/fr\/wp-json\/wp\/v2\/product_tag?post=37672"}],"curies":[{"name":"wp","href":"https:\/\/api.w.org\/{rel}","templated":true}]}}