{"id":37660,"date":"2025-12-05T11:00:56","date_gmt":"2025-12-05T11:00:56","guid":{"rendered":"https:labin.net\/producto\/labicuper\/"},"modified":"2026-03-16T14:32:55","modified_gmt":"2026-03-16T14:32:55","slug":"labicuper","status":"publish","type":"product","link":"https:\/\/labin.net\/fr\/producto\/labicuper\/","title":{"rendered":"LABICUPER"},"content":{"rendered":"<p><strong>LABICUPER <\/strong>, c&rsquo;est la technologie et le design au service d&rsquo;une formulation qui apporte du <strong>cuivre nutritionnel complex\u00e9.<\/strong><\/p>\n<p>Le <strong>cuivre est un micro-\u00e9l\u00e9ment essentiel <\/strong>pour la croissance et le d\u00e9veloppement normaux des plantes. Il participe \u00e0 de nombreux processus physiologiques tels que la <strong>photosynth\u00e8se, la respiration cellulaire, le stress oxydatif et le m\u00e9tabolisme <\/strong>au niveau des feuilles.<\/p>\n<p>Comme le confirment plusieurs \u00e9tudes, il est aussi directement li\u00e9 \u00e0 l&rsquo;<strong>am\u00e9lioration des rendements <\/strong>dans diverses cultures l\u00e9gumi\u00e8res. Le maintien de niveaux optimaux de cuivre dans tous les tissus de la plante apporte des <strong>avantages en termes de production<\/strong>. <strong>LABICUPER <\/strong>permet une <strong>translocation parfaite et une distribution uniforme de l&rsquo;\u00e9l\u00e9ment nutritif cuivre<\/strong>.<\/p>\n<p><iframe id=\"player\" src=\"https:\/\/www.youtube.com\/embed\/ccSeUWTZvNs?si=3tIJdlKvbRXQ32BX\" width=\"640\" height=\"390\" frameborder=\"0\"><span data-mce-type=\"bookmark\" style=\"display: inline-block; width: 0px; overflow: hidden; line-height: 0;\" class=\"mce_SELRES_start\">\ufeff<\/span><\/iframe><\/p>\n","protected":false},"excerpt":{"rendered":"<ul>\n<li>Micro\u00e9l\u00e9ment essentiel pour la croissance et le d\u00e9veloppement des plantes<\/li>\n<li>Am\u00e9lioration de la production dans diff\u00e9rentes cultures<\/li>\n<li>Distribution uniforme du cuivre nutritif<\/li>\n<\/ul>\n","protected":false},"featured_media":36292,"comment_status":"closed","ping_status":"closed","template":"","meta":{"_acf_changed":false},"cultivo":[355,384,412,446,480,356,385,418,447,481,360,389,419,448,482,361,390,420,453,483,363,391,421,454,484,364,396,427,455,490,365,397,428,456,491,336,369,398,429,457,492,338,370,399,430,462,493,342,371,404,431,463,518,343,373,405,436,464,519,344,374,406,437,470,524,348,375,408,438,471,525,349,377,409,439,472,526,350,378,410,440,473,354,383,411,445,474],"ecologico":[825],"medioambiente":[843],"solucion":[896,916,957],"tipo-de-aplicacion":[527,809,815,816],"product_brand":[],"product_cat":[968,1012],"product_tag":[],"class_list":{"0":"post-37660","1":"product","2":"type-product","3":"status-publish","4":"has-post-thumbnail","6":"cultivo-cerise","7":"cultivo-membrillero","8":"cultivo-poignee","9":"cultivo-col","10":"cultivo-betterave","11":"cultivo-prune","12":"cultivo-oranger","13":"cultivo-fruit-de-la-passion","14":"cultivo-choux-de-bruxelles","15":"cultivo-roquette","16":"cultivo-clementino","17":"cultivo-nectarine","18":"cultivo-papaye","19":"cultivo-chou-fleur","20":"cultivo-pasteque","21":"cultivo-grenade","22":"cultivo-noyer","23":"cultivo-ananas","24":"cultivo-endive","25":"cultivo-soja-vert","26":"cultivo-higuera","27":"cultivo-olivier","28":"cultivo-pitahaya","29":"cultivo-epinards","30":"cultivo-tomate","31":"cultivo-kiwi","32":"cultivo-vigne-ornementale","33":"cultivo-tamarin","34":"cultivo-pois","35":"cultivo-carotte","36":"cultivo-citronnier","37":"cultivo-peral","38":"cultivo-the","39":"cultivo-petit-haricot","40":"cultivo-arbres-dornement","41":"cultivo-arbres-fruitiers","42":"cultivo-avocat","43":"cultivo-pistache","44":"cultivo-manioc","45":"cultivo-haricot-vert","46":"cultivo-cespedes","47":"cultivo-tropical","48":"cultivo-banane-plantain","49":"cultivo-pamplemousse","50":"cultivo-bette-a-carde","51":"cultivo-laitue","52":"cultivo-fleurs","53":"cultivo-horticulture","54":"cultivo-cacao","55":"cultivo-vigne","56":"cultivo-ail","57":"cultivo-melon","58":"cultivo-extensions","59":"cultivo-parcs-et-jardins","60":"cultivo-cafe","61":"cultivo-canne-a-sucre","62":"cultivo-aubergine","63":"cultivo-navet","64":"cultivo-cereales","65":"cultivo-abricot","66":"cultivo-carambole","67":"cultivo-pomme-a-la-creme","68":"cultivo-patate-douce","69":"cultivo-pommes-de-terre","70":"cultivo-fourrages-et-paturages","71":"cultivo-amandier","72":"cultivo-lima","73":"cultivo-coco","74":"cultivo-brocoli","75":"cultivo-concombre","76":"cultivo-legumineuses-extensives","77":"cultivo-noisette","78":"cultivo-mandarino","79":"cultivo-fruits-rouges-baies","80":"cultivo-courgette","81":"cultivo-poivre","82":"cultivo-graines-oleagineuses","83":"cultivo-kaki","84":"cultivo-manzano","85":"cultivo-goyave","86":"cultivo-citrouille","87":"cultivo-poireau","88":"cultivo-marron","89":"cultivo-peche","90":"cultivo-litchi","91":"cultivo-oignon","92":"cultivo-radis","93":"ecologico-si","94":"medioambiente-efficacite-de-lutilisation-des-nutriments","95":"solucion-carence-en-cu","96":"solucion-vigueur-verdure-et-sante","97":"solucion-prevencion","98":"tipo-de-aplicacion-fertigation","99":"tipo-de-aplicacion-foliaire","100":"tipo-de-aplicacion-dron","101":"tipo-de-aplicacion-aeronefs-legers","102":"product_cat-biostimulant","103":"product_cat-specialites","105":"first","106":"instock","107":"shipping-taxable","108":"product-type-simple"},"acf":[],"_links":{"self":[{"href":"https:\/\/labin.net\/fr\/wp-json\/wp\/v2\/product\/37660","targetHints":{"allow":["GET"]}}],"collection":[{"href":"https:\/\/labin.net\/fr\/wp-json\/wp\/v2\/product"}],"about":[{"href":"https:\/\/labin.net\/fr\/wp-json\/wp\/v2\/types\/product"}],"replies":[{"embeddable":true,"href":"https:\/\/labin.net\/fr\/wp-json\/wp\/v2\/comments?post=37660"}],"wp:featuredmedia":[{"embeddable":true,"href":"https:\/\/labin.net\/fr\/wp-json\/wp\/v2\/media\/36292"}],"wp:attachment":[{"href":"https:\/\/labin.net\/fr\/wp-json\/wp\/v2\/media?parent=37660"}],"wp:term":[{"taxonomy":"cultivo","embeddable":true,"href":"https:\/\/labin.net\/fr\/wp-json\/wp\/v2\/cultivo?post=37660"},{"taxonomy":"ecologico","embeddable":true,"href":"https:\/\/labin.net\/fr\/wp-json\/wp\/v2\/ecologico?post=37660"},{"taxonomy":"medioambiente","embeddable":true,"href":"https:\/\/labin.net\/fr\/wp-json\/wp\/v2\/medioambiente?post=37660"},{"taxonomy":"solucion","embeddable":true,"href":"https:\/\/labin.net\/fr\/wp-json\/wp\/v2\/solucion?post=37660"},{"taxonomy":"tipo-de-aplicacion","embeddable":true,"href":"https:\/\/labin.net\/fr\/wp-json\/wp\/v2\/tipo-de-aplicacion?post=37660"},{"taxonomy":"product_brand","embeddable":true,"href":"https:\/\/labin.net\/fr\/wp-json\/wp\/v2\/product_brand?post=37660"},{"taxonomy":"product_cat","embeddable":true,"href":"https:\/\/labin.net\/fr\/wp-json\/wp\/v2\/product_cat?post=37660"},{"taxonomy":"product_tag","embeddable":true,"href":"https:\/\/labin.net\/fr\/wp-json\/wp\/v2\/product_tag?post=37660"}],"curies":[{"name":"wp","href":"https:\/\/api.w.org\/{rel}","templated":true}]}}