{"id":37657,"date":"2025-12-05T11:00:56","date_gmt":"2025-12-05T11:00:56","guid":{"rendered":"https:labin.net\/producto\/micro-12-30-8s\/"},"modified":"2025-12-05T11:00:56","modified_gmt":"2025-12-05T11:00:56","slug":"micro-12-30-8s","status":"publish","type":"product","link":"https:\/\/labin.net\/fr\/producto\/micro-12-30-8s\/","title":{"rendered":"MICRO 12-30-8S"},"content":{"rendered":"<p><strong>LABIN MICRO 12-30-8S <\/strong>est un engrais complexe micro-granul\u00e9 avec une granulom\u00e9trie de 1 \u00e0 1,5 mm, sp\u00e9cialement indiqu\u00e9 pour obtenir un rendement \u00e9lev\u00e9 dans la fertilisation du sol au moment du semis.<\/p>\n<p>Sa forme micro-granul\u00e9e permet une distribution plus uniforme et ultra-localis\u00e9e des nutriments, ce qui se traduit par une plus grande efficacit\u00e9 dans le d\u00e9veloppement de l&rsquo;ensemble du syst\u00e8me racinaire et de la germination de la culture. La forme totalement soluble du phosphore fournie avec le produit garantit son assimilation compl\u00e8te par la plante. Il est id\u00e9al pour les cultures sensibles aux carences en zinc. En outre, l&rsquo;ajout d&rsquo;azote et de potassium assure une nutrition compl\u00e8te de votre culture.   <\/p>\n","protected":false},"excerpt":{"rendered":"<ul>\n<li>Engrais NP microgranul\u00e9 \u00e0 haute teneur en phosphore<\/li>\n<li>Convient pour l&rsquo;engrais de fond et le d\u00e9marrage des semences<\/li>\n<li>D\u00e9veloppement accru du syst\u00e8me racinaire de la plante<\/li>\n<li>Avec du zinc<\/li>\n<\/ul>\n","protected":false},"featured_media":36178,"comment_status":"closed","ping_status":"closed","template":"","meta":{"_acf_changed":false},"cultivo":[518,519,524,525,526,343,491,492,493],"ecologico":[828],"medioambiente":[843],"solucion":[942],"tipo-de-aplicacion":[494],"product_brand":[],"product_cat":[983],"product_tag":[],"class_list":{"0":"post-37657","1":"product","2":"type-product","3":"status-publish","4":"has-post-thumbnail","6":"cultivo-extensions","7":"cultivo-cereales","8":"cultivo-fourrages-et-paturages","9":"cultivo-legumineuses-extensives","10":"cultivo-graines-oleagineuses","11":"cultivo-parcs-et-jardins","12":"cultivo-arbres-dornement","13":"cultivo-cespedes","14":"cultivo-fleurs","15":"ecologico-no","16":"medioambiente-efficacite-de-lutilisation-des-nutriments","17":"solucion-ameliorer-sante-des-sols","18":"tipo-de-aplicacion-epandage-sur-le-sol","19":"product_cat-engrais-granules-et-microgranules","21":"first","22":"instock","23":"shipping-taxable","24":"product-type-simple"},"acf":[],"_links":{"self":[{"href":"https:\/\/labin.net\/fr\/wp-json\/wp\/v2\/product\/37657","targetHints":{"allow":["GET"]}}],"collection":[{"href":"https:\/\/labin.net\/fr\/wp-json\/wp\/v2\/product"}],"about":[{"href":"https:\/\/labin.net\/fr\/wp-json\/wp\/v2\/types\/product"}],"replies":[{"embeddable":true,"href":"https:\/\/labin.net\/fr\/wp-json\/wp\/v2\/comments?post=37657"}],"wp:featuredmedia":[{"embeddable":true,"href":"https:\/\/labin.net\/fr\/wp-json\/wp\/v2\/media\/36178"}],"wp:attachment":[{"href":"https:\/\/labin.net\/fr\/wp-json\/wp\/v2\/media?parent=37657"}],"wp:term":[{"taxonomy":"cultivo","embeddable":true,"href":"https:\/\/labin.net\/fr\/wp-json\/wp\/v2\/cultivo?post=37657"},{"taxonomy":"ecologico","embeddable":true,"href":"https:\/\/labin.net\/fr\/wp-json\/wp\/v2\/ecologico?post=37657"},{"taxonomy":"medioambiente","embeddable":true,"href":"https:\/\/labin.net\/fr\/wp-json\/wp\/v2\/medioambiente?post=37657"},{"taxonomy":"solucion","embeddable":true,"href":"https:\/\/labin.net\/fr\/wp-json\/wp\/v2\/solucion?post=37657"},{"taxonomy":"tipo-de-aplicacion","embeddable":true,"href":"https:\/\/labin.net\/fr\/wp-json\/wp\/v2\/tipo-de-aplicacion?post=37657"},{"taxonomy":"product_brand","embeddable":true,"href":"https:\/\/labin.net\/fr\/wp-json\/wp\/v2\/product_brand?post=37657"},{"taxonomy":"product_cat","embeddable":true,"href":"https:\/\/labin.net\/fr\/wp-json\/wp\/v2\/product_cat?post=37657"},{"taxonomy":"product_tag","embeddable":true,"href":"https:\/\/labin.net\/fr\/wp-json\/wp\/v2\/product_tag?post=37657"}],"curies":[{"name":"wp","href":"https:\/\/api.w.org\/{rel}","templated":true}]}}