{"id":37653,"date":"2025-12-05T11:00:56","date_gmt":"2025-12-05T11:00:56","guid":{"rendered":"https:labin.net\/producto\/labin-fertisil\/"},"modified":"2025-12-05T11:00:56","modified_gmt":"2025-12-05T11:00:56","slug":"labin-fertisil","status":"publish","type":"product","link":"https:\/\/labin.net\/fr\/producto\/labin-fertisil\/","title":{"rendered":"LABIN FERTISIL"},"content":{"rendered":"<p>De nombreuses sources et \u00e9tudes montrent que le silicium est un \u00e9l\u00e9ment b\u00e9n\u00e9fique pour les cultures.<\/p>\n<p>C&rsquo;est une r\u00e9alit\u00e9 que le silicium apporte de nombreux avantages \u00e0 diff\u00e9rentes esp\u00e8ces de plantes, \u00e0 la fois dans les cultures sans sol et dans les sols conventionnels. L&rsquo;utilisation du silicium en agronomie est un outil avec un grand potentiel de grand int\u00e9r\u00eat, surtout quand nous voyons l&rsquo;importance croissante de la s\u00e9cheresse et de l&rsquo;irr\u00e9gularit\u00e9 des pr\u00e9cipitations, dans un r\u00e9chauffement climatique \u00e9vident. Une autre caract\u00e9ristique en faveur de l&rsquo;application de <strong>LABIN FERTISIL<\/strong> est le grand avantage d&rsquo;utiliser le silicium par fertigation ; cela n&rsquo;implique pas plus de gestion culturelle que dans une application foliaire. La qualit\u00e9, le dosage et la manipulation des produits contenant du silicium dans leur formulation est ce qui peut justifier une augmentation de la vigueur tant dans la production de biomasse v\u00e9g\u00e9tale que dans celle des fruits.   <\/p>\n","protected":false},"excerpt":{"rendered":"<ul>\n<li>Augmentation de la vigueur des esp\u00e8ces horticoles en am\u00e9liorant l&rsquo;assimilation des nutriments apport\u00e9s.<\/li>\n<li>Produit sp\u00e9cialement con\u00e7u et formul\u00e9 pour l&rsquo;application en fertirrigation.<\/li>\n<\/ul>\n","protected":false},"featured_media":36407,"comment_status":"closed","ping_status":"closed","template":"","meta":{"_acf_changed":false},"cultivo":[365,397,428,456,491,336,369,398,429,457,492,338,370,399,430,462,493,342,371,404,431,463,518,343,373,405,436,464,519,344,374,406,437,470,524,348,375,408,438,471,525,349,377,409,439,472,526,350,378,410,440,473,354,383,411,445,474,355,384,412,446,480,356,385,418,447,481,360,389,419,448,482,361,390,420,453,483,363,391,421,454,484,364,396,427,455,490],"ecologico":[828],"medioambiente":[840,843],"solucion":[935,945,957],"tipo-de-aplicacion":[527],"product_brand":[],"product_cat":[1012],"product_tag":[],"class_list":{"0":"post-37653","1":"product","2":"type-product","3":"status-publish","4":"has-post-thumbnail","6":"cultivo-citronnier","7":"cultivo-peral","8":"cultivo-the","9":"cultivo-petit-haricot","10":"cultivo-arbres-dornement","11":"cultivo-arbres-fruitiers","12":"cultivo-avocat","13":"cultivo-pistache","14":"cultivo-manioc","15":"cultivo-haricot-vert","16":"cultivo-cespedes","17":"cultivo-tropical","18":"cultivo-banane-plantain","19":"cultivo-pamplemousse","20":"cultivo-bette-a-carde","21":"cultivo-laitue","22":"cultivo-fleurs","23":"cultivo-horticulture","24":"cultivo-cacao","25":"cultivo-vigne","26":"cultivo-ail","27":"cultivo-melon","28":"cultivo-extensions","29":"cultivo-parcs-et-jardins","30":"cultivo-cafe","31":"cultivo-canne-a-sucre","32":"cultivo-aubergine","33":"cultivo-navet","34":"cultivo-cereales","35":"cultivo-abricot","36":"cultivo-carambole","37":"cultivo-pomme-a-la-creme","38":"cultivo-patate-douce","39":"cultivo-pommes-de-terre","40":"cultivo-fourrages-et-paturages","41":"cultivo-amandier","42":"cultivo-lima","43":"cultivo-coco","44":"cultivo-brocoli","45":"cultivo-concombre","46":"cultivo-legumineuses-extensives","47":"cultivo-noisette","48":"cultivo-mandarino","49":"cultivo-fruits-rouges-baies","50":"cultivo-courgette","51":"cultivo-poivre","52":"cultivo-graines-oleagineuses","53":"cultivo-kaki","54":"cultivo-manzano","55":"cultivo-goyave","56":"cultivo-citrouille","57":"cultivo-poireau","58":"cultivo-marron","59":"cultivo-peche","60":"cultivo-litchi","61":"cultivo-oignon","62":"cultivo-radis","63":"cultivo-cerise","64":"cultivo-membrillero","65":"cultivo-poignee","66":"cultivo-col","67":"cultivo-betterave","68":"cultivo-prune","69":"cultivo-oranger","70":"cultivo-fruit-de-la-passion","71":"cultivo-choux-de-bruxelles","72":"cultivo-roquette","73":"cultivo-clementino","74":"cultivo-nectarine","75":"cultivo-papaye","76":"cultivo-chou-fleur","77":"cultivo-pasteque","78":"cultivo-grenade","79":"cultivo-noyer","80":"cultivo-ananas","81":"cultivo-endive","82":"cultivo-soja-vert","83":"cultivo-higuera","84":"cultivo-olivier","85":"cultivo-pitahaya","86":"cultivo-epinards","87":"cultivo-tomate","88":"cultivo-kiwi","89":"cultivo-vigne-ornementale","90":"cultivo-tamarin","91":"cultivo-pois","92":"cultivo-carotte","93":"ecologico-no","94":"medioambiente-efficacite-de-lutilisation-de-leau","95":"medioambiente-efficacite-de-lutilisation-des-nutriments","96":"solucion-amelioration-apres-recolte","97":"solucion-amelioration-de-la-qualite-des-fruits","98":"solucion-prevencion","99":"tipo-de-aplicacion-fertigation","100":"product_cat-specialites","102":"first","103":"instock","104":"shipping-taxable","105":"product-type-simple"},"acf":[],"_links":{"self":[{"href":"https:\/\/labin.net\/fr\/wp-json\/wp\/v2\/product\/37653","targetHints":{"allow":["GET"]}}],"collection":[{"href":"https:\/\/labin.net\/fr\/wp-json\/wp\/v2\/product"}],"about":[{"href":"https:\/\/labin.net\/fr\/wp-json\/wp\/v2\/types\/product"}],"replies":[{"embeddable":true,"href":"https:\/\/labin.net\/fr\/wp-json\/wp\/v2\/comments?post=37653"}],"wp:featuredmedia":[{"embeddable":true,"href":"https:\/\/labin.net\/fr\/wp-json\/wp\/v2\/media\/36407"}],"wp:attachment":[{"href":"https:\/\/labin.net\/fr\/wp-json\/wp\/v2\/media?parent=37653"}],"wp:term":[{"taxonomy":"cultivo","embeddable":true,"href":"https:\/\/labin.net\/fr\/wp-json\/wp\/v2\/cultivo?post=37653"},{"taxonomy":"ecologico","embeddable":true,"href":"https:\/\/labin.net\/fr\/wp-json\/wp\/v2\/ecologico?post=37653"},{"taxonomy":"medioambiente","embeddable":true,"href":"https:\/\/labin.net\/fr\/wp-json\/wp\/v2\/medioambiente?post=37653"},{"taxonomy":"solucion","embeddable":true,"href":"https:\/\/labin.net\/fr\/wp-json\/wp\/v2\/solucion?post=37653"},{"taxonomy":"tipo-de-aplicacion","embeddable":true,"href":"https:\/\/labin.net\/fr\/wp-json\/wp\/v2\/tipo-de-aplicacion?post=37653"},{"taxonomy":"product_brand","embeddable":true,"href":"https:\/\/labin.net\/fr\/wp-json\/wp\/v2\/product_brand?post=37653"},{"taxonomy":"product_cat","embeddable":true,"href":"https:\/\/labin.net\/fr\/wp-json\/wp\/v2\/product_cat?post=37653"},{"taxonomy":"product_tag","embeddable":true,"href":"https:\/\/labin.net\/fr\/wp-json\/wp\/v2\/product_tag?post=37653"}],"curies":[{"name":"wp","href":"https:\/\/api.w.org\/{rel}","templated":true}]}}