{"id":37644,"date":"2025-12-05T11:00:56","date_gmt":"2025-12-05T11:00:56","guid":{"rendered":"https:labin.net\/producto\/labisinergic\/"},"modified":"2025-12-05T11:00:56","modified_gmt":"2025-12-05T11:00:56","slug":"labisinergic","status":"publish","type":"product","link":"https:\/\/labin.net\/fr\/producto\/labisinergic\/","title":{"rendered":"LABISINERGIC"},"content":{"rendered":"<p><strong>LABISINERGIC<\/strong> est con\u00e7u pour apporter du silicium, \u00e9l\u00e9ment tr\u00e8s peu disponible dans le sol, sous une forme totalement assimilable. Le SILICIUM est tr\u00e8s b\u00e9n\u00e9fique et tr\u00e8s d\u00e9ficient dans toutes les cultures. <\/p>\n<p><strong>LABISINERGIC<\/strong> a deux effets importants :<br \/>\n1.- R\u00e9gulariser les nutriments, ce qui rend la fertilisation plus efficace.<br \/>\n2.- Donner plus de r\u00e9sistance et d&rsquo;\u00e9lasticit\u00e9 aux cuticules des plantes. Il am\u00e9liore ainsi le comportement des fruits apr\u00e8s la r\u00e9colte. <\/p>\n","protected":false},"excerpt":{"rendered":"<ul>\n<li>Silicium biodisponible et assimilable<\/li>\n<li>R\u00e9sistance \u00e0 la s\u00e9cheresse, au gel et aux situations de stress<\/li>\n<li>Mobilisation des \u00e9l\u00e9ments nutritifs, augmentation de l&rsquo;efficacit\u00e9 de l&rsquo;application des engrais<\/li>\n<li>Am\u00e9lioration de la conservation apr\u00e8s la r\u00e9colte<\/li>\n<\/ul>\n","protected":false},"featured_media":36413,"comment_status":"closed","ping_status":"closed","template":"","meta":{"_acf_changed":false},"cultivo":[343,373,405,436,464,519,344,374,406,437,470,524,348,375,408,438,471,525,349,377,409,439,472,526,350,378,410,440,473,354,383,411,445,474,355,384,412,446,480,356,385,418,447,481,360,389,419,448,482,361,390,420,453,483,363,391,421,454,484,364,396,427,455,490,365,397,428,456,491,336,369,398,429,457,492,338,370,399,430,462,493,342,371,404,431,463,518],"ecologico":[828],"medioambiente":[840,843],"solucion":[935,945,957],"tipo-de-aplicacion":[809,815,816],"product_brand":[],"product_cat":[968,1012],"product_tag":[],"class_list":{"0":"post-37644","1":"product","2":"type-product","3":"status-publish","4":"has-post-thumbnail","6":"cultivo-parcs-et-jardins","7":"cultivo-cafe","8":"cultivo-canne-a-sucre","9":"cultivo-aubergine","10":"cultivo-navet","11":"cultivo-cereales","12":"cultivo-abricot","13":"cultivo-carambole","14":"cultivo-pomme-a-la-creme","15":"cultivo-patate-douce","16":"cultivo-pommes-de-terre","17":"cultivo-fourrages-et-paturages","18":"cultivo-amandier","19":"cultivo-lima","20":"cultivo-coco","21":"cultivo-brocoli","22":"cultivo-concombre","23":"cultivo-legumineuses-extensives","24":"cultivo-noisette","25":"cultivo-mandarino","26":"cultivo-fruits-rouges-baies","27":"cultivo-courgette","28":"cultivo-poivre","29":"cultivo-graines-oleagineuses","30":"cultivo-kaki","31":"cultivo-manzano","32":"cultivo-goyave","33":"cultivo-citrouille","34":"cultivo-poireau","35":"cultivo-marron","36":"cultivo-peche","37":"cultivo-litchi","38":"cultivo-oignon","39":"cultivo-radis","40":"cultivo-cerise","41":"cultivo-membrillero","42":"cultivo-poignee","43":"cultivo-col","44":"cultivo-betterave","45":"cultivo-prune","46":"cultivo-oranger","47":"cultivo-fruit-de-la-passion","48":"cultivo-choux-de-bruxelles","49":"cultivo-roquette","50":"cultivo-clementino","51":"cultivo-nectarine","52":"cultivo-papaye","53":"cultivo-chou-fleur","54":"cultivo-pasteque","55":"cultivo-grenade","56":"cultivo-noyer","57":"cultivo-ananas","58":"cultivo-endive","59":"cultivo-soja-vert","60":"cultivo-higuera","61":"cultivo-olivier","62":"cultivo-pitahaya","63":"cultivo-epinards","64":"cultivo-tomate","65":"cultivo-kiwi","66":"cultivo-vigne-ornementale","67":"cultivo-tamarin","68":"cultivo-pois","69":"cultivo-carotte","70":"cultivo-citronnier","71":"cultivo-peral","72":"cultivo-the","73":"cultivo-petit-haricot","74":"cultivo-arbres-dornement","75":"cultivo-arbres-fruitiers","76":"cultivo-avocat","77":"cultivo-pistache","78":"cultivo-manioc","79":"cultivo-haricot-vert","80":"cultivo-cespedes","81":"cultivo-tropical","82":"cultivo-banane-plantain","83":"cultivo-pamplemousse","84":"cultivo-bette-a-carde","85":"cultivo-laitue","86":"cultivo-fleurs","87":"cultivo-horticulture","88":"cultivo-cacao","89":"cultivo-vigne","90":"cultivo-ail","91":"cultivo-melon","92":"cultivo-extensions","93":"ecologico-no","94":"medioambiente-efficacite-de-lutilisation-de-leau","95":"medioambiente-efficacite-de-lutilisation-des-nutriments","96":"solucion-amelioration-apres-recolte","97":"solucion-amelioration-de-la-qualite-des-fruits","98":"solucion-prevencion","99":"tipo-de-aplicacion-foliaire","100":"tipo-de-aplicacion-dron","101":"tipo-de-aplicacion-aeronefs-legers","102":"product_cat-biostimulant","103":"product_cat-specialites","105":"first","106":"instock","107":"shipping-taxable","108":"product-type-simple"},"acf":[],"_links":{"self":[{"href":"https:\/\/labin.net\/fr\/wp-json\/wp\/v2\/product\/37644","targetHints":{"allow":["GET"]}}],"collection":[{"href":"https:\/\/labin.net\/fr\/wp-json\/wp\/v2\/product"}],"about":[{"href":"https:\/\/labin.net\/fr\/wp-json\/wp\/v2\/types\/product"}],"replies":[{"embeddable":true,"href":"https:\/\/labin.net\/fr\/wp-json\/wp\/v2\/comments?post=37644"}],"wp:featuredmedia":[{"embeddable":true,"href":"https:\/\/labin.net\/fr\/wp-json\/wp\/v2\/media\/36413"}],"wp:attachment":[{"href":"https:\/\/labin.net\/fr\/wp-json\/wp\/v2\/media?parent=37644"}],"wp:term":[{"taxonomy":"cultivo","embeddable":true,"href":"https:\/\/labin.net\/fr\/wp-json\/wp\/v2\/cultivo?post=37644"},{"taxonomy":"ecologico","embeddable":true,"href":"https:\/\/labin.net\/fr\/wp-json\/wp\/v2\/ecologico?post=37644"},{"taxonomy":"medioambiente","embeddable":true,"href":"https:\/\/labin.net\/fr\/wp-json\/wp\/v2\/medioambiente?post=37644"},{"taxonomy":"solucion","embeddable":true,"href":"https:\/\/labin.net\/fr\/wp-json\/wp\/v2\/solucion?post=37644"},{"taxonomy":"tipo-de-aplicacion","embeddable":true,"href":"https:\/\/labin.net\/fr\/wp-json\/wp\/v2\/tipo-de-aplicacion?post=37644"},{"taxonomy":"product_brand","embeddable":true,"href":"https:\/\/labin.net\/fr\/wp-json\/wp\/v2\/product_brand?post=37644"},{"taxonomy":"product_cat","embeddable":true,"href":"https:\/\/labin.net\/fr\/wp-json\/wp\/v2\/product_cat?post=37644"},{"taxonomy":"product_tag","embeddable":true,"href":"https:\/\/labin.net\/fr\/wp-json\/wp\/v2\/product_tag?post=37644"}],"curies":[{"name":"wp","href":"https:\/\/api.w.org\/{rel}","templated":true}]}}