{"id":37640,"date":"2025-12-05T11:00:56","date_gmt":"2025-12-05T11:00:56","guid":{"rendered":"https:labin.net\/producto\/labifol-superamino\/"},"modified":"2025-12-05T11:00:56","modified_gmt":"2025-12-05T11:00:56","slug":"labifol-superamino","status":"publish","type":"product","link":"https:\/\/labin.net\/fr\/producto\/labifol-superamino\/","title":{"rendered":"LABIFOL SUPERAMINO"},"content":{"rendered":"<p><strong>LABIFOL SUPER<\/strong> AMINO est une formulation con\u00e7ue avec des acides amin\u00e9s libres de faible poids mol\u00e9culaire qui agissent efficacement contre les situations de stress, tant biotiques qu&rsquo;abiotiques.<br \/>\nC&rsquo;est l&rsquo;\u00e9quilibre parfait entre l&rsquo;efficacit\u00e9 des acides amin\u00e9s animaux et la haute assimilation des acides amin\u00e9s v\u00e9g\u00e9taux.<br \/>\nCompar\u00e9 \u00e0 d&rsquo;autres produits \u00e0 base d&rsquo;acides amin\u00e9s que l&rsquo;on peut trouver sur le march\u00e9, LABIFOL SUPERAMINO a un poids mol\u00e9culaire moyen tr\u00e8s bas de 1000 daltons. Cela signifie que les acides amin\u00e9s sont hautement assimilables par la plante et qu&rsquo;elle consomme moins d&rsquo;\u00e9nergie pour la synth\u00e8se de ses propres prot\u00e9ines et mol\u00e9cules organiques dans son syst\u00e8me. <\/p>\n<p>Principalement, la plante utilisera les acides amin\u00e9s que nous incorporons dans le produit pour obtenir de l&rsquo;\u00e9nergie, utilisera le carbone pour sa structure v\u00e9g\u00e9tale, complexera d&rsquo;autres nutriments permettant leur assimilation, retardera la s\u00e9nescence et d\u00e9sintoxiquera les cellules.<br \/>\nLa plante enverra ces acides amin\u00e9s L \u00e0 travers le phlo\u00e8me vers les points faibles et les accumulera donc l\u00e0 o\u00f9 elle en a besoin.<br \/>\nSa formulation incorpore un pourcentage \u00e9lev\u00e9 des acides amin\u00e9s suivants : glycine, proline et acide glutamique.<br \/>\nAppliquez LABIFOL SUPERAMINO dans les moments de fort stress apr\u00e8s le froid, le gel, la s\u00e9cheresse, le stress de la chaleur, la transplantation, etc. Son application r\u00e9guli\u00e8re apporte \u00e0 la plante une meilleure r\u00e9sistance et une meilleure sant\u00e9 v\u00e9g\u00e9tative. Son application r\u00e9guli\u00e8re permet \u00e0 la plante de mieux r\u00e9sister et d&rsquo;am\u00e9liorer sa sant\u00e9 v\u00e9g\u00e9tative. De m\u00eame, lors des p\u00e9riodes de forte demande \u00e9nerg\u00e9tique telles que la floraison, la nouaison ou le m\u00fbrissement des fruits.  <\/p>\n","protected":false},"excerpt":{"rendered":"<ul>\n<li>R\u00e9cup\u00e9ration rapide dans les situations extr\u00eames<\/li>\n<li>Am\u00e9liore la fonction photosynth\u00e9tique<\/li>\n<li>Appliquer aux moments critiques : floraison, nouaison et maturation des fruits,&#8230;<\/li>\n<\/ul>\n","protected":false},"featured_media":36130,"comment_status":"closed","ping_status":"closed","template":"","meta":{"_acf_changed":false},"cultivo":[365,397,428,456,491,336,369,398,429,457,492,338,370,399,430,462,493,342,371,404,431,463,518,343,373,405,436,464,519,344,374,406,437,470,524,348,375,408,438,471,525,349,377,409,439,472,526,350,378,410,440,473,354,383,411,445,474,355,384,412,446,480,356,385,418,447,481,360,389,419,448,482,361,390,420,453,483,363,391,421,454,484,364,396,427,455,490],"ecologico":[825],"medioambiente":[843],"solucion":[928,935,945],"tipo-de-aplicacion":[527,809,815,816],"product_brand":[],"product_cat":[968,1012],"product_tag":[],"class_list":{"0":"post-37640","1":"product","2":"type-product","3":"status-publish","4":"has-post-thumbnail","6":"cultivo-citronnier","7":"cultivo-peral","8":"cultivo-the","9":"cultivo-petit-haricot","10":"cultivo-arbres-dornement","11":"cultivo-arbres-fruitiers","12":"cultivo-avocat","13":"cultivo-pistache","14":"cultivo-manioc","15":"cultivo-haricot-vert","16":"cultivo-cespedes","17":"cultivo-tropical","18":"cultivo-banane-plantain","19":"cultivo-pamplemousse","20":"cultivo-bette-a-carde","21":"cultivo-laitue","22":"cultivo-fleurs","23":"cultivo-horticulture","24":"cultivo-cacao","25":"cultivo-vigne","26":"cultivo-ail","27":"cultivo-melon","28":"cultivo-extensions","29":"cultivo-parcs-et-jardins","30":"cultivo-cafe","31":"cultivo-canne-a-sucre","32":"cultivo-aubergine","33":"cultivo-navet","34":"cultivo-cereales","35":"cultivo-abricot","36":"cultivo-carambole","37":"cultivo-pomme-a-la-creme","38":"cultivo-patate-douce","39":"cultivo-pommes-de-terre","40":"cultivo-fourrages-et-paturages","41":"cultivo-amandier","42":"cultivo-lima","43":"cultivo-coco","44":"cultivo-brocoli","45":"cultivo-concombre","46":"cultivo-legumineuses-extensives","47":"cultivo-noisette","48":"cultivo-mandarino","49":"cultivo-fruits-rouges-baies","50":"cultivo-courgette","51":"cultivo-poivre","52":"cultivo-graines-oleagineuses","53":"cultivo-kaki","54":"cultivo-manzano","55":"cultivo-goyave","56":"cultivo-citrouille","57":"cultivo-poireau","58":"cultivo-marron","59":"cultivo-peche","60":"cultivo-litchi","61":"cultivo-oignon","62":"cultivo-radis","63":"cultivo-cerise","64":"cultivo-membrillero","65":"cultivo-poignee","66":"cultivo-col","67":"cultivo-betterave","68":"cultivo-prune","69":"cultivo-oranger","70":"cultivo-fruit-de-la-passion","71":"cultivo-choux-de-bruxelles","72":"cultivo-roquette","73":"cultivo-clementino","74":"cultivo-nectarine","75":"cultivo-papaye","76":"cultivo-chou-fleur","77":"cultivo-pasteque","78":"cultivo-grenade","79":"cultivo-noyer","80":"cultivo-ananas","81":"cultivo-endive","82":"cultivo-soja-vert","83":"cultivo-higuera","84":"cultivo-olivier","85":"cultivo-pitahaya","86":"cultivo-epinards","87":"cultivo-tomate","88":"cultivo-kiwi","89":"cultivo-vigne-ornementale","90":"cultivo-tamarin","91":"cultivo-pois","92":"cultivo-carotte","93":"ecologico-si","94":"medioambiente-efficacite-de-lutilisation-des-nutriments","95":"solucion-stress-abiotique","96":"solucion-amelioration-apres-recolte","97":"solucion-amelioration-de-la-qualite-des-fruits","98":"tipo-de-aplicacion-fertigation","99":"tipo-de-aplicacion-foliaire","100":"tipo-de-aplicacion-dron","101":"tipo-de-aplicacion-aeronefs-legers","102":"product_cat-biostimulant","103":"product_cat-specialites","105":"first","106":"instock","107":"shipping-taxable","108":"product-type-simple"},"acf":[],"_links":{"self":[{"href":"https:\/\/labin.net\/fr\/wp-json\/wp\/v2\/product\/37640","targetHints":{"allow":["GET"]}}],"collection":[{"href":"https:\/\/labin.net\/fr\/wp-json\/wp\/v2\/product"}],"about":[{"href":"https:\/\/labin.net\/fr\/wp-json\/wp\/v2\/types\/product"}],"replies":[{"embeddable":true,"href":"https:\/\/labin.net\/fr\/wp-json\/wp\/v2\/comments?post=37640"}],"wp:featuredmedia":[{"embeddable":true,"href":"https:\/\/labin.net\/fr\/wp-json\/wp\/v2\/media\/36130"}],"wp:attachment":[{"href":"https:\/\/labin.net\/fr\/wp-json\/wp\/v2\/media?parent=37640"}],"wp:term":[{"taxonomy":"cultivo","embeddable":true,"href":"https:\/\/labin.net\/fr\/wp-json\/wp\/v2\/cultivo?post=37640"},{"taxonomy":"ecologico","embeddable":true,"href":"https:\/\/labin.net\/fr\/wp-json\/wp\/v2\/ecologico?post=37640"},{"taxonomy":"medioambiente","embeddable":true,"href":"https:\/\/labin.net\/fr\/wp-json\/wp\/v2\/medioambiente?post=37640"},{"taxonomy":"solucion","embeddable":true,"href":"https:\/\/labin.net\/fr\/wp-json\/wp\/v2\/solucion?post=37640"},{"taxonomy":"tipo-de-aplicacion","embeddable":true,"href":"https:\/\/labin.net\/fr\/wp-json\/wp\/v2\/tipo-de-aplicacion?post=37640"},{"taxonomy":"product_brand","embeddable":true,"href":"https:\/\/labin.net\/fr\/wp-json\/wp\/v2\/product_brand?post=37640"},{"taxonomy":"product_cat","embeddable":true,"href":"https:\/\/labin.net\/fr\/wp-json\/wp\/v2\/product_cat?post=37640"},{"taxonomy":"product_tag","embeddable":true,"href":"https:\/\/labin.net\/fr\/wp-json\/wp\/v2\/product_tag?post=37640"}],"curies":[{"name":"wp","href":"https:\/\/api.w.org\/{rel}","templated":true}]}}