{"id":37633,"date":"2025-12-05T11:00:56","date_gmt":"2025-12-05T11:00:56","guid":{"rendered":"https:labin.net\/producto\/acides-amines-de-labine-24\/"},"modified":"2026-01-19T12:57:31","modified_gmt":"2026-01-19T12:57:31","slug":"labin-aminoacidos-24","status":"publish","type":"product","link":"https:\/\/labin.net\/fr\/producto\/labin-aminoacidos-24\/","title":{"rendered":"LABIN AMINO\u00c1CIDOS 24%"},"content":{"rendered":"<p><strong>LABIN AMINO\u00c1CIDOS 24%<\/strong> est un produit liquide de couleur fonc\u00e9e, r\u00e9sultant de l&rsquo;hydrolyse contr\u00f4l\u00e9e de prot\u00e9ines naturelles, pr\u00e9par\u00e9 pour une parfaite assimilation foliaire.<br \/>\nGr\u00e2ce \u00e0 son processus de fabrication, il est riche en acides amin\u00e9s libres et en peptides, de faible poids mol\u00e9culaire, qui sont les plus actifs.<br \/>\nCe produit est indiqu\u00e9 pour les moments ph\u00e9nologiques o\u00f9 l&rsquo;on a besoin d&rsquo;un suppl\u00e9ment d&rsquo;\u00e9nergie : transplantation, floraison, nouaison,&#8230;<br \/>\nC&rsquo;est une aide importante pour surmonter le stress caus\u00e9 par le gel, la s\u00e9cheresse, les ravageurs, les maladies et les traitements phytosanitaires.<\/p>\n<p>Sa forte teneur en acide glutamique fournit \u00e0 la plante les intrants suivants :<\/p>\n<ul>\n<li>Stimulation de la croissance du corps v\u00e9g\u00e9tatif.<\/li>\n<li>Am\u00e9lioration de la floraison et de la nouaison des futurs fruits.<\/li>\n<li>Il favorise l&rsquo;absorption d&rsquo;autres acides amin\u00e9s.<\/li>\n<\/ul>\n<p>Plus la concentration d&rsquo;acide glutamique dans le stigmate et le style est \u00e9lev\u00e9e, plus le bore et le zinc sont favoris\u00e9s, ce qui entra\u00eene une germination plus importante des grains de pollen, une plus grande vigueur et une meilleure nouaison.<\/p>\n","protected":false},"excerpt":{"rendered":"<ul>\n<li>Appliquer dans des situations de stress<\/li>\n<li>Pour surmonter les p\u00e9riodes de gel et de s\u00e9cheresse<\/li>\n<li>Aide en p\u00e9riode de forte demande d&rsquo;\u00e9nergie, comme la transplantation, la floraison et la nouaison.<\/li>\n<\/ul>\n","protected":false},"featured_media":36136,"comment_status":"closed","ping_status":"closed","template":"","meta":{"_acf_changed":false},"cultivo":[350,378,410,440,473,354,383,411,445,474,355,384,412,446,480,356,385,418,447,481,360,389,419,448,482,361,390,420,453,483,363,391,421,454,484,364,396,427,455,490,365,397,428,456,491,336,369,398,429,457,492,338,370,399,430,462,493,342,371,404,431,463,518,343,373,405,436,464,519,344,374,406,437,470,524,348,375,408,438,471,525,349,377,409,439,472,526],"ecologico":[828],"medioambiente":[843],"solucion":[928,935,945],"tipo-de-aplicacion":[527,809,815,816],"product_brand":[],"product_cat":[968],"product_tag":[],"class_list":{"0":"post-37633","1":"product","2":"type-product","3":"status-publish","4":"has-post-thumbnail","6":"cultivo-kaki","7":"cultivo-manzano","8":"cultivo-goyave","9":"cultivo-citrouille","10":"cultivo-poireau","11":"cultivo-marron","12":"cultivo-peche","13":"cultivo-litchi","14":"cultivo-oignon","15":"cultivo-radis","16":"cultivo-cerise","17":"cultivo-membrillero","18":"cultivo-poignee","19":"cultivo-col","20":"cultivo-betterave","21":"cultivo-prune","22":"cultivo-oranger","23":"cultivo-fruit-de-la-passion","24":"cultivo-choux-de-bruxelles","25":"cultivo-roquette","26":"cultivo-clementino","27":"cultivo-nectarine","28":"cultivo-papaye","29":"cultivo-chou-fleur","30":"cultivo-pasteque","31":"cultivo-grenade","32":"cultivo-noyer","33":"cultivo-ananas","34":"cultivo-endive","35":"cultivo-soja-vert","36":"cultivo-higuera","37":"cultivo-olivier","38":"cultivo-pitahaya","39":"cultivo-epinards","40":"cultivo-tomate","41":"cultivo-kiwi","42":"cultivo-vigne-ornementale","43":"cultivo-tamarin","44":"cultivo-pois","45":"cultivo-carotte","46":"cultivo-citronnier","47":"cultivo-peral","48":"cultivo-the","49":"cultivo-petit-haricot","50":"cultivo-arbres-dornement","51":"cultivo-arbres-fruitiers","52":"cultivo-avocat","53":"cultivo-pistache","54":"cultivo-manioc","55":"cultivo-haricot-vert","56":"cultivo-cespedes","57":"cultivo-tropical","58":"cultivo-banane-plantain","59":"cultivo-pamplemousse","60":"cultivo-bette-a-carde","61":"cultivo-laitue","62":"cultivo-fleurs","63":"cultivo-horticulture","64":"cultivo-cacao","65":"cultivo-vigne","66":"cultivo-ail","67":"cultivo-melon","68":"cultivo-extensions","69":"cultivo-parcs-et-jardins","70":"cultivo-cafe","71":"cultivo-canne-a-sucre","72":"cultivo-aubergine","73":"cultivo-navet","74":"cultivo-cereales","75":"cultivo-abricot","76":"cultivo-carambole","77":"cultivo-pomme-a-la-creme","78":"cultivo-patate-douce","79":"cultivo-pommes-de-terre","80":"cultivo-fourrages-et-paturages","81":"cultivo-amandier","82":"cultivo-lima","83":"cultivo-coco","84":"cultivo-brocoli","85":"cultivo-concombre","86":"cultivo-legumineuses-extensives","87":"cultivo-noisette","88":"cultivo-mandarino","89":"cultivo-fruits-rouges-baies","90":"cultivo-courgette","91":"cultivo-poivre","92":"cultivo-graines-oleagineuses","93":"ecologico-no","94":"medioambiente-efficacite-de-lutilisation-des-nutriments","95":"solucion-stress-abiotique","96":"solucion-amelioration-apres-recolte","97":"solucion-amelioration-de-la-qualite-des-fruits","98":"tipo-de-aplicacion-fertigation","99":"tipo-de-aplicacion-foliaire","100":"tipo-de-aplicacion-dron","101":"tipo-de-aplicacion-aeronefs-legers","102":"product_cat-biostimulant","104":"first","105":"instock","106":"shipping-taxable","107":"product-type-simple"},"acf":[],"_links":{"self":[{"href":"https:\/\/labin.net\/fr\/wp-json\/wp\/v2\/product\/37633","targetHints":{"allow":["GET"]}}],"collection":[{"href":"https:\/\/labin.net\/fr\/wp-json\/wp\/v2\/product"}],"about":[{"href":"https:\/\/labin.net\/fr\/wp-json\/wp\/v2\/types\/product"}],"replies":[{"embeddable":true,"href":"https:\/\/labin.net\/fr\/wp-json\/wp\/v2\/comments?post=37633"}],"wp:featuredmedia":[{"embeddable":true,"href":"https:\/\/labin.net\/fr\/wp-json\/wp\/v2\/media\/36136"}],"wp:attachment":[{"href":"https:\/\/labin.net\/fr\/wp-json\/wp\/v2\/media?parent=37633"}],"wp:term":[{"taxonomy":"cultivo","embeddable":true,"href":"https:\/\/labin.net\/fr\/wp-json\/wp\/v2\/cultivo?post=37633"},{"taxonomy":"ecologico","embeddable":true,"href":"https:\/\/labin.net\/fr\/wp-json\/wp\/v2\/ecologico?post=37633"},{"taxonomy":"medioambiente","embeddable":true,"href":"https:\/\/labin.net\/fr\/wp-json\/wp\/v2\/medioambiente?post=37633"},{"taxonomy":"solucion","embeddable":true,"href":"https:\/\/labin.net\/fr\/wp-json\/wp\/v2\/solucion?post=37633"},{"taxonomy":"tipo-de-aplicacion","embeddable":true,"href":"https:\/\/labin.net\/fr\/wp-json\/wp\/v2\/tipo-de-aplicacion?post=37633"},{"taxonomy":"product_brand","embeddable":true,"href":"https:\/\/labin.net\/fr\/wp-json\/wp\/v2\/product_brand?post=37633"},{"taxonomy":"product_cat","embeddable":true,"href":"https:\/\/labin.net\/fr\/wp-json\/wp\/v2\/product_cat?post=37633"},{"taxonomy":"product_tag","embeddable":true,"href":"https:\/\/labin.net\/fr\/wp-json\/wp\/v2\/product_tag?post=37633"}],"curies":[{"name":"wp","href":"https:\/\/api.w.org\/{rel}","templated":true}]}}