{"id":37631,"date":"2025-12-05T11:00:56","date_gmt":"2025-12-05T11:00:56","guid":{"rendered":"https:labin.net\/producto\/labifol-movical\/"},"modified":"2025-12-05T11:00:56","modified_gmt":"2025-12-05T11:00:56","slug":"labifol-movical","status":"publish","type":"product","link":"https:\/\/labin.net\/fr\/producto\/labifol-movical\/","title":{"rendered":"LABIFOL MOVICAL"},"content":{"rendered":"<p><strong>LABIFOL MOVICAL<\/strong> a \u00e9t\u00e9 con\u00e7u pour apporter du calcium par le biais d&rsquo;agents complexants naturels, 100% reconnaissables par la plante.<\/p>\n<p>La plante reconna\u00eet le complexe Ca comme \u00e9tant le sien et le transporte plus rapidement dans la s\u00e8ve. Le calcium est plus actif et une plus grande concentration est produite dans le fruit. <\/p>\n<p>Il en r\u00e9sulte une am\u00e9lioration spectaculaire des performances post-r\u00e9colte, r\u00e9duisant les physiopathologies telles que le bitter-pit, la tache de la tomate et la pourriture. La r\u00e9sistance \u00e0 la manipulation est \u00e9galement am\u00e9lior\u00e9e. <\/p>\n","protected":false},"excerpt":{"rendered":"<ul>\n<li>Le calcium le plus actif et le plus mobile du march\u00e9<\/li>\n<li>Augmentation de la concentration de calcium dans les fruits<\/li>\n<li>Augmentation de la r\u00e9sistance et de la fermet\u00e9<\/li>\n<li>Am\u00e9lioration des performances post-r\u00e9colte<\/li>\n<\/ul>\n<p>&nbsp;<\/p>\n","protected":false},"featured_media":36220,"comment_status":"closed","ping_status":"closed","template":"","meta":{"_acf_changed":false},"cultivo":[360,389,419,448,482,361,390,420,453,483,363,391,421,454,484,364,396,427,455,490,365,397,428,456,491,336,369,398,429,457,492,338,370,399,430,462,493,342,371,404,431,463,518,343,373,405,436,464,519,344,374,406,437,470,524,348,375,408,438,471,525,349,377,409,439,472,526,350,378,410,440,473,354,383,411,445,474,355,384,412,446,480,356,385,418,447,481],"ecologico":[828],"medioambiente":[843],"solucion":[872,921,935,945],"tipo-de-aplicacion":[527,809,815,816],"product_brand":[],"product_cat":[974,1012],"product_tag":[],"class_list":{"0":"post-37631","1":"product","2":"type-product","3":"status-publish","4":"has-post-thumbnail","6":"cultivo-clementino","7":"cultivo-nectarine","8":"cultivo-papaye","9":"cultivo-chou-fleur","10":"cultivo-pasteque","11":"cultivo-grenade","12":"cultivo-noyer","13":"cultivo-ananas","14":"cultivo-endive","15":"cultivo-soja-vert","16":"cultivo-higuera","17":"cultivo-olivier","18":"cultivo-pitahaya","19":"cultivo-epinards","20":"cultivo-tomate","21":"cultivo-kiwi","22":"cultivo-vigne-ornementale","23":"cultivo-tamarin","24":"cultivo-pois","25":"cultivo-carotte","26":"cultivo-citronnier","27":"cultivo-peral","28":"cultivo-the","29":"cultivo-petit-haricot","30":"cultivo-arbres-dornement","31":"cultivo-arbres-fruitiers","32":"cultivo-avocat","33":"cultivo-pistache","34":"cultivo-manioc","35":"cultivo-haricot-vert","36":"cultivo-cespedes","37":"cultivo-tropical","38":"cultivo-banane-plantain","39":"cultivo-pamplemousse","40":"cultivo-bette-a-carde","41":"cultivo-laitue","42":"cultivo-fleurs","43":"cultivo-horticulture","44":"cultivo-cacao","45":"cultivo-vigne","46":"cultivo-ail","47":"cultivo-melon","48":"cultivo-extensions","49":"cultivo-parcs-et-jardins","50":"cultivo-cafe","51":"cultivo-canne-a-sucre","52":"cultivo-aubergine","53":"cultivo-navet","54":"cultivo-cereales","55":"cultivo-abricot","56":"cultivo-carambole","57":"cultivo-pomme-a-la-creme","58":"cultivo-patate-douce","59":"cultivo-pommes-de-terre","60":"cultivo-fourrages-et-paturages","61":"cultivo-amandier","62":"cultivo-lima","63":"cultivo-coco","64":"cultivo-brocoli","65":"cultivo-concombre","66":"cultivo-legumineuses-extensives","67":"cultivo-noisette","68":"cultivo-mandarino","69":"cultivo-fruits-rouges-baies","70":"cultivo-courgette","71":"cultivo-poivre","72":"cultivo-graines-oleagineuses","73":"cultivo-kaki","74":"cultivo-manzano","75":"cultivo-goyave","76":"cultivo-citrouille","77":"cultivo-poireau","78":"cultivo-marron","79":"cultivo-peche","80":"cultivo-litchi","81":"cultivo-oignon","82":"cultivo-radis","83":"cultivo-cerise","84":"cultivo-membrillero","85":"cultivo-poignee","86":"cultivo-col","87":"cultivo-betterave","88":"cultivo-prune","89":"cultivo-oranger","90":"cultivo-fruit-de-la-passion","91":"cultivo-choux-de-bruxelles","92":"cultivo-roquette","93":"ecologico-no","94":"medioambiente-efficacite-de-lutilisation-des-nutriments","95":"solucion-carence-en-ca","96":"solucion-grossissement-du-fruit","97":"solucion-amelioration-apres-recolte","98":"solucion-amelioration-de-la-qualite-des-fruits","99":"tipo-de-aplicacion-fertigation","100":"tipo-de-aplicacion-foliaire","101":"tipo-de-aplicacion-dron","102":"tipo-de-aplicacion-aeronefs-legers","103":"product_cat-correcteur-de-carences","104":"product_cat-specialites","106":"first","107":"instock","108":"shipping-taxable","109":"product-type-simple"},"acf":[],"_links":{"self":[{"href":"https:\/\/labin.net\/fr\/wp-json\/wp\/v2\/product\/37631","targetHints":{"allow":["GET"]}}],"collection":[{"href":"https:\/\/labin.net\/fr\/wp-json\/wp\/v2\/product"}],"about":[{"href":"https:\/\/labin.net\/fr\/wp-json\/wp\/v2\/types\/product"}],"replies":[{"embeddable":true,"href":"https:\/\/labin.net\/fr\/wp-json\/wp\/v2\/comments?post=37631"}],"wp:featuredmedia":[{"embeddable":true,"href":"https:\/\/labin.net\/fr\/wp-json\/wp\/v2\/media\/36220"}],"wp:attachment":[{"href":"https:\/\/labin.net\/fr\/wp-json\/wp\/v2\/media?parent=37631"}],"wp:term":[{"taxonomy":"cultivo","embeddable":true,"href":"https:\/\/labin.net\/fr\/wp-json\/wp\/v2\/cultivo?post=37631"},{"taxonomy":"ecologico","embeddable":true,"href":"https:\/\/labin.net\/fr\/wp-json\/wp\/v2\/ecologico?post=37631"},{"taxonomy":"medioambiente","embeddable":true,"href":"https:\/\/labin.net\/fr\/wp-json\/wp\/v2\/medioambiente?post=37631"},{"taxonomy":"solucion","embeddable":true,"href":"https:\/\/labin.net\/fr\/wp-json\/wp\/v2\/solucion?post=37631"},{"taxonomy":"tipo-de-aplicacion","embeddable":true,"href":"https:\/\/labin.net\/fr\/wp-json\/wp\/v2\/tipo-de-aplicacion?post=37631"},{"taxonomy":"product_brand","embeddable":true,"href":"https:\/\/labin.net\/fr\/wp-json\/wp\/v2\/product_brand?post=37631"},{"taxonomy":"product_cat","embeddable":true,"href":"https:\/\/labin.net\/fr\/wp-json\/wp\/v2\/product_cat?post=37631"},{"taxonomy":"product_tag","embeddable":true,"href":"https:\/\/labin.net\/fr\/wp-json\/wp\/v2\/product_tag?post=37631"}],"curies":[{"name":"wp","href":"https:\/\/api.w.org\/{rel}","templated":true}]}}