{"id":37626,"date":"2025-12-05T07:48:39","date_gmt":"2025-12-05T07:48:39","guid":{"rendered":"https:labin.net\/producto\/labin-8-8-8-2-mgo\/"},"modified":"2025-12-05T07:48:39","modified_gmt":"2025-12-05T07:48:39","slug":"labin-8-8-8-2-mgo","status":"publish","type":"product","link":"https:\/\/labin.net\/fr\/producto\/labin-8-8-8-2-mgo\/","title":{"rendered":"LABIN 8-8-8 + 2 MgO"},"content":{"rendered":"<p>LABIN 8-8-8 + 2 MgO est un engrais organo-min\u00e9ral obtenu par r\u00e9action avec de la lignite humique, sp\u00e9cialement con\u00e7u pour apporter aux cultures tous les \u00e9l\u00e9ments nutritifs dont elles ont besoin de mani\u00e8re progressive et \u00e9quilibr\u00e9e.<\/p>\n<p>La composition de LABIN 8-8-8 + 2 MgO se caract\u00e9rise par sa teneur en mati\u00e8re organique. La mati\u00e8re organique am\u00e9liore l&rsquo;activit\u00e9 du sol et favorise une meilleure assimilation des \u00e9l\u00e9ments min\u00e9raux, ainsi que la lib\u00e9ration d&rsquo;autres \u00e9l\u00e9ments bloqu\u00e9s dans le sol, ce qui permet d&rsquo;obtenir de meilleurs r\u00e9sultats avec moins d&rsquo;unit\u00e9s fertilisantes. <\/p>\n","protected":false},"excerpt":{"rendered":"<ul>\n<li><strong>Granul\u00e9s faciles \u00e0 appliquer<\/strong><\/li>\n<li><strong>Qualit\u00e9 et stabilit\u00e9 \u00e9lev\u00e9es de la mati\u00e8re organique<\/strong><\/li>\n<li><strong>Am\u00e9liorer la fertilit\u00e9 des sols<\/strong><\/li>\n<li><strong>Plus d&rsquo;efficacit\u00e9 avec moins d&rsquo;unit\u00e9s de fertilisation<\/strong><\/li>\n<li><strong>Facile \u00e0 appliquer avec n&rsquo;importe quel type d&rsquo;\u00e9pandeur<\/strong><\/li>\n<\/ul>\n","protected":false},"featured_media":35613,"comment_status":"open","ping_status":"closed","template":"","meta":{"_acf_changed":false},"cultivo":[360,389,419,448,482,361,390,420,453,483,363,391,421,454,484,364,396,427,455,490,365,397,428,456,491,336,369,398,429,457,492,338,370,399,430,462,493,342,371,404,431,463,518,343,373,405,436,464,519,344,374,406,437,470,524,348,375,408,438,471,525,349,377,409,439,472,526,350,378,410,440,473,354,383,411,445,474,355,384,412,446,480,356,385,418,447,481],"ecologico":[828],"medioambiente":[833,843],"solucion":[853,858,863],"tipo-de-aplicacion":[494],"product_brand":[],"product_cat":[983],"product_tag":[],"class_list":{"0":"post-37626","1":"product","2":"type-product","3":"status-publish","4":"has-post-thumbnail","6":"cultivo-clementino","7":"cultivo-nectarine","8":"cultivo-papaye","9":"cultivo-chou-fleur","10":"cultivo-pasteque","11":"cultivo-grenade","12":"cultivo-noyer","13":"cultivo-ananas","14":"cultivo-endive","15":"cultivo-soja-vert","16":"cultivo-higuera","17":"cultivo-olivier","18":"cultivo-pitahaya","19":"cultivo-epinards","20":"cultivo-tomate","21":"cultivo-kiwi","22":"cultivo-vigne-ornementale","23":"cultivo-tamarin","24":"cultivo-pois","25":"cultivo-carotte","26":"cultivo-citronnier","27":"cultivo-peral","28":"cultivo-the","29":"cultivo-petit-haricot","30":"cultivo-arbres-dornement","31":"cultivo-arbres-fruitiers","32":"cultivo-avocat","33":"cultivo-pistache","34":"cultivo-manioc","35":"cultivo-haricot-vert","36":"cultivo-cespedes","37":"cultivo-tropical","38":"cultivo-banane-plantain","39":"cultivo-pamplemousse","40":"cultivo-bette-a-carde","41":"cultivo-laitue","42":"cultivo-fleurs","43":"cultivo-horticulture","44":"cultivo-cacao","45":"cultivo-vigne","46":"cultivo-ail","47":"cultivo-melon","48":"cultivo-extensions","49":"cultivo-parcs-et-jardins","50":"cultivo-cafe","51":"cultivo-canne-a-sucre","52":"cultivo-aubergine","53":"cultivo-navet","54":"cultivo-cereales","55":"cultivo-abricot","56":"cultivo-carambole","57":"cultivo-pomme-a-la-creme","58":"cultivo-patate-douce","59":"cultivo-pommes-de-terre","60":"cultivo-fourrages-et-paturages","61":"cultivo-amandier","62":"cultivo-lima","63":"cultivo-coco","64":"cultivo-brocoli","65":"cultivo-concombre","66":"cultivo-legumineuses-extensives","67":"cultivo-noisette","68":"cultivo-mandarino","69":"cultivo-fruits-rouges-baies","70":"cultivo-courgette","71":"cultivo-poivre","72":"cultivo-graines-oleagineuses","73":"cultivo-kaki","74":"cultivo-manzano","75":"cultivo-goyave","76":"cultivo-citrouille","77":"cultivo-poireau","78":"cultivo-marron","79":"cultivo-peche","80":"cultivo-litchi","81":"cultivo-oignon","82":"cultivo-radis","83":"cultivo-cerise","84":"cultivo-membrillero","85":"cultivo-poignee","86":"cultivo-col","87":"cultivo-betterave","88":"cultivo-prune","89":"cultivo-oranger","90":"cultivo-fruit-de-la-passion","91":"cultivo-choux-de-bruxelles","92":"cultivo-roquette","93":"ecologico-no","94":"medioambiente-reduction-de-lempreinte-carbone","95":"medioambiente-efficacite-de-lutilisation-des-nutriments","96":"solucion-carence-en-n","97":"solucion-carence-en-p","98":"solucion-carence-en-k","99":"tipo-de-aplicacion-epandage-sur-le-sol","100":"product_cat-engrais-granules-et-microgranules","102":"first","103":"instock","104":"shipping-taxable","105":"product-type-simple"},"acf":[],"_links":{"self":[{"href":"https:\/\/labin.net\/fr\/wp-json\/wp\/v2\/product\/37626","targetHints":{"allow":["GET"]}}],"collection":[{"href":"https:\/\/labin.net\/fr\/wp-json\/wp\/v2\/product"}],"about":[{"href":"https:\/\/labin.net\/fr\/wp-json\/wp\/v2\/types\/product"}],"replies":[{"embeddable":true,"href":"https:\/\/labin.net\/fr\/wp-json\/wp\/v2\/comments?post=37626"}],"wp:featuredmedia":[{"embeddable":true,"href":"https:\/\/labin.net\/fr\/wp-json\/wp\/v2\/media\/35613"}],"wp:attachment":[{"href":"https:\/\/labin.net\/fr\/wp-json\/wp\/v2\/media?parent=37626"}],"wp:term":[{"taxonomy":"cultivo","embeddable":true,"href":"https:\/\/labin.net\/fr\/wp-json\/wp\/v2\/cultivo?post=37626"},{"taxonomy":"ecologico","embeddable":true,"href":"https:\/\/labin.net\/fr\/wp-json\/wp\/v2\/ecologico?post=37626"},{"taxonomy":"medioambiente","embeddable":true,"href":"https:\/\/labin.net\/fr\/wp-json\/wp\/v2\/medioambiente?post=37626"},{"taxonomy":"solucion","embeddable":true,"href":"https:\/\/labin.net\/fr\/wp-json\/wp\/v2\/solucion?post=37626"},{"taxonomy":"tipo-de-aplicacion","embeddable":true,"href":"https:\/\/labin.net\/fr\/wp-json\/wp\/v2\/tipo-de-aplicacion?post=37626"},{"taxonomy":"product_brand","embeddable":true,"href":"https:\/\/labin.net\/fr\/wp-json\/wp\/v2\/product_brand?post=37626"},{"taxonomy":"product_cat","embeddable":true,"href":"https:\/\/labin.net\/fr\/wp-json\/wp\/v2\/product_cat?post=37626"},{"taxonomy":"product_tag","embeddable":true,"href":"https:\/\/labin.net\/fr\/wp-json\/wp\/v2\/product_tag?post=37626"}],"curies":[{"name":"wp","href":"https:\/\/api.w.org\/{rel}","templated":true}]}}