{"id":37625,"date":"2025-12-05T07:44:55","date_gmt":"2025-12-05T07:44:55","guid":{"rendered":"https:labin.net\/producto\/labin-6-4-12\/"},"modified":"2025-12-05T07:44:55","modified_gmt":"2025-12-05T07:44:55","slug":"labin-6-4-12","status":"publish","type":"product","link":"https:\/\/labin.net\/fr\/producto\/labin-6-4-12\/","title":{"rendered":"LABIN 6-4-12"},"content":{"rendered":"<p>LABIN 6-4-12 est un engrais organo-min\u00e9ral granul\u00e9 adapt\u00e9 \u00e0 tous les types de cultures pour la fertilisation de fond. Gr\u00e2ce \u00e0 son \u00e9quilibre 1,5-1-3 et \u00e0 l&rsquo;apport de soufre, nous parvenons \u00e0 fournir \u00e0 la plante les nutriments n\u00e9cessaires pour qu&rsquo;elle puisse commencer son d\u00e9veloppement, ainsi que les nutriments qu&rsquo;elle absorbera au fil du temps gr\u00e2ce \u00e0 l&rsquo;action de la MATI\u00c8RE ORGANIQUE. <\/p>\n<p>La mati\u00e8re organique incorpor\u00e9e dans chaque granul\u00e9 est du LIGNITO ESPECIAL H\u00daMICO qui, combin\u00e9 aux \u00e9l\u00e9ments min\u00e9raux, favorise l&rsquo;assimilation des nutriments, augmentant l&rsquo;efficacit\u00e9 de la fertilisation et \u00e9vitant le lavage et le blocage des nutriments dans le sol. Il peut \u00eatre appliqu\u00e9 avec n&rsquo;importe quel type d&rsquo;\u00e9pandeur d&rsquo;engrais, \u00e0 n&rsquo;importe quel moment de l&rsquo;ann\u00e9e. <\/p>\n<p><strong>Caract\u00e9ristiques sp\u00e9ciales :<\/strong><\/p>\n<ul>\n<li>Il fournit une mati\u00e8re organique stable, exempte de pathog\u00e8nes et de m\u00e9taux lourds.<\/li>\n<li>La lente lib\u00e9ration naturelle de l&rsquo;azote \u00e9vite d&rsquo;encourager la sur-v\u00e9g\u00e9talisation et les probl\u00e8mes qui en d\u00e9coulent.<\/li>\n<\/ul>\n","protected":false},"excerpt":{"rendered":"<ul>\n<li><strong>Granul\u00e9s faciles \u00e0 appliquer<\/strong><\/li>\n<li><strong>Qualit\u00e9 et stabilit\u00e9 \u00e9lev\u00e9es de la mati\u00e8re organique<\/strong><\/li>\n<li><strong>Am\u00e9liorer la fertilit\u00e9 des sols<\/strong><\/li>\n<li><strong>Plus d&rsquo;efficacit\u00e9 avec moins d&rsquo;unit\u00e9s de fertilisation<\/strong><\/li>\n<li><strong>Facile \u00e0 appliquer avec n&rsquo;importe quel type d&rsquo;\u00e9pandeur<\/strong><\/li>\n<\/ul>\n","protected":false},"featured_media":35606,"comment_status":"open","ping_status":"closed","template":"","meta":{"_acf_changed":false},"cultivo":[342,371,404,431,463,343,373,405,436,464,344,374,406,437,470,348,375,408,438,471,349,377,409,439,472,350,378,410,440,473,354,383,411,445,474,355,384,412,446,480,356,385,418,447,481,360,389,419,448,482,361,390,420,453,483,363,391,421,454,484,364,396,427,455,490,365,397,428,456,491,336,369,398,429,457,492,338,370,399,430,462,493],"ecologico":[828],"medioambiente":[833,843],"solucion":[863,853,858],"tipo-de-aplicacion":[494],"product_brand":[],"product_cat":[983],"product_tag":[],"class_list":{"0":"post-37625","1":"product","2":"type-product","3":"status-publish","4":"has-post-thumbnail","6":"cultivo-horticulture","7":"cultivo-cacao","8":"cultivo-vigne","9":"cultivo-ail","10":"cultivo-melon","11":"cultivo-parcs-et-jardins","12":"cultivo-cafe","13":"cultivo-canne-a-sucre","14":"cultivo-aubergine","15":"cultivo-navet","16":"cultivo-abricot","17":"cultivo-carambole","18":"cultivo-pomme-a-la-creme","19":"cultivo-patate-douce","20":"cultivo-pommes-de-terre","21":"cultivo-amandier","22":"cultivo-lima","23":"cultivo-coco","24":"cultivo-brocoli","25":"cultivo-concombre","26":"cultivo-noisette","27":"cultivo-mandarino","28":"cultivo-fruits-rouges-baies","29":"cultivo-courgette","30":"cultivo-poivre","31":"cultivo-kaki","32":"cultivo-manzano","33":"cultivo-goyave","34":"cultivo-citrouille","35":"cultivo-poireau","36":"cultivo-marron","37":"cultivo-peche","38":"cultivo-litchi","39":"cultivo-oignon","40":"cultivo-radis","41":"cultivo-cerise","42":"cultivo-membrillero","43":"cultivo-poignee","44":"cultivo-col","45":"cultivo-betterave","46":"cultivo-prune","47":"cultivo-oranger","48":"cultivo-fruit-de-la-passion","49":"cultivo-choux-de-bruxelles","50":"cultivo-roquette","51":"cultivo-clementino","52":"cultivo-nectarine","53":"cultivo-papaye","54":"cultivo-chou-fleur","55":"cultivo-pasteque","56":"cultivo-grenade","57":"cultivo-noyer","58":"cultivo-ananas","59":"cultivo-endive","60":"cultivo-soja-vert","61":"cultivo-higuera","62":"cultivo-olivier","63":"cultivo-pitahaya","64":"cultivo-epinards","65":"cultivo-tomate","66":"cultivo-kiwi","67":"cultivo-vigne-ornementale","68":"cultivo-tamarin","69":"cultivo-pois","70":"cultivo-carotte","71":"cultivo-citronnier","72":"cultivo-peral","73":"cultivo-the","74":"cultivo-petit-haricot","75":"cultivo-arbres-dornement","76":"cultivo-arbres-fruitiers","77":"cultivo-avocat","78":"cultivo-pistache","79":"cultivo-manioc","80":"cultivo-haricot-vert","81":"cultivo-cespedes","82":"cultivo-tropical","83":"cultivo-banane-plantain","84":"cultivo-pamplemousse","85":"cultivo-bette-a-carde","86":"cultivo-laitue","87":"cultivo-fleurs","88":"ecologico-no","89":"medioambiente-reduction-de-lempreinte-carbone","90":"medioambiente-efficacite-de-lutilisation-des-nutriments","91":"solucion-carence-en-k","92":"solucion-carence-en-n","93":"solucion-carence-en-p","94":"tipo-de-aplicacion-epandage-sur-le-sol","95":"product_cat-engrais-granules-et-microgranules","97":"first","98":"instock","99":"shipping-taxable","100":"product-type-simple"},"acf":[],"_links":{"self":[{"href":"https:\/\/labin.net\/fr\/wp-json\/wp\/v2\/product\/37625","targetHints":{"allow":["GET"]}}],"collection":[{"href":"https:\/\/labin.net\/fr\/wp-json\/wp\/v2\/product"}],"about":[{"href":"https:\/\/labin.net\/fr\/wp-json\/wp\/v2\/types\/product"}],"replies":[{"embeddable":true,"href":"https:\/\/labin.net\/fr\/wp-json\/wp\/v2\/comments?post=37625"}],"wp:featuredmedia":[{"embeddable":true,"href":"https:\/\/labin.net\/fr\/wp-json\/wp\/v2\/media\/35606"}],"wp:attachment":[{"href":"https:\/\/labin.net\/fr\/wp-json\/wp\/v2\/media?parent=37625"}],"wp:term":[{"taxonomy":"cultivo","embeddable":true,"href":"https:\/\/labin.net\/fr\/wp-json\/wp\/v2\/cultivo?post=37625"},{"taxonomy":"ecologico","embeddable":true,"href":"https:\/\/labin.net\/fr\/wp-json\/wp\/v2\/ecologico?post=37625"},{"taxonomy":"medioambiente","embeddable":true,"href":"https:\/\/labin.net\/fr\/wp-json\/wp\/v2\/medioambiente?post=37625"},{"taxonomy":"solucion","embeddable":true,"href":"https:\/\/labin.net\/fr\/wp-json\/wp\/v2\/solucion?post=37625"},{"taxonomy":"tipo-de-aplicacion","embeddable":true,"href":"https:\/\/labin.net\/fr\/wp-json\/wp\/v2\/tipo-de-aplicacion?post=37625"},{"taxonomy":"product_brand","embeddable":true,"href":"https:\/\/labin.net\/fr\/wp-json\/wp\/v2\/product_brand?post=37625"},{"taxonomy":"product_cat","embeddable":true,"href":"https:\/\/labin.net\/fr\/wp-json\/wp\/v2\/product_cat?post=37625"},{"taxonomy":"product_tag","embeddable":true,"href":"https:\/\/labin.net\/fr\/wp-json\/wp\/v2\/product_tag?post=37625"}],"curies":[{"name":"wp","href":"https:\/\/api.w.org\/{rel}","templated":true}]}}