{"id":37614,"date":"2025-12-05T07:37:26","date_gmt":"2025-12-05T07:37:26","guid":{"rendered":"https:labin.net\/producto\/labin-20-5-5\/"},"modified":"2025-12-05T07:37:26","modified_gmt":"2025-12-05T07:37:26","slug":"labin-20-5-5","status":"publish","type":"product","link":"https:\/\/labin.net\/fr\/producto\/labin-20-5-5\/","title":{"rendered":"LABIN 20-5-5"},"content":{"rendered":"<p>Produit sous forme de poudre cristalline rose sp\u00e9cialement destin\u00e9 \u00e0 la FERTIRRIGATION, dans toutes ses variantes : goutte \u00e0 goutte, micro-pulv\u00e9risation, exsudation, etc.<\/p>\n<p>La s\u00e9lection des meilleures mati\u00e8res premi\u00e8res garantit une grande solubilit\u00e9 et l&rsquo;absence d&rsquo;impuret\u00e9s. De plus, son processus de fabrication sp\u00e9cial assure la fluidit\u00e9 du produit et \u00e9vite la formation de mousses. <\/p>\n<p>LABIN 20-5-5 est enrichi en MICRO-\u00c9L\u00c9MENTS CH\u00c9L\u00c9S pour garantir l&rsquo;absence de carences et le d\u00e9veloppement correct des cultures. Son pH est mod\u00e9r\u00e9ment acide pour \u00e9viter les blocages et les engorgements, et sa formulation n&rsquo;incorpore aucune source d&rsquo;UREA. Comme il s&rsquo;agit d&rsquo;un engrais \u00e0 faible teneur en chlorures, il augmente l&rsquo;absorption et l&rsquo;assimilation des nutriments par la plante. Il est recommand\u00e9 pour tous les types de cultures pendant les p\u00e9riodes de d\u00e9veloppement et de croissance v\u00e9g\u00e9tative, lorsqu&rsquo;un apport important de NITROG\u00c8NE est n\u00e9cessaire.  <\/p>\n<p>Il peut \u00eatre utilis\u00e9 dans la floriculture, les p\u00e9pini\u00e8res, les arbres fruitiers, l&rsquo;horticulture, les vignobles, les cultures tropicales, etc.<\/p>\n","protected":false},"excerpt":{"rendered":"<ul>\n<li><strong>Grande solubilit\u00e9<\/strong><\/li>\n<li><strong>Absorption rapide<\/strong><\/li>\n<li><strong>Avec des micro-\u00e9l\u00e9ments<\/strong><\/li>\n<li><strong>Pas d&rsquo;agglutination<\/strong><\/li>\n<\/ul>\n","protected":false},"featured_media":35592,"comment_status":"open","ping_status":"closed","template":"","meta":{"_acf_changed":false},"cultivo":[360,389,419,448,482,361,390,420,453,483,363,391,421,454,484,364,396,427,455,490,365,397,428,456,491,336,369,398,429,457,492,338,370,399,430,462,493,342,371,404,431,463,343,373,405,436,464,344,374,406,437,470,348,375,408,438,471,349,377,409,439,472,350,378,410,440,473,354,383,411,445,474,355,384,412,446,480,356,385,418,447,481],"ecologico":[828],"medioambiente":[843],"solucion":[853,858,863],"tipo-de-aplicacion":[527],"product_brand":[],"product_cat":[980],"product_tag":[],"class_list":{"0":"post-37614","1":"product","2":"type-product","3":"status-publish","4":"has-post-thumbnail","6":"cultivo-clementino","7":"cultivo-nectarine","8":"cultivo-papaye","9":"cultivo-chou-fleur","10":"cultivo-pasteque","11":"cultivo-grenade","12":"cultivo-noyer","13":"cultivo-ananas","14":"cultivo-endive","15":"cultivo-soja-vert","16":"cultivo-higuera","17":"cultivo-olivier","18":"cultivo-pitahaya","19":"cultivo-epinards","20":"cultivo-tomate","21":"cultivo-kiwi","22":"cultivo-vigne-ornementale","23":"cultivo-tamarin","24":"cultivo-pois","25":"cultivo-carotte","26":"cultivo-citronnier","27":"cultivo-peral","28":"cultivo-the","29":"cultivo-petit-haricot","30":"cultivo-arbres-dornement","31":"cultivo-arbres-fruitiers","32":"cultivo-avocat","33":"cultivo-pistache","34":"cultivo-manioc","35":"cultivo-haricot-vert","36":"cultivo-cespedes","37":"cultivo-tropical","38":"cultivo-banane-plantain","39":"cultivo-pamplemousse","40":"cultivo-bette-a-carde","41":"cultivo-laitue","42":"cultivo-fleurs","43":"cultivo-horticulture","44":"cultivo-cacao","45":"cultivo-vigne","46":"cultivo-ail","47":"cultivo-melon","48":"cultivo-parcs-et-jardins","49":"cultivo-cafe","50":"cultivo-canne-a-sucre","51":"cultivo-aubergine","52":"cultivo-navet","53":"cultivo-abricot","54":"cultivo-carambole","55":"cultivo-pomme-a-la-creme","56":"cultivo-patate-douce","57":"cultivo-pommes-de-terre","58":"cultivo-amandier","59":"cultivo-lima","60":"cultivo-coco","61":"cultivo-brocoli","62":"cultivo-concombre","63":"cultivo-noisette","64":"cultivo-mandarino","65":"cultivo-fruits-rouges-baies","66":"cultivo-courgette","67":"cultivo-poivre","68":"cultivo-kaki","69":"cultivo-manzano","70":"cultivo-goyave","71":"cultivo-citrouille","72":"cultivo-poireau","73":"cultivo-marron","74":"cultivo-peche","75":"cultivo-litchi","76":"cultivo-oignon","77":"cultivo-radis","78":"cultivo-cerise","79":"cultivo-membrillero","80":"cultivo-poignee","81":"cultivo-col","82":"cultivo-betterave","83":"cultivo-prune","84":"cultivo-oranger","85":"cultivo-fruit-de-la-passion","86":"cultivo-choux-de-bruxelles","87":"cultivo-roquette","88":"ecologico-no","89":"medioambiente-efficacite-de-lutilisation-des-nutriments","90":"solucion-carence-en-n","91":"solucion-carence-en-p","92":"solucion-carence-en-k","93":"tipo-de-aplicacion-fertigation","94":"product_cat-npk-hydrosoluble","96":"first","97":"instock","98":"shipping-taxable","99":"product-type-simple"},"acf":[],"_links":{"self":[{"href":"https:\/\/labin.net\/fr\/wp-json\/wp\/v2\/product\/37614","targetHints":{"allow":["GET"]}}],"collection":[{"href":"https:\/\/labin.net\/fr\/wp-json\/wp\/v2\/product"}],"about":[{"href":"https:\/\/labin.net\/fr\/wp-json\/wp\/v2\/types\/product"}],"replies":[{"embeddable":true,"href":"https:\/\/labin.net\/fr\/wp-json\/wp\/v2\/comments?post=37614"}],"wp:featuredmedia":[{"embeddable":true,"href":"https:\/\/labin.net\/fr\/wp-json\/wp\/v2\/media\/35592"}],"wp:attachment":[{"href":"https:\/\/labin.net\/fr\/wp-json\/wp\/v2\/media?parent=37614"}],"wp:term":[{"taxonomy":"cultivo","embeddable":true,"href":"https:\/\/labin.net\/fr\/wp-json\/wp\/v2\/cultivo?post=37614"},{"taxonomy":"ecologico","embeddable":true,"href":"https:\/\/labin.net\/fr\/wp-json\/wp\/v2\/ecologico?post=37614"},{"taxonomy":"medioambiente","embeddable":true,"href":"https:\/\/labin.net\/fr\/wp-json\/wp\/v2\/medioambiente?post=37614"},{"taxonomy":"solucion","embeddable":true,"href":"https:\/\/labin.net\/fr\/wp-json\/wp\/v2\/solucion?post=37614"},{"taxonomy":"tipo-de-aplicacion","embeddable":true,"href":"https:\/\/labin.net\/fr\/wp-json\/wp\/v2\/tipo-de-aplicacion?post=37614"},{"taxonomy":"product_brand","embeddable":true,"href":"https:\/\/labin.net\/fr\/wp-json\/wp\/v2\/product_brand?post=37614"},{"taxonomy":"product_cat","embeddable":true,"href":"https:\/\/labin.net\/fr\/wp-json\/wp\/v2\/product_cat?post=37614"},{"taxonomy":"product_tag","embeddable":true,"href":"https:\/\/labin.net\/fr\/wp-json\/wp\/v2\/product_tag?post=37614"}],"curies":[{"name":"wp","href":"https:\/\/api.w.org\/{rel}","templated":true}]}}