{"id":37607,"date":"2025-12-04T16:31:54","date_gmt":"2025-12-04T16:31:54","guid":{"rendered":"https:labin.net\/producto\/labin-pro\/"},"modified":"2025-12-04T16:31:54","modified_gmt":"2025-12-04T16:31:54","slug":"labin-pro","status":"publish","type":"product","link":"https:\/\/labin.net\/fr\/producto\/labin-pro\/","title":{"rendered":"LABIN PRO"},"content":{"rendered":"<p>Labin Pro est un stimulateur microbien NP de nouvelle g\u00e9n\u00e9ration qui int\u00e8gre 5 bact\u00e9ries PGPr du genre Bacillus sp ainsi que des extraits d&rsquo;Ascophyllum nodosum et des acides humiques, optimisant ainsi la nutrition, la bioactivation microbienne et la r\u00e9g\u00e9n\u00e9ration des sols agricoles.<\/p>\n<p>Labin Pro est la solution id\u00e9ale pour am\u00e9liorer la fertilit\u00e9 des sols et favoriser la croissance des cultures. Sa formule incorpore de l&rsquo;Ascophyllum nodosum et des acides humiques \u00e0 une concentration \u00e9gale qui renforce l&rsquo;efficacit\u00e9 des bioactivateurs qui favorisent le d\u00e9veloppement des micro-organismes. Labin Pro est donc particuli\u00e8rement utile dans les p\u00e9riodes de stress \u00e9lev\u00e9, comme le d\u00e9but de la culture ou les phases de plus forte demande en nutriments.  <\/p>\n<p>Gr\u00e2ce \u00e0 sa triple action Pro-active, Pro-stimulante et Pro-r\u00e9g\u00e9n\u00e9rante, Labin Pro renforce le d\u00e9veloppement des plantes et am\u00e9liore la fertilit\u00e9 physico-chimique du sol, garantissant des r\u00e9coltes plus vigoureuses et plus productives.<\/p>\n","protected":false},"excerpt":{"rendered":"<ul>\n<li><strong>Format liquide<\/strong><\/li>\n<li><strong>Base 100% biologique<\/strong><\/li>\n<li><strong>Synergie avec Labin<\/strong><\/li>\n<li><strong>Pro-stimulant de la culture<\/strong><\/li>\n<\/ul>\n","protected":false},"featured_media":35527,"comment_status":"open","ping_status":"closed","template":"","meta":{"_acf_changed":false},"cultivo":[363,391,421,454,484,364,396,427,455,490,365,397,428,456,491,336,369,398,429,457,492,338,370,399,430,462,493,342,371,404,431,463,518,343,373,405,436,464,519,344,374,406,437,470,524,348,375,408,438,471,525,349,377,409,439,472,526,350,378,410,440,473,354,383,411,445,474,355,384,412,446,480,356,385,418,447,481,360,389,419,448,482,361,390,420,453,483],"ecologico":[825],"medioambiente":[843],"solucion":[942],"tipo-de-aplicacion":[527,809],"product_brand":[],"product_cat":[968],"product_tag":[],"class_list":{"0":"post-37607","1":"product","2":"type-product","3":"status-publish","4":"has-post-thumbnail","6":"cultivo-higuera","7":"cultivo-olivier","8":"cultivo-pitahaya","9":"cultivo-epinards","10":"cultivo-tomate","11":"cultivo-kiwi","12":"cultivo-vigne-ornementale","13":"cultivo-tamarin","14":"cultivo-pois","15":"cultivo-carotte","16":"cultivo-citronnier","17":"cultivo-peral","18":"cultivo-the","19":"cultivo-petit-haricot","20":"cultivo-arbres-dornement","21":"cultivo-arbres-fruitiers","22":"cultivo-avocat","23":"cultivo-pistache","24":"cultivo-manioc","25":"cultivo-haricot-vert","26":"cultivo-cespedes","27":"cultivo-tropical","28":"cultivo-banane-plantain","29":"cultivo-pamplemousse","30":"cultivo-bette-a-carde","31":"cultivo-laitue","32":"cultivo-fleurs","33":"cultivo-horticulture","34":"cultivo-cacao","35":"cultivo-vigne","36":"cultivo-ail","37":"cultivo-melon","38":"cultivo-extensions","39":"cultivo-parcs-et-jardins","40":"cultivo-cafe","41":"cultivo-canne-a-sucre","42":"cultivo-aubergine","43":"cultivo-navet","44":"cultivo-cereales","45":"cultivo-abricot","46":"cultivo-carambole","47":"cultivo-pomme-a-la-creme","48":"cultivo-patate-douce","49":"cultivo-pommes-de-terre","50":"cultivo-fourrages-et-paturages","51":"cultivo-amandier","52":"cultivo-lima","53":"cultivo-coco","54":"cultivo-brocoli","55":"cultivo-concombre","56":"cultivo-legumineuses-extensives","57":"cultivo-noisette","58":"cultivo-mandarino","59":"cultivo-fruits-rouges-baies","60":"cultivo-courgette","61":"cultivo-poivre","62":"cultivo-graines-oleagineuses","63":"cultivo-kaki","64":"cultivo-manzano","65":"cultivo-goyave","66":"cultivo-citrouille","67":"cultivo-poireau","68":"cultivo-marron","69":"cultivo-peche","70":"cultivo-litchi","71":"cultivo-oignon","72":"cultivo-radis","73":"cultivo-cerise","74":"cultivo-membrillero","75":"cultivo-poignee","76":"cultivo-col","77":"cultivo-betterave","78":"cultivo-prune","79":"cultivo-oranger","80":"cultivo-fruit-de-la-passion","81":"cultivo-choux-de-bruxelles","82":"cultivo-roquette","83":"cultivo-clementino","84":"cultivo-nectarine","85":"cultivo-papaye","86":"cultivo-chou-fleur","87":"cultivo-pasteque","88":"cultivo-grenade","89":"cultivo-noyer","90":"cultivo-ananas","91":"cultivo-endive","92":"cultivo-soja-vert","93":"ecologico-si","94":"medioambiente-efficacite-de-lutilisation-des-nutriments","95":"solucion-ameliorer-sante-des-sols","96":"tipo-de-aplicacion-fertigation","97":"tipo-de-aplicacion-foliaire","98":"product_cat-biostimulant","100":"first","101":"instock","102":"shipping-taxable","103":"product-type-simple"},"acf":[],"_links":{"self":[{"href":"https:\/\/labin.net\/fr\/wp-json\/wp\/v2\/product\/37607","targetHints":{"allow":["GET"]}}],"collection":[{"href":"https:\/\/labin.net\/fr\/wp-json\/wp\/v2\/product"}],"about":[{"href":"https:\/\/labin.net\/fr\/wp-json\/wp\/v2\/types\/product"}],"replies":[{"embeddable":true,"href":"https:\/\/labin.net\/fr\/wp-json\/wp\/v2\/comments?post=37607"}],"wp:featuredmedia":[{"embeddable":true,"href":"https:\/\/labin.net\/fr\/wp-json\/wp\/v2\/media\/35527"}],"wp:attachment":[{"href":"https:\/\/labin.net\/fr\/wp-json\/wp\/v2\/media?parent=37607"}],"wp:term":[{"taxonomy":"cultivo","embeddable":true,"href":"https:\/\/labin.net\/fr\/wp-json\/wp\/v2\/cultivo?post=37607"},{"taxonomy":"ecologico","embeddable":true,"href":"https:\/\/labin.net\/fr\/wp-json\/wp\/v2\/ecologico?post=37607"},{"taxonomy":"medioambiente","embeddable":true,"href":"https:\/\/labin.net\/fr\/wp-json\/wp\/v2\/medioambiente?post=37607"},{"taxonomy":"solucion","embeddable":true,"href":"https:\/\/labin.net\/fr\/wp-json\/wp\/v2\/solucion?post=37607"},{"taxonomy":"tipo-de-aplicacion","embeddable":true,"href":"https:\/\/labin.net\/fr\/wp-json\/wp\/v2\/tipo-de-aplicacion?post=37607"},{"taxonomy":"product_brand","embeddable":true,"href":"https:\/\/labin.net\/fr\/wp-json\/wp\/v2\/product_brand?post=37607"},{"taxonomy":"product_cat","embeddable":true,"href":"https:\/\/labin.net\/fr\/wp-json\/wp\/v2\/product_cat?post=37607"},{"taxonomy":"product_tag","embeddable":true,"href":"https:\/\/labin.net\/fr\/wp-json\/wp\/v2\/product_tag?post=37607"}],"curies":[{"name":"wp","href":"https:\/\/api.w.org\/{rel}","templated":true}]}}