{"id":37606,"date":"2025-12-04T16:45:37","date_gmt":"2025-12-04T16:45:37","guid":{"rendered":"https:labin.net\/producto\/labipack-murissement-de-lolivier\/"},"modified":"2026-01-19T13:14:11","modified_gmt":"2026-01-19T13:14:11","slug":"labipack-olivo-maduracion","status":"publish","type":"product","link":"https:\/\/labin.net\/fr\/producto\/labipack-olivo-maduracion\/","title":{"rendered":"LABIPACK OLIVO MADURACI\u00d3N"},"content":{"rendered":"<p>Engrais foliaire sp\u00e9cialement con\u00e7u pour \u00eatre appliqu\u00e9 sur les <b>OLIVIERS <\/b>pendant la p\u00e9riode de <b>croissance et de maturation des fruits<\/b>.<\/p>\n<p>Il s&rsquo;agit d&rsquo;un produit <b>COMPLET<\/b>, qui ajoute \u00e0 sa formulation, riche en <b>POTASSIUM<\/b>, des <b>micro-\u00e9l\u00e9ments et des acides amin\u00e9s <\/b>pour obtenir une plus grande efficacit\u00e9 de l&rsquo;action du potassium. Les apports de POTASSIUM sont essentiels pour la <b>formation de compos\u00e9s gras dans le fruit et, par cons\u00e9quent, pour une production et des rendements plus \u00e9lev\u00e9s<\/b>. Notre engrais apporte non seulement ce potassium, mais <b>stimule <\/b>\u00e9galement <b>l&rsquo;arbre <\/b>\u00e0 mieux l&rsquo;absorber, gr\u00e2ce \u00e0 sa formule. D&rsquo;autre part, l&rsquo;<b>OLIVIER<\/b> est une culture qui valorise tr\u00e8s bien les nutriments <b>apport\u00e9s par voie foliaire<\/b>; nous pouvons profiter de cette qualit\u00e9 pour obtenir de MEILLEURS RENDEMENTS, surtout en <b>p\u00e9riode de <\/b><b>s\u00e9cheresse<\/b><b>.<\/b> Avec <b>LABIPACK OLIVO MADURACI\u00d3N <\/b><b>nous pouvons augmenter la production et le rendement de l&rsquo;exploitation. <\/b><\/p>\n","protected":false},"excerpt":{"rendered":"<ul>\n<li><b>Enti\u00e8rement soluble<\/b><\/li>\n<li><b>Augmenter la production de votre oliveraie<\/b><\/li>\n<li><b>Le potassium le plus complet<\/b><\/li>\n<li><b>Enrichi en micro\u00e9l\u00e9ments et en ACIDES AMINAUX<\/b><\/li>\n<\/ul>\n","protected":false},"featured_media":35541,"comment_status":"open","ping_status":"closed","template":"","meta":{"_acf_changed":false},"cultivo":[391],"ecologico":[828],"medioambiente":[843],"solucion":[853,858,863,882],"tipo-de-aplicacion":[527,809],"product_brand":[],"product_cat":[1012],"product_tag":[],"class_list":{"0":"post-37606","1":"product","2":"type-product","3":"status-publish","4":"has-post-thumbnail","6":"cultivo-olivier","7":"ecologico-no","8":"medioambiente-efficacite-de-lutilisation-des-nutriments","9":"solucion-carence-en-n","10":"solucion-carence-en-p","11":"solucion-carence-en-k","12":"solucion-carence-en-micros","13":"tipo-de-aplicacion-fertigation","14":"tipo-de-aplicacion-foliaire","15":"product_cat-specialites","17":"first","18":"instock","19":"shipping-taxable","20":"product-type-simple"},"acf":[],"_links":{"self":[{"href":"https:\/\/labin.net\/fr\/wp-json\/wp\/v2\/product\/37606","targetHints":{"allow":["GET"]}}],"collection":[{"href":"https:\/\/labin.net\/fr\/wp-json\/wp\/v2\/product"}],"about":[{"href":"https:\/\/labin.net\/fr\/wp-json\/wp\/v2\/types\/product"}],"replies":[{"embeddable":true,"href":"https:\/\/labin.net\/fr\/wp-json\/wp\/v2\/comments?post=37606"}],"wp:featuredmedia":[{"embeddable":true,"href":"https:\/\/labin.net\/fr\/wp-json\/wp\/v2\/media\/35541"}],"wp:attachment":[{"href":"https:\/\/labin.net\/fr\/wp-json\/wp\/v2\/media?parent=37606"}],"wp:term":[{"taxonomy":"cultivo","embeddable":true,"href":"https:\/\/labin.net\/fr\/wp-json\/wp\/v2\/cultivo?post=37606"},{"taxonomy":"ecologico","embeddable":true,"href":"https:\/\/labin.net\/fr\/wp-json\/wp\/v2\/ecologico?post=37606"},{"taxonomy":"medioambiente","embeddable":true,"href":"https:\/\/labin.net\/fr\/wp-json\/wp\/v2\/medioambiente?post=37606"},{"taxonomy":"solucion","embeddable":true,"href":"https:\/\/labin.net\/fr\/wp-json\/wp\/v2\/solucion?post=37606"},{"taxonomy":"tipo-de-aplicacion","embeddable":true,"href":"https:\/\/labin.net\/fr\/wp-json\/wp\/v2\/tipo-de-aplicacion?post=37606"},{"taxonomy":"product_brand","embeddable":true,"href":"https:\/\/labin.net\/fr\/wp-json\/wp\/v2\/product_brand?post=37606"},{"taxonomy":"product_cat","embeddable":true,"href":"https:\/\/labin.net\/fr\/wp-json\/wp\/v2\/product_cat?post=37606"},{"taxonomy":"product_tag","embeddable":true,"href":"https:\/\/labin.net\/fr\/wp-json\/wp\/v2\/product_tag?post=37606"}],"curies":[{"name":"wp","href":"https:\/\/api.w.org\/{rel}","templated":true}]}}