{"id":37601,"date":"2025-12-04T16:41:16","date_gmt":"2025-12-04T16:41:16","guid":{"rendered":"https:labin.net\/producto\/labipack-croissance-de-lolivier\/"},"modified":"2026-01-19T13:11:41","modified_gmt":"2026-01-19T13:11:41","slug":"labipack-olivo-crecimiento","status":"publish","type":"product","link":"https:\/\/labin.net\/fr\/producto\/labipack-olivo-crecimiento\/","title":{"rendered":"LABIPACK OLIVO CRECIMIENTO"},"content":{"rendered":"<p>Engrais foliaire qui apporte les macro, m\u00e9so et micro\u00e9l\u00e9ments n\u00e9cessaires au d\u00e9veloppement de l&rsquo;olivier pendant la phase de croissance v\u00e9g\u00e9tative. De plus, l&rsquo;incorporation d&rsquo;acides amin\u00e9s libres provoque une stimulation g\u00e9n\u00e9rale de l&rsquo;organisme de l&rsquo;arbre afin qu&rsquo;il assimile et transporte mieux les nutriments que nous lui apportons dans la fertilisation. Il s&rsquo;agit d&rsquo;un produit <b>COMPLET <\/b>qui int\u00e8gre en une seule formule les nutriments qui sont habituellement appliqu\u00e9s s\u00e9par\u00e9ment dans le monde de l&rsquo;ol\u00e9iculture. Avec <b>LABIPACK OLIVO CRECIMIENTO<\/b><b>, nous obtenons une forte synergie entre eux, ce qui permet d&rsquo;obtenir de meilleurs r\u00e9sultats. <\/b>En outre, nous gagnons en commodit\u00e9. Nous ajoutons un seul produit aux traitements, ce qui r\u00e9duit les co\u00fbts \u00e9conomiques.<\/p>\n<p>Nous gagnons \u00e9galement en efficacit\u00e9. <b>La formulation du produit permet d&rsquo;obtenir une synergie tr\u00e8s importante de ses composants, de sorte que les r\u00e9sultats sont meilleurs que si les produits \u00e9taient appliqu\u00e9s s\u00e9par\u00e9ment. <\/b>D&rsquo;autre part, l&rsquo;olivier est une culture qui utilise tr\u00e8s bien les nutriments apport\u00e9s par voie foliaire. Nous pouvons tirer parti de cette qualit\u00e9 pour obtenir de meilleurs rendements, en particulier <b>en p\u00e9riode de s\u00e9cheresse<\/b>.<\/p>\n","protected":false},"excerpt":{"rendered":"<ul>\n<li><b>Application foliaire compl\u00e8te<\/b><\/li>\n<li><b>Un produit tout en un<\/b><\/li>\n<li><b>Enrichi en acides amin\u00e9s et en micro-\u00e9l\u00e9ments<\/b><\/li>\n<li><b>Enti\u00e8rement soluble<\/b><\/li>\n<li><b>Une plus grande synergie dans l&rsquo;arbre <\/b><\/li>\n<\/ul>\n","protected":false},"featured_media":35534,"comment_status":"open","ping_status":"closed","template":"","meta":{"_acf_changed":false},"cultivo":[391],"ecologico":[828],"medioambiente":[843],"solucion":[853,858,863,882],"tipo-de-aplicacion":[527,809],"product_brand":[],"product_cat":[1012],"product_tag":[],"class_list":{"0":"post-37601","1":"product","2":"type-product","3":"status-publish","4":"has-post-thumbnail","6":"cultivo-olivier","7":"ecologico-no","8":"medioambiente-efficacite-de-lutilisation-des-nutriments","9":"solucion-carence-en-n","10":"solucion-carence-en-p","11":"solucion-carence-en-k","12":"solucion-carence-en-micros","13":"tipo-de-aplicacion-fertigation","14":"tipo-de-aplicacion-foliaire","15":"product_cat-specialites","17":"first","18":"instock","19":"shipping-taxable","20":"product-type-simple"},"acf":[],"_links":{"self":[{"href":"https:\/\/labin.net\/fr\/wp-json\/wp\/v2\/product\/37601","targetHints":{"allow":["GET"]}}],"collection":[{"href":"https:\/\/labin.net\/fr\/wp-json\/wp\/v2\/product"}],"about":[{"href":"https:\/\/labin.net\/fr\/wp-json\/wp\/v2\/types\/product"}],"replies":[{"embeddable":true,"href":"https:\/\/labin.net\/fr\/wp-json\/wp\/v2\/comments?post=37601"}],"wp:featuredmedia":[{"embeddable":true,"href":"https:\/\/labin.net\/fr\/wp-json\/wp\/v2\/media\/35534"}],"wp:attachment":[{"href":"https:\/\/labin.net\/fr\/wp-json\/wp\/v2\/media?parent=37601"}],"wp:term":[{"taxonomy":"cultivo","embeddable":true,"href":"https:\/\/labin.net\/fr\/wp-json\/wp\/v2\/cultivo?post=37601"},{"taxonomy":"ecologico","embeddable":true,"href":"https:\/\/labin.net\/fr\/wp-json\/wp\/v2\/ecologico?post=37601"},{"taxonomy":"medioambiente","embeddable":true,"href":"https:\/\/labin.net\/fr\/wp-json\/wp\/v2\/medioambiente?post=37601"},{"taxonomy":"solucion","embeddable":true,"href":"https:\/\/labin.net\/fr\/wp-json\/wp\/v2\/solucion?post=37601"},{"taxonomy":"tipo-de-aplicacion","embeddable":true,"href":"https:\/\/labin.net\/fr\/wp-json\/wp\/v2\/tipo-de-aplicacion?post=37601"},{"taxonomy":"product_brand","embeddable":true,"href":"https:\/\/labin.net\/fr\/wp-json\/wp\/v2\/product_brand?post=37601"},{"taxonomy":"product_cat","embeddable":true,"href":"https:\/\/labin.net\/fr\/wp-json\/wp\/v2\/product_cat?post=37601"},{"taxonomy":"product_tag","embeddable":true,"href":"https:\/\/labin.net\/fr\/wp-json\/wp\/v2\/product_tag?post=37601"}],"curies":[{"name":"wp","href":"https:\/\/api.w.org\/{rel}","templated":true}]}}