{"id":37586,"date":"2025-11-27T15:58:22","date_gmt":"2025-11-27T15:58:22","guid":{"rendered":"https:labin.net\/producto\/grade-du-labipack\/"},"modified":"2026-01-19T13:09:46","modified_gmt":"2026-01-19T13:09:46","slug":"labipack-grado","status":"publish","type":"product","link":"https:\/\/labin.net\/fr\/producto\/labipack-grado\/","title":{"rendered":"LABIPACK GRADO"},"content":{"rendered":"<p>Engrais foliaire sp\u00e9cialement con\u00e7u pour \u00eatre appliqu\u00e9 sur les <b>VIGNERONS <\/b>pendant la p\u00e9riode de <b>croissance et de maturation des fruits<\/b>.<\/p>\n<p>Il s&rsquo;agit d&rsquo;un produit COMPLET, qui ajoute \u00e0 sa formulation, riche en <b>POTASSIUM<\/b>, des micro-\u00e9l\u00e9ments et des acides amin\u00e9s pour obtenir une plus grande efficacit\u00e9 de l&rsquo;action du potassium.<\/p>\n<p>Les apports en potassium sont indispensables pour que le raisin accumule des <b>SUCRES<\/b> et ait donc un <b>grade plus \u00e9lev\u00e9<\/b>.<\/p>\n<p>Notre engrais apporte non seulement ce potassium mais stimule \u00e9galement la plante pour qu&rsquo;elle l&rsquo;absorbe mieux, gr\u00e2ce \u00e0 sa formule.<\/p>\n<p>Avec le <b>LABIPACK GRADO<\/b><b>, nous parvenons \u00e0 augmenter la teneur en sucre du raisin<\/b>.<\/p>\n","protected":false},"excerpt":{"rendered":"<ul>\n<li><b> <\/b><b>Grande solubilit\u00e9<\/b><\/li>\n<li><b> <\/b><b>Absorption foliaire rapide<\/b><\/li>\n<li><b> <\/b><b>Avec des micro-\u00e9l\u00e9ments <\/b><\/li>\n<\/ul>\n","protected":false},"featured_media":35483,"comment_status":"open","ping_status":"closed","template":"","meta":{"_acf_changed":false},"cultivo":[396,404],"ecologico":[828],"medioambiente":[843],"solucion":[853,858,863,882],"tipo-de-aplicacion":[527,809],"product_brand":[],"product_cat":[1012],"product_tag":[],"class_list":{"0":"post-37586","1":"product","2":"type-product","3":"status-publish","4":"has-post-thumbnail","6":"cultivo-vigne-ornementale","7":"cultivo-vigne","8":"ecologico-no","9":"medioambiente-efficacite-de-lutilisation-des-nutriments","10":"solucion-carence-en-n","11":"solucion-carence-en-p","12":"solucion-carence-en-k","13":"solucion-carence-en-micros","14":"tipo-de-aplicacion-fertigation","15":"tipo-de-aplicacion-foliaire","16":"product_cat-specialites","18":"first","19":"instock","20":"shipping-taxable","21":"product-type-simple"},"acf":[],"_links":{"self":[{"href":"https:\/\/labin.net\/fr\/wp-json\/wp\/v2\/product\/37586","targetHints":{"allow":["GET"]}}],"collection":[{"href":"https:\/\/labin.net\/fr\/wp-json\/wp\/v2\/product"}],"about":[{"href":"https:\/\/labin.net\/fr\/wp-json\/wp\/v2\/types\/product"}],"replies":[{"embeddable":true,"href":"https:\/\/labin.net\/fr\/wp-json\/wp\/v2\/comments?post=37586"}],"wp:featuredmedia":[{"embeddable":true,"href":"https:\/\/labin.net\/fr\/wp-json\/wp\/v2\/media\/35483"}],"wp:attachment":[{"href":"https:\/\/labin.net\/fr\/wp-json\/wp\/v2\/media?parent=37586"}],"wp:term":[{"taxonomy":"cultivo","embeddable":true,"href":"https:\/\/labin.net\/fr\/wp-json\/wp\/v2\/cultivo?post=37586"},{"taxonomy":"ecologico","embeddable":true,"href":"https:\/\/labin.net\/fr\/wp-json\/wp\/v2\/ecologico?post=37586"},{"taxonomy":"medioambiente","embeddable":true,"href":"https:\/\/labin.net\/fr\/wp-json\/wp\/v2\/medioambiente?post=37586"},{"taxonomy":"solucion","embeddable":true,"href":"https:\/\/labin.net\/fr\/wp-json\/wp\/v2\/solucion?post=37586"},{"taxonomy":"tipo-de-aplicacion","embeddable":true,"href":"https:\/\/labin.net\/fr\/wp-json\/wp\/v2\/tipo-de-aplicacion?post=37586"},{"taxonomy":"product_brand","embeddable":true,"href":"https:\/\/labin.net\/fr\/wp-json\/wp\/v2\/product_brand?post=37586"},{"taxonomy":"product_cat","embeddable":true,"href":"https:\/\/labin.net\/fr\/wp-json\/wp\/v2\/product_cat?post=37586"},{"taxonomy":"product_tag","embeddable":true,"href":"https:\/\/labin.net\/fr\/wp-json\/wp\/v2\/product_tag?post=37586"}],"curies":[{"name":"wp","href":"https:\/\/api.w.org\/{rel}","templated":true}]}}