{"id":37579,"date":"2025-12-05T07:31:21","date_gmt":"2025-12-05T07:31:21","guid":{"rendered":"https:labin.net\/producto\/labin-15-15-15\/"},"modified":"2025-12-05T07:31:21","modified_gmt":"2025-12-05T07:31:21","slug":"labin-15-15-15","status":"publish","type":"product","link":"https:\/\/labin.net\/fr\/producto\/labin-15-15-15\/","title":{"rendered":"LABIN 15-15-15"},"content":{"rendered":"<p>Produit sous forme de poudre cristalline rose sp\u00e9cialement destin\u00e9 \u00e0 la FERTIRRIGATION, dans toutes ses variantes : goutte \u00e0 goutte, micro-pulv\u00e9risation, exsudation, etc.<\/p>\n<p>La s\u00e9lection des meilleures mati\u00e8res premi\u00e8res garantit une grande solubilit\u00e9 et l&rsquo;absence d&rsquo;impuret\u00e9s. De plus, son processus de fabrication sp\u00e9cial assure la fluidit\u00e9 du produit et \u00e9vite la formation de mousses. <\/p>\n<p>LABIN 15-15-15 est enrichi en MICRO-\u00c9L\u00c9MENTS CH\u00c9L\u00c9S pour garantir l&rsquo;absence de carences et le d\u00e9veloppement correct des cultures. Son pH est mod\u00e9r\u00e9ment acide pour \u00e9viter les blocages et les engorgements, et sa formulation n&rsquo;incorpore aucune source d&rsquo;UREA. Comme il s&rsquo;agit d&rsquo;un engrais \u00e0 faible teneur en chlorures, il augmente l&rsquo;absorption et l&rsquo;assimilation des nutriments par la plante. <\/p>\n<p>Particuli\u00e8rement recommand\u00e9 pour les p\u00e9pini\u00e8res, la floriculture, l&rsquo;horticulture, les arbres fruitiers, les vignobles, etc., principalement \u00e0 des moments de plus grand d\u00e9veloppement v\u00e9g\u00e9tatif, o\u00f9 un apport complet et \u00e9quilibr\u00e9 facilite le d\u00e9veloppement int\u00e9gral de la plante.<\/p>\n","protected":false},"excerpt":{"rendered":"<ul>\n<li><strong>Grande solubilit\u00e9<\/strong><\/li>\n<li><strong>Absorption rapide<\/strong><\/li>\n<li><strong>Avec des micro-\u00e9l\u00e9ments<\/strong><\/li>\n<li><strong>Pas d&rsquo;agglutination<\/strong><\/li>\n<\/ul>\n","protected":false},"featured_media":35584,"comment_status":"open","ping_status":"closed","template":"","meta":{"_acf_changed":false},"cultivo":[344,374,406,437,470,348,375,408,438,471,349,377,409,439,472,350,378,410,440,473,354,383,411,445,474,355,384,412,446,480,356,385,418,447,481,360,389,419,448,482,361,390,420,453,483,363,391,421,454,484,364,396,427,455,490,365,397,428,456,491,336,369,398,429,457,492,338,370,399,430,462,493,342,371,404,431,463,343,373,405,436,464],"ecologico":[828],"medioambiente":[843],"solucion":[853,858,863],"tipo-de-aplicacion":[527],"product_brand":[],"product_cat":[980],"product_tag":[],"class_list":{"0":"post-37579","1":"product","2":"type-product","3":"status-publish","4":"has-post-thumbnail","6":"cultivo-abricot","7":"cultivo-carambole","8":"cultivo-pomme-a-la-creme","9":"cultivo-patate-douce","10":"cultivo-pommes-de-terre","11":"cultivo-amandier","12":"cultivo-lima","13":"cultivo-coco","14":"cultivo-brocoli","15":"cultivo-concombre","16":"cultivo-noisette","17":"cultivo-mandarino","18":"cultivo-fruits-rouges-baies","19":"cultivo-courgette","20":"cultivo-poivre","21":"cultivo-kaki","22":"cultivo-manzano","23":"cultivo-goyave","24":"cultivo-citrouille","25":"cultivo-poireau","26":"cultivo-marron","27":"cultivo-peche","28":"cultivo-litchi","29":"cultivo-oignon","30":"cultivo-radis","31":"cultivo-cerise","32":"cultivo-membrillero","33":"cultivo-poignee","34":"cultivo-col","35":"cultivo-betterave","36":"cultivo-prune","37":"cultivo-oranger","38":"cultivo-fruit-de-la-passion","39":"cultivo-choux-de-bruxelles","40":"cultivo-roquette","41":"cultivo-clementino","42":"cultivo-nectarine","43":"cultivo-papaye","44":"cultivo-chou-fleur","45":"cultivo-pasteque","46":"cultivo-grenade","47":"cultivo-noyer","48":"cultivo-ananas","49":"cultivo-endive","50":"cultivo-soja-vert","51":"cultivo-higuera","52":"cultivo-olivier","53":"cultivo-pitahaya","54":"cultivo-epinards","55":"cultivo-tomate","56":"cultivo-kiwi","57":"cultivo-vigne-ornementale","58":"cultivo-tamarin","59":"cultivo-pois","60":"cultivo-carotte","61":"cultivo-citronnier","62":"cultivo-peral","63":"cultivo-the","64":"cultivo-petit-haricot","65":"cultivo-arbres-dornement","66":"cultivo-arbres-fruitiers","67":"cultivo-avocat","68":"cultivo-pistache","69":"cultivo-manioc","70":"cultivo-haricot-vert","71":"cultivo-cespedes","72":"cultivo-tropical","73":"cultivo-banane-plantain","74":"cultivo-pamplemousse","75":"cultivo-bette-a-carde","76":"cultivo-laitue","77":"cultivo-fleurs","78":"cultivo-horticulture","79":"cultivo-cacao","80":"cultivo-vigne","81":"cultivo-ail","82":"cultivo-melon","83":"cultivo-parcs-et-jardins","84":"cultivo-cafe","85":"cultivo-canne-a-sucre","86":"cultivo-aubergine","87":"cultivo-navet","88":"ecologico-no","89":"medioambiente-efficacite-de-lutilisation-des-nutriments","90":"solucion-carence-en-n","91":"solucion-carence-en-p","92":"solucion-carence-en-k","93":"tipo-de-aplicacion-fertigation","94":"product_cat-npk-hydrosoluble","96":"first","97":"instock","98":"shipping-taxable","99":"product-type-simple"},"acf":[],"_links":{"self":[{"href":"https:\/\/labin.net\/fr\/wp-json\/wp\/v2\/product\/37579","targetHints":{"allow":["GET"]}}],"collection":[{"href":"https:\/\/labin.net\/fr\/wp-json\/wp\/v2\/product"}],"about":[{"href":"https:\/\/labin.net\/fr\/wp-json\/wp\/v2\/types\/product"}],"replies":[{"embeddable":true,"href":"https:\/\/labin.net\/fr\/wp-json\/wp\/v2\/comments?post=37579"}],"wp:featuredmedia":[{"embeddable":true,"href":"https:\/\/labin.net\/fr\/wp-json\/wp\/v2\/media\/35584"}],"wp:attachment":[{"href":"https:\/\/labin.net\/fr\/wp-json\/wp\/v2\/media?parent=37579"}],"wp:term":[{"taxonomy":"cultivo","embeddable":true,"href":"https:\/\/labin.net\/fr\/wp-json\/wp\/v2\/cultivo?post=37579"},{"taxonomy":"ecologico","embeddable":true,"href":"https:\/\/labin.net\/fr\/wp-json\/wp\/v2\/ecologico?post=37579"},{"taxonomy":"medioambiente","embeddable":true,"href":"https:\/\/labin.net\/fr\/wp-json\/wp\/v2\/medioambiente?post=37579"},{"taxonomy":"solucion","embeddable":true,"href":"https:\/\/labin.net\/fr\/wp-json\/wp\/v2\/solucion?post=37579"},{"taxonomy":"tipo-de-aplicacion","embeddable":true,"href":"https:\/\/labin.net\/fr\/wp-json\/wp\/v2\/tipo-de-aplicacion?post=37579"},{"taxonomy":"product_brand","embeddable":true,"href":"https:\/\/labin.net\/fr\/wp-json\/wp\/v2\/product_brand?post=37579"},{"taxonomy":"product_cat","embeddable":true,"href":"https:\/\/labin.net\/fr\/wp-json\/wp\/v2\/product_cat?post=37579"},{"taxonomy":"product_tag","embeddable":true,"href":"https:\/\/labin.net\/fr\/wp-json\/wp\/v2\/product_tag?post=37579"}],"curies":[{"name":"wp","href":"https:\/\/api.w.org\/{rel}","templated":true}]}}