{"id":37569,"date":"2025-12-05T07:28:18","date_gmt":"2025-12-05T07:28:18","guid":{"rendered":"https:labin.net\/producto\/labin-16-8-24\/"},"modified":"2025-12-05T07:28:18","modified_gmt":"2025-12-05T07:28:18","slug":"labin-16-8-24","status":"publish","type":"product","link":"https:\/\/labin.net\/fr\/producto\/labin-16-8-24\/","title":{"rendered":"LABIN 16-8-24"},"content":{"rendered":"<p>Produit sous forme de poudre cristalline rose sp\u00e9cialement destin\u00e9 \u00e0 la FERTIRRIGATION, dans toutes ses variantes : goutte \u00e0 goutte, micro-pulv\u00e9risation, exsudation, etc.<\/p>\n<p>La s\u00e9lection des meilleures mati\u00e8res premi\u00e8res garantit une grande solubilit\u00e9 et l&rsquo;absence d&rsquo;impuret\u00e9s. De plus, son processus de fabrication sp\u00e9cial assure la fluidit\u00e9 du produit et \u00e9vite la formation de mousses. <\/p>\n<p>LABIN 16-8-24 est enrichi en MICRO\u00c9L\u00c9MENTS CH\u00c9LIS\u00c9S pour garantir l&rsquo;absence de carences et le bon d\u00e9veloppement des cultures, avec un pH acide pour \u00e9viter les blocages et les engorgements. Sa teneur nulle en UREA garantit une croissance \u00e9quilibr\u00e9e tout au long du cycle de la culture. <\/p>\n<p>Il peut \u00eatre utilis\u00e9 dans la floriculture, les p\u00e9pini\u00e8res, les arbres fruitiers, l&rsquo;horticulture, les vignobles, les cultures tropicales, etc.<\/p>\n","protected":false},"excerpt":{"rendered":"<ul>\n<li><strong>Grande solubilit\u00e9<\/strong><\/li>\n<li><strong>Absorption rapide<\/strong><\/li>\n<li><strong>Avec des micro-\u00e9l\u00e9ments<\/strong><\/li>\n<li><strong>Pas d&rsquo;agglutination<\/strong><\/li>\n<\/ul>\n","protected":false},"featured_media":35577,"comment_status":"open","ping_status":"closed","template":"","meta":{"_acf_changed":false},"cultivo":[355,384,412,446,480,356,385,418,447,481,360,389,419,448,482,361,390,420,453,483,363,391,421,454,484,364,396,427,455,490,365,397,428,456,491,336,369,398,429,457,492,338,370,399,430,462,493,342,371,404,431,463,343,373,405,436,464,344,374,406,437,470,348,375,408,438,471,349,377,409,439,472,350,378,410,440,473,354,383,411,445,474],"ecologico":[828],"medioambiente":[843],"solucion":[853,858,863],"tipo-de-aplicacion":[527],"product_brand":[],"product_cat":[980],"product_tag":[],"class_list":{"0":"post-37569","1":"product","2":"type-product","3":"status-publish","4":"has-post-thumbnail","6":"cultivo-cerise","7":"cultivo-membrillero","8":"cultivo-poignee","9":"cultivo-col","10":"cultivo-betterave","11":"cultivo-prune","12":"cultivo-oranger","13":"cultivo-fruit-de-la-passion","14":"cultivo-choux-de-bruxelles","15":"cultivo-roquette","16":"cultivo-clementino","17":"cultivo-nectarine","18":"cultivo-papaye","19":"cultivo-chou-fleur","20":"cultivo-pasteque","21":"cultivo-grenade","22":"cultivo-noyer","23":"cultivo-ananas","24":"cultivo-endive","25":"cultivo-soja-vert","26":"cultivo-higuera","27":"cultivo-olivier","28":"cultivo-pitahaya","29":"cultivo-epinards","30":"cultivo-tomate","31":"cultivo-kiwi","32":"cultivo-vigne-ornementale","33":"cultivo-tamarin","34":"cultivo-pois","35":"cultivo-carotte","36":"cultivo-citronnier","37":"cultivo-peral","38":"cultivo-the","39":"cultivo-petit-haricot","40":"cultivo-arbres-dornement","41":"cultivo-arbres-fruitiers","42":"cultivo-avocat","43":"cultivo-pistache","44":"cultivo-manioc","45":"cultivo-haricot-vert","46":"cultivo-cespedes","47":"cultivo-tropical","48":"cultivo-banane-plantain","49":"cultivo-pamplemousse","50":"cultivo-bette-a-carde","51":"cultivo-laitue","52":"cultivo-fleurs","53":"cultivo-horticulture","54":"cultivo-cacao","55":"cultivo-vigne","56":"cultivo-ail","57":"cultivo-melon","58":"cultivo-parcs-et-jardins","59":"cultivo-cafe","60":"cultivo-canne-a-sucre","61":"cultivo-aubergine","62":"cultivo-navet","63":"cultivo-abricot","64":"cultivo-carambole","65":"cultivo-pomme-a-la-creme","66":"cultivo-patate-douce","67":"cultivo-pommes-de-terre","68":"cultivo-amandier","69":"cultivo-lima","70":"cultivo-coco","71":"cultivo-brocoli","72":"cultivo-concombre","73":"cultivo-noisette","74":"cultivo-mandarino","75":"cultivo-fruits-rouges-baies","76":"cultivo-courgette","77":"cultivo-poivre","78":"cultivo-kaki","79":"cultivo-manzano","80":"cultivo-goyave","81":"cultivo-citrouille","82":"cultivo-poireau","83":"cultivo-marron","84":"cultivo-peche","85":"cultivo-litchi","86":"cultivo-oignon","87":"cultivo-radis","88":"ecologico-no","89":"medioambiente-efficacite-de-lutilisation-des-nutriments","90":"solucion-carence-en-n","91":"solucion-carence-en-p","92":"solucion-carence-en-k","93":"tipo-de-aplicacion-fertigation","94":"product_cat-npk-hydrosoluble","96":"first","97":"instock","98":"shipping-taxable","99":"product-type-simple"},"acf":[],"_links":{"self":[{"href":"https:\/\/labin.net\/fr\/wp-json\/wp\/v2\/product\/37569","targetHints":{"allow":["GET"]}}],"collection":[{"href":"https:\/\/labin.net\/fr\/wp-json\/wp\/v2\/product"}],"about":[{"href":"https:\/\/labin.net\/fr\/wp-json\/wp\/v2\/types\/product"}],"replies":[{"embeddable":true,"href":"https:\/\/labin.net\/fr\/wp-json\/wp\/v2\/comments?post=37569"}],"wp:featuredmedia":[{"embeddable":true,"href":"https:\/\/labin.net\/fr\/wp-json\/wp\/v2\/media\/35577"}],"wp:attachment":[{"href":"https:\/\/labin.net\/fr\/wp-json\/wp\/v2\/media?parent=37569"}],"wp:term":[{"taxonomy":"cultivo","embeddable":true,"href":"https:\/\/labin.net\/fr\/wp-json\/wp\/v2\/cultivo?post=37569"},{"taxonomy":"ecologico","embeddable":true,"href":"https:\/\/labin.net\/fr\/wp-json\/wp\/v2\/ecologico?post=37569"},{"taxonomy":"medioambiente","embeddable":true,"href":"https:\/\/labin.net\/fr\/wp-json\/wp\/v2\/medioambiente?post=37569"},{"taxonomy":"solucion","embeddable":true,"href":"https:\/\/labin.net\/fr\/wp-json\/wp\/v2\/solucion?post=37569"},{"taxonomy":"tipo-de-aplicacion","embeddable":true,"href":"https:\/\/labin.net\/fr\/wp-json\/wp\/v2\/tipo-de-aplicacion?post=37569"},{"taxonomy":"product_brand","embeddable":true,"href":"https:\/\/labin.net\/fr\/wp-json\/wp\/v2\/product_brand?post=37569"},{"taxonomy":"product_cat","embeddable":true,"href":"https:\/\/labin.net\/fr\/wp-json\/wp\/v2\/product_cat?post=37569"},{"taxonomy":"product_tag","embeddable":true,"href":"https:\/\/labin.net\/fr\/wp-json\/wp\/v2\/product_tag?post=37569"}],"curies":[{"name":"wp","href":"https:\/\/api.w.org\/{rel}","templated":true}]}}