{"id":37562,"date":"2025-12-04T16:53:57","date_gmt":"2025-12-04T16:53:57","guid":{"rendered":"https:labin.net\/producto\/labin-aminoplus\/"},"modified":"2025-12-04T16:53:57","modified_gmt":"2025-12-04T16:53:57","slug":"labin-aminoplus","status":"publish","type":"product","link":"https:\/\/labin.net\/fr\/producto\/labin-aminoplus\/","title":{"rendered":"LABIN AMINOPLUS"},"content":{"rendered":"<p><strong>STRESS<\/strong><br \/>\nAu cours de leur cycle de vie, toutes les plantes subissent diff\u00e9rentes situations d\u00e9favorables qui provoquent des \u00e9tats de stress entra\u00eenant une r\u00e9duction du rendement g\u00e9n\u00e9ral de la culture. Face \u00e0 diff\u00e9rentes situations de stress, la plante d\u00e9clenche une s\u00e9rie de m\u00e9canismes de d\u00e9fense qui consistent essentiellement \u00e0 maximiser l&rsquo;\u00e9conomie d&rsquo;\u00e9nergie, \u00e0 r\u00e9duire les pertes d&rsquo;eau et \u00e0 utiliser les r\u00e9serves pour maintenir les fonctions vitales. L&rsquo;activation de ces m\u00e9canismes entra\u00eene la fermeture des stomates, une diminution de l&rsquo;activit\u00e9 m\u00e9tabolique et une baisse du taux de photosynth\u00e8se, ce qui r\u00e9duit le rendement.  <\/p>\n<p><strong>ACIDES AMIN\u00c9S<\/strong><br \/>\nLes plantes synth\u00e9tisent leurs propres acides amin\u00e9s \u00e0 partir de l&rsquo;azote. Ce processus de synth\u00e8se consomme beaucoup d&rsquo;\u00e9nergie. En cas de stress, l&rsquo;application externe d&rsquo;acides amin\u00e9s permet \u00e0 la plante de disposer de cette \u00e9nergie pour l&rsquo;utiliser dans d&rsquo;autres processus physiologiques plus productifs qui l&rsquo;aideront \u00e0 se r\u00e9tablir. Les acides amin\u00e9s sont \u00e9galement impliqu\u00e9s dans de nombreux processus physiologiques. En particulier, les acides amin\u00e9s libres aident la plante \u00e0 surmonter les situations de stress.    <\/p>\n<p><strong>LABIN AMINOPLUS<\/strong> est un produit liquide obtenu par l&rsquo;hydrolyse contr\u00f4l\u00e9e de prot\u00e9ines v\u00e9g\u00e9tales naturelles. Il contient des acides amin\u00e9s de faible poids mol\u00e9culaire, adapt\u00e9s \u00e0 leur parfaite assimilation, aussi bien par voie racinaire que par voie foliaire. Il am\u00e9liore la croissance, la floraison et la fructification, en obtenant une augmentation du d\u00e9veloppement des fruits et une avanc\u00e9e de la maturation. C&rsquo;est l&rsquo;un des meilleurs BIOACTIVATEURS actuels.   <\/p>\n","protected":false},"excerpt":{"rendered":"<ul>\n<li><b>Pour les situations de stress<\/b><\/li>\n<li><b>Pour surmonter le gel, la s\u00e9cheresse,&#8230;<\/b><\/li>\n<li><b>Aide \u00e0 la transplantation, \u00e0 la floraison, \u00e0 la nouaison et \u00e0 la maturation des fruits de toutes les cultures l\u00e9gumi\u00e8res.<\/b><\/li>\n<\/ul>\n","protected":false},"featured_media":35555,"comment_status":"open","ping_status":"closed","template":"","meta":{"_acf_changed":false},"cultivo":[355,384,412,446,480,356,385,418,447,481,360,389,419,448,482,361,390,420,453,483,363,391,421,454,484,364,396,427,455,490,365,397,428,456,491,336,369,398,429,457,492,338,370,399,430,462,493,342,371,404,431,463,518,343,373,405,436,464,519,344,374,406,437,470,524,348,375,408,438,471,525,349,377,409,439,472,526,350,378,410,440,473,354,383,411,445,474],"ecologico":[828],"medioambiente":[843],"solucion":[928,935,945],"tipo-de-aplicacion":[527,809,815,816],"product_brand":[],"product_cat":[968],"product_tag":[],"class_list":{"0":"post-37562","1":"product","2":"type-product","3":"status-publish","4":"has-post-thumbnail","6":"cultivo-cerise","7":"cultivo-membrillero","8":"cultivo-poignee","9":"cultivo-col","10":"cultivo-betterave","11":"cultivo-prune","12":"cultivo-oranger","13":"cultivo-fruit-de-la-passion","14":"cultivo-choux-de-bruxelles","15":"cultivo-roquette","16":"cultivo-clementino","17":"cultivo-nectarine","18":"cultivo-papaye","19":"cultivo-chou-fleur","20":"cultivo-pasteque","21":"cultivo-grenade","22":"cultivo-noyer","23":"cultivo-ananas","24":"cultivo-endive","25":"cultivo-soja-vert","26":"cultivo-higuera","27":"cultivo-olivier","28":"cultivo-pitahaya","29":"cultivo-epinards","30":"cultivo-tomate","31":"cultivo-kiwi","32":"cultivo-vigne-ornementale","33":"cultivo-tamarin","34":"cultivo-pois","35":"cultivo-carotte","36":"cultivo-citronnier","37":"cultivo-peral","38":"cultivo-the","39":"cultivo-petit-haricot","40":"cultivo-arbres-dornement","41":"cultivo-arbres-fruitiers","42":"cultivo-avocat","43":"cultivo-pistache","44":"cultivo-manioc","45":"cultivo-haricot-vert","46":"cultivo-cespedes","47":"cultivo-tropical","48":"cultivo-banane-plantain","49":"cultivo-pamplemousse","50":"cultivo-bette-a-carde","51":"cultivo-laitue","52":"cultivo-fleurs","53":"cultivo-horticulture","54":"cultivo-cacao","55":"cultivo-vigne","56":"cultivo-ail","57":"cultivo-melon","58":"cultivo-extensions","59":"cultivo-parcs-et-jardins","60":"cultivo-cafe","61":"cultivo-canne-a-sucre","62":"cultivo-aubergine","63":"cultivo-navet","64":"cultivo-cereales","65":"cultivo-abricot","66":"cultivo-carambole","67":"cultivo-pomme-a-la-creme","68":"cultivo-patate-douce","69":"cultivo-pommes-de-terre","70":"cultivo-fourrages-et-paturages","71":"cultivo-amandier","72":"cultivo-lima","73":"cultivo-coco","74":"cultivo-brocoli","75":"cultivo-concombre","76":"cultivo-legumineuses-extensives","77":"cultivo-noisette","78":"cultivo-mandarino","79":"cultivo-fruits-rouges-baies","80":"cultivo-courgette","81":"cultivo-poivre","82":"cultivo-graines-oleagineuses","83":"cultivo-kaki","84":"cultivo-manzano","85":"cultivo-goyave","86":"cultivo-citrouille","87":"cultivo-poireau","88":"cultivo-marron","89":"cultivo-peche","90":"cultivo-litchi","91":"cultivo-oignon","92":"cultivo-radis","93":"ecologico-no","94":"medioambiente-efficacite-de-lutilisation-des-nutriments","95":"solucion-stress-abiotique","96":"solucion-amelioration-apres-recolte","97":"solucion-amelioration-de-la-qualite-des-fruits","98":"tipo-de-aplicacion-fertigation","99":"tipo-de-aplicacion-foliaire","100":"tipo-de-aplicacion-dron","101":"tipo-de-aplicacion-aeronefs-legers","102":"product_cat-biostimulant","104":"first","105":"instock","106":"shipping-taxable","107":"product-type-simple"},"acf":[],"_links":{"self":[{"href":"https:\/\/labin.net\/fr\/wp-json\/wp\/v2\/product\/37562","targetHints":{"allow":["GET"]}}],"collection":[{"href":"https:\/\/labin.net\/fr\/wp-json\/wp\/v2\/product"}],"about":[{"href":"https:\/\/labin.net\/fr\/wp-json\/wp\/v2\/types\/product"}],"replies":[{"embeddable":true,"href":"https:\/\/labin.net\/fr\/wp-json\/wp\/v2\/comments?post=37562"}],"wp:featuredmedia":[{"embeddable":true,"href":"https:\/\/labin.net\/fr\/wp-json\/wp\/v2\/media\/35555"}],"wp:attachment":[{"href":"https:\/\/labin.net\/fr\/wp-json\/wp\/v2\/media?parent=37562"}],"wp:term":[{"taxonomy":"cultivo","embeddable":true,"href":"https:\/\/labin.net\/fr\/wp-json\/wp\/v2\/cultivo?post=37562"},{"taxonomy":"ecologico","embeddable":true,"href":"https:\/\/labin.net\/fr\/wp-json\/wp\/v2\/ecologico?post=37562"},{"taxonomy":"medioambiente","embeddable":true,"href":"https:\/\/labin.net\/fr\/wp-json\/wp\/v2\/medioambiente?post=37562"},{"taxonomy":"solucion","embeddable":true,"href":"https:\/\/labin.net\/fr\/wp-json\/wp\/v2\/solucion?post=37562"},{"taxonomy":"tipo-de-aplicacion","embeddable":true,"href":"https:\/\/labin.net\/fr\/wp-json\/wp\/v2\/tipo-de-aplicacion?post=37562"},{"taxonomy":"product_brand","embeddable":true,"href":"https:\/\/labin.net\/fr\/wp-json\/wp\/v2\/product_brand?post=37562"},{"taxonomy":"product_cat","embeddable":true,"href":"https:\/\/labin.net\/fr\/wp-json\/wp\/v2\/product_cat?post=37562"},{"taxonomy":"product_tag","embeddable":true,"href":"https:\/\/labin.net\/fr\/wp-json\/wp\/v2\/product_tag?post=37562"}],"curies":[{"name":"wp","href":"https:\/\/api.w.org\/{rel}","templated":true}]}}