{"id":37555,"date":"2025-12-04T16:49:40","date_gmt":"2025-12-04T16:49:40","guid":{"rendered":"https:labin.net\/producto\/labin-super-k\/"},"modified":"2025-12-04T16:49:40","modified_gmt":"2025-12-04T16:49:40","slug":"labin-super-k","status":"publish","type":"product","link":"https:\/\/labin.net\/fr\/producto\/labin-super-k\/","title":{"rendered":"LABIN SUPER K"},"content":{"rendered":"<p><b>LABIN SUPER K <\/b>est un engrais en poudre, d\u00e9velopp\u00e9 \u00e0 base de <b>potassium et enrichi d&rsquo;acides amin\u00e9s, de soufre et de magn\u00e9sium<\/b>, particuli\u00e8rement adapt\u00e9 \u00e0 l&rsquo;application pendant le <b>d\u00e9veloppement et la maturation des fruits<\/b>.<\/p>\n<p>L&rsquo;application de <b>LABIN SUPER K <\/b>permet d&rsquo;am\u00e9liorer le calibre et les <b>propri\u00e9t\u00e9s organoleptiques du fruit <\/b>(plus grande concentration de sucres et, par cons\u00e9quent, degr\u00e9s \u00baBrix plus \u00e9lev\u00e9s). Elle homog\u00e9n\u00e9ise \u00e9galement la <b>maturation<\/b>, en la concentrant dans le m\u00eame laps de temps. <\/p>\n<p>Sa formulation sp\u00e9ciale enrichie en acides amin\u00e9s renforce la plante en lui donnant une r\u00e9sistance accrue pour surmonter les situations de stress et <b>am\u00e9liore consid\u00e9rablement l&rsquo;absorption et l&rsquo;assimilation du potassium<\/b>.<\/p>\n<p>Particuli\u00e8rement adapt\u00e9 \u00e0 tous les types de cultures horticoles, aux oliviers, aux vignobles, aux arbres fruitiers, aux agrumes et aux arbres tropicaux.<\/p>\n","protected":false},"excerpt":{"rendered":"<ul>\n<li><b>Am\u00e9lioration des propri\u00e9t\u00e9s organoleptiques<\/b><\/li>\n<li><b>Am\u00e9lioration de la taille des fruits et des rendements<\/b><\/li>\n<li><b>Action biostimulante<\/b><\/li>\n<\/ul>\n","protected":false},"featured_media":35548,"comment_status":"open","ping_status":"closed","template":"","meta":{"_acf_changed":false},"cultivo":[338,370,399,430,462,493,342,371,404,431,463,518,343,373,405,436,464,519,344,374,406,437,470,524,348,375,408,438,471,525,349,377,409,439,472,526,350,378,410,440,473,354,383,411,445,474,355,384,412,446,480,356,385,418,447,481,360,389,419,448,482,361,390,420,453,483,363,391,421,454,484,364,396,427,455,490,365,397,428,456,491,336,369,398,429,457,492],"ecologico":[828],"medioambiente":[843],"solucion":[921,945,863],"tipo-de-aplicacion":[809,527],"product_brand":[],"product_cat":[974],"product_tag":[],"class_list":{"0":"post-37555","1":"product","2":"type-product","3":"status-publish","4":"has-post-thumbnail","6":"cultivo-tropical","7":"cultivo-banane-plantain","8":"cultivo-pamplemousse","9":"cultivo-bette-a-carde","10":"cultivo-laitue","11":"cultivo-fleurs","12":"cultivo-horticulture","13":"cultivo-cacao","14":"cultivo-vigne","15":"cultivo-ail","16":"cultivo-melon","17":"cultivo-extensions","18":"cultivo-parcs-et-jardins","19":"cultivo-cafe","20":"cultivo-canne-a-sucre","21":"cultivo-aubergine","22":"cultivo-navet","23":"cultivo-cereales","24":"cultivo-abricot","25":"cultivo-carambole","26":"cultivo-pomme-a-la-creme","27":"cultivo-patate-douce","28":"cultivo-pommes-de-terre","29":"cultivo-fourrages-et-paturages","30":"cultivo-amandier","31":"cultivo-lima","32":"cultivo-coco","33":"cultivo-brocoli","34":"cultivo-concombre","35":"cultivo-legumineuses-extensives","36":"cultivo-noisette","37":"cultivo-mandarino","38":"cultivo-fruits-rouges-baies","39":"cultivo-courgette","40":"cultivo-poivre","41":"cultivo-graines-oleagineuses","42":"cultivo-kaki","43":"cultivo-manzano","44":"cultivo-goyave","45":"cultivo-citrouille","46":"cultivo-poireau","47":"cultivo-marron","48":"cultivo-peche","49":"cultivo-litchi","50":"cultivo-oignon","51":"cultivo-radis","52":"cultivo-cerise","53":"cultivo-membrillero","54":"cultivo-poignee","55":"cultivo-col","56":"cultivo-betterave","57":"cultivo-prune","58":"cultivo-oranger","59":"cultivo-fruit-de-la-passion","60":"cultivo-choux-de-bruxelles","61":"cultivo-roquette","62":"cultivo-clementino","63":"cultivo-nectarine","64":"cultivo-papaye","65":"cultivo-chou-fleur","66":"cultivo-pasteque","67":"cultivo-grenade","68":"cultivo-noyer","69":"cultivo-ananas","70":"cultivo-endive","71":"cultivo-soja-vert","72":"cultivo-higuera","73":"cultivo-olivier","74":"cultivo-pitahaya","75":"cultivo-epinards","76":"cultivo-tomate","77":"cultivo-kiwi","78":"cultivo-vigne-ornementale","79":"cultivo-tamarin","80":"cultivo-pois","81":"cultivo-carotte","82":"cultivo-citronnier","83":"cultivo-peral","84":"cultivo-the","85":"cultivo-petit-haricot","86":"cultivo-arbres-dornement","87":"cultivo-arbres-fruitiers","88":"cultivo-avocat","89":"cultivo-pistache","90":"cultivo-manioc","91":"cultivo-haricot-vert","92":"cultivo-cespedes","93":"ecologico-no","94":"medioambiente-efficacite-de-lutilisation-des-nutriments","95":"solucion-grossissement-du-fruit","96":"solucion-amelioration-de-la-qualite-des-fruits","97":"solucion-carence-en-k","98":"tipo-de-aplicacion-foliaire","99":"tipo-de-aplicacion-fertigation","100":"product_cat-correcteur-de-carences","102":"first","103":"instock","104":"shipping-taxable","105":"product-type-simple"},"acf":[],"_links":{"self":[{"href":"https:\/\/labin.net\/fr\/wp-json\/wp\/v2\/product\/37555","targetHints":{"allow":["GET"]}}],"collection":[{"href":"https:\/\/labin.net\/fr\/wp-json\/wp\/v2\/product"}],"about":[{"href":"https:\/\/labin.net\/fr\/wp-json\/wp\/v2\/types\/product"}],"replies":[{"embeddable":true,"href":"https:\/\/labin.net\/fr\/wp-json\/wp\/v2\/comments?post=37555"}],"wp:featuredmedia":[{"embeddable":true,"href":"https:\/\/labin.net\/fr\/wp-json\/wp\/v2\/media\/35548"}],"wp:attachment":[{"href":"https:\/\/labin.net\/fr\/wp-json\/wp\/v2\/media?parent=37555"}],"wp:term":[{"taxonomy":"cultivo","embeddable":true,"href":"https:\/\/labin.net\/fr\/wp-json\/wp\/v2\/cultivo?post=37555"},{"taxonomy":"ecologico","embeddable":true,"href":"https:\/\/labin.net\/fr\/wp-json\/wp\/v2\/ecologico?post=37555"},{"taxonomy":"medioambiente","embeddable":true,"href":"https:\/\/labin.net\/fr\/wp-json\/wp\/v2\/medioambiente?post=37555"},{"taxonomy":"solucion","embeddable":true,"href":"https:\/\/labin.net\/fr\/wp-json\/wp\/v2\/solucion?post=37555"},{"taxonomy":"tipo-de-aplicacion","embeddable":true,"href":"https:\/\/labin.net\/fr\/wp-json\/wp\/v2\/tipo-de-aplicacion?post=37555"},{"taxonomy":"product_brand","embeddable":true,"href":"https:\/\/labin.net\/fr\/wp-json\/wp\/v2\/product_brand?post=37555"},{"taxonomy":"product_cat","embeddable":true,"href":"https:\/\/labin.net\/fr\/wp-json\/wp\/v2\/product_cat?post=37555"},{"taxonomy":"product_tag","embeddable":true,"href":"https:\/\/labin.net\/fr\/wp-json\/wp\/v2\/product_tag?post=37555"}],"curies":[{"name":"wp","href":"https:\/\/api.w.org\/{rel}","templated":true}]}}