{"id":37548,"date":"2025-12-10T11:19:14","date_gmt":"2025-12-10T11:19:14","guid":{"rendered":"https:labin.net\/producto\/labifol-potassium-30v\/"},"modified":"2026-01-19T12:49:53","modified_gmt":"2026-01-19T12:49:53","slug":"labifol-potasico-33v","status":"publish","type":"product","link":"https:\/\/labin.net\/fr\/producto\/labifol-potasico-33v\/","title":{"rendered":"LABIFOL POTASICO 33V"},"content":{"rendered":"<p>Engrais liquide verd\u00e2tre, \u00e0 haute teneur en potassium, miscible \u00e0 l&rsquo;eau et totalement assimilable, particuli\u00e8rement adapt\u00e9 aux p\u00e9riodes de <b>CROISSANCE et de MATURATION DES FRUITS<\/b>.<\/p>\n<p>LABIFOL POTASICO 33V est enrichi en acides amin\u00e9s et en bore pour rendre le potassium plus <b>actif, efficace et translocable<\/b> dans la plante. Gr\u00e2ce \u00e0 cet engrais, nous parvenons \u00e0 augmenter le calibre et la teneur en sucre, en facilitant une maturation correcte et en am\u00e9liorant les caract\u00e9ristiques organoleptiques du fruit.<\/p>\n<p>Dans le cas des oliviers, il augmente \u00e9galement la <b>teneur en graisse et la lipogen\u00e8se des fruits<\/b>, et donc le rendement de la r\u00e9colte. <b>Il peut \u00eatre appliqu\u00e9 aussi bien par fertigation foliaire que par fertigation racinaire. <\/b><\/p>\n","protected":false},"excerpt":{"rendered":"<ul>\n<li><b>Teneur \u00e9lev\u00e9e en potassium<\/b><\/li>\n<li><b>Assimilation accrue<\/b><b>\u00f3<\/b><b>Les<\/b><b>s<\/b><b>localisation<\/b><\/li>\n<li><b>Am\u00e9lioration de la maturit\u00e9<\/b><b>c<\/b><b>ions et de l&rsquo;engraissement <\/b><\/li>\n<li><b>Teneur en sucre plus \u00e9lev\u00e9e <\/b><\/li>\n<li><b>Applicable pour v<\/b><b>\u00ed<\/b><b>foliaire <\/b><b>y<\/b><b> l&rsquo;application racinaire<\/b><\/li>\n<li><b>Des rendements plus \u00e9lev\u00e9s dans les oliveraies <\/b><\/li>\n<\/ul>\n","protected":false},"featured_media":36445,"comment_status":"closed","ping_status":"closed","template":"","meta":{"_acf_changed":false},"cultivo":[354,383,411,445,474,355,384,412,446,480,356,385,418,447,481,360,389,419,448,482,361,390,420,453,483,363,391,421,454,484,364,396,427,455,490,365,397,428,456,491,336,369,398,429,457,492,338,370,399,430,462,493,342,371,404,431,463,518,343,373,405,436,464,519,344,374,406,437,470,524,348,375,408,438,471,525,349,377,409,439,472,526,350,378,410,440,473],"ecologico":[828],"medioambiente":[843],"solucion":[858,921],"tipo-de-aplicacion":[527,809],"product_brand":[],"product_cat":[974],"product_tag":[],"class_list":{"0":"post-37548","1":"product","2":"type-product","3":"status-publish","4":"has-post-thumbnail","6":"cultivo-marron","7":"cultivo-peche","8":"cultivo-litchi","9":"cultivo-oignon","10":"cultivo-radis","11":"cultivo-cerise","12":"cultivo-membrillero","13":"cultivo-poignee","14":"cultivo-col","15":"cultivo-betterave","16":"cultivo-prune","17":"cultivo-oranger","18":"cultivo-fruit-de-la-passion","19":"cultivo-choux-de-bruxelles","20":"cultivo-roquette","21":"cultivo-clementino","22":"cultivo-nectarine","23":"cultivo-papaye","24":"cultivo-chou-fleur","25":"cultivo-pasteque","26":"cultivo-grenade","27":"cultivo-noyer","28":"cultivo-ananas","29":"cultivo-endive","30":"cultivo-soja-vert","31":"cultivo-higuera","32":"cultivo-olivier","33":"cultivo-pitahaya","34":"cultivo-epinards","35":"cultivo-tomate","36":"cultivo-kiwi","37":"cultivo-vigne-ornementale","38":"cultivo-tamarin","39":"cultivo-pois","40":"cultivo-carotte","41":"cultivo-citronnier","42":"cultivo-peral","43":"cultivo-the","44":"cultivo-petit-haricot","45":"cultivo-arbres-dornement","46":"cultivo-arbres-fruitiers","47":"cultivo-avocat","48":"cultivo-pistache","49":"cultivo-manioc","50":"cultivo-haricot-vert","51":"cultivo-cespedes","52":"cultivo-tropical","53":"cultivo-banane-plantain","54":"cultivo-pamplemousse","55":"cultivo-bette-a-carde","56":"cultivo-laitue","57":"cultivo-fleurs","58":"cultivo-horticulture","59":"cultivo-cacao","60":"cultivo-vigne","61":"cultivo-ail","62":"cultivo-melon","63":"cultivo-extensions","64":"cultivo-parcs-et-jardins","65":"cultivo-cafe","66":"cultivo-canne-a-sucre","67":"cultivo-aubergine","68":"cultivo-navet","69":"cultivo-cereales","70":"cultivo-abricot","71":"cultivo-carambole","72":"cultivo-pomme-a-la-creme","73":"cultivo-patate-douce","74":"cultivo-pommes-de-terre","75":"cultivo-fourrages-et-paturages","76":"cultivo-amandier","77":"cultivo-lima","78":"cultivo-coco","79":"cultivo-brocoli","80":"cultivo-concombre","81":"cultivo-legumineuses-extensives","82":"cultivo-noisette","83":"cultivo-mandarino","84":"cultivo-fruits-rouges-baies","85":"cultivo-courgette","86":"cultivo-poivre","87":"cultivo-graines-oleagineuses","88":"cultivo-kaki","89":"cultivo-manzano","90":"cultivo-goyave","91":"cultivo-citrouille","92":"cultivo-poireau","93":"ecologico-no","94":"medioambiente-efficacite-de-lutilisation-des-nutriments","95":"solucion-carence-en-p","96":"solucion-grossissement-du-fruit","97":"tipo-de-aplicacion-fertigation","98":"tipo-de-aplicacion-foliaire","99":"product_cat-correcteur-de-carences","101":"first","102":"instock","103":"shipping-taxable","104":"product-type-simple"},"acf":[],"_links":{"self":[{"href":"https:\/\/labin.net\/fr\/wp-json\/wp\/v2\/product\/37548","targetHints":{"allow":["GET"]}}],"collection":[{"href":"https:\/\/labin.net\/fr\/wp-json\/wp\/v2\/product"}],"about":[{"href":"https:\/\/labin.net\/fr\/wp-json\/wp\/v2\/types\/product"}],"replies":[{"embeddable":true,"href":"https:\/\/labin.net\/fr\/wp-json\/wp\/v2\/comments?post=37548"}],"wp:featuredmedia":[{"embeddable":true,"href":"https:\/\/labin.net\/fr\/wp-json\/wp\/v2\/media\/36445"}],"wp:attachment":[{"href":"https:\/\/labin.net\/fr\/wp-json\/wp\/v2\/media?parent=37548"}],"wp:term":[{"taxonomy":"cultivo","embeddable":true,"href":"https:\/\/labin.net\/fr\/wp-json\/wp\/v2\/cultivo?post=37548"},{"taxonomy":"ecologico","embeddable":true,"href":"https:\/\/labin.net\/fr\/wp-json\/wp\/v2\/ecologico?post=37548"},{"taxonomy":"medioambiente","embeddable":true,"href":"https:\/\/labin.net\/fr\/wp-json\/wp\/v2\/medioambiente?post=37548"},{"taxonomy":"solucion","embeddable":true,"href":"https:\/\/labin.net\/fr\/wp-json\/wp\/v2\/solucion?post=37548"},{"taxonomy":"tipo-de-aplicacion","embeddable":true,"href":"https:\/\/labin.net\/fr\/wp-json\/wp\/v2\/tipo-de-aplicacion?post=37548"},{"taxonomy":"product_brand","embeddable":true,"href":"https:\/\/labin.net\/fr\/wp-json\/wp\/v2\/product_brand?post=37548"},{"taxonomy":"product_cat","embeddable":true,"href":"https:\/\/labin.net\/fr\/wp-json\/wp\/v2\/product_cat?post=37548"},{"taxonomy":"product_tag","embeddable":true,"href":"https:\/\/labin.net\/fr\/wp-json\/wp\/v2\/product_tag?post=37548"}],"curies":[{"name":"wp","href":"https:\/\/api.w.org\/{rel}","templated":true}]}}