{"id":37538,"date":"2025-12-05T11:01:27","date_gmt":"2025-12-05T11:01:27","guid":{"rendered":"https:labin.net\/producto\/laboratoire-4-6-12\/"},"modified":"2026-03-03T12:06:07","modified_gmt":"2026-03-03T12:06:07","slug":"labinor-4-6-12","status":"publish","type":"product","link":"https:\/\/labin.net\/fr\/producto\/labinor-4-6-12\/","title":{"rendered":"LABINOR 4-6-12"},"content":{"rendered":"<p><strong>LABINOR 4-6-12 <\/strong>est un engrais NPK organo-min\u00e9ral pr\u00e9sent\u00e9 sous forme de granul\u00e9s, sp\u00e9cialement indiqu\u00e9 pour satisfaire les besoins en azote de <strong>l&rsquo;Agriculture Biologique <\/strong>. Gr\u00e2ce \u00e0 son <strong>processus de granulation \u00e0 froid<\/strong>, et contrairement au granul\u00e9, il est tr\u00e8s sensible \u00e0 l&rsquo;humidit\u00e9 du sol, ce qui lui permet de <u>se lib\u00e9rer rapidement<\/u>. Sa forme granul\u00e9e permet une application facile et une utilisation dans n&rsquo;importe quel type d&rsquo;\u00e9pandeur d&rsquo;engrais.<\/p>\n<p>Gr\u00e2ce \u00e0 sa liaison avec la mati\u00e8re organique, l&rsquo;azote est lib\u00e9r\u00e9 <u>progressivement<\/u>. L&rsquo;assimilation du phosphore et du potassium est \u00e9galement favoris\u00e9e par la teneur en mati\u00e8re organique.<\/p>\n","protected":false},"excerpt":{"rendered":"<ul>\n<li>Triple engrais organo-min\u00e9ral avec niveau NPK 1-1,5-3<\/li>\n<li>Des rendements plus \u00e9lev\u00e9s gr\u00e2ce \u00e0 la mati\u00e8re organique<\/li>\n<li>Utilisable dans l&rsquo;agriculture biologique<\/li>\n<\/ul>\n","protected":false},"featured_media":36184,"comment_status":"closed","ping_status":"closed","template":"","meta":{"_acf_changed":false},"cultivo":[364,396,427,455,490,365,397,428,456,491,336,369,398,429,457,492,338,370,399,430,462,493,342,371,404,431,463,518,343,373,405,436,464,519,344,374,406,437,470,524,348,375,408,438,471,525,349,377,409,439,472,526,350,378,410,440,473,354,383,411,445,474,355,384,412,446,480,356,385,418,447,481,360,389,419,448,482,361,390,420,453,483,363,391,421,454,484],"ecologico":[825],"medioambiente":[833,843],"solucion":[942],"tipo-de-aplicacion":[494],"product_brand":[],"product_cat":[983],"product_tag":[],"class_list":{"0":"post-37538","1":"product","2":"type-product","3":"status-publish","4":"has-post-thumbnail","6":"cultivo-kiwi","7":"cultivo-vigne-ornementale","8":"cultivo-tamarin","9":"cultivo-pois","10":"cultivo-carotte","11":"cultivo-citronnier","12":"cultivo-peral","13":"cultivo-the","14":"cultivo-petit-haricot","15":"cultivo-arbres-dornement","16":"cultivo-arbres-fruitiers","17":"cultivo-avocat","18":"cultivo-pistache","19":"cultivo-manioc","20":"cultivo-haricot-vert","21":"cultivo-cespedes","22":"cultivo-tropical","23":"cultivo-banane-plantain","24":"cultivo-pamplemousse","25":"cultivo-bette-a-carde","26":"cultivo-laitue","27":"cultivo-fleurs","28":"cultivo-horticulture","29":"cultivo-cacao","30":"cultivo-vigne","31":"cultivo-ail","32":"cultivo-melon","33":"cultivo-extensions","34":"cultivo-parcs-et-jardins","35":"cultivo-cafe","36":"cultivo-canne-a-sucre","37":"cultivo-aubergine","38":"cultivo-navet","39":"cultivo-cereales","40":"cultivo-abricot","41":"cultivo-carambole","42":"cultivo-pomme-a-la-creme","43":"cultivo-patate-douce","44":"cultivo-pommes-de-terre","45":"cultivo-fourrages-et-paturages","46":"cultivo-amandier","47":"cultivo-lima","48":"cultivo-coco","49":"cultivo-brocoli","50":"cultivo-concombre","51":"cultivo-legumineuses-extensives","52":"cultivo-noisette","53":"cultivo-mandarino","54":"cultivo-fruits-rouges-baies","55":"cultivo-courgette","56":"cultivo-poivre","57":"cultivo-graines-oleagineuses","58":"cultivo-kaki","59":"cultivo-manzano","60":"cultivo-goyave","61":"cultivo-citrouille","62":"cultivo-poireau","63":"cultivo-marron","64":"cultivo-peche","65":"cultivo-litchi","66":"cultivo-oignon","67":"cultivo-radis","68":"cultivo-cerise","69":"cultivo-membrillero","70":"cultivo-poignee","71":"cultivo-col","72":"cultivo-betterave","73":"cultivo-prune","74":"cultivo-oranger","75":"cultivo-fruit-de-la-passion","76":"cultivo-choux-de-bruxelles","77":"cultivo-roquette","78":"cultivo-clementino","79":"cultivo-nectarine","80":"cultivo-papaye","81":"cultivo-chou-fleur","82":"cultivo-pasteque","83":"cultivo-grenade","84":"cultivo-noyer","85":"cultivo-ananas","86":"cultivo-endive","87":"cultivo-soja-vert","88":"cultivo-higuera","89":"cultivo-olivier","90":"cultivo-pitahaya","91":"cultivo-epinards","92":"cultivo-tomate","93":"ecologico-si","94":"medioambiente-reduction-de-lempreinte-carbone","95":"medioambiente-efficacite-de-lutilisation-des-nutriments","96":"solucion-ameliorer-sante-des-sols","97":"tipo-de-aplicacion-epandage-sur-le-sol","98":"product_cat-engrais-granules-et-microgranules","100":"first","101":"instock","102":"shipping-taxable","103":"product-type-simple"},"acf":[],"_links":{"self":[{"href":"https:\/\/labin.net\/fr\/wp-json\/wp\/v2\/product\/37538","targetHints":{"allow":["GET"]}}],"collection":[{"href":"https:\/\/labin.net\/fr\/wp-json\/wp\/v2\/product"}],"about":[{"href":"https:\/\/labin.net\/fr\/wp-json\/wp\/v2\/types\/product"}],"replies":[{"embeddable":true,"href":"https:\/\/labin.net\/fr\/wp-json\/wp\/v2\/comments?post=37538"}],"wp:featuredmedia":[{"embeddable":true,"href":"https:\/\/labin.net\/fr\/wp-json\/wp\/v2\/media\/36184"}],"wp:attachment":[{"href":"https:\/\/labin.net\/fr\/wp-json\/wp\/v2\/media?parent=37538"}],"wp:term":[{"taxonomy":"cultivo","embeddable":true,"href":"https:\/\/labin.net\/fr\/wp-json\/wp\/v2\/cultivo?post=37538"},{"taxonomy":"ecologico","embeddable":true,"href":"https:\/\/labin.net\/fr\/wp-json\/wp\/v2\/ecologico?post=37538"},{"taxonomy":"medioambiente","embeddable":true,"href":"https:\/\/labin.net\/fr\/wp-json\/wp\/v2\/medioambiente?post=37538"},{"taxonomy":"solucion","embeddable":true,"href":"https:\/\/labin.net\/fr\/wp-json\/wp\/v2\/solucion?post=37538"},{"taxonomy":"tipo-de-aplicacion","embeddable":true,"href":"https:\/\/labin.net\/fr\/wp-json\/wp\/v2\/tipo-de-aplicacion?post=37538"},{"taxonomy":"product_brand","embeddable":true,"href":"https:\/\/labin.net\/fr\/wp-json\/wp\/v2\/product_brand?post=37538"},{"taxonomy":"product_cat","embeddable":true,"href":"https:\/\/labin.net\/fr\/wp-json\/wp\/v2\/product_cat?post=37538"},{"taxonomy":"product_tag","embeddable":true,"href":"https:\/\/labin.net\/fr\/wp-json\/wp\/v2\/product_tag?post=37538"}],"curies":[{"name":"wp","href":"https:\/\/api.w.org\/{rel}","templated":true}]}}