{"id":37528,"date":"2025-12-05T11:01:18","date_gmt":"2025-12-05T11:01:18","guid":{"rendered":"https:labin.net\/producto\/labin-15-5-35\/"},"modified":"2025-12-05T11:01:18","modified_gmt":"2025-12-05T11:01:18","slug":"labin-15-5-35","status":"publish","type":"product","link":"https:\/\/labin.net\/fr\/producto\/labin-15-5-35\/","title":{"rendered":"LABIN 15-5-35"},"content":{"rendered":"<p>Produit sous forme de poudre cristalline rose sp\u00e9cialement con\u00e7u pour la fertigation. La s\u00e9lection des meilleures mati\u00e8res premi\u00e8res garantit une grande solubilit\u00e9 et l&rsquo;absence d&rsquo;impuret\u00e9s. De plus, son proc\u00e9d\u00e9 de fabrication sp\u00e9cial assure la fluidit\u00e9 du produit et \u00e9vite les ph\u00e9nom\u00e8nes de mottage.<br \/>\nLABIN 15-5-35 est enrichi en micro-\u00e9l\u00e9ments ch\u00e9lat\u00e9s pour garantir l&rsquo;absence de carences et le bon d\u00e9veloppement des cultures. Son pH est l\u00e9g\u00e8rement acide pour \u00e9viter les blocages et les engorgements. Comme il s&rsquo;agit d&rsquo;un engrais \u00e0 faible teneur en chlore, il augmente l&rsquo;absorption et l&rsquo;assimilation des nutriments par la plante.<br \/>\nIl est recommand\u00e9 pour tous les types de cultures pendant les p\u00e9riodes de croissance et d&rsquo;engraissement des fruits, lorsqu&rsquo;un apport important de potassium est n\u00e9cessaire.<br \/>\nIl peut \u00eatre appliqu\u00e9 en floriculture, p\u00e9pini\u00e8res, arbres fruitiers, cultures horticoles, vignobles, cultures tropicales, etc.   <\/p>\n","protected":false},"excerpt":{"rendered":"<ul>\n<li>Grande solubilit\u00e9<\/li>\n<li>Absorption rapide<\/li>\n<li>Avec des micro-\u00e9l\u00e9ments<\/li>\n<li>Pas d&rsquo;agglutination<\/li>\n<\/ul>\n","protected":false},"featured_media":35592,"comment_status":"closed","ping_status":"closed","template":"","meta":{"_acf_changed":false},"cultivo":[365,397,428,456,491,336,369,398,429,457,492,338,370,399,430,462,493,342,371,404,431,463,343,373,405,436,464,344,374,406,437,470,348,375,408,438,471,349,377,409,439,472,350,378,410,440,473,354,383,411,445,474,355,384,412,446,480,356,385,418,447,481,360,389,419,448,482,361,390,420,453,483,363,391,421,454,484,364,396,427,455,490],"ecologico":[828],"medioambiente":[849],"solucion":[853,858,863],"tipo-de-aplicacion":[527],"product_brand":[],"product_cat":[980],"product_tag":[],"class_list":{"0":"post-37528","1":"product","2":"type-product","3":"status-publish","4":"has-post-thumbnail","6":"cultivo-citronnier","7":"cultivo-peral","8":"cultivo-the","9":"cultivo-petit-haricot","10":"cultivo-arbres-dornement","11":"cultivo-arbres-fruitiers","12":"cultivo-avocat","13":"cultivo-pistache","14":"cultivo-manioc","15":"cultivo-haricot-vert","16":"cultivo-cespedes","17":"cultivo-tropical","18":"cultivo-banane-plantain","19":"cultivo-pamplemousse","20":"cultivo-bette-a-carde","21":"cultivo-laitue","22":"cultivo-fleurs","23":"cultivo-horticulture","24":"cultivo-cacao","25":"cultivo-vigne","26":"cultivo-ail","27":"cultivo-melon","28":"cultivo-parcs-et-jardins","29":"cultivo-cafe","30":"cultivo-canne-a-sucre","31":"cultivo-aubergine","32":"cultivo-navet","33":"cultivo-abricot","34":"cultivo-carambole","35":"cultivo-pomme-a-la-creme","36":"cultivo-patate-douce","37":"cultivo-pommes-de-terre","38":"cultivo-amandier","39":"cultivo-lima","40":"cultivo-coco","41":"cultivo-brocoli","42":"cultivo-concombre","43":"cultivo-noisette","44":"cultivo-mandarino","45":"cultivo-fruits-rouges-baies","46":"cultivo-courgette","47":"cultivo-poivre","48":"cultivo-kaki","49":"cultivo-manzano","50":"cultivo-goyave","51":"cultivo-citrouille","52":"cultivo-poireau","53":"cultivo-marron","54":"cultivo-peche","55":"cultivo-litchi","56":"cultivo-oignon","57":"cultivo-radis","58":"cultivo-cerise","59":"cultivo-membrillero","60":"cultivo-poignee","61":"cultivo-col","62":"cultivo-betterave","63":"cultivo-prune","64":"cultivo-oranger","65":"cultivo-fruit-de-la-passion","66":"cultivo-choux-de-bruxelles","67":"cultivo-roquette","68":"cultivo-clementino","69":"cultivo-nectarine","70":"cultivo-papaye","71":"cultivo-chou-fleur","72":"cultivo-pasteque","73":"cultivo-grenade","74":"cultivo-noyer","75":"cultivo-ananas","76":"cultivo-endive","77":"cultivo-soja-vert","78":"cultivo-higuera","79":"cultivo-olivier","80":"cultivo-pitahaya","81":"cultivo-epinards","82":"cultivo-tomate","83":"cultivo-kiwi","84":"cultivo-vigne-ornementale","85":"cultivo-tamarin","86":"cultivo-pois","87":"cultivo-carotte","88":"ecologico-no","89":"medioambiente-rien","90":"solucion-carence-en-n","91":"solucion-carence-en-p","92":"solucion-carence-en-k","93":"tipo-de-aplicacion-fertigation","94":"product_cat-npk-hydrosoluble","96":"first","97":"instock","98":"shipping-taxable","99":"product-type-simple"},"acf":[],"_links":{"self":[{"href":"https:\/\/labin.net\/fr\/wp-json\/wp\/v2\/product\/37528","targetHints":{"allow":["GET"]}}],"collection":[{"href":"https:\/\/labin.net\/fr\/wp-json\/wp\/v2\/product"}],"about":[{"href":"https:\/\/labin.net\/fr\/wp-json\/wp\/v2\/types\/product"}],"replies":[{"embeddable":true,"href":"https:\/\/labin.net\/fr\/wp-json\/wp\/v2\/comments?post=37528"}],"wp:featuredmedia":[{"embeddable":true,"href":"https:\/\/labin.net\/fr\/wp-json\/wp\/v2\/media\/35592"}],"wp:attachment":[{"href":"https:\/\/labin.net\/fr\/wp-json\/wp\/v2\/media?parent=37528"}],"wp:term":[{"taxonomy":"cultivo","embeddable":true,"href":"https:\/\/labin.net\/fr\/wp-json\/wp\/v2\/cultivo?post=37528"},{"taxonomy":"ecologico","embeddable":true,"href":"https:\/\/labin.net\/fr\/wp-json\/wp\/v2\/ecologico?post=37528"},{"taxonomy":"medioambiente","embeddable":true,"href":"https:\/\/labin.net\/fr\/wp-json\/wp\/v2\/medioambiente?post=37528"},{"taxonomy":"solucion","embeddable":true,"href":"https:\/\/labin.net\/fr\/wp-json\/wp\/v2\/solucion?post=37528"},{"taxonomy":"tipo-de-aplicacion","embeddable":true,"href":"https:\/\/labin.net\/fr\/wp-json\/wp\/v2\/tipo-de-aplicacion?post=37528"},{"taxonomy":"product_brand","embeddable":true,"href":"https:\/\/labin.net\/fr\/wp-json\/wp\/v2\/product_brand?post=37528"},{"taxonomy":"product_cat","embeddable":true,"href":"https:\/\/labin.net\/fr\/wp-json\/wp\/v2\/product_cat?post=37528"},{"taxonomy":"product_tag","embeddable":true,"href":"https:\/\/labin.net\/fr\/wp-json\/wp\/v2\/product_tag?post=37528"}],"curies":[{"name":"wp","href":"https:\/\/api.w.org\/{rel}","templated":true}]}}