{"id":37512,"date":"2025-12-05T11:01:18","date_gmt":"2025-12-05T11:01:18","guid":{"rendered":"https:labin.net\/producto\/labifol-10-10-40\/"},"modified":"2025-12-05T11:01:18","modified_gmt":"2025-12-05T11:01:18","slug":"labifol-10-10-40","status":"publish","type":"product","link":"https:\/\/labin.net\/fr\/producto\/labifol-10-10-40\/","title":{"rendered":"LABIFOL 10-10-40"},"content":{"rendered":"<p>Engrais soluble solide et cristallin, sp\u00e9cialement con\u00e7u pour la fertirrigation. La s\u00e9lection des meilleures mati\u00e8res premi\u00e8res garantit une solubilit\u00e9 \u00e9lev\u00e9e et l&rsquo;absence d&rsquo;impuret\u00e9s. De plus, son processus de fabrication sp\u00e9cial assure la fluidit\u00e9 du produit et \u00e9vite la formation de mousses. De plus, son processus de fabrication sp\u00e9cial assure la fluidit\u00e9 du produit et \u00e9vite la formation de grumeaux.<br \/>\nLABIN 10-10-40 est enrichi en micro-\u00e9l\u00e9ments ch\u00e9lat\u00e9s pour garantir l&rsquo;absence de carences et le bon d\u00e9veloppement des cultures. Son pH est l\u00e9g\u00e8rement acide pour \u00e9viter les blocages et les engorgements.  <\/p>\n<p>Recommand\u00e9 pour tous les types de cultures et les p\u00e9riodes o\u00f9 un apport important de potassium est n\u00e9cessaire, comme l&rsquo;engraissement et la maturation des fruits. C&rsquo;est-\u00e0-dire dans toutes les p\u00e9riodes o\u00f9 un \u00e9quilibre NPK de 1-1-4 est n\u00e9cessaire.<br \/>\nIl peut \u00eatre appliqu\u00e9 dans la floriculture, les p\u00e9pini\u00e8res, les arbres fruitiers, l&rsquo;horticulture, les vignobles, les cultures tropicales, etc. <\/p>\n","protected":false},"excerpt":{"rendered":"<ul>\n<li>Grande solubilit\u00e9<\/li>\n<li>Absorption rapide<\/li>\n<li>Avec des micro-\u00e9l\u00e9ments<\/li>\n<li>Pas d&rsquo;agglutination<\/li>\n<\/ul>\n","protected":false},"featured_media":36123,"comment_status":"closed","ping_status":"closed","template":"","meta":{"_acf_changed":false},"cultivo":[344,374,406,437,470,524,348,375,408,438,471,525,349,377,409,439,472,526,350,378,410,440,473,354,383,411,445,474,355,384,412,446,480,356,385,418,447,481,360,389,419,448,482,361,390,420,453,483,363,391,421,454,484,364,396,427,455,490,365,397,428,456,491,336,369,398,429,457,492,338,370,399,430,462,493,342,371,404,431,463,518,343,373,405,436,464,519],"ecologico":[828],"medioambiente":[843],"solucion":[853,858,863],"tipo-de-aplicacion":[527,809],"product_brand":[],"product_cat":[1004],"product_tag":[],"class_list":{"0":"post-37512","1":"product","2":"type-product","3":"status-publish","4":"has-post-thumbnail","6":"cultivo-abricot","7":"cultivo-carambole","8":"cultivo-pomme-a-la-creme","9":"cultivo-patate-douce","10":"cultivo-pommes-de-terre","11":"cultivo-fourrages-et-paturages","12":"cultivo-amandier","13":"cultivo-lima","14":"cultivo-coco","15":"cultivo-brocoli","16":"cultivo-concombre","17":"cultivo-legumineuses-extensives","18":"cultivo-noisette","19":"cultivo-mandarino","20":"cultivo-fruits-rouges-baies","21":"cultivo-courgette","22":"cultivo-poivre","23":"cultivo-graines-oleagineuses","24":"cultivo-kaki","25":"cultivo-manzano","26":"cultivo-goyave","27":"cultivo-citrouille","28":"cultivo-poireau","29":"cultivo-marron","30":"cultivo-peche","31":"cultivo-litchi","32":"cultivo-oignon","33":"cultivo-radis","34":"cultivo-cerise","35":"cultivo-membrillero","36":"cultivo-poignee","37":"cultivo-col","38":"cultivo-betterave","39":"cultivo-prune","40":"cultivo-oranger","41":"cultivo-fruit-de-la-passion","42":"cultivo-choux-de-bruxelles","43":"cultivo-roquette","44":"cultivo-clementino","45":"cultivo-nectarine","46":"cultivo-papaye","47":"cultivo-chou-fleur","48":"cultivo-pasteque","49":"cultivo-grenade","50":"cultivo-noyer","51":"cultivo-ananas","52":"cultivo-endive","53":"cultivo-soja-vert","54":"cultivo-higuera","55":"cultivo-olivier","56":"cultivo-pitahaya","57":"cultivo-epinards","58":"cultivo-tomate","59":"cultivo-kiwi","60":"cultivo-vigne-ornementale","61":"cultivo-tamarin","62":"cultivo-pois","63":"cultivo-carotte","64":"cultivo-citronnier","65":"cultivo-peral","66":"cultivo-the","67":"cultivo-petit-haricot","68":"cultivo-arbres-dornement","69":"cultivo-arbres-fruitiers","70":"cultivo-avocat","71":"cultivo-pistache","72":"cultivo-manioc","73":"cultivo-haricot-vert","74":"cultivo-cespedes","75":"cultivo-tropical","76":"cultivo-banane-plantain","77":"cultivo-pamplemousse","78":"cultivo-bette-a-carde","79":"cultivo-laitue","80":"cultivo-fleurs","81":"cultivo-horticulture","82":"cultivo-cacao","83":"cultivo-vigne","84":"cultivo-ail","85":"cultivo-melon","86":"cultivo-extensions","87":"cultivo-parcs-et-jardins","88":"cultivo-cafe","89":"cultivo-canne-a-sucre","90":"cultivo-aubergine","91":"cultivo-navet","92":"cultivo-cereales","93":"ecologico-no","94":"medioambiente-efficacite-de-lutilisation-des-nutriments","95":"solucion-carence-en-n","96":"solucion-carence-en-p","97":"solucion-carence-en-k","98":"tipo-de-aplicacion-fertigation","99":"tipo-de-aplicacion-foliaire","100":"product_cat-npk-foliaires","102":"first","103":"instock","104":"shipping-taxable","105":"product-type-simple"},"acf":[],"_links":{"self":[{"href":"https:\/\/labin.net\/fr\/wp-json\/wp\/v2\/product\/37512","targetHints":{"allow":["GET"]}}],"collection":[{"href":"https:\/\/labin.net\/fr\/wp-json\/wp\/v2\/product"}],"about":[{"href":"https:\/\/labin.net\/fr\/wp-json\/wp\/v2\/types\/product"}],"replies":[{"embeddable":true,"href":"https:\/\/labin.net\/fr\/wp-json\/wp\/v2\/comments?post=37512"}],"wp:featuredmedia":[{"embeddable":true,"href":"https:\/\/labin.net\/fr\/wp-json\/wp\/v2\/media\/36123"}],"wp:attachment":[{"href":"https:\/\/labin.net\/fr\/wp-json\/wp\/v2\/media?parent=37512"}],"wp:term":[{"taxonomy":"cultivo","embeddable":true,"href":"https:\/\/labin.net\/fr\/wp-json\/wp\/v2\/cultivo?post=37512"},{"taxonomy":"ecologico","embeddable":true,"href":"https:\/\/labin.net\/fr\/wp-json\/wp\/v2\/ecologico?post=37512"},{"taxonomy":"medioambiente","embeddable":true,"href":"https:\/\/labin.net\/fr\/wp-json\/wp\/v2\/medioambiente?post=37512"},{"taxonomy":"solucion","embeddable":true,"href":"https:\/\/labin.net\/fr\/wp-json\/wp\/v2\/solucion?post=37512"},{"taxonomy":"tipo-de-aplicacion","embeddable":true,"href":"https:\/\/labin.net\/fr\/wp-json\/wp\/v2\/tipo-de-aplicacion?post=37512"},{"taxonomy":"product_brand","embeddable":true,"href":"https:\/\/labin.net\/fr\/wp-json\/wp\/v2\/product_brand?post=37512"},{"taxonomy":"product_cat","embeddable":true,"href":"https:\/\/labin.net\/fr\/wp-json\/wp\/v2\/product_cat?post=37512"},{"taxonomy":"product_tag","embeddable":true,"href":"https:\/\/labin.net\/fr\/wp-json\/wp\/v2\/product_tag?post=37512"}],"curies":[{"name":"wp","href":"https:\/\/api.w.org\/{rel}","templated":true}]}}