{"id":37504,"date":"2025-12-05T11:01:18","date_gmt":"2025-12-05T11:01:18","guid":{"rendered":"https:labin.net\/producto\/labin-eco-k\/"},"modified":"2025-12-05T11:01:18","modified_gmt":"2025-12-05T11:01:18","slug":"labin-eco-k","status":"publish","type":"product","link":"https:\/\/labin.net\/fr\/producto\/labin-eco-k\/","title":{"rendered":"LABIN ECO-K"},"content":{"rendered":"<p><strong>LABIN ECO-K <\/strong>incorpore du <strong>POTASSIUM <\/strong>sous forme de complexe organique naturel qui apporte une plus grande activit\u00e9 et capacit\u00e9 d&rsquo;assimilation, ainsi que des <strong>ACIDES AMIN\u00c9S<\/strong> qui interviennent directement sur les fonctions m\u00e9taboliques li\u00e9es \u00e0 la division cellulaire et \u00e0 la synth\u00e8se des sucres.<\/p>\n<p>Il peut \u00eatre appliqu\u00e9 par <strong>FOLIAR et FERTIRRIGATION<\/strong>, pendant les phases de <strong>croissance et de maturation des fruits<\/strong>. Il est \u00e9galement conseill\u00e9 de l&rsquo;appliquer apr\u00e8s la r\u00e9colte, si les rendements sont \u00e9lev\u00e9s, afin de <strong>r\u00e9cup\u00e9rer les extractions de potassium et d&rsquo;obtenir une meilleure pr\u00e9disposition pour les campagnes futures<\/strong>. <\/p>\n<p>En l&rsquo;appliquant, nous obtenons :<\/p>\n<ul>\n<li><strong>Am\u00e9lioration de la <\/strong>taille, de l&rsquo;homog\u00e9n\u00e9it\u00e9 et de la coloration des fruits.<\/li>\n<li><strong>Am\u00e9liore le <\/strong>rendement des cultures exigeantes, telles que les oliveraies.<\/li>\n<li><strong>Augmentation de la <\/strong>r\u00e9sistance et <strong>am\u00e9lioration de la conservation apr\u00e8s la r\u00e9colte<\/strong>.<\/li>\n<\/ul>\n","protected":false},"excerpt":{"rendered":"<ul>\n<li>Application foliaire et racinaire<\/li>\n<li>Augmentation de la couleur et de la taille des fruits<\/li>\n<li>Utilisable dans l&rsquo;agriculture biologique<\/li>\n<li>Excellente compatibilit\u00e9<\/li>\n<\/ul>\n","protected":false},"featured_media":36256,"comment_status":"closed","ping_status":"closed","template":"","meta":{"_acf_changed":false},"cultivo":[355,384,412,446,480,356,385,418,447,481,360,389,419,448,482,361,390,420,453,483,363,391,421,454,484,364,396,427,455,490,365,397,428,456,491,336,369,398,429,457,492,338,370,399,430,462,493,342,371,404,431,463,518,343,373,405,436,464,519,344,374,406,437,470,524,348,375,408,438,471,525,349,377,409,439,472,526,350,378,410,440,473,354,383,411,445,474],"ecologico":[825],"medioambiente":[843],"solucion":[863,921,945],"tipo-de-aplicacion":[527,809],"product_brand":[],"product_cat":[974],"product_tag":[],"class_list":{"0":"post-37504","1":"product","2":"type-product","3":"status-publish","4":"has-post-thumbnail","6":"cultivo-cerise","7":"cultivo-membrillero","8":"cultivo-poignee","9":"cultivo-col","10":"cultivo-betterave","11":"cultivo-prune","12":"cultivo-oranger","13":"cultivo-fruit-de-la-passion","14":"cultivo-choux-de-bruxelles","15":"cultivo-roquette","16":"cultivo-clementino","17":"cultivo-nectarine","18":"cultivo-papaye","19":"cultivo-chou-fleur","20":"cultivo-pasteque","21":"cultivo-grenade","22":"cultivo-noyer","23":"cultivo-ananas","24":"cultivo-endive","25":"cultivo-soja-vert","26":"cultivo-higuera","27":"cultivo-olivier","28":"cultivo-pitahaya","29":"cultivo-epinards","30":"cultivo-tomate","31":"cultivo-kiwi","32":"cultivo-vigne-ornementale","33":"cultivo-tamarin","34":"cultivo-pois","35":"cultivo-carotte","36":"cultivo-citronnier","37":"cultivo-peral","38":"cultivo-the","39":"cultivo-petit-haricot","40":"cultivo-arbres-dornement","41":"cultivo-arbres-fruitiers","42":"cultivo-avocat","43":"cultivo-pistache","44":"cultivo-manioc","45":"cultivo-haricot-vert","46":"cultivo-cespedes","47":"cultivo-tropical","48":"cultivo-banane-plantain","49":"cultivo-pamplemousse","50":"cultivo-bette-a-carde","51":"cultivo-laitue","52":"cultivo-fleurs","53":"cultivo-horticulture","54":"cultivo-cacao","55":"cultivo-vigne","56":"cultivo-ail","57":"cultivo-melon","58":"cultivo-extensions","59":"cultivo-parcs-et-jardins","60":"cultivo-cafe","61":"cultivo-canne-a-sucre","62":"cultivo-aubergine","63":"cultivo-navet","64":"cultivo-cereales","65":"cultivo-abricot","66":"cultivo-carambole","67":"cultivo-pomme-a-la-creme","68":"cultivo-patate-douce","69":"cultivo-pommes-de-terre","70":"cultivo-fourrages-et-paturages","71":"cultivo-amandier","72":"cultivo-lima","73":"cultivo-coco","74":"cultivo-brocoli","75":"cultivo-concombre","76":"cultivo-legumineuses-extensives","77":"cultivo-noisette","78":"cultivo-mandarino","79":"cultivo-fruits-rouges-baies","80":"cultivo-courgette","81":"cultivo-poivre","82":"cultivo-graines-oleagineuses","83":"cultivo-kaki","84":"cultivo-manzano","85":"cultivo-goyave","86":"cultivo-citrouille","87":"cultivo-poireau","88":"cultivo-marron","89":"cultivo-peche","90":"cultivo-litchi","91":"cultivo-oignon","92":"cultivo-radis","93":"ecologico-si","94":"medioambiente-efficacite-de-lutilisation-des-nutriments","95":"solucion-carence-en-k","96":"solucion-grossissement-du-fruit","97":"solucion-amelioration-de-la-qualite-des-fruits","98":"tipo-de-aplicacion-fertigation","99":"tipo-de-aplicacion-foliaire","100":"product_cat-correcteur-de-carences","102":"first","103":"instock","104":"shipping-taxable","105":"product-type-simple"},"acf":[],"_links":{"self":[{"href":"https:\/\/labin.net\/fr\/wp-json\/wp\/v2\/product\/37504","targetHints":{"allow":["GET"]}}],"collection":[{"href":"https:\/\/labin.net\/fr\/wp-json\/wp\/v2\/product"}],"about":[{"href":"https:\/\/labin.net\/fr\/wp-json\/wp\/v2\/types\/product"}],"replies":[{"embeddable":true,"href":"https:\/\/labin.net\/fr\/wp-json\/wp\/v2\/comments?post=37504"}],"wp:featuredmedia":[{"embeddable":true,"href":"https:\/\/labin.net\/fr\/wp-json\/wp\/v2\/media\/36256"}],"wp:attachment":[{"href":"https:\/\/labin.net\/fr\/wp-json\/wp\/v2\/media?parent=37504"}],"wp:term":[{"taxonomy":"cultivo","embeddable":true,"href":"https:\/\/labin.net\/fr\/wp-json\/wp\/v2\/cultivo?post=37504"},{"taxonomy":"ecologico","embeddable":true,"href":"https:\/\/labin.net\/fr\/wp-json\/wp\/v2\/ecologico?post=37504"},{"taxonomy":"medioambiente","embeddable":true,"href":"https:\/\/labin.net\/fr\/wp-json\/wp\/v2\/medioambiente?post=37504"},{"taxonomy":"solucion","embeddable":true,"href":"https:\/\/labin.net\/fr\/wp-json\/wp\/v2\/solucion?post=37504"},{"taxonomy":"tipo-de-aplicacion","embeddable":true,"href":"https:\/\/labin.net\/fr\/wp-json\/wp\/v2\/tipo-de-aplicacion?post=37504"},{"taxonomy":"product_brand","embeddable":true,"href":"https:\/\/labin.net\/fr\/wp-json\/wp\/v2\/product_brand?post=37504"},{"taxonomy":"product_cat","embeddable":true,"href":"https:\/\/labin.net\/fr\/wp-json\/wp\/v2\/product_cat?post=37504"},{"taxonomy":"product_tag","embeddable":true,"href":"https:\/\/labin.net\/fr\/wp-json\/wp\/v2\/product_tag?post=37504"}],"curies":[{"name":"wp","href":"https:\/\/api.w.org\/{rel}","templated":true}]}}