{"id":37503,"date":"2025-12-05T11:01:18","date_gmt":"2025-12-05T11:01:18","guid":{"rendered":"https:labin.net\/producto\/labin-k\/"},"modified":"2025-12-05T11:01:18","modified_gmt":"2025-12-05T11:01:18","slug":"labin-k","status":"publish","type":"product","link":"https:\/\/labin.net\/fr\/producto\/labin-k\/","title":{"rendered":"LABIN K+"},"content":{"rendered":"<p><strong>LABIN K+ <\/strong>est un produit solide, totalement soluble, sp\u00e9cialement indiqu\u00e9 pour l&rsquo;apport de <strong>POTASSIUM <\/strong>aux moments ph\u00e9nologiques les plus exigeants de votre culture.<\/p>\n<p><strong>Les acides carboxyliques <\/strong>contenus dans sa formulation agissent comme des activateurs, am\u00e9liorant la solubilit\u00e9 du sel de potassium et favorisant la <strong>translocation et l&rsquo;activit\u00e9 du potassium<\/strong>. Il en r\u00e9sulte une am\u00e9lioration de tous les param\u00e8tres li\u00e9s au processus de maturation du fruit : <strong>teneur en sucre, coloration, taille, etc. <\/strong>  <\/p>\n<p>Il est particuli\u00e8rement recommand\u00e9 pour les cultures telles que la vigne, les arbres fruitiers, les agrumes, les cultures horticoles, etc., dans les <strong>phases de croissance et de maturation des fruits<\/strong>. Il est \u00e9galement utilis\u00e9 dans les oliveraies pour obtenir une meilleure production et surtout un meilleur rendement. <\/p>\n","protected":false},"excerpt":{"rendered":"<ul>\n<li>Application foliaire et fertigation<\/li>\n<li>Solide tr\u00e8s soluble<\/li>\n<li>Indiqu\u00e9 pour les processus d&rsquo;engraissement et de maturation.<\/li>\n<li>Utilisable dans l&rsquo;agriculture biologique<\/li>\n<\/ul>\n","protected":false},"featured_media":36244,"comment_status":"closed","ping_status":"closed","template":"","meta":{"_acf_changed":false},"cultivo":[336,369,398,429,457,492,338,370,399,430,462,493,342,371,404,431,463,518,343,373,405,436,464,519,344,374,406,437,470,524,348,375,408,438,471,525,349,377,409,439,472,526,350,378,410,440,473,354,383,411,445,474,355,384,412,446,480,356,385,418,447,481,360,389,419,448,482,361,390,420,453,483,363,391,421,454,484,364,396,427,455,490,365,397,428,456,491],"ecologico":[825],"medioambiente":[843],"solucion":[863],"tipo-de-aplicacion":[527,809],"product_brand":[],"product_cat":[974],"product_tag":[],"class_list":{"0":"post-37503","1":"product","2":"type-product","3":"status-publish","4":"has-post-thumbnail","6":"cultivo-arbres-fruitiers","7":"cultivo-avocat","8":"cultivo-pistache","9":"cultivo-manioc","10":"cultivo-haricot-vert","11":"cultivo-cespedes","12":"cultivo-tropical","13":"cultivo-banane-plantain","14":"cultivo-pamplemousse","15":"cultivo-bette-a-carde","16":"cultivo-laitue","17":"cultivo-fleurs","18":"cultivo-horticulture","19":"cultivo-cacao","20":"cultivo-vigne","21":"cultivo-ail","22":"cultivo-melon","23":"cultivo-extensions","24":"cultivo-parcs-et-jardins","25":"cultivo-cafe","26":"cultivo-canne-a-sucre","27":"cultivo-aubergine","28":"cultivo-navet","29":"cultivo-cereales","30":"cultivo-abricot","31":"cultivo-carambole","32":"cultivo-pomme-a-la-creme","33":"cultivo-patate-douce","34":"cultivo-pommes-de-terre","35":"cultivo-fourrages-et-paturages","36":"cultivo-amandier","37":"cultivo-lima","38":"cultivo-coco","39":"cultivo-brocoli","40":"cultivo-concombre","41":"cultivo-legumineuses-extensives","42":"cultivo-noisette","43":"cultivo-mandarino","44":"cultivo-fruits-rouges-baies","45":"cultivo-courgette","46":"cultivo-poivre","47":"cultivo-graines-oleagineuses","48":"cultivo-kaki","49":"cultivo-manzano","50":"cultivo-goyave","51":"cultivo-citrouille","52":"cultivo-poireau","53":"cultivo-marron","54":"cultivo-peche","55":"cultivo-litchi","56":"cultivo-oignon","57":"cultivo-radis","58":"cultivo-cerise","59":"cultivo-membrillero","60":"cultivo-poignee","61":"cultivo-col","62":"cultivo-betterave","63":"cultivo-prune","64":"cultivo-oranger","65":"cultivo-fruit-de-la-passion","66":"cultivo-choux-de-bruxelles","67":"cultivo-roquette","68":"cultivo-clementino","69":"cultivo-nectarine","70":"cultivo-papaye","71":"cultivo-chou-fleur","72":"cultivo-pasteque","73":"cultivo-grenade","74":"cultivo-noyer","75":"cultivo-ananas","76":"cultivo-endive","77":"cultivo-soja-vert","78":"cultivo-higuera","79":"cultivo-olivier","80":"cultivo-pitahaya","81":"cultivo-epinards","82":"cultivo-tomate","83":"cultivo-kiwi","84":"cultivo-vigne-ornementale","85":"cultivo-tamarin","86":"cultivo-pois","87":"cultivo-carotte","88":"cultivo-citronnier","89":"cultivo-peral","90":"cultivo-the","91":"cultivo-petit-haricot","92":"cultivo-arbres-dornement","93":"ecologico-si","94":"medioambiente-efficacite-de-lutilisation-des-nutriments","95":"solucion-carence-en-k","96":"tipo-de-aplicacion-fertigation","97":"tipo-de-aplicacion-foliaire","98":"product_cat-correcteur-de-carences","100":"first","101":"instock","102":"shipping-taxable","103":"product-type-simple"},"acf":[],"_links":{"self":[{"href":"https:\/\/labin.net\/fr\/wp-json\/wp\/v2\/product\/37503","targetHints":{"allow":["GET"]}}],"collection":[{"href":"https:\/\/labin.net\/fr\/wp-json\/wp\/v2\/product"}],"about":[{"href":"https:\/\/labin.net\/fr\/wp-json\/wp\/v2\/types\/product"}],"replies":[{"embeddable":true,"href":"https:\/\/labin.net\/fr\/wp-json\/wp\/v2\/comments?post=37503"}],"wp:featuredmedia":[{"embeddable":true,"href":"https:\/\/labin.net\/fr\/wp-json\/wp\/v2\/media\/36244"}],"wp:attachment":[{"href":"https:\/\/labin.net\/fr\/wp-json\/wp\/v2\/media?parent=37503"}],"wp:term":[{"taxonomy":"cultivo","embeddable":true,"href":"https:\/\/labin.net\/fr\/wp-json\/wp\/v2\/cultivo?post=37503"},{"taxonomy":"ecologico","embeddable":true,"href":"https:\/\/labin.net\/fr\/wp-json\/wp\/v2\/ecologico?post=37503"},{"taxonomy":"medioambiente","embeddable":true,"href":"https:\/\/labin.net\/fr\/wp-json\/wp\/v2\/medioambiente?post=37503"},{"taxonomy":"solucion","embeddable":true,"href":"https:\/\/labin.net\/fr\/wp-json\/wp\/v2\/solucion?post=37503"},{"taxonomy":"tipo-de-aplicacion","embeddable":true,"href":"https:\/\/labin.net\/fr\/wp-json\/wp\/v2\/tipo-de-aplicacion?post=37503"},{"taxonomy":"product_brand","embeddable":true,"href":"https:\/\/labin.net\/fr\/wp-json\/wp\/v2\/product_brand?post=37503"},{"taxonomy":"product_cat","embeddable":true,"href":"https:\/\/labin.net\/fr\/wp-json\/wp\/v2\/product_cat?post=37503"},{"taxonomy":"product_tag","embeddable":true,"href":"https:\/\/labin.net\/fr\/wp-json\/wp\/v2\/product_tag?post=37503"}],"curies":[{"name":"wp","href":"https:\/\/api.w.org\/{rel}","templated":true}]}}