{"id":37489,"date":"2025-12-04T16:11:22","date_gmt":"2025-12-04T16:11:22","guid":{"rendered":"https:labin.net\/producto\/quelabin-mo\/"},"modified":"2025-12-04T16:11:22","modified_gmt":"2025-12-04T16:11:22","slug":"quelabin-mo","status":"publish","type":"product","link":"https:\/\/labin.net\/fr\/producto\/quelabin-mo\/","title":{"rendered":"QUELABIN Mo"},"content":{"rendered":"<p>Produit liquide pour <b>application foliaire et racinaire <\/b>. Convient pour la pr\u00e9vention et\/ou le traitement des <b>carences en molybd\u00e8ne<\/b>.<\/p>\n<p>Sa formulation sp\u00e9ciale <b>permet une absorption, une translocation et une assimilation totales de ce micro-\u00e9l\u00e9ment, ainsi qu&rsquo;une parfaite solubilit\u00e9 dans l&rsquo;eau. <\/b> <\/p>\n<p>Le molybd\u00e8ne est un micro-\u00e9l\u00e9ment n\u00e9cessaire en petites quantit\u00e9s, mais comme tous les micro-\u00e9l\u00e9ments, <b>sa contribution \u00e0 la culture est essentielle. <\/b> <\/p>\n<p>* Elle est impliqu\u00e9e dans le <b>m\u00e9tabolisme de l&rsquo;azote <\/b>en tant que partie de la nitrate r\u00e9ductase et de la nitrog\u00e9nase, responsables respectivement de la r\u00e9duction des nitrates et de leur conversion ult\u00e9rieure en acides amin\u00e9s et de la fixation de l&rsquo;azote atmosph\u00e9rique.<\/p>\n<p>* Son absence ou sa carence <b>diminue la teneur en chlorophylle et augmente l&rsquo;activit\u00e9 respiratoire <\/b>.  <\/p>\n","protected":false},"excerpt":{"rendered":"<ul>\n<li style=\"list-style-type: none;\">\n<ul>\n<li><b>ECOLOGIQUE Molybd\u00e8ne sous forme liquide<\/b><\/li>\n<li><b>Assimilation et efficacit\u00e9 \u00e9lev\u00e9es<\/b><\/li>\n<li><b>  Pr\u00e9vention et traitement des carences<\/b><b style=\"font-size: inherit;\"><\/b><\/li>\n<\/ul>\n<\/li>\n<\/ul>\n","protected":false},"featured_media":35505,"comment_status":"open","ping_status":"closed","template":"","meta":{"_acf_changed":false},"cultivo":[350,378,410,440,473,354,383,411,445,474,355,384,412,446,480,356,385,418,447,481,360,389,419,448,482,361,390,420,453,483,363,391,421,454,484,364,396,427,455,490,365,397,428,456,491,336,369,398,429,457,492,338,370,399,430,462,493,342,371,404,431,463,518,343,373,405,436,464,519,344,374,406,437,470,524,348,375,408,438,471,525,349,377,409,439,472,526],"ecologico":[825],"medioambiente":[843],"solucion":[910],"tipo-de-aplicacion":[809,815,816],"product_brand":[],"product_cat":[1020],"product_tag":[],"class_list":{"0":"post-37489","1":"product","2":"type-product","3":"status-publish","4":"has-post-thumbnail","6":"cultivo-kaki","7":"cultivo-manzano","8":"cultivo-goyave","9":"cultivo-citrouille","10":"cultivo-poireau","11":"cultivo-marron","12":"cultivo-peche","13":"cultivo-litchi","14":"cultivo-oignon","15":"cultivo-radis","16":"cultivo-cerise","17":"cultivo-membrillero","18":"cultivo-poignee","19":"cultivo-col","20":"cultivo-betterave","21":"cultivo-prune","22":"cultivo-oranger","23":"cultivo-fruit-de-la-passion","24":"cultivo-choux-de-bruxelles","25":"cultivo-roquette","26":"cultivo-clementino","27":"cultivo-nectarine","28":"cultivo-papaye","29":"cultivo-chou-fleur","30":"cultivo-pasteque","31":"cultivo-grenade","32":"cultivo-noyer","33":"cultivo-ananas","34":"cultivo-endive","35":"cultivo-soja-vert","36":"cultivo-higuera","37":"cultivo-olivier","38":"cultivo-pitahaya","39":"cultivo-epinards","40":"cultivo-tomate","41":"cultivo-kiwi","42":"cultivo-vigne-ornementale","43":"cultivo-tamarin","44":"cultivo-pois","45":"cultivo-carotte","46":"cultivo-citronnier","47":"cultivo-peral","48":"cultivo-the","49":"cultivo-petit-haricot","50":"cultivo-arbres-dornement","51":"cultivo-arbres-fruitiers","52":"cultivo-avocat","53":"cultivo-pistache","54":"cultivo-manioc","55":"cultivo-haricot-vert","56":"cultivo-cespedes","57":"cultivo-tropical","58":"cultivo-banane-plantain","59":"cultivo-pamplemousse","60":"cultivo-bette-a-carde","61":"cultivo-laitue","62":"cultivo-fleurs","63":"cultivo-horticulture","64":"cultivo-cacao","65":"cultivo-vigne","66":"cultivo-ail","67":"cultivo-melon","68":"cultivo-extensions","69":"cultivo-parcs-et-jardins","70":"cultivo-cafe","71":"cultivo-canne-a-sucre","72":"cultivo-aubergine","73":"cultivo-navet","74":"cultivo-cereales","75":"cultivo-abricot","76":"cultivo-carambole","77":"cultivo-pomme-a-la-creme","78":"cultivo-patate-douce","79":"cultivo-pommes-de-terre","80":"cultivo-fourrages-et-paturages","81":"cultivo-amandier","82":"cultivo-lima","83":"cultivo-coco","84":"cultivo-brocoli","85":"cultivo-concombre","86":"cultivo-legumineuses-extensives","87":"cultivo-noisette","88":"cultivo-mandarino","89":"cultivo-fruits-rouges-baies","90":"cultivo-courgette","91":"cultivo-poivre","92":"cultivo-graines-oleagineuses","93":"ecologico-si","94":"medioambiente-efficacite-de-lutilisation-des-nutriments","95":"solucion-carence-en-mo","96":"tipo-de-aplicacion-foliaire","97":"tipo-de-aplicacion-dron","98":"tipo-de-aplicacion-aeronefs-legers","99":"product_cat-chelates","101":"first","102":"instock","103":"shipping-taxable","104":"product-type-simple"},"acf":[],"_links":{"self":[{"href":"https:\/\/labin.net\/fr\/wp-json\/wp\/v2\/product\/37489","targetHints":{"allow":["GET"]}}],"collection":[{"href":"https:\/\/labin.net\/fr\/wp-json\/wp\/v2\/product"}],"about":[{"href":"https:\/\/labin.net\/fr\/wp-json\/wp\/v2\/types\/product"}],"replies":[{"embeddable":true,"href":"https:\/\/labin.net\/fr\/wp-json\/wp\/v2\/comments?post=37489"}],"wp:featuredmedia":[{"embeddable":true,"href":"https:\/\/labin.net\/fr\/wp-json\/wp\/v2\/media\/35505"}],"wp:attachment":[{"href":"https:\/\/labin.net\/fr\/wp-json\/wp\/v2\/media?parent=37489"}],"wp:term":[{"taxonomy":"cultivo","embeddable":true,"href":"https:\/\/labin.net\/fr\/wp-json\/wp\/v2\/cultivo?post=37489"},{"taxonomy":"ecologico","embeddable":true,"href":"https:\/\/labin.net\/fr\/wp-json\/wp\/v2\/ecologico?post=37489"},{"taxonomy":"medioambiente","embeddable":true,"href":"https:\/\/labin.net\/fr\/wp-json\/wp\/v2\/medioambiente?post=37489"},{"taxonomy":"solucion","embeddable":true,"href":"https:\/\/labin.net\/fr\/wp-json\/wp\/v2\/solucion?post=37489"},{"taxonomy":"tipo-de-aplicacion","embeddable":true,"href":"https:\/\/labin.net\/fr\/wp-json\/wp\/v2\/tipo-de-aplicacion?post=37489"},{"taxonomy":"product_brand","embeddable":true,"href":"https:\/\/labin.net\/fr\/wp-json\/wp\/v2\/product_brand?post=37489"},{"taxonomy":"product_cat","embeddable":true,"href":"https:\/\/labin.net\/fr\/wp-json\/wp\/v2\/product_cat?post=37489"},{"taxonomy":"product_tag","embeddable":true,"href":"https:\/\/labin.net\/fr\/wp-json\/wp\/v2\/product_tag?post=37489"}],"curies":[{"name":"wp","href":"https:\/\/api.w.org\/{rel}","templated":true}]}}